{"id":16434,"date":"2020-05-19T22:44:26","date_gmt":"2020-05-19T15:44:26","guid":{"rendered":"https:\/\/siamcitycement.com.vn\/?post_type=product&#038;p=16434"},"modified":"2024-11-22T07:56:41","modified_gmt":"2024-11-22T07:56:41","slug":"bo-phong-dich-ranti-v","status":"publish","type":"product","link":"https:\/\/siamcitycement.com.vn\/?product=bo-phong-dich-ranti-v","title":{"rendered":"B\u1ed9 ph\u00f2ng d\u1ecbch Ranti-V"},"content":{"rendered":"<p>[vc_row][vc_column][vc_column_text]<\/p>\n<ul>\n<li>B\u1ed9 b\u1ea3o h\u1ed9 Ranti-V \u0111\u01b0\u1ee3c s\u1ea3n xu\u1ea5t b\u1edfi RANDO<\/li>\n<li>\u00a0B\u1ed9 b\u1ea3o h\u1ed9 l\u00e0m t\u1eeb ch\u1ea5t li\u1ec7u TPU\/Polypropylene (v\u1ea3i kh\u00f4ng d\u1ec7t \u0111\u01b0\u1ee3c tr\u00e1ng b\u1edfi l\u1edbp TPU) gi\u00fap ch\u1ed1ng th\u1ea5m n\u01b0\u1edbc, m\u1ec1m m\u1ea1i, gi\u00fap ng\u0103n ng\u1eeba x\u00e2m nh\u1eadp c\u1ee7a m\u1ea7m b\u1ec7nh, kh\u00f3i b\u1ee5i hi\u1ec7u qu\u1ea3<\/li>\n<li>\u0110\u01b0\u1eddng may \u0111\u01b0\u1ee3c \u00e9p seam, ng\u0103n ng\u1eeba x\u00e2m nh\u1eadp c\u1ee7a m\u1ed1i nguy, m\u1ea7m b\u1ec7nh g\u00e2y h\u1ea1i<\/li>\n<li>Vai v\u00e0 tay \u00e1o kh\u00f4ng c\u00f3 \u0111\u01b0\u1eddng n\u1ed1i gi\u00fap ng\u0103n x\u00e2m nh\u1eadp c\u1ee7a d\u1ecbch nh\u1ea7y ng\u01b0\u1eddi b\u1ec7nh khi ti\u1ebfp x\u00fac, b\u1ea3o v\u1ec7 c\u01a1 th\u1ec3 ng\u01b0\u1eddi m\u1eb7c m\u1ed9t c\u00e1ch t\u1ed1i \u0111a<\/li>\n<li>D\u00e2y kh\u00f3a k\u00e9o \u1edf th\u00e2n tr\u01b0\u1edbc gi\u00fap ng\u01b0\u1eddi d\u00f9ng c\u00f3 th\u1ec3 d\u1ec5 d\u00e0ng k\u00e9o \u0111\u1ec3 c\u1edfi ra v\u00e0 m\u1eb7c v\u00e0o ti\u1ec7n l\u1ee3i<\/li>\n<li>Kh\u1ea3 n\u0103ng ch\u1ed1ng b\u1ee5i, ch\u1ed1ng v\u0103ng b\u1eafn ch\u1ea5t l\u1ecfng, d\u1ecbch nh\u1ea7y khi ti\u1ebfp x\u00fac ng\u01b0\u1eddi b\u1ec7nh<\/li>\n<li>B\u1ea3o qu\u1ea3n s\u1ea3n ph\u1ea9n n\u01a1i kh\u00f4 r\u00e1o, tho\u00e1ng m\u00e1t<\/li>\n<li>B\u1ed9 b\u1ea3o h\u1ed9 c\u1ee7a RANDO (Ranti-V), che ch\u1edf,\u00a0b\u1ea3o v\u1ec7 tr\u01b0\u1edbc c\u00e1c ch\u1ee7ng virus g\u00e2y h\u1ea1i<\/li>\n<\/ul>\n<p><img loading=\"lazy\" decoding=\"async\" class=\"aligncenter wp-image-18667 size-full\" src=\"https:\/\/siamcitycement.com.vn\/wp-content\/uploads\/2020\/05\/healthcarevietnam.com-Ranti-V-3.jpg\" alt=\"\" width=\"600\" height=\"600\" srcset=\"https:\/\/siamcitycement.com.vn\/wp-content\/uploads\/2020\/05\/healthcarevietnam.com-Ranti-V-3.jpg 600w, https:\/\/siamcitycement.com.vn\/wp-content\/uploads\/2020\/05\/healthcarevietnam.com-Ranti-V-3-300x300.jpg 300w, https:\/\/siamcitycement.com.vn\/wp-content\/uploads\/2020\/05\/healthcarevietnam.com-Ranti-V-3-150x150.jpg 150w, https:\/\/siamcitycement.com.vn\/wp-content\/uploads\/2020\/05\/healthcarevietnam.com-Ranti-V-3-480x480.jpg 480w, https:\/\/siamcitycement.com.vn\/wp-content\/uploads\/2020\/05\/healthcarevietnam.com-Ranti-V-3-100x100.jpg 100w, https:\/\/siamcitycement.com.vn\/wp-content\/uploads\/2020\/05\/healthcarevietnam.com-Ranti-V-3-350x350.jpg 350w, https:\/\/siamcitycement.com.vn\/wp-content\/uploads\/2020\/05\/healthcarevietnam.com-Ranti-V-3-46x46.jpg 46w, https:\/\/siamcitycement.com.vn\/wp-content\/uploads\/2020\/05\/healthcarevietnam.com-Ranti-V-3-310x310.jpg 310w\" sizes=\"auto, (max-width: 600px) 100vw, 600px\" \/><\/p>\n<p><img loading=\"lazy\" decoding=\"async\" class=\"aligncenter wp-image-18666 size-full\" src=\"https:\/\/siamcitycement.com.vn\/wp-content\/uploads\/2020\/05\/healthcarevietnam.com-Ranti-V-2.jpg\" alt=\"\" width=\"600\" height=\"600\" srcset=\"https:\/\/siamcitycement.com.vn\/wp-content\/uploads\/2020\/05\/healthcarevietnam.com-Ranti-V-2.jpg 600w, https:\/\/siamcitycement.com.vn\/wp-content\/uploads\/2020\/05\/healthcarevietnam.com-Ranti-V-2-300x300.jpg 300w, https:\/\/siamcitycement.com.vn\/wp-content\/uploads\/2020\/05\/healthcarevietnam.com-Ranti-V-2-150x150.jpg 150w, https:\/\/siamcitycement.com.vn\/wp-content\/uploads\/2020\/05\/healthcarevietnam.com-Ranti-V-2-480x480.jpg 480w, https:\/\/siamcitycement.com.vn\/wp-content\/uploads\/2020\/05\/healthcarevietnam.com-Ranti-V-2-100x100.jpg 100w, https:\/\/siamcitycement.com.vn\/wp-content\/uploads\/2020\/05\/healthcarevietnam.com-Ranti-V-2-350x350.jpg 350w, https:\/\/siamcitycement.com.vn\/wp-content\/uploads\/2020\/05\/healthcarevietnam.com-Ranti-V-2-46x46.jpg 46w, https:\/\/siamcitycement.com.vn\/wp-content\/uploads\/2020\/05\/healthcarevietnam.com-Ranti-V-2-310x310.jpg 310w\" sizes=\"auto, (max-width: 600px) 100vw, 600px\" \/><\/p>\n<p><img loading=\"lazy\" decoding=\"async\" class=\"aligncenter wp-image-18665 size-full\" src=\"https:\/\/siamcitycement.com.vn\/wp-content\/uploads\/2020\/05\/healthcarevietnam.com-Ranti-V-1.jpg\" alt=\"\" width=\"600\" height=\"600\" srcset=\"https:\/\/siamcitycement.com.vn\/wp-content\/uploads\/2020\/05\/healthcarevietnam.com-Ranti-V-1.jpg 600w, https:\/\/siamcitycement.com.vn\/wp-content\/uploads\/2020\/05\/healthcarevietnam.com-Ranti-V-1-300x300.jpg 300w, https:\/\/siamcitycement.com.vn\/wp-content\/uploads\/2020\/05\/healthcarevietnam.com-Ranti-V-1-150x150.jpg 150w, https:\/\/siamcitycement.com.vn\/wp-content\/uploads\/2020\/05\/healthcarevietnam.com-Ranti-V-1-480x480.jpg 480w, https:\/\/siamcitycement.com.vn\/wp-content\/uploads\/2020\/05\/healthcarevietnam.com-Ranti-V-1-100x100.jpg 100w, https:\/\/siamcitycement.com.vn\/wp-content\/uploads\/2020\/05\/healthcarevietnam.com-Ranti-V-1-350x350.jpg 350w, https:\/\/siamcitycement.com.vn\/wp-content\/uploads\/2020\/05\/healthcarevietnam.com-Ranti-V-1-46x46.jpg 46w, https:\/\/siamcitycement.com.vn\/wp-content\/uploads\/2020\/05\/healthcarevietnam.com-Ranti-V-1-310x310.jpg 310w\" sizes=\"auto, (max-width: 600px) 100vw, 600px\" \/>[\/vc_column_text][\/vc_column][\/vc_row]<\/p>\n","protected":false},"excerpt":{"rendered":"<p>Qu\u1ea7n \u00e1o li\u1ec1n qu\u1ea7n\u00a0<strong>Rando-V,<\/strong>\u00a0g\u1ed3m c\u00f3 n\u00f3n v\u00e0 bao b\u1ecdc ch\u00e2n ch\u1ea5t li\u1ec7u v\u1ea3i kh\u00f4ng d\u1ec7t, \u0111\u01b0\u1eddng ch\u1ec9 may ch\u1eafc ch\u1eafn.<\/p>\n","protected":false},"featured_media":18664,"comment_status":"closed","ping_status":"closed","template":"","meta":[],"product_cat":[71],"product_tag":[159],"class_list":{"0":"post-16434","1":"product","2":"type-product","3":"status-publish","4":"has-post-thumbnail","6":"product_cat-do-phong-dich","7":"product_tag-do-phong-dich-rando","8":"ts_product_brand-rando","10":"first","11":"instock","12":"featured","13":"shipping-taxable","14":"product-type-simple"},"yoast_head":"<!-- This site is optimized with the Yoast SEO Premium plugin v22.3 (Yoast SEO v22.3) - https:\/\/yoast.com\/wordpress\/plugins\/seo\/ -->\n<title>Healthcare Vietnam | B\u1ed9 ph\u00f2ng d\u1ecbch Ranti-V<\/title>\n<meta name=\"description\" content=\"HealthcareVietnam.com thu\u1ed9c h\u1ec7 th\u1ed1ng cung c\u1ea5p thi\u1ebft b\u1ecb ph\u00f2ng d\u1ecbch c\u1ee7a c\u00f4ng ty T\u01af\u1edcNG KHOA, chuy\u00ean \u0111\u1ed3 ph\u00f2ng d\u1ecbch v\u00e0 BHL\u0110 h\u00e0ng \u0111\u1ea7u Vi\u1ec7t Nam.\" \/>\n<meta name=\"robots\" content=\"index, follow, max-snippet:-1, max-image-preview:large, max-video-preview:-1\" \/>\n<link rel=\"canonical\" href=\"https:\/\/siamcitycement.com.vn\/product\/bo-phong-dich-ranti-v\/\" \/>\n<meta property=\"og:locale\" content=\"en_US\" \/>\n<meta property=\"og:type\" content=\"article\" \/>\n<meta property=\"og:title\" content=\"Healthcare Vietnam | B\u1ed9 ph\u00f2ng d\u1ecbch Ranti-V\" \/>\n<meta property=\"og:description\" content=\"HealthcareVietnam.com thu\u1ed9c h\u1ec7 th\u1ed1ng cung c\u1ea5p thi\u1ebft b\u1ecb ph\u00f2ng d\u1ecbch c\u1ee7a c\u00f4ng ty T\u01af\u1edcNG KHOA, chuy\u00ean \u0111\u1ed3 ph\u00f2ng d\u1ecbch v\u00e0 BHL\u0110 h\u00e0ng \u0111\u1ea7u Vi\u1ec7t Nam.\" \/>\n<meta property=\"og:url\" content=\"https:\/\/siamcitycement.com.vn\/product\/bo-phong-dich-ranti-v\/\" \/>\n<meta property=\"og:site_name\" content=\"Healthcare Vietnam\" \/>\n<meta property=\"article:publisher\" content=\"https:\/\/www.facebook.com\/healthcarevn\" \/>\n<meta property=\"article:modified_time\" content=\"2024-11-22T07:56:41+00:00\" \/>\n<meta property=\"og:image\" content=\"https:\/\/siamcitycement.com.vn\/wp-content\/uploads\/2020\/05\/healthcarevietnam.com-Ranti-V.jpg\" \/>\n\t<meta property=\"og:image:width\" content=\"600\" \/>\n\t<meta property=\"og:image:height\" content=\"600\" \/>\n\t<meta property=\"og:image:type\" content=\"image\/jpeg\" \/>\n<meta name=\"twitter:card\" content=\"summary_large_image\" \/>\n<meta name=\"twitter:label1\" content=\"Est. reading time\" \/>\n\t<meta name=\"twitter:data1\" content=\"1 minute\" \/>\n<script type=\"application\/ld+json\" class=\"yoast-schema-graph\">{\"@context\":\"https:\/\/schema.org\",\"@graph\":[{\"@type\":\"WebPage\",\"@id\":\"https:\/\/siamcitycement.com.vn\/product\/bo-phong-dich-ranti-v\/\",\"url\":\"https:\/\/siamcitycement.com.vn\/product\/bo-phong-dich-ranti-v\/\",\"name\":\"Healthcare Vietnam | B\u1ed9 ph\u00f2ng d\u1ecbch Ranti-V\",\"isPartOf\":{\"@id\":\"https:\/\/siamcitycement.com.vn\/#website\"},\"primaryImageOfPage\":{\"@id\":\"https:\/\/siamcitycement.com.vn\/product\/bo-phong-dich-ranti-v\/#primaryimage\"},\"image\":{\"@id\":\"https:\/\/siamcitycement.com.vn\/product\/bo-phong-dich-ranti-v\/#primaryimage\"},\"thumbnailUrl\":\"https:\/\/siamcitycement.com.vn\/wp-content\/uploads\/2020\/05\/healthcarevietnam.com-Ranti-V.jpg\",\"datePublished\":\"2020-05-19T15:44:26+00:00\",\"dateModified\":\"2024-11-22T07:56:41+00:00\",\"description\":\"HealthcareVietnam.com thu\u1ed9c h\u1ec7 th\u1ed1ng cung c\u1ea5p thi\u1ebft b\u1ecb ph\u00f2ng d\u1ecbch c\u1ee7a c\u00f4ng ty T\u01af\u1edcNG KHOA, chuy\u00ean \u0111\u1ed3 ph\u00f2ng d\u1ecbch v\u00e0 BHL\u0110 h\u00e0ng \u0111\u1ea7u Vi\u1ec7t Nam.\",\"breadcrumb\":{\"@id\":\"https:\/\/siamcitycement.com.vn\/product\/bo-phong-dich-ranti-v\/#breadcrumb\"},\"inLanguage\":\"en-US\",\"potentialAction\":[{\"@type\":\"ReadAction\",\"target\":[\"https:\/\/siamcitycement.com.vn\/product\/bo-phong-dich-ranti-v\/\"]}]},{\"@type\":\"ImageObject\",\"inLanguage\":\"en-US\",\"@id\":\"https:\/\/siamcitycement.com.vn\/product\/bo-phong-dich-ranti-v\/#primaryimage\",\"url\":\"https:\/\/siamcitycement.com.vn\/wp-content\/uploads\/2020\/05\/healthcarevietnam.com-Ranti-V.jpg\",\"contentUrl\":\"https:\/\/siamcitycement.com.vn\/wp-content\/uploads\/2020\/05\/healthcarevietnam.com-Ranti-V.jpg\",\"width\":600,\"height\":600},{\"@type\":\"BreadcrumbList\",\"@id\":\"https:\/\/siamcitycement.com.vn\/product\/bo-phong-dich-ranti-v\/#breadcrumb\",\"itemListElement\":[{\"@type\":\"ListItem\",\"position\":1,\"name\":\"Home\",\"item\":\"https:\/\/siamcitycement.com.vn\/\"},{\"@type\":\"ListItem\",\"position\":2,\"name\":\"Shop\",\"item\":\"https:\/\/siamcitycement.com.vn\/?page_id=51\"},{\"@type\":\"ListItem\",\"position\":3,\"name\":\"B\u1ed9 ph\u00f2ng d\u1ecbch Ranti-V\"}]},{\"@type\":\"WebSite\",\"@id\":\"https:\/\/siamcitycement.com.vn\/#website\",\"url\":\"https:\/\/siamcitycement.com.vn\/\",\"name\":\"Healthcare Vietnam\",\"description\":\"Making a Safer &amp; Healthier Workplace\",\"publisher\":{\"@id\":\"https:\/\/siamcitycement.com.vn\/#organization\"},\"alternateName\":\"B\u1ea2O H\u1ed8 LAO \u0110\u1ed8NG VI\u1ec6T\",\"potentialAction\":[{\"@type\":\"SearchAction\",\"target\":{\"@type\":\"EntryPoint\",\"urlTemplate\":\"https:\/\/siamcitycement.com.vn\/?s={search_term_string}\"},\"query-input\":\"required name=search_term_string\"}],\"inLanguage\":\"en-US\"},{\"@type\":\"Organization\",\"@id\":\"https:\/\/siamcitycement.com.vn\/#organization\",\"name\":\"HealthCare Vietnam\",\"alternateName\":\"TUONG KHOA Limited\",\"url\":\"https:\/\/siamcitycement.com.vn\/\",\"logo\":{\"@type\":\"ImageObject\",\"inLanguage\":\"en-US\",\"@id\":\"https:\/\/siamcitycement.com.vn\/#\/schema\/logo\/image\/\",\"url\":\"https:\/\/siamcitycement.com.vn\/wp-content\/uploads\/2021\/11\/healthcarevietnam.com-SEO.png\",\"contentUrl\":\"https:\/\/siamcitycement.com.vn\/wp-content\/uploads\/2021\/11\/healthcarevietnam.com-SEO.png\",\"width\":200,\"height\":200,\"caption\":\"HealthCare Vietnam\"},\"image\":{\"@id\":\"https:\/\/siamcitycement.com.vn\/#\/schema\/logo\/image\/\"},\"sameAs\":[\"https:\/\/www.facebook.com\/healthcarevn\",\"https:\/\/www.youtube.com\/@healthcarevietnam\",\"https:\/\/www.linkedin.com\/company\/healthcarevietnam\"],\"description\":\"TUONG KHOA Limited l\u00e0 \u0111\u1ea1i l\u00fd cung c\u1ea5p BHLD nh\u1eadp kh\u1ea9u c\u1ee7a nhi\u1ec1u nh\u00e3n hi\u1ec7u Qu\u1ed1c t\u1ebf t\u1ea1i Vi\u1ec7t Nam\",\"email\":\"board@tksafety.com.vn\",\"telephone\":\"0966449449\",\"legalName\":\"T\u01af\u1edcNG KHOA Trading & Services Company Limited\",\"foundingDate\":\"2006-07-15\",\"iso6523Code\":\"ISO 9001\",\"numberOfEmployees\":{\"@type\":\"QuantitativeValue\",\"minValue\":\"11\",\"maxValue\":\"50\"},\"ownershipFundingInfo\":\"https:\/\/siamcitycement.com.vn\/?page_id=18123\",\"actionableFeedbackPolicy\":\"https:\/\/siamcitycement.com.vn\/?page_id=18123\",\"correctionsPolicy\":\"https:\/\/siamcitycement.com.vn\/?page_id=18123\",\"ethicsPolicy\":\"https:\/\/siamcitycement.com.vn\/?page_id=18123\",\"diversityPolicy\":\"https:\/\/siamcitycement.com.vn\/?page_id=18123\",\"diversityStaffingReport\":\"https:\/\/siamcitycement.com.vn\/?page_id=18123\"}]}<\/script>\n<!-- \/ Yoast SEO Premium plugin. -->","yoast_head_json":{"title":"Healthcare Vietnam | B\u1ed9 ph\u00f2ng d\u1ecbch Ranti-V","description":"HealthcareVietnam.com thu\u1ed9c h\u1ec7 th\u1ed1ng cung c\u1ea5p thi\u1ebft b\u1ecb ph\u00f2ng d\u1ecbch c\u1ee7a c\u00f4ng ty T\u01af\u1edcNG KHOA, chuy\u00ean \u0111\u1ed3 ph\u00f2ng d\u1ecbch v\u00e0 BHL\u0110 h\u00e0ng \u0111\u1ea7u Vi\u1ec7t Nam.","robots":{"index":"index","follow":"follow","max-snippet":"max-snippet:-1","max-image-preview":"max-image-preview:large","max-video-preview":"max-video-preview:-1"},"canonical":"https:\/\/siamcitycement.com.vn\/product\/bo-phong-dich-ranti-v\/","og_locale":"en_US","og_type":"article","og_title":"Healthcare Vietnam | B\u1ed9 ph\u00f2ng d\u1ecbch Ranti-V","og_description":"HealthcareVietnam.com thu\u1ed9c h\u1ec7 th\u1ed1ng cung c\u1ea5p thi\u1ebft b\u1ecb ph\u00f2ng d\u1ecbch c\u1ee7a c\u00f4ng ty T\u01af\u1edcNG KHOA, chuy\u00ean \u0111\u1ed3 ph\u00f2ng d\u1ecbch v\u00e0 BHL\u0110 h\u00e0ng \u0111\u1ea7u Vi\u1ec7t Nam.","og_url":"https:\/\/siamcitycement.com.vn\/product\/bo-phong-dich-ranti-v\/","og_site_name":"Healthcare Vietnam","article_publisher":"https:\/\/www.facebook.com\/healthcarevn","article_modified_time":"2024-11-22T07:56:41+00:00","og_image":[{"width":600,"height":600,"url":"https:\/\/siamcitycement.com.vn\/wp-content\/uploads\/2020\/05\/healthcarevietnam.com-Ranti-V.jpg","type":"image\/jpeg"}],"twitter_card":"summary_large_image","twitter_misc":{"Est. reading time":"1 minute"},"schema":{"@context":"https:\/\/schema.org","@graph":[{"@type":"WebPage","@id":"https:\/\/siamcitycement.com.vn\/product\/bo-phong-dich-ranti-v\/","url":"https:\/\/siamcitycement.com.vn\/product\/bo-phong-dich-ranti-v\/","name":"Healthcare Vietnam | B\u1ed9 ph\u00f2ng d\u1ecbch Ranti-V","isPartOf":{"@id":"https:\/\/siamcitycement.com.vn\/#website"},"primaryImageOfPage":{"@id":"https:\/\/siamcitycement.com.vn\/product\/bo-phong-dich-ranti-v\/#primaryimage"},"image":{"@id":"https:\/\/siamcitycement.com.vn\/product\/bo-phong-dich-ranti-v\/#primaryimage"},"thumbnailUrl":"https:\/\/siamcitycement.com.vn\/wp-content\/uploads\/2020\/05\/healthcarevietnam.com-Ranti-V.jpg","datePublished":"2020-05-19T15:44:26+00:00","dateModified":"2024-11-22T07:56:41+00:00","description":"HealthcareVietnam.com thu\u1ed9c h\u1ec7 th\u1ed1ng cung c\u1ea5p thi\u1ebft b\u1ecb ph\u00f2ng d\u1ecbch c\u1ee7a c\u00f4ng ty T\u01af\u1edcNG KHOA, chuy\u00ean \u0111\u1ed3 ph\u00f2ng d\u1ecbch v\u00e0 BHL\u0110 h\u00e0ng \u0111\u1ea7u Vi\u1ec7t Nam.","breadcrumb":{"@id":"https:\/\/siamcitycement.com.vn\/product\/bo-phong-dich-ranti-v\/#breadcrumb"},"inLanguage":"en-US","potentialAction":[{"@type":"ReadAction","target":["https:\/\/siamcitycement.com.vn\/product\/bo-phong-dich-ranti-v\/"]}]},{"@type":"ImageObject","inLanguage":"en-US","@id":"https:\/\/siamcitycement.com.vn\/product\/bo-phong-dich-ranti-v\/#primaryimage","url":"https:\/\/siamcitycement.com.vn\/wp-content\/uploads\/2020\/05\/healthcarevietnam.com-Ranti-V.jpg","contentUrl":"https:\/\/siamcitycement.com.vn\/wp-content\/uploads\/2020\/05\/healthcarevietnam.com-Ranti-V.jpg","width":600,"height":600},{"@type":"BreadcrumbList","@id":"https:\/\/siamcitycement.com.vn\/product\/bo-phong-dich-ranti-v\/#breadcrumb","itemListElement":[{"@type":"ListItem","position":1,"name":"Home","item":"https:\/\/siamcitycement.com.vn\/"},{"@type":"ListItem","position":2,"name":"Shop","item":"https:\/\/siamcitycement.com.vn\/?page_id=51"},{"@type":"ListItem","position":3,"name":"B\u1ed9 ph\u00f2ng d\u1ecbch Ranti-V"}]},{"@type":"WebSite","@id":"https:\/\/siamcitycement.com.vn\/#website","url":"https:\/\/siamcitycement.com.vn\/","name":"Healthcare Vietnam","description":"Making a Safer &amp; Healthier Workplace","publisher":{"@id":"https:\/\/siamcitycement.com.vn\/#organization"},"alternateName":"B\u1ea2O H\u1ed8 LAO \u0110\u1ed8NG VI\u1ec6T","potentialAction":[{"@type":"SearchAction","target":{"@type":"EntryPoint","urlTemplate":"https:\/\/siamcitycement.com.vn\/?s={search_term_string}"},"query-input":"required name=search_term_string"}],"inLanguage":"en-US"},{"@type":"Organization","@id":"https:\/\/siamcitycement.com.vn\/#organization","name":"HealthCare Vietnam","alternateName":"TUONG KHOA Limited","url":"https:\/\/siamcitycement.com.vn\/","logo":{"@type":"ImageObject","inLanguage":"en-US","@id":"https:\/\/siamcitycement.com.vn\/#\/schema\/logo\/image\/","url":"https:\/\/siamcitycement.com.vn\/wp-content\/uploads\/2021\/11\/healthcarevietnam.com-SEO.png","contentUrl":"https:\/\/siamcitycement.com.vn\/wp-content\/uploads\/2021\/11\/healthcarevietnam.com-SEO.png","width":200,"height":200,"caption":"HealthCare Vietnam"},"image":{"@id":"https:\/\/siamcitycement.com.vn\/#\/schema\/logo\/image\/"},"sameAs":["https:\/\/www.facebook.com\/healthcarevn","https:\/\/www.youtube.com\/@healthcarevietnam","https:\/\/www.linkedin.com\/company\/healthcarevietnam"],"description":"TUONG KHOA Limited l\u00e0 \u0111\u1ea1i l\u00fd cung c\u1ea5p BHLD nh\u1eadp kh\u1ea9u c\u1ee7a nhi\u1ec1u nh\u00e3n hi\u1ec7u Qu\u1ed1c t\u1ebf t\u1ea1i Vi\u1ec7t Nam","email":"board@tksafety.com.vn","telephone":"0966449449","legalName":"T\u01af\u1edcNG KHOA Trading & Services Company Limited","foundingDate":"2006-07-15","iso6523Code":"ISO 9001","numberOfEmployees":{"@type":"QuantitativeValue","minValue":"11","maxValue":"50"},"ownershipFundingInfo":"https:\/\/siamcitycement.com.vn\/?page_id=18123","actionableFeedbackPolicy":"https:\/\/siamcitycement.com.vn\/?page_id=18123","correctionsPolicy":"https:\/\/siamcitycement.com.vn\/?page_id=18123","ethicsPolicy":"https:\/\/siamcitycement.com.vn\/?page_id=18123","diversityPolicy":"https:\/\/siamcitycement.com.vn\/?page_id=18123","diversityStaffingReport":"https:\/\/siamcitycement.com.vn\/?page_id=18123"}]}},"_links":{"self":[{"href":"https:\/\/siamcitycement.com.vn\/index.php?rest_route=\/wp\/v2\/product\/16434","targetHints":{"allow":["GET"]}}],"collection":[{"href":"https:\/\/siamcitycement.com.vn\/index.php?rest_route=\/wp\/v2\/product"}],"about":[{"href":"https:\/\/siamcitycement.com.vn\/index.php?rest_route=\/wp\/v2\/types\/product"}],"replies":[{"embeddable":true,"href":"https:\/\/siamcitycement.com.vn\/index.php?rest_route=%2Fwp%2Fv2%2Fcomments&post=16434"}],"wp:featuredmedia":[{"embeddable":true,"href":"https:\/\/siamcitycement.com.vn\/index.php?rest_route=\/wp\/v2\/media\/18664"}],"wp:attachment":[{"href":"https:\/\/siamcitycement.com.vn\/index.php?rest_route=%2Fwp%2Fv2%2Fmedia&parent=16434"}],"wp:term":[{"taxonomy":"product_cat","embeddable":true,"href":"https:\/\/siamcitycement.com.vn\/index.php?rest_route=%2Fwp%2Fv2%2Fproduct_cat&post=16434"},{"taxonomy":"product_tag","embeddable":true,"href":"https:\/\/siamcitycement.com.vn\/index.php?rest_route=%2Fwp%2Fv2%2Fproduct_tag&post=16434"}],"curies":[{"name":"wp","href":"https:\/\/api.w.org\/{rel}","templated":true}]}}