{"id":18183,"date":"2019-04-08T21:46:20","date_gmt":"2019-04-08T14:46:20","guid":{"rendered":"https:\/\/siamcitycement.com.vn\/?post_type=product&#038;p=175"},"modified":"2024-11-22T07:58:17","modified_gmt":"2024-11-22T07:58:17","slug":"con-rua-tay-sat-khuan-70-do","status":"publish","type":"product","link":"https:\/\/siamcitycement.com.vn\/?product=con-rua-tay-sat-khuan-70-do","title":{"rendered":"C\u1ed3n R\u1eeda tay , S\u00e1t Khu\u1ea9n 70 \u0111\u1ed9 (L\u00ea Gia)"},"content":{"rendered":"<p>[vc_row][vc_column][vc_column_text]C\u1ed3n Y T\u1ebf R\u1eeda Tay S\u00e1t Khu\u1ea9n 70 \u0110\u1ed9 1000ml l\u00e0 C\u1ed3n \u0111\u01b0\u1ee3c khuy\u00ean d\u00f9ng h\u01a1n C\u1ed3n 90 v\u00ec:<\/p>\n<p>&#8211; C\u1ed3n 70 \u0111\u1ed9 bay h\u01a1i l\u00e2u h\u01a1n, th\u1eddi gian l\u01b0u l\u1ea1i tr\u00ean da s\u1ebd di\u1ec7t \u0111\u01b0\u1ee3c vi khu\u1ea9n g\u00e2y h\u1ea1i<\/p>\n<p>&#8211; C\u1ed3n 70 \u0111\u1ed9 kh\u00f4ng l\u00e0m kh\u00f4 da<\/p>\n<p><img loading=\"lazy\" decoding=\"async\" class=\"aligncenter wp-image-18690 size-full\" src=\"https:\/\/siamcitycement.com.vn\/wp-content\/uploads\/2019\/04\/Healthcarevietnam.com-Ethanol-70-do.jpg\" alt=\"\" width=\"600\" height=\"600\" srcset=\"https:\/\/siamcitycement.com.vn\/wp-content\/uploads\/2019\/04\/Healthcarevietnam.com-Ethanol-70-do.jpg 600w, https:\/\/siamcitycement.com.vn\/wp-content\/uploads\/2019\/04\/Healthcarevietnam.com-Ethanol-70-do-300x300.jpg 300w, https:\/\/siamcitycement.com.vn\/wp-content\/uploads\/2019\/04\/Healthcarevietnam.com-Ethanol-70-do-150x150.jpg 150w, https:\/\/siamcitycement.com.vn\/wp-content\/uploads\/2019\/04\/Healthcarevietnam.com-Ethanol-70-do-480x480.jpg 480w, https:\/\/siamcitycement.com.vn\/wp-content\/uploads\/2019\/04\/Healthcarevietnam.com-Ethanol-70-do-100x100.jpg 100w, https:\/\/siamcitycement.com.vn\/wp-content\/uploads\/2019\/04\/Healthcarevietnam.com-Ethanol-70-do-350x350.jpg 350w, https:\/\/siamcitycement.com.vn\/wp-content\/uploads\/2019\/04\/Healthcarevietnam.com-Ethanol-70-do-46x46.jpg 46w, https:\/\/siamcitycement.com.vn\/wp-content\/uploads\/2019\/04\/Healthcarevietnam.com-Ethanol-70-do-310x310.jpg 310w\" sizes=\"auto, (max-width: 600px) 100vw, 600px\" \/>Th\u00e0nh ph\u1ea7n: 70% Ethanol.<\/p>\n<p>C\u00f4ng d\u1ee5ng (Ch\u1ec9 \u0111\u1ecbnh): D\u00f9ng \u0111\u1ec3 di\u1ec7t khu\u1ea9n d\u1ee5ng c\u1ee5 y t\u1ebf, b\u1ec1 m\u1eb7t trong y t\u1ebf. Di\u1ec7t c\u00e1c lo\u1ea1i vi khu\u1ea9n Staphylococcus aureus, Pseudomonas aeruginosa, Shigella flexneri, Bacillus subtilis, Mycobacterium tuberculosis v\u00e0 n\u1ea5m Candida albicans sau th\u1eddi gian ti\u1ebfp x\u00fac 120 gi\u00e2y. C\u1ed3n 70 \u0111\u1ed9 l\u00e0m ch\u1ea5t t\u1ea9y r\u1eeda c\u00e1c v\u1ebft b\u1ea9n v\u00e0 kh\u1eed m\u00f9i h\u00f4i r\u1ea5t hi\u1ec7u qu\u1ea3<\/p>\n<p>Li\u1ec1u d\u00f9ng:<\/p>\n<p>&#8211; S\u1eed d\u1ee5ng nguy\u00ean ch\u1ea5t, kh\u00f4ng pha lo\u00e3ng.<\/p>\n<p>&#8211; D\u1ee5ng c\u1ee5 y t\u1ebf, b\u1ec1 m\u1eb7t c\u1ea7n di\u1ec7t khu\u1ea9n c\u1ea7n ph\u1ea3i \u0111\u01b0\u1ee3c l\u00e0m s\u1ea1ch tr\u01b0\u1edbc khi ti\u1ebfp x\u00fac v\u1edbi dung d\u1ecbch.<\/p>\n<p>&#8211; D\u00f9ng v\u1ea3i m\u1ec1m ho\u1eb7c b\u00f4ng g\u00f2n t\u1ea9m c\u1ed3n 70 \u0111\u1ed9 lau \u01b0\u1edbt d\u1ee5ng c\u1ee5 y t\u1ebf, b\u1ec1 m\u1eb7t c\u1ea7n di\u1ec7t khu\u1ea9n trong th\u1eddi gian 120 gi\u00e2y.<\/p>\n<p>&#8211; \u0110\u1ed1i v\u1edbi nh\u1eefng d\u1ee5ng c\u1ee5 nh\u1ecf: \u0111\u1ed5 c\u1ed3n 70 \u0111\u1ed9 ra khay, ly, ng\u00e2m tr\u1ef1c ti\u1ebfp d\u1ee5ng c\u1ee5 ng\u1eadp trong dung d\u1ecbch c\u1ed3n 70 \u0111\u1ed9 VP t\u1ed1i thi\u1ec3u 120 ph\u00fat.<\/p>\n<p>&#8211; \u0110\u1ec3 kh\u00f4 t\u1ef1 nhi\u00ean.<\/p>\n<p>L\u01b0u \u00fd khi s\u1eed d\u1ee5ng (C\u1ea3nh b\u00e1o v\u00e0 th\u1eadn tr\u1ecdng):<\/p>\n<p>&#8211; Kh\u00f4ng \u0111\u01b0\u1ee3c u\u1ed1ng ch\u1ebf ph\u1ea9m c\u1ed3n 70 \u0111\u1ed9 &#8211; Ch\u1ebf ph\u1ea9m c\u00f3 th\u1ec3 g\u00e2y t\u1ed5n th\u01b0\u01a1ng m\u1eaft khi b\u1eafn v\u00e0o m\u1eaft g\u00e2y k\u00edch \u1ee9ng v\u1edbi da v\u00e0 ni\u00eam m\u1ea1c \u0111\u1ed1i v\u1edbi ng\u01b0\u1eddi m\u1eabn c\u1ea3m v\u1edbi c\u1ed3n 70 \u0111\u1ed9<\/p>\n<p>&#8211; Bao b\u00ec ch\u1ee9a \u0111\u1ef1ng c\u1ed3n 70 \u0111\u1ed9 S\u00e1t Tr\u00f9ng, v\u1ea3i m\u1ec1m, b\u00f4ng g\u00f2n t\u1ea9m ch\u1ebf ph\u1ea9m sau khi s\u1eed d\u1ee5ng ph\u1ea3i \u0111\u01b0\u1ee3c x\u1eed l\u00fd theo quy \u0111\u1ecbh \u0111\u1ed1i v\u1edbi r\u00e1c th\u1ea3i nguy h\u1ea1i.<\/p>\n<p><img loading=\"lazy\" decoding=\"async\" class=\"aligncenter wp-image-18688 size-full\" src=\"https:\/\/siamcitycement.com.vn\/wp-content\/uploads\/2019\/04\/Healthcarevietnam.com-3Ethanol-70.jpg\" alt=\"\" width=\"600\" height=\"600\" srcset=\"https:\/\/siamcitycement.com.vn\/wp-content\/uploads\/2019\/04\/Healthcarevietnam.com-3Ethanol-70.jpg 600w, https:\/\/siamcitycement.com.vn\/wp-content\/uploads\/2019\/04\/Healthcarevietnam.com-3Ethanol-70-300x300.jpg 300w, https:\/\/siamcitycement.com.vn\/wp-content\/uploads\/2019\/04\/Healthcarevietnam.com-3Ethanol-70-150x150.jpg 150w, https:\/\/siamcitycement.com.vn\/wp-content\/uploads\/2019\/04\/Healthcarevietnam.com-3Ethanol-70-480x480.jpg 480w, https:\/\/siamcitycement.com.vn\/wp-content\/uploads\/2019\/04\/Healthcarevietnam.com-3Ethanol-70-100x100.jpg 100w, https:\/\/siamcitycement.com.vn\/wp-content\/uploads\/2019\/04\/Healthcarevietnam.com-3Ethanol-70-350x350.jpg 350w, https:\/\/siamcitycement.com.vn\/wp-content\/uploads\/2019\/04\/Healthcarevietnam.com-3Ethanol-70-46x46.jpg 46w, https:\/\/siamcitycement.com.vn\/wp-content\/uploads\/2019\/04\/Healthcarevietnam.com-3Ethanol-70-310x310.jpg 310w\" sizes=\"auto, (max-width: 600px) 100vw, 600px\" \/><\/p>\n<p><img loading=\"lazy\" decoding=\"async\" class=\"aligncenter wp-image-18686 size-full\" src=\"https:\/\/siamcitycement.com.vn\/wp-content\/uploads\/2019\/04\/Healthcarevietnam.com-1Ethanol-70.jpg\" alt=\"\" width=\"600\" height=\"600\" srcset=\"https:\/\/siamcitycement.com.vn\/wp-content\/uploads\/2019\/04\/Healthcarevietnam.com-1Ethanol-70.jpg 600w, https:\/\/siamcitycement.com.vn\/wp-content\/uploads\/2019\/04\/Healthcarevietnam.com-1Ethanol-70-300x300.jpg 300w, https:\/\/siamcitycement.com.vn\/wp-content\/uploads\/2019\/04\/Healthcarevietnam.com-1Ethanol-70-150x150.jpg 150w, https:\/\/siamcitycement.com.vn\/wp-content\/uploads\/2019\/04\/Healthcarevietnam.com-1Ethanol-70-480x480.jpg 480w, https:\/\/siamcitycement.com.vn\/wp-content\/uploads\/2019\/04\/Healthcarevietnam.com-1Ethanol-70-100x100.jpg 100w, https:\/\/siamcitycement.com.vn\/wp-content\/uploads\/2019\/04\/Healthcarevietnam.com-1Ethanol-70-350x350.jpg 350w, https:\/\/siamcitycement.com.vn\/wp-content\/uploads\/2019\/04\/Healthcarevietnam.com-1Ethanol-70-46x46.jpg 46w, https:\/\/siamcitycement.com.vn\/wp-content\/uploads\/2019\/04\/Healthcarevietnam.com-1Ethanol-70-310x310.jpg 310w\" sizes=\"auto, (max-width: 600px) 100vw, 600px\" \/>S\u01a1 c\u1ee9u v\u1ec1 c\u1ed3n 70 \u0111\u1ed9:<\/p>\n<p>&#8211; Ti\u1ebfp x\u00fac v\u1edbi m\u1eaft: R\u1eeda s\u1ea1ch v\u1edbi nhi\u1ec1u n\u01b0\u1edbc. K\u00edch \u1ee9ng n\u1eb7ng ph\u1ea3i nhanh ch\u00f3ng \u0111\u01b0a \u0111\u1ebfn b\u1ec7nh vi\u1ec7n k\u00e8m theo nh\u00e3n c\u1ed3n 70 \u0111\u1ed9<\/p>\n<p>&#8211; Ti\u1ebfp x\u00fac v\u1edbi da: D\u1eebng s\u1eed d\u1ee5ng ch\u1ebf ph\u1ea9m. R\u1eeda v\u00f9ng da th\u1eadt s\u1ea1ch h\u00f3a ch\u1ea5t v\u1edbi nhi\u1ec1u n\u01b0\u1edbc. K\u00edch \u1ee9ng n\u1eb7ng ph\u1ea3i nhanh ch\u00f3ng \u0111\u01b0a t\u1edbi b\u1ec7nh vi\u1ec7n.<\/p>\n<p>&#8211; \u0110\u01b0\u1eddng ti\u00eau ho\u00e1: Kh\u00f4ng g\u00e2y n\u00f4n, kh\u00f4ng d\u00f9ng mi\u1ec7ng \u0111\u1ec3 h\u00f4 h\u1ea5p n\u1ea1n nh\u00e2n, \u0111\u01b0a \u0111\u1ebfn b\u1ec7nh vi\u1ec7n k\u00e8m theo nh\u00e3n ch\u1ebf ph\u1ea9m.<\/p>\n<p>B\u1ea3o qu\u1ea3n:<\/p>\n<p>B\u1ea3o qu\u1ea3n c\u1ed3n 70 \u0111\u1ed9 S\u00e1t Tr\u00f9ng \u1edf nhi\u1ec7t \u0111\u1ed9 ph\u00f2ng, l\u01b0u gi\u1eef n\u01a1i s\u1ea1ch s\u1ebd v\u00e0 tho\u00e1ng m\u00e1t (d\u01b0\u1edbi 30 \u0111\u1ed9 C), \u0111\u1ec3 xa t\u1ea7m tay tr\u1ebb em, tr\u00e1nh \u00e1nh s\u00e1ng tr\u1ef1c ti\u1ebfp v\u00e0 kh\u00f4ng \u0111\u1ec3 g\u1ea7n ngu\u1ed3n l\u1eeda, tia l\u1eeda.[\/vc_column_text][\/vc_column][\/vc_row]<\/p>\n","protected":false},"excerpt":{"rendered":"<ul>\n<li>C\u1ed3n 70 \u0111\u1ed9, s\u1ea3n xu\u1ea5t t\u1ea1i Vi\u1ec7t Nam, L\u00ea Gia<\/li>\n<li>Chai x\u1ecbt 1000ml (1 l\u00edt)<\/li>\n<li>Chai x\u1ecbt 5000ml (5 l\u00edt)<\/li>\n<li>Can 20 l\u00edt<\/li>\n<\/ul>\n","protected":false},"featured_media":18687,"comment_status":"closed","ping_status":"closed","template":"","meta":[],"product_cat":[70,53],"product_tag":[],"class_list":{"0":"post-18183","1":"product","2":"type-product","3":"status-publish","4":"has-post-thumbnail","6":"product_cat-con-sat-khuan","7":"product_cat-phong-lab","8":"ts_product_brand-le-gia","10":"first","11":"instock","12":"shipping-taxable","13":"product-type-simple"},"yoast_head":"<!-- This site is optimized with the Yoast SEO Premium plugin v22.3 (Yoast SEO v22.3) - https:\/\/yoast.com\/wordpress\/plugins\/seo\/ -->\n<title>Healthcare Vietnam | C\u1ed3n R\u1eeda tay , S\u00e1t Khu\u1ea9n 70 \u0111\u1ed9 (L\u00ea Gia)<\/title>\n<meta name=\"description\" content=\"HealthcareVietnam.com thu\u1ed9c h\u1ec7 th\u1ed1ng cung c\u1ea5p thi\u1ebft b\u1ecb ph\u00f2ng d\u1ecbch c\u1ee7a c\u00f4ng ty T\u01af\u1edcNG KHOA, chuy\u00ean \u0111\u1ed3 ph\u00f2ng d\u1ecbch v\u00e0 BHL\u0110 h\u00e0ng \u0111\u1ea7u Vi\u1ec7t Nam.\" \/>\n<meta name=\"robots\" content=\"index, follow, max-snippet:-1, max-image-preview:large, max-video-preview:-1\" \/>\n<link rel=\"canonical\" href=\"https:\/\/siamcitycement.com.vn\/product\/con-rua-tay-sat-khuan-70-do\/\" \/>\n<meta property=\"og:locale\" content=\"en_US\" \/>\n<meta property=\"og:type\" content=\"article\" \/>\n<meta property=\"og:title\" content=\"Healthcare Vietnam | C\u1ed3n R\u1eeda tay , S\u00e1t Khu\u1ea9n 70 \u0111\u1ed9 (L\u00ea Gia)\" \/>\n<meta property=\"og:description\" content=\"HealthcareVietnam.com thu\u1ed9c h\u1ec7 th\u1ed1ng cung c\u1ea5p thi\u1ebft b\u1ecb ph\u00f2ng d\u1ecbch c\u1ee7a c\u00f4ng ty T\u01af\u1edcNG KHOA, chuy\u00ean \u0111\u1ed3 ph\u00f2ng d\u1ecbch v\u00e0 BHL\u0110 h\u00e0ng \u0111\u1ea7u Vi\u1ec7t Nam.\" \/>\n<meta property=\"og:url\" content=\"https:\/\/siamcitycement.com.vn\/product\/con-rua-tay-sat-khuan-70-do\/\" \/>\n<meta property=\"og:site_name\" content=\"Healthcare Vietnam\" \/>\n<meta property=\"article:publisher\" content=\"https:\/\/www.facebook.com\/healthcarevn\" \/>\n<meta property=\"article:modified_time\" content=\"2024-11-22T07:58:17+00:00\" \/>\n<meta property=\"og:image\" content=\"https:\/\/siamcitycement.com.vn\/wp-content\/uploads\/2019\/04\/Healthcarevietnam.com-2Ethanol-70.jpg\" \/>\n\t<meta property=\"og:image:width\" content=\"600\" \/>\n\t<meta property=\"og:image:height\" content=\"600\" \/>\n\t<meta property=\"og:image:type\" content=\"image\/jpeg\" \/>\n<meta name=\"twitter:card\" content=\"summary_large_image\" \/>\n<meta name=\"twitter:label1\" content=\"Est. reading time\" \/>\n\t<meta name=\"twitter:data1\" content=\"3 minutes\" \/>\n<script type=\"application\/ld+json\" class=\"yoast-schema-graph\">{\"@context\":\"https:\/\/schema.org\",\"@graph\":[{\"@type\":\"WebPage\",\"@id\":\"https:\/\/siamcitycement.com.vn\/product\/con-rua-tay-sat-khuan-70-do\/\",\"url\":\"https:\/\/siamcitycement.com.vn\/product\/con-rua-tay-sat-khuan-70-do\/\",\"name\":\"Healthcare Vietnam | C\u1ed3n R\u1eeda tay , S\u00e1t Khu\u1ea9n 70 \u0111\u1ed9 (L\u00ea Gia)\",\"isPartOf\":{\"@id\":\"https:\/\/siamcitycement.com.vn\/#website\"},\"primaryImageOfPage\":{\"@id\":\"https:\/\/siamcitycement.com.vn\/product\/con-rua-tay-sat-khuan-70-do\/#primaryimage\"},\"image\":{\"@id\":\"https:\/\/siamcitycement.com.vn\/product\/con-rua-tay-sat-khuan-70-do\/#primaryimage\"},\"thumbnailUrl\":\"https:\/\/siamcitycement.com.vn\/wp-content\/uploads\/2019\/04\/Healthcarevietnam.com-2Ethanol-70.jpg\",\"datePublished\":\"2019-04-08T14:46:20+00:00\",\"dateModified\":\"2024-11-22T07:58:17+00:00\",\"description\":\"HealthcareVietnam.com thu\u1ed9c h\u1ec7 th\u1ed1ng cung c\u1ea5p thi\u1ebft b\u1ecb ph\u00f2ng d\u1ecbch c\u1ee7a c\u00f4ng ty T\u01af\u1edcNG KHOA, chuy\u00ean \u0111\u1ed3 ph\u00f2ng d\u1ecbch v\u00e0 BHL\u0110 h\u00e0ng \u0111\u1ea7u Vi\u1ec7t Nam.\",\"breadcrumb\":{\"@id\":\"https:\/\/siamcitycement.com.vn\/product\/con-rua-tay-sat-khuan-70-do\/#breadcrumb\"},\"inLanguage\":\"en-US\",\"potentialAction\":[{\"@type\":\"ReadAction\",\"target\":[\"https:\/\/siamcitycement.com.vn\/product\/con-rua-tay-sat-khuan-70-do\/\"]}]},{\"@type\":\"ImageObject\",\"inLanguage\":\"en-US\",\"@id\":\"https:\/\/siamcitycement.com.vn\/product\/con-rua-tay-sat-khuan-70-do\/#primaryimage\",\"url\":\"https:\/\/siamcitycement.com.vn\/wp-content\/uploads\/2019\/04\/Healthcarevietnam.com-2Ethanol-70.jpg\",\"contentUrl\":\"https:\/\/siamcitycement.com.vn\/wp-content\/uploads\/2019\/04\/Healthcarevietnam.com-2Ethanol-70.jpg\",\"width\":600,\"height\":600},{\"@type\":\"BreadcrumbList\",\"@id\":\"https:\/\/siamcitycement.com.vn\/product\/con-rua-tay-sat-khuan-70-do\/#breadcrumb\",\"itemListElement\":[{\"@type\":\"ListItem\",\"position\":1,\"name\":\"Home\",\"item\":\"https:\/\/siamcitycement.com.vn\/\"},{\"@type\":\"ListItem\",\"position\":2,\"name\":\"Shop\",\"item\":\"https:\/\/siamcitycement.com.vn\/?page_id=51\"},{\"@type\":\"ListItem\",\"position\":3,\"name\":\"C\u1ed3n R\u1eeda tay , S\u00e1t Khu\u1ea9n 70 \u0111\u1ed9 (L\u00ea Gia)\"}]},{\"@type\":\"WebSite\",\"@id\":\"https:\/\/siamcitycement.com.vn\/#website\",\"url\":\"https:\/\/siamcitycement.com.vn\/\",\"name\":\"Healthcare Vietnam\",\"description\":\"Making a Safer &amp; Healthier Workplace\",\"publisher\":{\"@id\":\"https:\/\/siamcitycement.com.vn\/#organization\"},\"alternateName\":\"B\u1ea2O H\u1ed8 LAO \u0110\u1ed8NG VI\u1ec6T\",\"potentialAction\":[{\"@type\":\"SearchAction\",\"target\":{\"@type\":\"EntryPoint\",\"urlTemplate\":\"https:\/\/siamcitycement.com.vn\/?s={search_term_string}\"},\"query-input\":\"required name=search_term_string\"}],\"inLanguage\":\"en-US\"},{\"@type\":\"Organization\",\"@id\":\"https:\/\/siamcitycement.com.vn\/#organization\",\"name\":\"HealthCare Vietnam\",\"alternateName\":\"TUONG KHOA Limited\",\"url\":\"https:\/\/siamcitycement.com.vn\/\",\"logo\":{\"@type\":\"ImageObject\",\"inLanguage\":\"en-US\",\"@id\":\"https:\/\/siamcitycement.com.vn\/#\/schema\/logo\/image\/\",\"url\":\"https:\/\/siamcitycement.com.vn\/wp-content\/uploads\/2021\/11\/healthcarevietnam.com-SEO.png\",\"contentUrl\":\"https:\/\/siamcitycement.com.vn\/wp-content\/uploads\/2021\/11\/healthcarevietnam.com-SEO.png\",\"width\":200,\"height\":200,\"caption\":\"HealthCare Vietnam\"},\"image\":{\"@id\":\"https:\/\/siamcitycement.com.vn\/#\/schema\/logo\/image\/\"},\"sameAs\":[\"https:\/\/www.facebook.com\/healthcarevn\",\"https:\/\/www.youtube.com\/@healthcarevietnam\",\"https:\/\/www.linkedin.com\/company\/healthcarevietnam\"],\"description\":\"TUONG KHOA Limited l\u00e0 \u0111\u1ea1i l\u00fd cung c\u1ea5p BHLD nh\u1eadp kh\u1ea9u c\u1ee7a nhi\u1ec1u nh\u00e3n hi\u1ec7u Qu\u1ed1c t\u1ebf t\u1ea1i Vi\u1ec7t Nam\",\"email\":\"board@tksafety.com.vn\",\"telephone\":\"0966449449\",\"legalName\":\"T\u01af\u1edcNG KHOA Trading & Services Company Limited\",\"foundingDate\":\"2006-07-15\",\"iso6523Code\":\"ISO 9001\",\"numberOfEmployees\":{\"@type\":\"QuantitativeValue\",\"minValue\":\"11\",\"maxValue\":\"50\"},\"ownershipFundingInfo\":\"https:\/\/siamcitycement.com.vn\/?page_id=18123\",\"actionableFeedbackPolicy\":\"https:\/\/siamcitycement.com.vn\/?page_id=18123\",\"correctionsPolicy\":\"https:\/\/siamcitycement.com.vn\/?page_id=18123\",\"ethicsPolicy\":\"https:\/\/siamcitycement.com.vn\/?page_id=18123\",\"diversityPolicy\":\"https:\/\/siamcitycement.com.vn\/?page_id=18123\",\"diversityStaffingReport\":\"https:\/\/siamcitycement.com.vn\/?page_id=18123\"}]}<\/script>\n<!-- \/ Yoast SEO Premium plugin. -->","yoast_head_json":{"title":"Healthcare Vietnam | C\u1ed3n R\u1eeda tay , S\u00e1t Khu\u1ea9n 70 \u0111\u1ed9 (L\u00ea Gia)","description":"HealthcareVietnam.com thu\u1ed9c h\u1ec7 th\u1ed1ng cung c\u1ea5p thi\u1ebft b\u1ecb ph\u00f2ng d\u1ecbch c\u1ee7a c\u00f4ng ty T\u01af\u1edcNG KHOA, chuy\u00ean \u0111\u1ed3 ph\u00f2ng d\u1ecbch v\u00e0 BHL\u0110 h\u00e0ng \u0111\u1ea7u Vi\u1ec7t Nam.","robots":{"index":"index","follow":"follow","max-snippet":"max-snippet:-1","max-image-preview":"max-image-preview:large","max-video-preview":"max-video-preview:-1"},"canonical":"https:\/\/siamcitycement.com.vn\/product\/con-rua-tay-sat-khuan-70-do\/","og_locale":"en_US","og_type":"article","og_title":"Healthcare Vietnam | C\u1ed3n R\u1eeda tay , S\u00e1t Khu\u1ea9n 70 \u0111\u1ed9 (L\u00ea Gia)","og_description":"HealthcareVietnam.com thu\u1ed9c h\u1ec7 th\u1ed1ng cung c\u1ea5p thi\u1ebft b\u1ecb ph\u00f2ng d\u1ecbch c\u1ee7a c\u00f4ng ty T\u01af\u1edcNG KHOA, chuy\u00ean \u0111\u1ed3 ph\u00f2ng d\u1ecbch v\u00e0 BHL\u0110 h\u00e0ng \u0111\u1ea7u Vi\u1ec7t Nam.","og_url":"https:\/\/siamcitycement.com.vn\/product\/con-rua-tay-sat-khuan-70-do\/","og_site_name":"Healthcare Vietnam","article_publisher":"https:\/\/www.facebook.com\/healthcarevn","article_modified_time":"2024-11-22T07:58:17+00:00","og_image":[{"width":600,"height":600,"url":"https:\/\/siamcitycement.com.vn\/wp-content\/uploads\/2019\/04\/Healthcarevietnam.com-2Ethanol-70.jpg","type":"image\/jpeg"}],"twitter_card":"summary_large_image","twitter_misc":{"Est. reading time":"3 minutes"},"schema":{"@context":"https:\/\/schema.org","@graph":[{"@type":"WebPage","@id":"https:\/\/siamcitycement.com.vn\/product\/con-rua-tay-sat-khuan-70-do\/","url":"https:\/\/siamcitycement.com.vn\/product\/con-rua-tay-sat-khuan-70-do\/","name":"Healthcare Vietnam | C\u1ed3n R\u1eeda tay , S\u00e1t Khu\u1ea9n 70 \u0111\u1ed9 (L\u00ea Gia)","isPartOf":{"@id":"https:\/\/siamcitycement.com.vn\/#website"},"primaryImageOfPage":{"@id":"https:\/\/siamcitycement.com.vn\/product\/con-rua-tay-sat-khuan-70-do\/#primaryimage"},"image":{"@id":"https:\/\/siamcitycement.com.vn\/product\/con-rua-tay-sat-khuan-70-do\/#primaryimage"},"thumbnailUrl":"https:\/\/siamcitycement.com.vn\/wp-content\/uploads\/2019\/04\/Healthcarevietnam.com-2Ethanol-70.jpg","datePublished":"2019-04-08T14:46:20+00:00","dateModified":"2024-11-22T07:58:17+00:00","description":"HealthcareVietnam.com thu\u1ed9c h\u1ec7 th\u1ed1ng cung c\u1ea5p thi\u1ebft b\u1ecb ph\u00f2ng d\u1ecbch c\u1ee7a c\u00f4ng ty T\u01af\u1edcNG KHOA, chuy\u00ean \u0111\u1ed3 ph\u00f2ng d\u1ecbch v\u00e0 BHL\u0110 h\u00e0ng \u0111\u1ea7u Vi\u1ec7t Nam.","breadcrumb":{"@id":"https:\/\/siamcitycement.com.vn\/product\/con-rua-tay-sat-khuan-70-do\/#breadcrumb"},"inLanguage":"en-US","potentialAction":[{"@type":"ReadAction","target":["https:\/\/siamcitycement.com.vn\/product\/con-rua-tay-sat-khuan-70-do\/"]}]},{"@type":"ImageObject","inLanguage":"en-US","@id":"https:\/\/siamcitycement.com.vn\/product\/con-rua-tay-sat-khuan-70-do\/#primaryimage","url":"https:\/\/siamcitycement.com.vn\/wp-content\/uploads\/2019\/04\/Healthcarevietnam.com-2Ethanol-70.jpg","contentUrl":"https:\/\/siamcitycement.com.vn\/wp-content\/uploads\/2019\/04\/Healthcarevietnam.com-2Ethanol-70.jpg","width":600,"height":600},{"@type":"BreadcrumbList","@id":"https:\/\/siamcitycement.com.vn\/product\/con-rua-tay-sat-khuan-70-do\/#breadcrumb","itemListElement":[{"@type":"ListItem","position":1,"name":"Home","item":"https:\/\/siamcitycement.com.vn\/"},{"@type":"ListItem","position":2,"name":"Shop","item":"https:\/\/siamcitycement.com.vn\/?page_id=51"},{"@type":"ListItem","position":3,"name":"C\u1ed3n R\u1eeda tay , S\u00e1t Khu\u1ea9n 70 \u0111\u1ed9 (L\u00ea Gia)"}]},{"@type":"WebSite","@id":"https:\/\/siamcitycement.com.vn\/#website","url":"https:\/\/siamcitycement.com.vn\/","name":"Healthcare Vietnam","description":"Making a Safer &amp; Healthier Workplace","publisher":{"@id":"https:\/\/siamcitycement.com.vn\/#organization"},"alternateName":"B\u1ea2O H\u1ed8 LAO \u0110\u1ed8NG VI\u1ec6T","potentialAction":[{"@type":"SearchAction","target":{"@type":"EntryPoint","urlTemplate":"https:\/\/siamcitycement.com.vn\/?s={search_term_string}"},"query-input":"required name=search_term_string"}],"inLanguage":"en-US"},{"@type":"Organization","@id":"https:\/\/siamcitycement.com.vn\/#organization","name":"HealthCare Vietnam","alternateName":"TUONG KHOA Limited","url":"https:\/\/siamcitycement.com.vn\/","logo":{"@type":"ImageObject","inLanguage":"en-US","@id":"https:\/\/siamcitycement.com.vn\/#\/schema\/logo\/image\/","url":"https:\/\/siamcitycement.com.vn\/wp-content\/uploads\/2021\/11\/healthcarevietnam.com-SEO.png","contentUrl":"https:\/\/siamcitycement.com.vn\/wp-content\/uploads\/2021\/11\/healthcarevietnam.com-SEO.png","width":200,"height":200,"caption":"HealthCare Vietnam"},"image":{"@id":"https:\/\/siamcitycement.com.vn\/#\/schema\/logo\/image\/"},"sameAs":["https:\/\/www.facebook.com\/healthcarevn","https:\/\/www.youtube.com\/@healthcarevietnam","https:\/\/www.linkedin.com\/company\/healthcarevietnam"],"description":"TUONG KHOA Limited l\u00e0 \u0111\u1ea1i l\u00fd cung c\u1ea5p BHLD nh\u1eadp kh\u1ea9u c\u1ee7a nhi\u1ec1u nh\u00e3n hi\u1ec7u Qu\u1ed1c t\u1ebf t\u1ea1i Vi\u1ec7t Nam","email":"board@tksafety.com.vn","telephone":"0966449449","legalName":"T\u01af\u1edcNG KHOA Trading & Services Company Limited","foundingDate":"2006-07-15","iso6523Code":"ISO 9001","numberOfEmployees":{"@type":"QuantitativeValue","minValue":"11","maxValue":"50"},"ownershipFundingInfo":"https:\/\/siamcitycement.com.vn\/?page_id=18123","actionableFeedbackPolicy":"https:\/\/siamcitycement.com.vn\/?page_id=18123","correctionsPolicy":"https:\/\/siamcitycement.com.vn\/?page_id=18123","ethicsPolicy":"https:\/\/siamcitycement.com.vn\/?page_id=18123","diversityPolicy":"https:\/\/siamcitycement.com.vn\/?page_id=18123","diversityStaffingReport":"https:\/\/siamcitycement.com.vn\/?page_id=18123"}]}},"_links":{"self":[{"href":"https:\/\/siamcitycement.com.vn\/index.php?rest_route=\/wp\/v2\/product\/18183","targetHints":{"allow":["GET"]}}],"collection":[{"href":"https:\/\/siamcitycement.com.vn\/index.php?rest_route=\/wp\/v2\/product"}],"about":[{"href":"https:\/\/siamcitycement.com.vn\/index.php?rest_route=\/wp\/v2\/types\/product"}],"replies":[{"embeddable":true,"href":"https:\/\/siamcitycement.com.vn\/index.php?rest_route=%2Fwp%2Fv2%2Fcomments&post=18183"}],"wp:featuredmedia":[{"embeddable":true,"href":"https:\/\/siamcitycement.com.vn\/index.php?rest_route=\/wp\/v2\/media\/18687"}],"wp:attachment":[{"href":"https:\/\/siamcitycement.com.vn\/index.php?rest_route=%2Fwp%2Fv2%2Fmedia&parent=18183"}],"wp:term":[{"taxonomy":"product_cat","embeddable":true,"href":"https:\/\/siamcitycement.com.vn\/index.php?rest_route=%2Fwp%2Fv2%2Fproduct_cat&post=18183"},{"taxonomy":"product_tag","embeddable":true,"href":"https:\/\/siamcitycement.com.vn\/index.php?rest_route=%2Fwp%2Fv2%2Fproduct_tag&post=18183"}],"curies":[{"name":"wp","href":"https:\/\/api.w.org\/{rel}","templated":true}]}}