{"id":18203,"date":"2020-05-19T22:52:37","date_gmt":"2020-05-19T15:52:37","guid":{"rendered":"https:\/\/siamcitycement.com.vn\/?post_type=product&#038;p=16439"},"modified":"2024-11-22T07:56:03","modified_gmt":"2024-11-22T07:56:03","slug":"may-xit-sat-khuan-tu-dong-gud-1000bt","status":"publish","type":"product","link":"https:\/\/siamcitycement.com.vn\/?product=may-xit-sat-khuan-tu-dong-gud-1000bt","title":{"rendered":"M\u00e1y x\u1ecbt s\u00e1t khu\u1ea9n t\u1ef1 \u0111\u1ed9ng GUD-1000BT"},"content":{"rendered":"<p>[vc_row][vc_column][vc_column_text]<strong><img loading=\"lazy\" decoding=\"async\" class=\"aligncenter wp-image-18617 size-large\" src=\"https:\/\/siamcitycement.com.vn\/wp-content\/uploads\/2020\/05\/Covid-19care.com-2.cay-xit-sat-khuan-1024x481.jpg\" alt=\"\" width=\"1024\" height=\"481\" srcset=\"https:\/\/siamcitycement.com.vn\/wp-content\/uploads\/2020\/05\/Covid-19care.com-2.cay-xit-sat-khuan-1024x481.jpg 1024w, https:\/\/siamcitycement.com.vn\/wp-content\/uploads\/2020\/05\/Covid-19care.com-2.cay-xit-sat-khuan-300x141.jpg 300w, https:\/\/siamcitycement.com.vn\/wp-content\/uploads\/2020\/05\/Covid-19care.com-2.cay-xit-sat-khuan-768x361.jpg 768w, https:\/\/siamcitycement.com.vn\/wp-content\/uploads\/2020\/05\/Covid-19care.com-2.cay-xit-sat-khuan-1536x721.jpg 1536w, https:\/\/siamcitycement.com.vn\/wp-content\/uploads\/2020\/05\/Covid-19care.com-2.cay-xit-sat-khuan-2048x962.jpg 2048w, https:\/\/siamcitycement.com.vn\/wp-content\/uploads\/2020\/05\/Covid-19care.com-2.cay-xit-sat-khuan-800x376.jpg 800w, https:\/\/siamcitycement.com.vn\/wp-content\/uploads\/2020\/05\/Covid-19care.com-2.cay-xit-sat-khuan-310x146.jpg 310w\" sizes=\"auto, (max-width: 1024px) 100vw, 1024px\" \/><\/strong><\/p>\n<p><strong><img loading=\"lazy\" decoding=\"async\" class=\"aligncenter wp-image-18618 size-full\" src=\"https:\/\/siamcitycement.com.vn\/wp-content\/uploads\/2020\/05\/Covid-19care.com-2cay-xit-sat-khuan.jpg\" alt=\"\" width=\"600\" height=\"600\" srcset=\"https:\/\/siamcitycement.com.vn\/wp-content\/uploads\/2020\/05\/Covid-19care.com-2cay-xit-sat-khuan.jpg 600w, https:\/\/siamcitycement.com.vn\/wp-content\/uploads\/2020\/05\/Covid-19care.com-2cay-xit-sat-khuan-300x300.jpg 300w, https:\/\/siamcitycement.com.vn\/wp-content\/uploads\/2020\/05\/Covid-19care.com-2cay-xit-sat-khuan-150x150.jpg 150w, https:\/\/siamcitycement.com.vn\/wp-content\/uploads\/2020\/05\/Covid-19care.com-2cay-xit-sat-khuan-480x480.jpg 480w, https:\/\/siamcitycement.com.vn\/wp-content\/uploads\/2020\/05\/Covid-19care.com-2cay-xit-sat-khuan-100x100.jpg 100w, https:\/\/siamcitycement.com.vn\/wp-content\/uploads\/2020\/05\/Covid-19care.com-2cay-xit-sat-khuan-350x350.jpg 350w, https:\/\/siamcitycement.com.vn\/wp-content\/uploads\/2020\/05\/Covid-19care.com-2cay-xit-sat-khuan-46x46.jpg 46w, https:\/\/siamcitycement.com.vn\/wp-content\/uploads\/2020\/05\/Covid-19care.com-2cay-xit-sat-khuan-310x310.jpg 310w\" sizes=\"auto, (max-width: 600px) 100vw, 600px\" \/><\/strong><\/p>\n<p><strong>HO\u00c0N TO\u00c0N T\u1ef0 \u0110\u1ed8NG KH\u00d4NG C\u1ea6N CH\u1ea0M TAY<\/strong><br \/>\nKh\u00f4ng c\u1ea7n ch\u1ea1m tay, thi\u1ebft b\u1ecb c\u00f3 th\u1ec3 t\u1ef1 \u0111\u1ed9ng nh\u1eadn di\u1ec7n tay b\u1ea1n v\u00e0 b\u01a1m ra dung d\u1ecbch x\u00e0 b\u00f4ng r\u1eeda tay s\u00e1t khu\u1ea9n ho\u1eb7c dung d\u1ecbch s\u00e1t khu\u1ea9n tay g\u1ed1c c\u1ed3n theo \u0111\u1ecbnh l\u01b0\u1ee3ng c\u00e0i \u0111\u1eb7t tr\u01b0\u1edbc. Gi\u1ea3m nguy c\u01a1 l\u00e2y nhi\u1ec5m ch\u00e9o cho ng\u01b0\u1eddi s\u1eed d\u1ee5ng, gi\u1ea3m th\u1eddi gian thao t\u00e1c tay l\u1ea5y dung d\u1ecbch.<\/p>\n<p><strong>KH\u00d4NG C\u1ea6N S\u1eec D\u1ee4NG \u0110I\u1ec6N<\/strong><br \/>\nS\u1eed d\u1ee5ng b\u1ed9 pin \u0111\u1ea1i D-cell ki\u1ec1m 4 c\u1ee5c, c\u00f3 th\u1ec3 b\u01a1m li\u00ean t\u1ee5c h\u01a1n 100,000 l\u1ea7n.<\/p>\n<p><strong>PH\u00d9 H\u1ee2P CHO S\u1eec D\u1ee4NG NHI\u1ec0U LO\u1ea0I DUNG D\u1ecaCH KH\u00c1C NHAU<\/strong><br \/>\nCh\u1ec9 c\u1ea7n thay lo\u1ea1i \u0111\u1ea7u b\u01a1m th\u00edch h\u1ee3p, b\u1ea1n c\u00f3 th\u1ec3 s\u1eed d\u1ee5ng c\u00f9ng m\u1ed9t lo\u1ea1i thi\u1ebft b\u1ecb v\u1eeba cho dung d\u1ecbch x\u00e0 b\u00f4ng r\u1eeda tay s\u00e1t khu\u1ea9n v\u00e0 v\u1eeba cho dung d\u1ecbch s\u00e1t khu\u1ea9n tay g\u1ed1c c\u1ed3n.<\/p>\n<p><strong>\u0110\u00c8N LED TH\u00d4NG B\u00c1O T\u00ccNH TR\u1ea0NG HO\u1ea0T \u0110\u1ed8NG C\u1ee6A M\u00c1Y<\/strong><br \/>\n\u0110\u00e8n b\u1eadt \u0111\u1ecf khi m\u00e1y s\u1eafp h\u1ebft pin. \u0110\u00e8n b\u1eadt xanh khi thi\u1ebft b\u1ecb \u0111ang ho\u1ea1t \u0111\u1ed9ng.<\/p>\n<p><strong>C\u00d3 TH\u1ec2 L\u1eaeP \u0110\u1eb6T \u1ede M\u1eccI N\u01a0I<\/strong><br \/>\nThi\u1ebft b\u1ecb s\u1eed d\u1ee5ng pin n\u00ean c\u00f3 th\u1ec3 l\u1eafp \u0111\u1eb7t \u1edf b\u1ea5t c\u1ee9 v\u1ecb tr\u00ed n\u00e0o: tr\u00ean t\u01b0\u1eddng ho\u1eb7c \u0111\u1eb7t tr\u00ean b\u1ed9 ch\u00e2n \u0111\u1ee9ng \u0111\u1ed9c l\u1eadp (IS 9000).<\/p>\n<p><strong>C\u1eecA S\u1ed4 KI\u1ec2M TRA M\u1ee8C DUNG D\u1ecaCH<\/strong><br \/>\nC\u00f3 th\u1ec3 ki\u1ec3m tra m\u1ee9c dung d\u1ecbch \u0111ang s\u1eed d\u1ee5ng qua c\u1eeda s\u1ed5 trong su\u1ed1t \u1edf m\u1eb7t tr\u01b0\u1edbc thi\u1ebft b\u1ecb m\u00e0 kh\u00f4ng c\u1ea7n m\u1edf n\u1eafp \u0111\u1eady.<\/p>\n<p><strong>KH\u00d3A THI\u1ebeT B\u1eca<\/strong><br \/>\nC\u00f3 th\u1ec3 kh\u00f3a thi\u1ebft b\u1ecb \u0111\u1ec3 ng\u0103n c\u00e1c ngo\u1ea1i v\u1eadt l\u1ecdt v\u00e0o d\u1ee5ng d\u1ecbch h\u00f3a ch\u1ea5t b\u00ean trong.<\/p>\n<p><strong>C\u00c0I \u0110\u1eb6T CH\u1ebe \u0110\u1ed8 B\u01a0M<\/strong><br \/>\nB\u1ea1n c\u00f3 th\u1ec3 s\u1eed d\u1ee5ng c\u00f4ng t\u1eafc c\u00e0i \u0111\u1eb7t ch\u1ebf \u0111\u1ed9 b\u01a1m \u0111\u1ec3 ch\u1ecdn m\u1ed9t l\u1ea7n b\u01a1m ho\u1eb7c hai l\u1ea7n b\u01a1m dung d\u1ecbch cho m\u1ed7i l\u1ea7n r\u1eeda tay (3ml\/l\u1ea7n b\u01a1m ti\u00eau chu\u1ea9n).<\/p>\n<p><strong>C\u00d4NG T\u1eaeC AN TO\u00c0N<\/strong><br \/>\nM\u00e1y s\u1ebd t\u1ef1 \u0111\u1ed9ng ng\u1eebng b\u01a1m dung d\u1ecbch khi n\u1eafp \u0111\u1eady ph\u00eda tr\u01b0\u1edbc b\u1ecb m\u1edf ra.<\/p>\n<p><strong>C\u00d3 TH\u1ec2 T\u00c1I S\u1eec D\u1ee4NG B\u00ccNH CH\u1ee8A DUNG D\u1ecaCH<\/strong><br \/>\nKhi s\u1eed d\u1ee5ng h\u1ebft dung d\u1ecbch trong b\u00ecnh 1L c\u00f3 s\u1eb5n trong thi\u1ebft b\u1ecb b\u01a1m, b\u1ea1n c\u00f3 th\u1ec3 ch\u00e2m th\u00eam dung d\u1ecbch m\u1edbi v\u00e0o b\u00ecnh m\u00e0 kh\u00f4ng c\u1ea7n ph\u1ea3i thay b\u00ecnh m\u1edbi gi\u00fap ti\u1ebft ki\u1ec7m chi ph\u00ed.[\/vc_column_text][\/vc_column][\/vc_row]<\/p>\n","protected":false},"excerpt":{"rendered":"<p>Full set m\u00e1y x\u1ecbt s\u00e1t khu\u1ea9n t\u1ef1 \u0111\u1ed9ng g\u1ed3m:<\/p>\n<ul>\n<li>ph\u1ea7n m\u00e1y x\u1ecbt t\u1ef1 \u0111\u1ed9ng<\/li>\n<li>ph\u1ea7n ch\u00e2n m\u00e1y<\/li>\n<\/ul>\n","protected":false},"featured_media":18621,"comment_status":"closed","ping_status":"closed","template":"","meta":[],"product_cat":[51,37],"product_tag":[149],"class_list":{"0":"post-18203","1":"product","2":"type-product","3":"status-publish","4":"has-post-thumbnail","6":"product_cat-may-xit-sat-khuan","7":"product_cat-thiet-bi","8":"product_tag-may-xit-khuan-saraya","9":"ts_product_brand-saraya","11":"first","12":"instock","13":"shipping-taxable","14":"product-type-simple"},"yoast_head":"<!-- This site is optimized with the Yoast SEO Premium plugin v22.3 (Yoast SEO v22.3) - https:\/\/yoast.com\/wordpress\/plugins\/seo\/ -->\n<title>Healthcare Vietnam | M\u00e1y x\u1ecbt s\u00e1t khu\u1ea9n t\u1ef1 \u0111\u1ed9ng GUD-1000BT<\/title>\n<meta name=\"description\" content=\"HealthcareVietnam.com thu\u1ed9c h\u1ec7 th\u1ed1ng cung c\u1ea5p thi\u1ebft b\u1ecb ph\u00f2ng d\u1ecbch c\u1ee7a c\u00f4ng ty T\u01af\u1edcNG KHOA, chuy\u00ean \u0111\u1ed3 ph\u00f2ng d\u1ecbch v\u00e0 BHL\u0110 h\u00e0ng \u0111\u1ea7u Vi\u1ec7t Nam.\" \/>\n<meta name=\"robots\" content=\"index, follow, max-snippet:-1, max-image-preview:large, max-video-preview:-1\" \/>\n<link rel=\"canonical\" href=\"https:\/\/siamcitycement.com.vn\/product\/may-xit-sat-khuan-tu-dong-gud-1000bt\/\" \/>\n<meta property=\"og:locale\" content=\"en_US\" \/>\n<meta property=\"og:type\" content=\"article\" \/>\n<meta property=\"og:title\" content=\"Healthcare Vietnam | M\u00e1y x\u1ecbt s\u00e1t khu\u1ea9n t\u1ef1 \u0111\u1ed9ng GUD-1000BT\" \/>\n<meta property=\"og:description\" content=\"HealthcareVietnam.com thu\u1ed9c h\u1ec7 th\u1ed1ng cung c\u1ea5p thi\u1ebft b\u1ecb ph\u00f2ng d\u1ecbch c\u1ee7a c\u00f4ng ty T\u01af\u1edcNG KHOA, chuy\u00ean \u0111\u1ed3 ph\u00f2ng d\u1ecbch v\u00e0 BHL\u0110 h\u00e0ng \u0111\u1ea7u Vi\u1ec7t Nam.\" \/>\n<meta property=\"og:url\" content=\"https:\/\/siamcitycement.com.vn\/product\/may-xit-sat-khuan-tu-dong-gud-1000bt\/\" \/>\n<meta property=\"og:site_name\" content=\"Healthcare Vietnam\" \/>\n<meta property=\"article:publisher\" content=\"https:\/\/www.facebook.com\/healthcarevn\" \/>\n<meta property=\"article:modified_time\" content=\"2024-11-22T07:56:03+00:00\" \/>\n<meta property=\"og:image\" content=\"https:\/\/siamcitycement.com.vn\/wp-content\/uploads\/2020\/05\/Covid-19care.com-may-xit-sat-khuan.jpg\" \/>\n\t<meta property=\"og:image:width\" content=\"600\" \/>\n\t<meta property=\"og:image:height\" content=\"600\" \/>\n\t<meta property=\"og:image:type\" content=\"image\/jpeg\" \/>\n<meta name=\"twitter:card\" content=\"summary_large_image\" \/>\n<meta name=\"twitter:label1\" content=\"Est. reading time\" \/>\n\t<meta name=\"twitter:data1\" content=\"3 minutes\" \/>\n<script type=\"application\/ld+json\" class=\"yoast-schema-graph\">{\"@context\":\"https:\/\/schema.org\",\"@graph\":[{\"@type\":\"WebPage\",\"@id\":\"https:\/\/siamcitycement.com.vn\/product\/may-xit-sat-khuan-tu-dong-gud-1000bt\/\",\"url\":\"https:\/\/siamcitycement.com.vn\/product\/may-xit-sat-khuan-tu-dong-gud-1000bt\/\",\"name\":\"Healthcare Vietnam | M\u00e1y x\u1ecbt s\u00e1t khu\u1ea9n t\u1ef1 \u0111\u1ed9ng GUD-1000BT\",\"isPartOf\":{\"@id\":\"https:\/\/siamcitycement.com.vn\/#website\"},\"primaryImageOfPage\":{\"@id\":\"https:\/\/siamcitycement.com.vn\/product\/may-xit-sat-khuan-tu-dong-gud-1000bt\/#primaryimage\"},\"image\":{\"@id\":\"https:\/\/siamcitycement.com.vn\/product\/may-xit-sat-khuan-tu-dong-gud-1000bt\/#primaryimage\"},\"thumbnailUrl\":\"https:\/\/siamcitycement.com.vn\/wp-content\/uploads\/2020\/05\/Covid-19care.com-may-xit-sat-khuan.jpg\",\"datePublished\":\"2020-05-19T15:52:37+00:00\",\"dateModified\":\"2024-11-22T07:56:03+00:00\",\"description\":\"HealthcareVietnam.com thu\u1ed9c h\u1ec7 th\u1ed1ng cung c\u1ea5p thi\u1ebft b\u1ecb ph\u00f2ng d\u1ecbch c\u1ee7a c\u00f4ng ty T\u01af\u1edcNG KHOA, chuy\u00ean \u0111\u1ed3 ph\u00f2ng d\u1ecbch v\u00e0 BHL\u0110 h\u00e0ng \u0111\u1ea7u Vi\u1ec7t Nam.\",\"breadcrumb\":{\"@id\":\"https:\/\/siamcitycement.com.vn\/product\/may-xit-sat-khuan-tu-dong-gud-1000bt\/#breadcrumb\"},\"inLanguage\":\"en-US\",\"potentialAction\":[{\"@type\":\"ReadAction\",\"target\":[\"https:\/\/siamcitycement.com.vn\/product\/may-xit-sat-khuan-tu-dong-gud-1000bt\/\"]}]},{\"@type\":\"ImageObject\",\"inLanguage\":\"en-US\",\"@id\":\"https:\/\/siamcitycement.com.vn\/product\/may-xit-sat-khuan-tu-dong-gud-1000bt\/#primaryimage\",\"url\":\"https:\/\/siamcitycement.com.vn\/wp-content\/uploads\/2020\/05\/Covid-19care.com-may-xit-sat-khuan.jpg\",\"contentUrl\":\"https:\/\/siamcitycement.com.vn\/wp-content\/uploads\/2020\/05\/Covid-19care.com-may-xit-sat-khuan.jpg\",\"width\":600,\"height\":600},{\"@type\":\"BreadcrumbList\",\"@id\":\"https:\/\/siamcitycement.com.vn\/product\/may-xit-sat-khuan-tu-dong-gud-1000bt\/#breadcrumb\",\"itemListElement\":[{\"@type\":\"ListItem\",\"position\":1,\"name\":\"Home\",\"item\":\"https:\/\/siamcitycement.com.vn\/\"},{\"@type\":\"ListItem\",\"position\":2,\"name\":\"Shop\",\"item\":\"https:\/\/siamcitycement.com.vn\/?page_id=51\"},{\"@type\":\"ListItem\",\"position\":3,\"name\":\"M\u00e1y x\u1ecbt s\u00e1t khu\u1ea9n t\u1ef1 \u0111\u1ed9ng GUD-1000BT\"}]},{\"@type\":\"WebSite\",\"@id\":\"https:\/\/siamcitycement.com.vn\/#website\",\"url\":\"https:\/\/siamcitycement.com.vn\/\",\"name\":\"Healthcare Vietnam\",\"description\":\"Making a Safer &amp; Healthier Workplace\",\"publisher\":{\"@id\":\"https:\/\/siamcitycement.com.vn\/#organization\"},\"alternateName\":\"B\u1ea2O H\u1ed8 LAO \u0110\u1ed8NG VI\u1ec6T\",\"potentialAction\":[{\"@type\":\"SearchAction\",\"target\":{\"@type\":\"EntryPoint\",\"urlTemplate\":\"https:\/\/siamcitycement.com.vn\/?s={search_term_string}\"},\"query-input\":\"required name=search_term_string\"}],\"inLanguage\":\"en-US\"},{\"@type\":\"Organization\",\"@id\":\"https:\/\/siamcitycement.com.vn\/#organization\",\"name\":\"HealthCare Vietnam\",\"alternateName\":\"TUONG KHOA Limited\",\"url\":\"https:\/\/siamcitycement.com.vn\/\",\"logo\":{\"@type\":\"ImageObject\",\"inLanguage\":\"en-US\",\"@id\":\"https:\/\/siamcitycement.com.vn\/#\/schema\/logo\/image\/\",\"url\":\"https:\/\/siamcitycement.com.vn\/wp-content\/uploads\/2021\/11\/healthcarevietnam.com-SEO.png\",\"contentUrl\":\"https:\/\/siamcitycement.com.vn\/wp-content\/uploads\/2021\/11\/healthcarevietnam.com-SEO.png\",\"width\":200,\"height\":200,\"caption\":\"HealthCare Vietnam\"},\"image\":{\"@id\":\"https:\/\/siamcitycement.com.vn\/#\/schema\/logo\/image\/\"},\"sameAs\":[\"https:\/\/www.facebook.com\/healthcarevn\",\"https:\/\/www.youtube.com\/@healthcarevietnam\",\"https:\/\/www.linkedin.com\/company\/healthcarevietnam\"],\"description\":\"TUONG KHOA Limited l\u00e0 \u0111\u1ea1i l\u00fd cung c\u1ea5p BHLD nh\u1eadp kh\u1ea9u c\u1ee7a nhi\u1ec1u nh\u00e3n hi\u1ec7u Qu\u1ed1c t\u1ebf t\u1ea1i Vi\u1ec7t Nam\",\"email\":\"board@tksafety.com.vn\",\"telephone\":\"0966449449\",\"legalName\":\"T\u01af\u1edcNG KHOA Trading & Services Company Limited\",\"foundingDate\":\"2006-07-15\",\"iso6523Code\":\"ISO 9001\",\"numberOfEmployees\":{\"@type\":\"QuantitativeValue\",\"minValue\":\"11\",\"maxValue\":\"50\"},\"ownershipFundingInfo\":\"https:\/\/siamcitycement.com.vn\/?page_id=18123\",\"actionableFeedbackPolicy\":\"https:\/\/siamcitycement.com.vn\/?page_id=18123\",\"correctionsPolicy\":\"https:\/\/siamcitycement.com.vn\/?page_id=18123\",\"ethicsPolicy\":\"https:\/\/siamcitycement.com.vn\/?page_id=18123\",\"diversityPolicy\":\"https:\/\/siamcitycement.com.vn\/?page_id=18123\",\"diversityStaffingReport\":\"https:\/\/siamcitycement.com.vn\/?page_id=18123\"}]}<\/script>\n<!-- \/ Yoast SEO Premium plugin. -->","yoast_head_json":{"title":"Healthcare Vietnam | M\u00e1y x\u1ecbt s\u00e1t khu\u1ea9n t\u1ef1 \u0111\u1ed9ng GUD-1000BT","description":"HealthcareVietnam.com thu\u1ed9c h\u1ec7 th\u1ed1ng cung c\u1ea5p thi\u1ebft b\u1ecb ph\u00f2ng d\u1ecbch c\u1ee7a c\u00f4ng ty T\u01af\u1edcNG KHOA, chuy\u00ean \u0111\u1ed3 ph\u00f2ng d\u1ecbch v\u00e0 BHL\u0110 h\u00e0ng \u0111\u1ea7u Vi\u1ec7t Nam.","robots":{"index":"index","follow":"follow","max-snippet":"max-snippet:-1","max-image-preview":"max-image-preview:large","max-video-preview":"max-video-preview:-1"},"canonical":"https:\/\/siamcitycement.com.vn\/product\/may-xit-sat-khuan-tu-dong-gud-1000bt\/","og_locale":"en_US","og_type":"article","og_title":"Healthcare Vietnam | M\u00e1y x\u1ecbt s\u00e1t khu\u1ea9n t\u1ef1 \u0111\u1ed9ng GUD-1000BT","og_description":"HealthcareVietnam.com thu\u1ed9c h\u1ec7 th\u1ed1ng cung c\u1ea5p thi\u1ebft b\u1ecb ph\u00f2ng d\u1ecbch c\u1ee7a c\u00f4ng ty T\u01af\u1edcNG KHOA, chuy\u00ean \u0111\u1ed3 ph\u00f2ng d\u1ecbch v\u00e0 BHL\u0110 h\u00e0ng \u0111\u1ea7u Vi\u1ec7t Nam.","og_url":"https:\/\/siamcitycement.com.vn\/product\/may-xit-sat-khuan-tu-dong-gud-1000bt\/","og_site_name":"Healthcare Vietnam","article_publisher":"https:\/\/www.facebook.com\/healthcarevn","article_modified_time":"2024-11-22T07:56:03+00:00","og_image":[{"width":600,"height":600,"url":"https:\/\/siamcitycement.com.vn\/wp-content\/uploads\/2020\/05\/Covid-19care.com-may-xit-sat-khuan.jpg","type":"image\/jpeg"}],"twitter_card":"summary_large_image","twitter_misc":{"Est. reading time":"3 minutes"},"schema":{"@context":"https:\/\/schema.org","@graph":[{"@type":"WebPage","@id":"https:\/\/siamcitycement.com.vn\/product\/may-xit-sat-khuan-tu-dong-gud-1000bt\/","url":"https:\/\/siamcitycement.com.vn\/product\/may-xit-sat-khuan-tu-dong-gud-1000bt\/","name":"Healthcare Vietnam | M\u00e1y x\u1ecbt s\u00e1t khu\u1ea9n t\u1ef1 \u0111\u1ed9ng GUD-1000BT","isPartOf":{"@id":"https:\/\/siamcitycement.com.vn\/#website"},"primaryImageOfPage":{"@id":"https:\/\/siamcitycement.com.vn\/product\/may-xit-sat-khuan-tu-dong-gud-1000bt\/#primaryimage"},"image":{"@id":"https:\/\/siamcitycement.com.vn\/product\/may-xit-sat-khuan-tu-dong-gud-1000bt\/#primaryimage"},"thumbnailUrl":"https:\/\/siamcitycement.com.vn\/wp-content\/uploads\/2020\/05\/Covid-19care.com-may-xit-sat-khuan.jpg","datePublished":"2020-05-19T15:52:37+00:00","dateModified":"2024-11-22T07:56:03+00:00","description":"HealthcareVietnam.com thu\u1ed9c h\u1ec7 th\u1ed1ng cung c\u1ea5p thi\u1ebft b\u1ecb ph\u00f2ng d\u1ecbch c\u1ee7a c\u00f4ng ty T\u01af\u1edcNG KHOA, chuy\u00ean \u0111\u1ed3 ph\u00f2ng d\u1ecbch v\u00e0 BHL\u0110 h\u00e0ng \u0111\u1ea7u Vi\u1ec7t Nam.","breadcrumb":{"@id":"https:\/\/siamcitycement.com.vn\/product\/may-xit-sat-khuan-tu-dong-gud-1000bt\/#breadcrumb"},"inLanguage":"en-US","potentialAction":[{"@type":"ReadAction","target":["https:\/\/siamcitycement.com.vn\/product\/may-xit-sat-khuan-tu-dong-gud-1000bt\/"]}]},{"@type":"ImageObject","inLanguage":"en-US","@id":"https:\/\/siamcitycement.com.vn\/product\/may-xit-sat-khuan-tu-dong-gud-1000bt\/#primaryimage","url":"https:\/\/siamcitycement.com.vn\/wp-content\/uploads\/2020\/05\/Covid-19care.com-may-xit-sat-khuan.jpg","contentUrl":"https:\/\/siamcitycement.com.vn\/wp-content\/uploads\/2020\/05\/Covid-19care.com-may-xit-sat-khuan.jpg","width":600,"height":600},{"@type":"BreadcrumbList","@id":"https:\/\/siamcitycement.com.vn\/product\/may-xit-sat-khuan-tu-dong-gud-1000bt\/#breadcrumb","itemListElement":[{"@type":"ListItem","position":1,"name":"Home","item":"https:\/\/siamcitycement.com.vn\/"},{"@type":"ListItem","position":2,"name":"Shop","item":"https:\/\/siamcitycement.com.vn\/?page_id=51"},{"@type":"ListItem","position":3,"name":"M\u00e1y x\u1ecbt s\u00e1t khu\u1ea9n t\u1ef1 \u0111\u1ed9ng GUD-1000BT"}]},{"@type":"WebSite","@id":"https:\/\/siamcitycement.com.vn\/#website","url":"https:\/\/siamcitycement.com.vn\/","name":"Healthcare Vietnam","description":"Making a Safer &amp; Healthier Workplace","publisher":{"@id":"https:\/\/siamcitycement.com.vn\/#organization"},"alternateName":"B\u1ea2O H\u1ed8 LAO \u0110\u1ed8NG VI\u1ec6T","potentialAction":[{"@type":"SearchAction","target":{"@type":"EntryPoint","urlTemplate":"https:\/\/siamcitycement.com.vn\/?s={search_term_string}"},"query-input":"required name=search_term_string"}],"inLanguage":"en-US"},{"@type":"Organization","@id":"https:\/\/siamcitycement.com.vn\/#organization","name":"HealthCare Vietnam","alternateName":"TUONG KHOA Limited","url":"https:\/\/siamcitycement.com.vn\/","logo":{"@type":"ImageObject","inLanguage":"en-US","@id":"https:\/\/siamcitycement.com.vn\/#\/schema\/logo\/image\/","url":"https:\/\/siamcitycement.com.vn\/wp-content\/uploads\/2021\/11\/healthcarevietnam.com-SEO.png","contentUrl":"https:\/\/siamcitycement.com.vn\/wp-content\/uploads\/2021\/11\/healthcarevietnam.com-SEO.png","width":200,"height":200,"caption":"HealthCare Vietnam"},"image":{"@id":"https:\/\/siamcitycement.com.vn\/#\/schema\/logo\/image\/"},"sameAs":["https:\/\/www.facebook.com\/healthcarevn","https:\/\/www.youtube.com\/@healthcarevietnam","https:\/\/www.linkedin.com\/company\/healthcarevietnam"],"description":"TUONG KHOA Limited l\u00e0 \u0111\u1ea1i l\u00fd cung c\u1ea5p BHLD nh\u1eadp kh\u1ea9u c\u1ee7a nhi\u1ec1u nh\u00e3n hi\u1ec7u Qu\u1ed1c t\u1ebf t\u1ea1i Vi\u1ec7t Nam","email":"board@tksafety.com.vn","telephone":"0966449449","legalName":"T\u01af\u1edcNG KHOA Trading & Services Company Limited","foundingDate":"2006-07-15","iso6523Code":"ISO 9001","numberOfEmployees":{"@type":"QuantitativeValue","minValue":"11","maxValue":"50"},"ownershipFundingInfo":"https:\/\/siamcitycement.com.vn\/?page_id=18123","actionableFeedbackPolicy":"https:\/\/siamcitycement.com.vn\/?page_id=18123","correctionsPolicy":"https:\/\/siamcitycement.com.vn\/?page_id=18123","ethicsPolicy":"https:\/\/siamcitycement.com.vn\/?page_id=18123","diversityPolicy":"https:\/\/siamcitycement.com.vn\/?page_id=18123","diversityStaffingReport":"https:\/\/siamcitycement.com.vn\/?page_id=18123"}]}},"_links":{"self":[{"href":"https:\/\/siamcitycement.com.vn\/index.php?rest_route=\/wp\/v2\/product\/18203","targetHints":{"allow":["GET"]}}],"collection":[{"href":"https:\/\/siamcitycement.com.vn\/index.php?rest_route=\/wp\/v2\/product"}],"about":[{"href":"https:\/\/siamcitycement.com.vn\/index.php?rest_route=\/wp\/v2\/types\/product"}],"replies":[{"embeddable":true,"href":"https:\/\/siamcitycement.com.vn\/index.php?rest_route=%2Fwp%2Fv2%2Fcomments&post=18203"}],"wp:featuredmedia":[{"embeddable":true,"href":"https:\/\/siamcitycement.com.vn\/index.php?rest_route=\/wp\/v2\/media\/18621"}],"wp:attachment":[{"href":"https:\/\/siamcitycement.com.vn\/index.php?rest_route=%2Fwp%2Fv2%2Fmedia&parent=18203"}],"wp:term":[{"taxonomy":"product_cat","embeddable":true,"href":"https:\/\/siamcitycement.com.vn\/index.php?rest_route=%2Fwp%2Fv2%2Fproduct_cat&post=18203"},{"taxonomy":"product_tag","embeddable":true,"href":"https:\/\/siamcitycement.com.vn\/index.php?rest_route=%2Fwp%2Fv2%2Fproduct_tag&post=18203"}],"curies":[{"name":"wp","href":"https:\/\/api.w.org\/{rel}","templated":true}]}}