{"id":18208,"date":"2021-08-18T16:00:19","date_gmt":"2021-08-18T16:00:19","guid":{"rendered":"https:\/\/siamcitycement.com.vn\/?post_type=product&#038;p=16927"},"modified":"2024-11-22T07:54:05","modified_gmt":"2024-11-22T07:54:05","slug":"do-phong-dich-level-4-huynh-gia","status":"publish","type":"product","link":"https:\/\/siamcitycement.com.vn\/?product=do-phong-dich-level-4-huynh-gia","title":{"rendered":"\u0110\u1ed3 ph\u00f2ng d\u1ecbch Level 4 Hu\u1ef3nh Gia"},"content":{"rendered":"<p>[vc_row][vc_column][vc_column_text]<\/p>\n<h2><strong>Nguy\u00ean v\u1eadt li\u1ec7u v\u00e0 c\u1ea5u t\u1ea1o:<\/strong><\/h2>\n<p>Th\u1ee9 tr\u01b0\u1edfng B\u1ed9 Y t\u1ebf Nguy\u1ec5n Tr\u01b0\u1eddng S\u01a1n t\u1eebng n\u00f3i: &#8220;Trong t\u00ecnh h\u00ecnh hi\u1ec7n nay, n\u1ebfu b\u1ecf b\u1ed9 trang ph\u1ee5c b\u1ea3o h\u1ed9 s\u1ebd l\u00e0m m\u1ea5t v\u0169 kh\u00ed b\u1ea3o v\u1ec7 cho nh\u00e2n vi\u00ean y t\u1ebf khi tham gia l\u1ea5y m\u1eabu x\u00e9t nghi\u1ec7m COVID-19&#8221;. Nh\u01b0 v\u1eady, ta c\u00f3 th\u1ec3 th\u1ea5y \u0111\u01b0\u1ee3c t\u1ea7m quan tr\u1ecdng c\u1ee7a qu\u1ea7n \u00e1o b\u1ea3o h\u1ed9 y t\u1ebf v\u1edbi ch\u00fang ta v\u00e0 \u0111\u1eb7c bi\u1ec7t l\u00e0 nh\u00e2n vi\u00ean y t\u1ebf.<\/p>\n<p>\u0110\u1ed3 b\u1ea3o h\u1ed9 y t\u1ebf hi\u1ec7n c\u00f3 4 c\u1ea5p \u0111\u1ed9 \u0111\u01b0\u1ee3c ph\u00e2n lo\u1ea1i d\u1ef1a tr\u00ean hi\u1ec7u su\u1ea5t r\u00e0o c\u1ea3n, kh\u1ea3 n\u0103ng h\u1ea1n ch\u1ebf x\u00e2m nh\u1eadp c\u1ee7a vi khu\u1ea9n v\u00e0 gi\u1ecdt b\u1eafn, g\u1ed3m Level 1, Level 2, Level 3 v\u00e0 Level 4. M\u1ed7i level s\u1ebd c\u00f3 quy chu\u1ea9n v\u1ec1 th\u1eed nghi\u1ec7m, t\u01b0\u01a1ng \u1ee9ng v\u1edbi c\u00e1c nguy\u00ean v\u1eadt li\u1ec7u v\u00e0 thi\u1ebft k\u1ebf kh\u00e1c nhau.<\/p>\n<p><i><img decoding=\"async\" class=\"aligncenter\" src=\"https:\/\/huynhgiaco.com\/files\/tie-u-chua-n-o-ba-o-ho--SURE8HTm1n.png\" alt=\"Tie\u0302u Chua\u0302\u0309n \u0110o\u0302\u0300 Ba\u0309o Ho\u0323\u0302.png\" width=\"500\" height=\"auto\" \/><\/i><\/p>\n<p>B\u1ea3ng\u00a0ti\u00eau\u00a0chu\u1ea9n \u0111\u1ed3 b\u1ea3o h\u1ed9 y t\u1ebf theo t\u1eebng c\u1ea5p \u0111\u1ed9<\/p>\n<p>V\u1edbi \u0111\u1ed3 b\u1ea3o h\u1ed9 y t\u1ebf Level 4, ch\u1ea5t v\u1ea3i s\u1eed d\u1ee5ng l\u00e0 v\u1ea3i kh\u00f4ng d\u1ec7t PP \u0111\u01b0\u1ee3c c\u00e1n PE \u0111\u1ec3 t\u0103ng kh\u1ea3 n\u0103ng ch\u1ed1ng th\u1ea5m. B\u00ean c\u1ea1nh \u0111\u00f3, l\u1edbp v\u1ea3i n\u00e0y \u0111\u01b0\u1ee3c \u00e9p th\u00eam 1 l\u1edbp ch\u1ed1ng ch\u00e1y tia l\u1eeda \u0111i\u1ec7n, \u1edf c\u1ea5p \u0111\u1ed9 nh\u1eb9. L\u1edbp n\u00e0y t\u0129nh \u0111i\u1ec7n v\u00e0 \u0111\u01b0\u1ee3c tr\u00e1ng th\u00eam 1 l\u1edbp phim air breathable, l\u00e0 l\u1edbp gi\u00fap tho\u00e1ng kh\u00ed t\u1eeb trong c\u01a1 th\u1ec3 ra ngo\u00e0i \u0111\u1ec3 gi\u00fap ng\u01b0\u1eddi s\u1eed d\u1ee5ng \u0111\u01b0\u1ee3c tho\u1ea3i m\u00e1i, kh\u00f4ng b\u1ecb b\u00ed h\u01a1i. \u0110\u1ed3 b\u1ea3o h\u1ed9 \u0111\u1ea1t ti\u00eau chu\u1ea9n Level 4 ph\u1ea3i \u0111\u1ea1t ti\u00eau chu\u1ea9n c\u1ee7a ASTM F1671 (\u0111\u01b0\u1ee3c s\u1eed d\u1ee5ng \u0111\u1ec3 \u0111\u00e1nh gi\u00e1 c\u00e1c th\u00e0nh ph\u1ea9m c\u1ee7a qu\u1ea7n \u00e1o b\u1ea3o h\u1ed9 v\u1ec1 kh\u1ea3 n\u0103ng ch\u1ed1ng l\u1ea1i s\u1ef1 x\u00e2m nh\u1eadp c\u1ee7a m\u00e1u t\u1ed5ng h\u1ee3p d\u01b0\u1edbi d\u1ea1ng ch\u1ea5t l\u1ecfng). Ti\u00eau chu\u1ea9n n\u00e0y l\u00e0 g\u1ed3m nh\u1eefng \u0111i\u1ec1u ki\u1ec7n v\u1ec1 \u0111\u01b0\u1eddng may, \u0111i\u1ec1u ki\u1ec7n v\u1ec1 ch\u1ea5t li\u1ec7u v\u00e0 \u0111i\u1ec1u ki\u1ec7n v\u1ec1 \u00e1p l\u1ef1c n\u01b0\u1edbc khi th\u1eed nghi\u1ec7m, \u0111\u1ea3m b\u1ea3o ch\u1ea5t l\u1ecfng v\u00e0 vi khu\u1ea9n kh\u00f4ng b\u1ecb x\u00e2m nh\u1eadp v\u00e0 ti\u1ebfp x\u00fac v\u1edbi ng\u01b0\u1eddi s\u1eed d\u1ee5ng.<\/p>\n<p>\u0110\u1ed1i v\u1edbi c\u00e1c Level 1 &#8211; 2 &#8211; 3, c\u00e1c ti\u00eau chu\u1ea9n c\u00f3 th\u1ec3 \u0111\u01b0\u1ee3c th\u1ef1c hi\u1ec7n \u1edf c\u00e1c ph\u00f2ng Lab trong n\u01b0\u1edbc \u0111\u1ec3 \u0111\u00e1nh gi\u00e1 ch\u1ea5t l\u01b0\u1ee3ng th\u00e0nh ph\u1ea9m. Ri\u00eang \u0111\u1ed1i v\u1edbi level 4, c\u00e1c th\u1eed nghi\u1ec7m c\u1ea7n \u0111\u01b0\u1ee3c g\u1eedi \u0111\u1ebfn c\u00e1c ph\u00f2ng Lab \u1edf n\u01b0\u1edbc ngo\u00e0i \u0111\u1ec3 ki\u1ec3m tra do c\u00e1c ph\u00f2ng Lab \u1edf Vi\u1ec7t Nam ch\u01b0a \u0111\u1ee7 thi\u1ebft b\u1ecb v\u00e0 ti\u00eau chu\u1ea9n. Do \u0111\u00f3, qu\u00fd Anh\/Ch\u1ecb khi mua \u0111\u1ed3 b\u1ea3o h\u1ed9 c\u1ea7n l\u01b0u \u00fd r\u00f5 v\u1ec1 ch\u1ea5t li\u1ec7u v\u00e0 c\u00e1c ch\u1ec9 s\u1ed1 quy \u0111\u1ecbnh cho t\u1eebng c\u1ea5p \u0111\u1ed9, v\u00ec \u0111\u00e2y l\u00e0 s\u1ea3n ph\u1ea9m d\u00f9ng cho m\u00f4i tr\u01b0\u1eddng l\u00e2y nhi\u1ec5m n\u00ean c\u1ea7n k\u1ef9 l\u01b0\u1ee1ng trong vi\u1ec7c l\u1ef1a ch\u1ecdn \u0111\u01a1n v\u1ecb s\u1ea3n xu\u1ea5t c\u00f3 uy t\u00edn v\u00e0 ti\u1ec1m l\u1ef1c trong l\u0129nh v\u1ef1c.<\/p>\n<p><img decoding=\"async\" class=\"aligncenter\" src=\"https:\/\/huynhgiaco.com\/files\/test-ba-o-ho-1-IhrJrgZz6r.jpeg\" alt=\"Test Ba\u0309o Ho\u0323\u0302 1.jpeg\" width=\"350\" height=\"auto\" \/><img decoding=\"async\" class=\"aligncenter\" src=\"https:\/\/huynhgiaco.com\/files\/test-ba-o-ho-2-xcS4NBj9da.jpeg\" alt=\"Test Ba\u0309o Ho\u0323\u0302 2.jpeg\" width=\"350\" height=\"auto\" \/><\/p>\n<p>\u0110\u1ed3 b\u1ea3o h\u1ed9 y t\u1ebf c\u1ea5p \u0111\u1ed9 4 c\u1ee7a Hu\u1ef3nh Gia \u0111\u01b0\u1ee3c ch\u1ee9ng nh\u1eadn \u0111\u1ea1t chu\u1ea9n c\u1ee7a Vi\u1ec7n Trang Thi\u1ebft B\u1ecb V\u00e0 C\u00f4ng Tr\u00ecnh Y T\u1ebf.<\/p>\n<p><img loading=\"lazy\" decoding=\"async\" class=\"aligncenter\" src=\"https:\/\/huynhgiaco.com\/files\/artboard-3-e9sulgrrfn-YUWNrBKiwI.jpg\" alt=\"artboard-3-E9sULgrrFN.jpg\" width=\"600\" height=\"689\" \/><\/p>\n<p>Ch\u1ee9ng nh\u1eadn c\u1ee7a ph\u00f2ng Lap Bureau Veritas \u0111\u1ed3 b\u1ea3o h\u1ed9 Level 4 c\u1ee7a Hu\u1ef3nh Gia \u0111\u1ea1t ti\u00eau ch\u00ed ASTM F1671<br \/>\n<b>Quy c\u00e1ch \u0111\u00f3ng g\u00f3i v\u00e0 ch\u1ea5t li\u1ec7u bao g\u00f3i:<\/b><\/p>\n<p><b>Quy c\u00e1ch:<\/b><\/p>\n<p>1 b\u1ed9 qu\u1ea7n \u00e1o b\u1ea3o h\u1ed9 y t\u1ebf \u0111\u01b0\u1ee3c \u0111\u00f3ng g\u00f3i trong 1 bao PE g\u1ed3m:<\/p>\n<ul>\n<li>\u00c1o, qu\u1ea7n v\u00e0 m\u0169 may li\u1ec1n<\/li>\n<li>B\u1ecdc ch\u00e2n<\/li>\n<\/ul>\n<p>S\u1ea3n ph\u1ea9m s\u1ebd \u0111\u01b0\u1ee3c \u0111\u00f3ng g\u00f3i trong t\u00fai PE v\u00e0 h\u00fat ch\u00e2n kh\u00f4ng, \u0111\u1ea3m b\u1ea3o v\u00f4 tr\u00f9ng khi \u0111\u1ebfn tay ng\u01b0\u1eddi s\u1eed d\u1ee5ng.<\/p>\n<p>\u0110\u1ed3 b\u1ea3o h\u1ed9 y t\u1ebf n\u00ean m\u1eb7c r\u1ed9ng h\u01a1n 1 t\u00ed so v\u1edbi d\u00e1ng ng\u01b0\u1eddi \u0111\u1ec3 trong qu\u00e1 tr\u00ecnh v\u1eadn \u0111\u1ed9ng c\u01a1 th\u1ec3 kh\u00f4ng b\u1ecb t\u00ecnh tr\u1ea1ng b\u00ed v\u00e0 n\u00f3ng. \u0110\u1ed1i v\u1edbi kh\u00ed h\u1eadu Vi\u1ec7t Nam, kh\u00f4ng n\u00ean m\u1eb7c \u0111\u1ed3 b\u1ea3o h\u1ed9 v\u1eeba v\u1eb7n ho\u1eb7c qu\u00e1 ch\u1eadt, s\u1ebd d\u1ec5 khi\u1ebfn ng\u01b0\u1eddi m\u1eb7c kh\u00f3 ch\u1ecbu v\u00e0 m\u1ea5t s\u1ee9c do kh\u00f4ng tho\u00e1t h\u01a1n \u0111\u01b0\u1ee3c.<\/p>\n<p><img decoding=\"async\" class=\"aligncenter\" src=\"https:\/\/huynhgiaco.com\/files\/size-o-ba-o-ho--nBrJHSFvLs.png\" alt=\"Size \u0110o\u0302\u0300 Ba\u0309o Ho\u0323\u0302 Hu\u1ef3nh Gia.png\" width=\"450\" height=\"auto\" \/><\/p>\n<p style=\"text-align: center;\">B\u1ea3ng k\u00edch th\u01b0\u1edbc \u0111\u1ed3 b\u1ea3o h\u1ed9 y t\u1ebf Hu\u1ef3nh Gia (\u0110\u01a1n v\u1ecb: cm)<\/p>\n<p>[\/vc_column_text][\/vc_column][\/vc_row]<\/p>\n","protected":false},"excerpt":{"rendered":"<p>M\u1ed9t b\u1ed9 B\u1ed8 B\u1ea2O H\u1ed8 CH\u1ed0NG D\u1ecaCH \u0111\u01b0\u1ee3c \u0111\u00f3ng g\u00f3i trong 1 bao PE g\u1ed3m:<\/p>\n<ol>\n<li>M\u0169, v\u1ea3i kh\u00f4ng d\u1ec7t th\u1ea5u kh\u00ed: 01 c\u00e1i<\/li>\n<li>\u00c1o, v\u1ea3i kh\u00f4ng d\u1ec7t th\u1ea5u kh\u00ed: 01 c\u00e1i<\/li>\n<li>Qu\u1ea7n, v\u1ea3i kh\u00f4ng d\u1ec7t th\u1ea5u kh\u00ed: 01 c\u00e1i<\/li>\n<li>V\u1edbt, v\u1ea3i kh\u00f4ng d\u1ec7t th\u1ea5u kh\u00ed: 01 \u0111\u00f4i<\/li>\n<\/ol>\n","protected":false},"featured_media":18507,"comment_status":"closed","ping_status":"closed","template":"","meta":[],"product_cat":[71],"product_tag":[143],"class_list":{"0":"post-18208","1":"product","2":"type-product","3":"status-publish","4":"has-post-thumbnail","6":"product_cat-do-phong-dich","7":"product_tag-do-phong-dich-huynh-gia","8":"ts_product_brand-huynh-gia","10":"first","11":"instock","12":"shipping-taxable","13":"product-type-simple"},"yoast_head":"<!-- This site is optimized with the Yoast SEO Premium plugin v22.3 (Yoast SEO v22.3) - https:\/\/yoast.com\/wordpress\/plugins\/seo\/ -->\n<title>Healthcare Vietnam | \u0110\u1ed3 ph\u00f2ng d\u1ecbch Level 4 Hu\u1ef3nh Gia<\/title>\n<meta name=\"description\" content=\"HealthcareVietnam.com thu\u1ed9c h\u1ec7 th\u1ed1ng cung c\u1ea5p thi\u1ebft b\u1ecb ph\u00f2ng d\u1ecbch c\u1ee7a c\u00f4ng ty T\u01af\u1edcNG KHOA, chuy\u00ean \u0111\u1ed3 ph\u00f2ng d\u1ecbch v\u00e0 BHL\u0110 h\u00e0ng \u0111\u1ea7u Vi\u1ec7t Nam.\" \/>\n<meta name=\"robots\" content=\"index, follow, max-snippet:-1, max-image-preview:large, max-video-preview:-1\" \/>\n<link rel=\"canonical\" href=\"https:\/\/siamcitycement.com.vn\/product\/do-phong-dich-level-4-huynh-gia\/\" \/>\n<meta property=\"og:locale\" content=\"en_US\" \/>\n<meta property=\"og:type\" content=\"article\" \/>\n<meta property=\"og:title\" content=\"Healthcare Vietnam | \u0110\u1ed3 ph\u00f2ng d\u1ecbch Level 4 Hu\u1ef3nh Gia\" \/>\n<meta property=\"og:description\" content=\"HealthcareVietnam.com thu\u1ed9c h\u1ec7 th\u1ed1ng cung c\u1ea5p thi\u1ebft b\u1ecb ph\u00f2ng d\u1ecbch c\u1ee7a c\u00f4ng ty T\u01af\u1edcNG KHOA, chuy\u00ean \u0111\u1ed3 ph\u00f2ng d\u1ecbch v\u00e0 BHL\u0110 h\u00e0ng \u0111\u1ea7u Vi\u1ec7t Nam.\" \/>\n<meta property=\"og:url\" content=\"https:\/\/siamcitycement.com.vn\/product\/do-phong-dich-level-4-huynh-gia\/\" \/>\n<meta property=\"og:site_name\" content=\"Healthcare Vietnam\" \/>\n<meta property=\"article:publisher\" content=\"https:\/\/www.facebook.com\/healthcarevn\" \/>\n<meta property=\"article:modified_time\" content=\"2024-11-22T07:54:05+00:00\" \/>\n<meta property=\"og:image\" content=\"https:\/\/siamcitycement.com.vn\/wp-content\/uploads\/2021\/08\/Healthcarevietnam.com-Huynh-Gia-coveralll-L4.jpg\" \/>\n\t<meta property=\"og:image:width\" content=\"600\" \/>\n\t<meta property=\"og:image:height\" content=\"600\" \/>\n\t<meta property=\"og:image:type\" content=\"image\/jpeg\" \/>\n<meta name=\"twitter:card\" content=\"summary_large_image\" \/>\n<meta name=\"twitter:label1\" content=\"Est. reading time\" \/>\n\t<meta name=\"twitter:data1\" content=\"5 minutes\" \/>\n<script type=\"application\/ld+json\" class=\"yoast-schema-graph\">{\"@context\":\"https:\/\/schema.org\",\"@graph\":[{\"@type\":\"WebPage\",\"@id\":\"https:\/\/siamcitycement.com.vn\/product\/do-phong-dich-level-4-huynh-gia\/\",\"url\":\"https:\/\/siamcitycement.com.vn\/product\/do-phong-dich-level-4-huynh-gia\/\",\"name\":\"Healthcare Vietnam | \u0110\u1ed3 ph\u00f2ng d\u1ecbch Level 4 Hu\u1ef3nh Gia\",\"isPartOf\":{\"@id\":\"https:\/\/siamcitycement.com.vn\/#website\"},\"primaryImageOfPage\":{\"@id\":\"https:\/\/siamcitycement.com.vn\/product\/do-phong-dich-level-4-huynh-gia\/#primaryimage\"},\"image\":{\"@id\":\"https:\/\/siamcitycement.com.vn\/product\/do-phong-dich-level-4-huynh-gia\/#primaryimage\"},\"thumbnailUrl\":\"https:\/\/siamcitycement.com.vn\/wp-content\/uploads\/2021\/08\/Healthcarevietnam.com-Huynh-Gia-coveralll-L4.jpg\",\"datePublished\":\"2021-08-18T16:00:19+00:00\",\"dateModified\":\"2024-11-22T07:54:05+00:00\",\"description\":\"HealthcareVietnam.com thu\u1ed9c h\u1ec7 th\u1ed1ng cung c\u1ea5p thi\u1ebft b\u1ecb ph\u00f2ng d\u1ecbch c\u1ee7a c\u00f4ng ty T\u01af\u1edcNG KHOA, chuy\u00ean \u0111\u1ed3 ph\u00f2ng d\u1ecbch v\u00e0 BHL\u0110 h\u00e0ng \u0111\u1ea7u Vi\u1ec7t Nam.\",\"breadcrumb\":{\"@id\":\"https:\/\/siamcitycement.com.vn\/product\/do-phong-dich-level-4-huynh-gia\/#breadcrumb\"},\"inLanguage\":\"en-US\",\"potentialAction\":[{\"@type\":\"ReadAction\",\"target\":[\"https:\/\/siamcitycement.com.vn\/product\/do-phong-dich-level-4-huynh-gia\/\"]}]},{\"@type\":\"ImageObject\",\"inLanguage\":\"en-US\",\"@id\":\"https:\/\/siamcitycement.com.vn\/product\/do-phong-dich-level-4-huynh-gia\/#primaryimage\",\"url\":\"https:\/\/siamcitycement.com.vn\/wp-content\/uploads\/2021\/08\/Healthcarevietnam.com-Huynh-Gia-coveralll-L4.jpg\",\"contentUrl\":\"https:\/\/siamcitycement.com.vn\/wp-content\/uploads\/2021\/08\/Healthcarevietnam.com-Huynh-Gia-coveralll-L4.jpg\",\"width\":600,\"height\":600},{\"@type\":\"BreadcrumbList\",\"@id\":\"https:\/\/siamcitycement.com.vn\/product\/do-phong-dich-level-4-huynh-gia\/#breadcrumb\",\"itemListElement\":[{\"@type\":\"ListItem\",\"position\":1,\"name\":\"Home\",\"item\":\"https:\/\/siamcitycement.com.vn\/\"},{\"@type\":\"ListItem\",\"position\":2,\"name\":\"Shop\",\"item\":\"https:\/\/siamcitycement.com.vn\/?page_id=51\"},{\"@type\":\"ListItem\",\"position\":3,\"name\":\"\u0110\u1ed3 ph\u00f2ng d\u1ecbch Level 4 Hu\u1ef3nh Gia\"}]},{\"@type\":\"WebSite\",\"@id\":\"https:\/\/siamcitycement.com.vn\/#website\",\"url\":\"https:\/\/siamcitycement.com.vn\/\",\"name\":\"Healthcare Vietnam\",\"description\":\"Making a Safer &amp; Healthier Workplace\",\"publisher\":{\"@id\":\"https:\/\/siamcitycement.com.vn\/#organization\"},\"alternateName\":\"B\u1ea2O H\u1ed8 LAO \u0110\u1ed8NG VI\u1ec6T\",\"potentialAction\":[{\"@type\":\"SearchAction\",\"target\":{\"@type\":\"EntryPoint\",\"urlTemplate\":\"https:\/\/siamcitycement.com.vn\/?s={search_term_string}\"},\"query-input\":\"required name=search_term_string\"}],\"inLanguage\":\"en-US\"},{\"@type\":\"Organization\",\"@id\":\"https:\/\/siamcitycement.com.vn\/#organization\",\"name\":\"HealthCare Vietnam\",\"alternateName\":\"TUONG KHOA Limited\",\"url\":\"https:\/\/siamcitycement.com.vn\/\",\"logo\":{\"@type\":\"ImageObject\",\"inLanguage\":\"en-US\",\"@id\":\"https:\/\/siamcitycement.com.vn\/#\/schema\/logo\/image\/\",\"url\":\"https:\/\/siamcitycement.com.vn\/wp-content\/uploads\/2021\/11\/healthcarevietnam.com-SEO.png\",\"contentUrl\":\"https:\/\/siamcitycement.com.vn\/wp-content\/uploads\/2021\/11\/healthcarevietnam.com-SEO.png\",\"width\":200,\"height\":200,\"caption\":\"HealthCare Vietnam\"},\"image\":{\"@id\":\"https:\/\/siamcitycement.com.vn\/#\/schema\/logo\/image\/\"},\"sameAs\":[\"https:\/\/www.facebook.com\/healthcarevn\",\"https:\/\/www.youtube.com\/@healthcarevietnam\",\"https:\/\/www.linkedin.com\/company\/healthcarevietnam\"],\"description\":\"TUONG KHOA Limited l\u00e0 \u0111\u1ea1i l\u00fd cung c\u1ea5p BHLD nh\u1eadp kh\u1ea9u c\u1ee7a nhi\u1ec1u nh\u00e3n hi\u1ec7u Qu\u1ed1c t\u1ebf t\u1ea1i Vi\u1ec7t Nam\",\"email\":\"board@tksafety.com.vn\",\"telephone\":\"0966449449\",\"legalName\":\"T\u01af\u1edcNG KHOA Trading & Services Company Limited\",\"foundingDate\":\"2006-07-15\",\"iso6523Code\":\"ISO 9001\",\"numberOfEmployees\":{\"@type\":\"QuantitativeValue\",\"minValue\":\"11\",\"maxValue\":\"50\"},\"ownershipFundingInfo\":\"https:\/\/siamcitycement.com.vn\/?page_id=18123\",\"actionableFeedbackPolicy\":\"https:\/\/siamcitycement.com.vn\/?page_id=18123\",\"correctionsPolicy\":\"https:\/\/siamcitycement.com.vn\/?page_id=18123\",\"ethicsPolicy\":\"https:\/\/siamcitycement.com.vn\/?page_id=18123\",\"diversityPolicy\":\"https:\/\/siamcitycement.com.vn\/?page_id=18123\",\"diversityStaffingReport\":\"https:\/\/siamcitycement.com.vn\/?page_id=18123\"}]}<\/script>\n<!-- \/ Yoast SEO Premium plugin. -->","yoast_head_json":{"title":"Healthcare Vietnam | \u0110\u1ed3 ph\u00f2ng d\u1ecbch Level 4 Hu\u1ef3nh Gia","description":"HealthcareVietnam.com thu\u1ed9c h\u1ec7 th\u1ed1ng cung c\u1ea5p thi\u1ebft b\u1ecb ph\u00f2ng d\u1ecbch c\u1ee7a c\u00f4ng ty T\u01af\u1edcNG KHOA, chuy\u00ean \u0111\u1ed3 ph\u00f2ng d\u1ecbch v\u00e0 BHL\u0110 h\u00e0ng \u0111\u1ea7u Vi\u1ec7t Nam.","robots":{"index":"index","follow":"follow","max-snippet":"max-snippet:-1","max-image-preview":"max-image-preview:large","max-video-preview":"max-video-preview:-1"},"canonical":"https:\/\/siamcitycement.com.vn\/product\/do-phong-dich-level-4-huynh-gia\/","og_locale":"en_US","og_type":"article","og_title":"Healthcare Vietnam | \u0110\u1ed3 ph\u00f2ng d\u1ecbch Level 4 Hu\u1ef3nh Gia","og_description":"HealthcareVietnam.com thu\u1ed9c h\u1ec7 th\u1ed1ng cung c\u1ea5p thi\u1ebft b\u1ecb ph\u00f2ng d\u1ecbch c\u1ee7a c\u00f4ng ty T\u01af\u1edcNG KHOA, chuy\u00ean \u0111\u1ed3 ph\u00f2ng d\u1ecbch v\u00e0 BHL\u0110 h\u00e0ng \u0111\u1ea7u Vi\u1ec7t Nam.","og_url":"https:\/\/siamcitycement.com.vn\/product\/do-phong-dich-level-4-huynh-gia\/","og_site_name":"Healthcare Vietnam","article_publisher":"https:\/\/www.facebook.com\/healthcarevn","article_modified_time":"2024-11-22T07:54:05+00:00","og_image":[{"width":600,"height":600,"url":"https:\/\/siamcitycement.com.vn\/wp-content\/uploads\/2021\/08\/Healthcarevietnam.com-Huynh-Gia-coveralll-L4.jpg","type":"image\/jpeg"}],"twitter_card":"summary_large_image","twitter_misc":{"Est. reading time":"5 minutes"},"schema":{"@context":"https:\/\/schema.org","@graph":[{"@type":"WebPage","@id":"https:\/\/siamcitycement.com.vn\/product\/do-phong-dich-level-4-huynh-gia\/","url":"https:\/\/siamcitycement.com.vn\/product\/do-phong-dich-level-4-huynh-gia\/","name":"Healthcare Vietnam | \u0110\u1ed3 ph\u00f2ng d\u1ecbch Level 4 Hu\u1ef3nh Gia","isPartOf":{"@id":"https:\/\/siamcitycement.com.vn\/#website"},"primaryImageOfPage":{"@id":"https:\/\/siamcitycement.com.vn\/product\/do-phong-dich-level-4-huynh-gia\/#primaryimage"},"image":{"@id":"https:\/\/siamcitycement.com.vn\/product\/do-phong-dich-level-4-huynh-gia\/#primaryimage"},"thumbnailUrl":"https:\/\/siamcitycement.com.vn\/wp-content\/uploads\/2021\/08\/Healthcarevietnam.com-Huynh-Gia-coveralll-L4.jpg","datePublished":"2021-08-18T16:00:19+00:00","dateModified":"2024-11-22T07:54:05+00:00","description":"HealthcareVietnam.com thu\u1ed9c h\u1ec7 th\u1ed1ng cung c\u1ea5p thi\u1ebft b\u1ecb ph\u00f2ng d\u1ecbch c\u1ee7a c\u00f4ng ty T\u01af\u1edcNG KHOA, chuy\u00ean \u0111\u1ed3 ph\u00f2ng d\u1ecbch v\u00e0 BHL\u0110 h\u00e0ng \u0111\u1ea7u Vi\u1ec7t Nam.","breadcrumb":{"@id":"https:\/\/siamcitycement.com.vn\/product\/do-phong-dich-level-4-huynh-gia\/#breadcrumb"},"inLanguage":"en-US","potentialAction":[{"@type":"ReadAction","target":["https:\/\/siamcitycement.com.vn\/product\/do-phong-dich-level-4-huynh-gia\/"]}]},{"@type":"ImageObject","inLanguage":"en-US","@id":"https:\/\/siamcitycement.com.vn\/product\/do-phong-dich-level-4-huynh-gia\/#primaryimage","url":"https:\/\/siamcitycement.com.vn\/wp-content\/uploads\/2021\/08\/Healthcarevietnam.com-Huynh-Gia-coveralll-L4.jpg","contentUrl":"https:\/\/siamcitycement.com.vn\/wp-content\/uploads\/2021\/08\/Healthcarevietnam.com-Huynh-Gia-coveralll-L4.jpg","width":600,"height":600},{"@type":"BreadcrumbList","@id":"https:\/\/siamcitycement.com.vn\/product\/do-phong-dich-level-4-huynh-gia\/#breadcrumb","itemListElement":[{"@type":"ListItem","position":1,"name":"Home","item":"https:\/\/siamcitycement.com.vn\/"},{"@type":"ListItem","position":2,"name":"Shop","item":"https:\/\/siamcitycement.com.vn\/?page_id=51"},{"@type":"ListItem","position":3,"name":"\u0110\u1ed3 ph\u00f2ng d\u1ecbch Level 4 Hu\u1ef3nh Gia"}]},{"@type":"WebSite","@id":"https:\/\/siamcitycement.com.vn\/#website","url":"https:\/\/siamcitycement.com.vn\/","name":"Healthcare Vietnam","description":"Making a Safer &amp; Healthier Workplace","publisher":{"@id":"https:\/\/siamcitycement.com.vn\/#organization"},"alternateName":"B\u1ea2O H\u1ed8 LAO \u0110\u1ed8NG VI\u1ec6T","potentialAction":[{"@type":"SearchAction","target":{"@type":"EntryPoint","urlTemplate":"https:\/\/siamcitycement.com.vn\/?s={search_term_string}"},"query-input":"required name=search_term_string"}],"inLanguage":"en-US"},{"@type":"Organization","@id":"https:\/\/siamcitycement.com.vn\/#organization","name":"HealthCare Vietnam","alternateName":"TUONG KHOA Limited","url":"https:\/\/siamcitycement.com.vn\/","logo":{"@type":"ImageObject","inLanguage":"en-US","@id":"https:\/\/siamcitycement.com.vn\/#\/schema\/logo\/image\/","url":"https:\/\/siamcitycement.com.vn\/wp-content\/uploads\/2021\/11\/healthcarevietnam.com-SEO.png","contentUrl":"https:\/\/siamcitycement.com.vn\/wp-content\/uploads\/2021\/11\/healthcarevietnam.com-SEO.png","width":200,"height":200,"caption":"HealthCare Vietnam"},"image":{"@id":"https:\/\/siamcitycement.com.vn\/#\/schema\/logo\/image\/"},"sameAs":["https:\/\/www.facebook.com\/healthcarevn","https:\/\/www.youtube.com\/@healthcarevietnam","https:\/\/www.linkedin.com\/company\/healthcarevietnam"],"description":"TUONG KHOA Limited l\u00e0 \u0111\u1ea1i l\u00fd cung c\u1ea5p BHLD nh\u1eadp kh\u1ea9u c\u1ee7a nhi\u1ec1u nh\u00e3n hi\u1ec7u Qu\u1ed1c t\u1ebf t\u1ea1i Vi\u1ec7t Nam","email":"board@tksafety.com.vn","telephone":"0966449449","legalName":"T\u01af\u1edcNG KHOA Trading & Services Company Limited","foundingDate":"2006-07-15","iso6523Code":"ISO 9001","numberOfEmployees":{"@type":"QuantitativeValue","minValue":"11","maxValue":"50"},"ownershipFundingInfo":"https:\/\/siamcitycement.com.vn\/?page_id=18123","actionableFeedbackPolicy":"https:\/\/siamcitycement.com.vn\/?page_id=18123","correctionsPolicy":"https:\/\/siamcitycement.com.vn\/?page_id=18123","ethicsPolicy":"https:\/\/siamcitycement.com.vn\/?page_id=18123","diversityPolicy":"https:\/\/siamcitycement.com.vn\/?page_id=18123","diversityStaffingReport":"https:\/\/siamcitycement.com.vn\/?page_id=18123"}]}},"_links":{"self":[{"href":"https:\/\/siamcitycement.com.vn\/index.php?rest_route=\/wp\/v2\/product\/18208","targetHints":{"allow":["GET"]}}],"collection":[{"href":"https:\/\/siamcitycement.com.vn\/index.php?rest_route=\/wp\/v2\/product"}],"about":[{"href":"https:\/\/siamcitycement.com.vn\/index.php?rest_route=\/wp\/v2\/types\/product"}],"replies":[{"embeddable":true,"href":"https:\/\/siamcitycement.com.vn\/index.php?rest_route=%2Fwp%2Fv2%2Fcomments&post=18208"}],"wp:featuredmedia":[{"embeddable":true,"href":"https:\/\/siamcitycement.com.vn\/index.php?rest_route=\/wp\/v2\/media\/18507"}],"wp:attachment":[{"href":"https:\/\/siamcitycement.com.vn\/index.php?rest_route=%2Fwp%2Fv2%2Fmedia&parent=18208"}],"wp:term":[{"taxonomy":"product_cat","embeddable":true,"href":"https:\/\/siamcitycement.com.vn\/index.php?rest_route=%2Fwp%2Fv2%2Fproduct_cat&post=18208"},{"taxonomy":"product_tag","embeddable":true,"href":"https:\/\/siamcitycement.com.vn\/index.php?rest_route=%2Fwp%2Fv2%2Fproduct_tag&post=18208"}],"curies":[{"name":"wp","href":"https:\/\/api.w.org\/{rel}","templated":true}]}}