{"id":18209,"date":"2021-08-27T10:07:07","date_gmt":"2021-08-27T10:07:07","guid":{"rendered":"https:\/\/siamcitycement.com.vn\/?post_type=product&#038;p=16998"},"modified":"2024-11-22T07:53:54","modified_gmt":"2024-11-22T07:53:54","slug":"alphatec-2000-standard-ansell","status":"publish","type":"product","link":"https:\/\/siamcitycement.com.vn\/?product=alphatec-2000-standard-ansell","title":{"rendered":"Alphatec 2000 Standard Coveralls Ansell"},"content":{"rendered":"<p>[vc_row][vc_column][vc_column_text]<strong>V\u1eadt li\u1ec7u MICROGARD 2000<\/strong>\u00a0\u00a0\u0111\u01b0\u1ee3c l\u00e0m t\u1eeb v\u1ea3i microporous 2 l\u1edbp, nh\u1eb9, \u0111\u01b0\u1ee3c thi\u1ebft k\u1ebf\u00a0c\u00f3 \u0111\u1ed9 tho\u00e1ng kh\u00ed cao l\u00e0m h\u01a1i n\u01b0\u1edbc (m\u1ed3 h\u00f4i) d\u1ec5 d\u00e0ng tho\u00e1t ra nh\u01b0ng v\u1eabn ch\u1ecbu \u0111\u01b0\u1ee3c \u0111\u1ed9 b\u00e3o h\u00f2a c\u1ee7a c\u00e1c h\u00f3a ch\u1ea5t l\u1ecfng nguy hi\u1ec3m th\u1ea5p v\u00e0 kh\u1ea3 n\u0103ng l\u1ecdc 100% c\u00e1c h\u1ea1t c\u00f3 k\u00edch th\u01b0\u1edbc \u0111\u1ebfn 0,01\u00a0micron.<\/p>\n<h3><strong>\u0110\u1eb7c t\u00ednh:<\/strong><\/h3>\n<ul>\n<li>B\u1ea3o v\u1ec7 ch\u1ed1ng l\u1ea1i c\u00e1c h\u1ea1t v\u1eadt ch\u1ea5t, phun h\u00f3a ch\u1ea5t, thu\u1ed1c tr\u1eeb s\u00e2u v\u00e0 c\u00e1c m\u1ed1i nguy sinh h\u1ecdc<\/li>\n<li>Kh\u1ea3 n\u0103ng ch\u1ed1ng \u1ea9m tuy\u1ec7t v\u1edbi v\u1edbi dung m\u00f4i l\u1ecfng v\u00e0 t\u00ednh ch\u1ea5t l\u1ecdc c\u00e1c h\u1ea1t nh\u1ecf (&gt; 0,01 m)<\/li>\n<li>Kh\u00f4ng c\u00f3 Silicon (r\u1ea5t ph\u00f9 h\u1ee3p khi s\u1eed d\u1ee5ng s\u01a1n phun)<\/li>\n<li>Kh\u1ea3 n\u0103ng th\u1ea5m h\u01a1i n\u01b0\u1edbc (tho\u00e1ng kh\u00ed)<\/li>\n<li>T\u1ed1i \u01b0u h\u00f3a c\u01a1 th\u1ec3 ph\u00f9 h\u1ee3p \u0111\u1ec3 c\u1ea3i thi\u1ec7n s\u1ef1 tho\u1ea3i m\u00e1i c\u1ee7a ng\u01b0\u1eddi m\u1eb7c<\/li>\n<\/ul>\n<h3><strong>\u1ee8ng d\u1ee5ng trong m\u00f4i tr\u01b0\u1eddng<\/strong><\/h3>\n<ul>\n<li>S\u01a1n x\u1ecbt \u00f4 t\u00f4<\/li>\n<li>Nh\u00e0 s\u1ea3n xu\u1ea5t s\u1ea3n ph\u1ea9m s\u1ee3i th\u1ee7y tinh<\/li>\n<li>S\u1ea3n xu\u1ea5t d\u01b0\u1ee3c ph\u1ea9m<\/li>\n<li>B\u00ecnh x\u1ecbt h\u00f3a ch\u1ea5t c\u1ea5p th\u1ea5p<\/li>\n<li>\u0110\u00f3ng t\u00e0u &amp; s\u1ea3n xu\u1ea5t \u00f4 t\u00f4<\/li>\n<li>N\u00f4ng nghi\u1ec7p<\/li>\n<li>D\u1ecbch v\u1ee5 th\u00fa y<\/li>\n<li>\u1ee8ng d\u1ee5ng ch\u00ednh quy\u1ec1n \u0111\u1ecba ph\u01b0\u01a1ng bao g\u1ed3m b\u1ea3o tr\u00ec c\u00f4ng vi\u00ean<\/li>\n<li>Ki\u1ec3m so\u00e1t s\u00e2u b\u1ec7nh<\/li>\n<li>\u0110\u1eb7c bi\u1ec7t \u1ee9ng d\u1ee5ng hi\u1ec7u qu\u1ea3 trong c\u00f4ng t\u00e1c ph\u00f2ng ch\u1ed1ng d\u1ecbch b\u1ec7nh.<\/li>\n<\/ul>\n<h3><strong>\u0110\u1ea1t ti\u00eau chu\u1ea9n:<\/strong><\/h3>\n<ul>\n<li>Lo\u1ea1i 5 EN ISO 13982-1 (&amp; 2) s\u1eed d\u1ee5ng trong m\u00f4i tr\u01b0\u1eddng b\u1ee5i d\u1ea1ng th\u1ec3 r\u1eafn.<\/li>\n<li>Lo\u1ea1i 6 EN 13034 s\u1eed d\u1ee5ng trong m\u00f4i tr\u01b0\u1eddng ch\u1ea5t l\u1ecfng v\u0103ng b\u1eafn.<\/li>\n<li>EN14126 ch\u1ed1ng c\u00e1c t\u00e1c nh\u00e2n l\u00e2y nhi\u1ec5m<\/li>\n<li>DIN 32781 s\u1eed d\u1ee5ng trong phun thu\u1ed1c tr\u1eeb s\u00e2u<\/li>\n<li>EN1073-2 ch\u1ed1ng h\u1ea1t ph\u00f3ng x\u1ea1<\/li>\n<li>EN1149-1 ch\u1ed1ng t\u0129nh \u0111i\u1ec7n<\/li>\n<li>V\u1ea3i kh\u00f4ng c\u00f3 x\u01a1 ti\u00eau chu\u1ea9n ISO\/9073<\/li>\n<\/ul>\n<p><img loading=\"lazy\" decoding=\"async\" class=\"aligncenter wp-image-10388 size-large\" src=\"https:\/\/covid-19care.com\/wp-content\/uploads\/2021\/08\/AlphaTec-2000-STANDARD-standard-chart-1024x329.png\" sizes=\"auto, (max-width: 1024px) 100vw, 1024px\" srcset=\"https:\/\/covid-19care.com\/wp-content\/uploads\/2021\/08\/AlphaTec-2000-STANDARD-standard-chart-1024x329.png 1024w, https:\/\/covid-19care.com\/wp-content\/uploads\/2021\/08\/AlphaTec-2000-STANDARD-standard-chart-300x96.png 300w, https:\/\/covid-19care.com\/wp-content\/uploads\/2021\/08\/AlphaTec-2000-STANDARD-standard-chart-768x247.png 768w, https:\/\/covid-19care.com\/wp-content\/uploads\/2021\/08\/AlphaTec-2000-STANDARD-standard-chart-600x193.png 600w, https:\/\/covid-19care.com\/wp-content\/uploads\/2021\/08\/AlphaTec-2000-STANDARD-standard-chart.png 1148w\" alt=\"\" width=\"1024\" height=\"329\" \/><\/p>\n<ul>\n<li>\n<h4>C\u00e1c k\u00edch th\u01b0\u1edbc: S , M , L , XL , XXL , XXXL<\/h4>\n<\/li>\n<li>\n<h4>Tr\u1ecdng l\u01b0\u1ee3ng: 63gram\/1 c\u00e1i. 24 c\u00e1i\/th\u00f9ng<\/h4>\n<\/li>\n<\/ul>\n<p><img loading=\"lazy\" decoding=\"async\" class=\"aligncenter wp-image-10389 size-large\" src=\"https:\/\/covid-19care.com\/wp-content\/uploads\/2021\/08\/AlphaTec-2000-STANDARD-sizechart-1005x1024.jpg\" sizes=\"auto, (max-width: 1005px) 100vw, 1005px\" srcset=\"https:\/\/covid-19care.com\/wp-content\/uploads\/2021\/08\/AlphaTec-2000-STANDARD-sizechart-1005x1024.jpg 1005w, https:\/\/covid-19care.com\/wp-content\/uploads\/2021\/08\/AlphaTec-2000-STANDARD-sizechart-295x300.jpg 295w, https:\/\/covid-19care.com\/wp-content\/uploads\/2021\/08\/AlphaTec-2000-STANDARD-sizechart-768x782.jpg 768w, https:\/\/covid-19care.com\/wp-content\/uploads\/2021\/08\/AlphaTec-2000-STANDARD-sizechart-600x611.jpg 600w, https:\/\/covid-19care.com\/wp-content\/uploads\/2021\/08\/AlphaTec-2000-STANDARD-sizechart.jpg 1178w\" alt=\"\" width=\"1005\" height=\"1024\" \/>[\/vc_column_text][\/vc_column][\/vc_row]<\/p>\n","protected":false},"excerpt":{"rendered":"<ul>\n<li>M\u00f3c kh\u00f3a : Kh\u00f3a k\u00e9o 2 m\u1eb7t c\u00f3 van d\u00ednh, c\u00f3 kh\u1ea3 n\u0103ng \u0111\u00f3ng l\u1ea1i.<\/li>\n<li>Thi\u1ebft k\u1ebf \u0111\u01b0\u1eddng ch\u1ec9 may theo c\u1ea5u tr\u00fac Bound Seam<\/li>\n<\/ul>\n","protected":false},"featured_media":18504,"comment_status":"closed","ping_status":"closed","template":"","meta":[],"product_cat":[71],"product_tag":[142],"class_list":{"0":"post-18209","1":"product","2":"type-product","3":"status-publish","4":"has-post-thumbnail","6":"product_cat-do-phong-dich","7":"product_tag-coveralls-ansell","8":"ts_product_brand-ansell","10":"first","11":"instock","12":"shipping-taxable","13":"product-type-simple"},"yoast_head":"<!-- This site is optimized with the Yoast SEO Premium plugin v22.3 (Yoast SEO v22.3) - https:\/\/yoast.com\/wordpress\/plugins\/seo\/ -->\n<title>Healthcare Vietnam | Alphatec 2000 Standard Coveralls Ansell<\/title>\n<meta name=\"description\" content=\"HealthcareVietnam.com thu\u1ed9c h\u1ec7 th\u1ed1ng cung c\u1ea5p thi\u1ebft b\u1ecb ph\u00f2ng d\u1ecbch c\u1ee7a c\u00f4ng ty T\u01af\u1edcNG KHOA, chuy\u00ean \u0111\u1ed3 ph\u00f2ng d\u1ecbch v\u00e0 BHL\u0110 h\u00e0ng \u0111\u1ea7u Vi\u1ec7t Nam.\" \/>\n<meta name=\"robots\" content=\"index, follow, max-snippet:-1, max-image-preview:large, max-video-preview:-1\" \/>\n<link rel=\"canonical\" href=\"https:\/\/siamcitycement.com.vn\/product\/alphatec-2000-standard-ansell\/\" \/>\n<meta property=\"og:locale\" content=\"en_US\" \/>\n<meta property=\"og:type\" content=\"article\" \/>\n<meta property=\"og:title\" content=\"Healthcare Vietnam | Alphatec 2000 Standard Coveralls Ansell\" \/>\n<meta property=\"og:description\" content=\"HealthcareVietnam.com thu\u1ed9c h\u1ec7 th\u1ed1ng cung c\u1ea5p thi\u1ebft b\u1ecb ph\u00f2ng d\u1ecbch c\u1ee7a c\u00f4ng ty T\u01af\u1edcNG KHOA, chuy\u00ean \u0111\u1ed3 ph\u00f2ng d\u1ecbch v\u00e0 BHL\u0110 h\u00e0ng \u0111\u1ea7u Vi\u1ec7t Nam.\" \/>\n<meta property=\"og:url\" content=\"https:\/\/siamcitycement.com.vn\/product\/alphatec-2000-standard-ansell\/\" \/>\n<meta property=\"og:site_name\" content=\"Healthcare Vietnam\" \/>\n<meta property=\"article:publisher\" content=\"https:\/\/www.facebook.com\/healthcarevn\" \/>\n<meta property=\"article:modified_time\" content=\"2024-11-22T07:53:54+00:00\" \/>\n<meta property=\"og:image\" content=\"https:\/\/siamcitycement.com.vn\/wp-content\/uploads\/2020\/08\/healthcarevietnam.com-AlphaTec-2000-STANDARD.jpg\" \/>\n\t<meta property=\"og:image:width\" content=\"600\" \/>\n\t<meta property=\"og:image:height\" content=\"600\" \/>\n\t<meta property=\"og:image:type\" content=\"image\/jpeg\" \/>\n<meta name=\"twitter:card\" content=\"summary_large_image\" \/>\n<meta name=\"twitter:label1\" content=\"Est. reading time\" \/>\n\t<meta name=\"twitter:data1\" content=\"2 minutes\" \/>\n<script type=\"application\/ld+json\" class=\"yoast-schema-graph\">{\"@context\":\"https:\/\/schema.org\",\"@graph\":[{\"@type\":\"WebPage\",\"@id\":\"https:\/\/siamcitycement.com.vn\/product\/alphatec-2000-standard-ansell\/\",\"url\":\"https:\/\/siamcitycement.com.vn\/product\/alphatec-2000-standard-ansell\/\",\"name\":\"Healthcare Vietnam | Alphatec 2000 Standard Coveralls Ansell\",\"isPartOf\":{\"@id\":\"https:\/\/siamcitycement.com.vn\/#website\"},\"primaryImageOfPage\":{\"@id\":\"https:\/\/siamcitycement.com.vn\/product\/alphatec-2000-standard-ansell\/#primaryimage\"},\"image\":{\"@id\":\"https:\/\/siamcitycement.com.vn\/product\/alphatec-2000-standard-ansell\/#primaryimage\"},\"thumbnailUrl\":\"https:\/\/siamcitycement.com.vn\/wp-content\/uploads\/2020\/08\/healthcarevietnam.com-AlphaTec-2000-STANDARD.jpg\",\"datePublished\":\"2021-08-27T10:07:07+00:00\",\"dateModified\":\"2024-11-22T07:53:54+00:00\",\"description\":\"HealthcareVietnam.com thu\u1ed9c h\u1ec7 th\u1ed1ng cung c\u1ea5p thi\u1ebft b\u1ecb ph\u00f2ng d\u1ecbch c\u1ee7a c\u00f4ng ty T\u01af\u1edcNG KHOA, chuy\u00ean \u0111\u1ed3 ph\u00f2ng d\u1ecbch v\u00e0 BHL\u0110 h\u00e0ng \u0111\u1ea7u Vi\u1ec7t Nam.\",\"breadcrumb\":{\"@id\":\"https:\/\/siamcitycement.com.vn\/product\/alphatec-2000-standard-ansell\/#breadcrumb\"},\"inLanguage\":\"en-US\",\"potentialAction\":[{\"@type\":\"ReadAction\",\"target\":[\"https:\/\/siamcitycement.com.vn\/product\/alphatec-2000-standard-ansell\/\"]}]},{\"@type\":\"ImageObject\",\"inLanguage\":\"en-US\",\"@id\":\"https:\/\/siamcitycement.com.vn\/product\/alphatec-2000-standard-ansell\/#primaryimage\",\"url\":\"https:\/\/siamcitycement.com.vn\/wp-content\/uploads\/2020\/08\/healthcarevietnam.com-AlphaTec-2000-STANDARD.jpg\",\"contentUrl\":\"https:\/\/siamcitycement.com.vn\/wp-content\/uploads\/2020\/08\/healthcarevietnam.com-AlphaTec-2000-STANDARD.jpg\",\"width\":600,\"height\":600},{\"@type\":\"BreadcrumbList\",\"@id\":\"https:\/\/siamcitycement.com.vn\/product\/alphatec-2000-standard-ansell\/#breadcrumb\",\"itemListElement\":[{\"@type\":\"ListItem\",\"position\":1,\"name\":\"Home\",\"item\":\"https:\/\/siamcitycement.com.vn\/\"},{\"@type\":\"ListItem\",\"position\":2,\"name\":\"Shop\",\"item\":\"https:\/\/siamcitycement.com.vn\/?page_id=51\"},{\"@type\":\"ListItem\",\"position\":3,\"name\":\"Alphatec 2000 Standard Coveralls Ansell\"}]},{\"@type\":\"WebSite\",\"@id\":\"https:\/\/siamcitycement.com.vn\/#website\",\"url\":\"https:\/\/siamcitycement.com.vn\/\",\"name\":\"Healthcare Vietnam\",\"description\":\"Making a Safer &amp; Healthier Workplace\",\"publisher\":{\"@id\":\"https:\/\/siamcitycement.com.vn\/#organization\"},\"alternateName\":\"B\u1ea2O H\u1ed8 LAO \u0110\u1ed8NG VI\u1ec6T\",\"potentialAction\":[{\"@type\":\"SearchAction\",\"target\":{\"@type\":\"EntryPoint\",\"urlTemplate\":\"https:\/\/siamcitycement.com.vn\/?s={search_term_string}\"},\"query-input\":\"required name=search_term_string\"}],\"inLanguage\":\"en-US\"},{\"@type\":\"Organization\",\"@id\":\"https:\/\/siamcitycement.com.vn\/#organization\",\"name\":\"HealthCare Vietnam\",\"alternateName\":\"TUONG KHOA Limited\",\"url\":\"https:\/\/siamcitycement.com.vn\/\",\"logo\":{\"@type\":\"ImageObject\",\"inLanguage\":\"en-US\",\"@id\":\"https:\/\/siamcitycement.com.vn\/#\/schema\/logo\/image\/\",\"url\":\"https:\/\/siamcitycement.com.vn\/wp-content\/uploads\/2021\/11\/healthcarevietnam.com-SEO.png\",\"contentUrl\":\"https:\/\/siamcitycement.com.vn\/wp-content\/uploads\/2021\/11\/healthcarevietnam.com-SEO.png\",\"width\":200,\"height\":200,\"caption\":\"HealthCare Vietnam\"},\"image\":{\"@id\":\"https:\/\/siamcitycement.com.vn\/#\/schema\/logo\/image\/\"},\"sameAs\":[\"https:\/\/www.facebook.com\/healthcarevn\",\"https:\/\/www.youtube.com\/@healthcarevietnam\",\"https:\/\/www.linkedin.com\/company\/healthcarevietnam\"],\"description\":\"TUONG KHOA Limited l\u00e0 \u0111\u1ea1i l\u00fd cung c\u1ea5p BHLD nh\u1eadp kh\u1ea9u c\u1ee7a nhi\u1ec1u nh\u00e3n hi\u1ec7u Qu\u1ed1c t\u1ebf t\u1ea1i Vi\u1ec7t Nam\",\"email\":\"board@tksafety.com.vn\",\"telephone\":\"0966449449\",\"legalName\":\"T\u01af\u1edcNG KHOA Trading & Services Company Limited\",\"foundingDate\":\"2006-07-15\",\"iso6523Code\":\"ISO 9001\",\"numberOfEmployees\":{\"@type\":\"QuantitativeValue\",\"minValue\":\"11\",\"maxValue\":\"50\"},\"ownershipFundingInfo\":\"https:\/\/siamcitycement.com.vn\/?page_id=18123\",\"actionableFeedbackPolicy\":\"https:\/\/siamcitycement.com.vn\/?page_id=18123\",\"correctionsPolicy\":\"https:\/\/siamcitycement.com.vn\/?page_id=18123\",\"ethicsPolicy\":\"https:\/\/siamcitycement.com.vn\/?page_id=18123\",\"diversityPolicy\":\"https:\/\/siamcitycement.com.vn\/?page_id=18123\",\"diversityStaffingReport\":\"https:\/\/siamcitycement.com.vn\/?page_id=18123\"}]}<\/script>\n<!-- \/ Yoast SEO Premium plugin. -->","yoast_head_json":{"title":"Healthcare Vietnam | Alphatec 2000 Standard Coveralls Ansell","description":"HealthcareVietnam.com thu\u1ed9c h\u1ec7 th\u1ed1ng cung c\u1ea5p thi\u1ebft b\u1ecb ph\u00f2ng d\u1ecbch c\u1ee7a c\u00f4ng ty T\u01af\u1edcNG KHOA, chuy\u00ean \u0111\u1ed3 ph\u00f2ng d\u1ecbch v\u00e0 BHL\u0110 h\u00e0ng \u0111\u1ea7u Vi\u1ec7t Nam.","robots":{"index":"index","follow":"follow","max-snippet":"max-snippet:-1","max-image-preview":"max-image-preview:large","max-video-preview":"max-video-preview:-1"},"canonical":"https:\/\/siamcitycement.com.vn\/product\/alphatec-2000-standard-ansell\/","og_locale":"en_US","og_type":"article","og_title":"Healthcare Vietnam | Alphatec 2000 Standard Coveralls Ansell","og_description":"HealthcareVietnam.com thu\u1ed9c h\u1ec7 th\u1ed1ng cung c\u1ea5p thi\u1ebft b\u1ecb ph\u00f2ng d\u1ecbch c\u1ee7a c\u00f4ng ty T\u01af\u1edcNG KHOA, chuy\u00ean \u0111\u1ed3 ph\u00f2ng d\u1ecbch v\u00e0 BHL\u0110 h\u00e0ng \u0111\u1ea7u Vi\u1ec7t Nam.","og_url":"https:\/\/siamcitycement.com.vn\/product\/alphatec-2000-standard-ansell\/","og_site_name":"Healthcare Vietnam","article_publisher":"https:\/\/www.facebook.com\/healthcarevn","article_modified_time":"2024-11-22T07:53:54+00:00","og_image":[{"width":600,"height":600,"url":"https:\/\/siamcitycement.com.vn\/wp-content\/uploads\/2020\/08\/healthcarevietnam.com-AlphaTec-2000-STANDARD.jpg","type":"image\/jpeg"}],"twitter_card":"summary_large_image","twitter_misc":{"Est. reading time":"2 minutes"},"schema":{"@context":"https:\/\/schema.org","@graph":[{"@type":"WebPage","@id":"https:\/\/siamcitycement.com.vn\/product\/alphatec-2000-standard-ansell\/","url":"https:\/\/siamcitycement.com.vn\/product\/alphatec-2000-standard-ansell\/","name":"Healthcare Vietnam | Alphatec 2000 Standard Coveralls Ansell","isPartOf":{"@id":"https:\/\/siamcitycement.com.vn\/#website"},"primaryImageOfPage":{"@id":"https:\/\/siamcitycement.com.vn\/product\/alphatec-2000-standard-ansell\/#primaryimage"},"image":{"@id":"https:\/\/siamcitycement.com.vn\/product\/alphatec-2000-standard-ansell\/#primaryimage"},"thumbnailUrl":"https:\/\/siamcitycement.com.vn\/wp-content\/uploads\/2020\/08\/healthcarevietnam.com-AlphaTec-2000-STANDARD.jpg","datePublished":"2021-08-27T10:07:07+00:00","dateModified":"2024-11-22T07:53:54+00:00","description":"HealthcareVietnam.com thu\u1ed9c h\u1ec7 th\u1ed1ng cung c\u1ea5p thi\u1ebft b\u1ecb ph\u00f2ng d\u1ecbch c\u1ee7a c\u00f4ng ty T\u01af\u1edcNG KHOA, chuy\u00ean \u0111\u1ed3 ph\u00f2ng d\u1ecbch v\u00e0 BHL\u0110 h\u00e0ng \u0111\u1ea7u Vi\u1ec7t Nam.","breadcrumb":{"@id":"https:\/\/siamcitycement.com.vn\/product\/alphatec-2000-standard-ansell\/#breadcrumb"},"inLanguage":"en-US","potentialAction":[{"@type":"ReadAction","target":["https:\/\/siamcitycement.com.vn\/product\/alphatec-2000-standard-ansell\/"]}]},{"@type":"ImageObject","inLanguage":"en-US","@id":"https:\/\/siamcitycement.com.vn\/product\/alphatec-2000-standard-ansell\/#primaryimage","url":"https:\/\/siamcitycement.com.vn\/wp-content\/uploads\/2020\/08\/healthcarevietnam.com-AlphaTec-2000-STANDARD.jpg","contentUrl":"https:\/\/siamcitycement.com.vn\/wp-content\/uploads\/2020\/08\/healthcarevietnam.com-AlphaTec-2000-STANDARD.jpg","width":600,"height":600},{"@type":"BreadcrumbList","@id":"https:\/\/siamcitycement.com.vn\/product\/alphatec-2000-standard-ansell\/#breadcrumb","itemListElement":[{"@type":"ListItem","position":1,"name":"Home","item":"https:\/\/siamcitycement.com.vn\/"},{"@type":"ListItem","position":2,"name":"Shop","item":"https:\/\/siamcitycement.com.vn\/?page_id=51"},{"@type":"ListItem","position":3,"name":"Alphatec 2000 Standard Coveralls Ansell"}]},{"@type":"WebSite","@id":"https:\/\/siamcitycement.com.vn\/#website","url":"https:\/\/siamcitycement.com.vn\/","name":"Healthcare Vietnam","description":"Making a Safer &amp; Healthier Workplace","publisher":{"@id":"https:\/\/siamcitycement.com.vn\/#organization"},"alternateName":"B\u1ea2O H\u1ed8 LAO \u0110\u1ed8NG VI\u1ec6T","potentialAction":[{"@type":"SearchAction","target":{"@type":"EntryPoint","urlTemplate":"https:\/\/siamcitycement.com.vn\/?s={search_term_string}"},"query-input":"required name=search_term_string"}],"inLanguage":"en-US"},{"@type":"Organization","@id":"https:\/\/siamcitycement.com.vn\/#organization","name":"HealthCare Vietnam","alternateName":"TUONG KHOA Limited","url":"https:\/\/siamcitycement.com.vn\/","logo":{"@type":"ImageObject","inLanguage":"en-US","@id":"https:\/\/siamcitycement.com.vn\/#\/schema\/logo\/image\/","url":"https:\/\/siamcitycement.com.vn\/wp-content\/uploads\/2021\/11\/healthcarevietnam.com-SEO.png","contentUrl":"https:\/\/siamcitycement.com.vn\/wp-content\/uploads\/2021\/11\/healthcarevietnam.com-SEO.png","width":200,"height":200,"caption":"HealthCare Vietnam"},"image":{"@id":"https:\/\/siamcitycement.com.vn\/#\/schema\/logo\/image\/"},"sameAs":["https:\/\/www.facebook.com\/healthcarevn","https:\/\/www.youtube.com\/@healthcarevietnam","https:\/\/www.linkedin.com\/company\/healthcarevietnam"],"description":"TUONG KHOA Limited l\u00e0 \u0111\u1ea1i l\u00fd cung c\u1ea5p BHLD nh\u1eadp kh\u1ea9u c\u1ee7a nhi\u1ec1u nh\u00e3n hi\u1ec7u Qu\u1ed1c t\u1ebf t\u1ea1i Vi\u1ec7t Nam","email":"board@tksafety.com.vn","telephone":"0966449449","legalName":"T\u01af\u1edcNG KHOA Trading & Services Company Limited","foundingDate":"2006-07-15","iso6523Code":"ISO 9001","numberOfEmployees":{"@type":"QuantitativeValue","minValue":"11","maxValue":"50"},"ownershipFundingInfo":"https:\/\/siamcitycement.com.vn\/?page_id=18123","actionableFeedbackPolicy":"https:\/\/siamcitycement.com.vn\/?page_id=18123","correctionsPolicy":"https:\/\/siamcitycement.com.vn\/?page_id=18123","ethicsPolicy":"https:\/\/siamcitycement.com.vn\/?page_id=18123","diversityPolicy":"https:\/\/siamcitycement.com.vn\/?page_id=18123","diversityStaffingReport":"https:\/\/siamcitycement.com.vn\/?page_id=18123"}]}},"_links":{"self":[{"href":"https:\/\/siamcitycement.com.vn\/index.php?rest_route=\/wp\/v2\/product\/18209","targetHints":{"allow":["GET"]}}],"collection":[{"href":"https:\/\/siamcitycement.com.vn\/index.php?rest_route=\/wp\/v2\/product"}],"about":[{"href":"https:\/\/siamcitycement.com.vn\/index.php?rest_route=\/wp\/v2\/types\/product"}],"replies":[{"embeddable":true,"href":"https:\/\/siamcitycement.com.vn\/index.php?rest_route=%2Fwp%2Fv2%2Fcomments&post=18209"}],"wp:featuredmedia":[{"embeddable":true,"href":"https:\/\/siamcitycement.com.vn\/index.php?rest_route=\/wp\/v2\/media\/18504"}],"wp:attachment":[{"href":"https:\/\/siamcitycement.com.vn\/index.php?rest_route=%2Fwp%2Fv2%2Fmedia&parent=18209"}],"wp:term":[{"taxonomy":"product_cat","embeddable":true,"href":"https:\/\/siamcitycement.com.vn\/index.php?rest_route=%2Fwp%2Fv2%2Fproduct_cat&post=18209"},{"taxonomy":"product_tag","embeddable":true,"href":"https:\/\/siamcitycement.com.vn\/index.php?rest_route=%2Fwp%2Fv2%2Fproduct_tag&post=18209"}],"curies":[{"name":"wp","href":"https:\/\/api.w.org\/{rel}","templated":true}]}}