{"id":18211,"date":"2020-09-03T10:22:03","date_gmt":"2020-09-03T10:22:03","guid":{"rendered":"https:\/\/siamcitycement.com.vn\/?post_type=product&#038;p=17108"},"modified":"2024-11-22T07:54:35","modified_gmt":"2024-11-22T07:54:35","slug":"medical-mask-huynh-gia","status":"publish","type":"product","link":"https:\/\/siamcitycement.com.vn\/?product=medical-mask-huynh-gia","title":{"rendered":"Kh\u1ea9u trang y t\u1ebf 4 l\u1edbp Hu\u1ef3nh Gia"},"content":{"rendered":"<p>[vc_row][vc_column][vc_column_text]<\/p>\n<h2>Th\u00f4ng tin v\u1ec1 s\u1ea3n ph\u1ea9m:<\/h2>\n<p>Kh\u1ea9u trang y t\u1ebf (t\u00ean ti\u1ebfng anh l\u00e0 Facemask ho\u1eb7c Surgical Mask) Hu\u1ef3nh Gia l\u00e0 s\u1ea3n ph\u1ea9m \u0111\u01b0\u1ee3c s\u1ea3n xu\u1ea5t theo Ti\u00eau chu\u1ea9n qu\u1ed1c gia TCVN 8389-1:2010, c\u00f3 c\u1ea5u t\u1ea1o t\u1eeb c\u00e1c l\u1edbp v\u1ea3i kh\u00f4ng d\u1ec7t c\u00f3 kh\u1ea3 n\u0103ng l\u1ecdc b\u1ee5i b\u1ea9n, vi khu\u1ea9n. \u0110\u00e2y l\u00e0 lo\u1ea1i kh\u1ea9u trang d\u00f9ng m\u1ed9t l\u1ea7n v\u00e0 \u0111\u01b0\u1ee3c s\u1eed d\u1ee5ng \u0111\u1ec3 t\u1ea1o ra m\u1ed9t r\u00e0o c\u1ea3n v\u1eadt l\u00fd gi\u1eefa m\u0169i, mi\u1ec7ng c\u1ee7a ng\u01b0\u1eddi \u0111eo v\u1edbi c\u00e1c vi khu\u1ea9n, vi sinh v\u1eadt, b\u1ee5i b\u1ea9n, ch\u1ea5t l\u1ecfng, c\u00e1c ch\u1ea5t \u0111\u1ed9c h\u1ea1i ti\u1ec1m \u1ea9n trong m\u00f4i tr\u01b0\u1eddng.<\/p>\n<p>&nbsp;<\/p>\n<p><img loading=\"lazy\" decoding=\"async\" class=\"aligncenter wp-image-18477 size-full\" src=\"https:\/\/siamcitycement.com.vn\/wp-content\/uploads\/2020\/09\/Healthcarevietnam.com-khau-trang-Yte-Huynh-3-Gia.jpeg\" alt=\"\" width=\"400\" height=\"400\" srcset=\"https:\/\/siamcitycement.com.vn\/wp-content\/uploads\/2020\/09\/Healthcarevietnam.com-khau-trang-Yte-Huynh-3-Gia.jpeg 400w, https:\/\/siamcitycement.com.vn\/wp-content\/uploads\/2020\/09\/Healthcarevietnam.com-khau-trang-Yte-Huynh-3-Gia-300x300.jpeg 300w, https:\/\/siamcitycement.com.vn\/wp-content\/uploads\/2020\/09\/Healthcarevietnam.com-khau-trang-Yte-Huynh-3-Gia-150x150.jpeg 150w, https:\/\/siamcitycement.com.vn\/wp-content\/uploads\/2020\/09\/Healthcarevietnam.com-khau-trang-Yte-Huynh-3-Gia-100x100.jpeg 100w, https:\/\/siamcitycement.com.vn\/wp-content\/uploads\/2020\/09\/Healthcarevietnam.com-khau-trang-Yte-Huynh-3-Gia-350x350.jpeg 350w, https:\/\/siamcitycement.com.vn\/wp-content\/uploads\/2020\/09\/Healthcarevietnam.com-khau-trang-Yte-Huynh-3-Gia-46x46.jpeg 46w, https:\/\/siamcitycement.com.vn\/wp-content\/uploads\/2020\/09\/Healthcarevietnam.com-khau-trang-Yte-Huynh-3-Gia-310x310.jpeg 310w\" sizes=\"auto, (max-width: 400px) 100vw, 400px\" \/>Kh\u1ea9u trang y t\u1ebf Hu\u1ef3nh Gia \u0111\u1ea1t Ti\u00eau chu\u1ea9n qu\u1ed1c gia TCVN 8389-1:2010<\/p>\n<p>Kh\u1ea9u trang y t\u1ebf c\u00f3 th\u1ec3 l\u1ecdc \u0111\u01b0\u1ee3c c\u00e1c t\u00e1c nh\u00e2n g\u00e2y b\u1ec7nh c\u00f3 k\u00edch th\u01b0\u1edbc t\u1eeb 1 \u0111\u1ebfn 10 micromet, \u0111\u1ed3ng th\u1eddi kh\u00f4ng th\u1ea5m d\u1ecbch b\u1eafn t\u1eeb b\u00ean ngo\u00e0i do ng\u01b0\u1eddi b\u1ec7nh ho ho\u1eb7c h\u1eaft h\u01a1i m\u00e0 kh\u00f4ng k\u1ecbp che mi\u1ec7ng. Theo khuy\u1ebfn c\u00e1o chung, kh\u1ea9u trang y t\u1ebf kh\u00f4ng \u0111\u01b0\u1ee3c d\u00f9ng chung v\u1edbi ng\u01b0\u1eddi kh\u00e1c v\u00e0 \u0111\u01b0\u1ee3c ch\u1ec9 \u0111\u1ecbnh s\u1eed d\u1ee5ng khi ph\u1eabu thu\u1eadt, ch\u0103m s\u00f3c y t\u1ebf, c\u00e1ch ly ng\u01b0\u1eddi b\u1ec7nh&#8230;<\/p>\n<h2>C\u00f4ng d\u1ee5ng:<\/h2>\n<p>Kh\u1ea9u trang y t\u1ebf khu\u1ea9n Hu\u1ef3nh Gia c\u00f3 r\u1ea5t nhi\u1ec1u c\u00f4ng d\u1ee5ng nh\u01b0:<\/p>\n<ul>\n<li>Gi\u00fap che k\u00edn v\u00f9ng m\u1eb7t v\u00e0 b\u1ea3o v\u1ec7 ng\u01b0\u1eddi s\u1eed d\u1ee5ng kh\u1edfi b\u1ecb l\u00e2y nhi\u1ec5m c\u00e1c lo\u1ea1i vi khu\u1ea9n, d\u1ecbch b\u1ec7nh, b\u1ee5i b\u1eb7m th\u00f4ng qua \u0111\u01b0\u1eddng h\u00f4 h\u1ea5p.<\/li>\n<li>D\u00f9ng cho c\u00e1c b\u00e1c s\u0129, y t\u00e1, \u0111i\u1ec1u d\u01b0\u1ee1ng vi\u00ean, gi\u00e1m \u0111\u1ecbnh ph\u00e1p y&#8230;, \u0111\u1eb7c bi\u1ec7t l\u00e0 nh\u1eefng ng\u01b0\u1eddi chuy\u00ean th\u1ef1c hi\u1ec7n c\u00f4ng vi\u1ec7c ph\u1eabu thu\u1eadt.<\/li>\n<li>Ng\u0103n ch\u1eb7n m\u1ea7m b\u1ec7nh t\u1eeb ng\u01b0\u1eddi b\u1ec7nh kh\u00f4ng ph\u00e1t t\u00e1n ra b\u00ean ngo\u00e0i.<\/li>\n<li>B\u1ea3o v\u1ec7 ng\u01b0\u1eddi s\u1eed d\u1ee5ng tr\u01b0\u1edbc m\u1ed9t s\u1ed1 b\u1ec7nh truy\u1ec1n nhi\u1ec5m qua \u0111\u01b0\u1eddng h\u00f4 h\u1ea5p t\u1eeb ng\u01b0\u1eddi kh\u00e1c nh\u01b0 b\u1ec7nh lao, b\u1ec7nh c\u00fam&#8230;<\/li>\n<li>Che n\u1eafng, ng\u0103n b\u1ee5i, gi\u1ea3m m\u00f9i kh\u00f3i xe v\u00e0 kh\u00ed th\u1ea3i \u0111\u1ed9c h\u1ea1i t\u1eeb m\u00f4i tr\u01b0\u1eddng xung quanh.<\/li>\n<li>Ch\u1ed1ng tia UVA, UVB, ng\u0103n ng\u1eeba c\u00e1c b\u1ec7nh do tia c\u1ef1c t\u00edm g\u00e2y ra.<\/li>\n<\/ul>\n<h2>Nguy\u00ean v\u1eadt li\u1ec7u:<\/h2>\n<p>Kh\u1ea9u trang y t\u1ebf Hu\u1ef3nh Gia l\u00e0 s\u1ea3n ph\u1ea9m c\u00f3 c\u1ea5u t\u1ea1o g\u1ed3m 4 l\u1edbp nh\u01b0 sau:<\/p>\n<ul>\n<li>2 l\u1edbp l\u1edbp ngo\u00e0i c\u00f9ng b\u1eb1ng ch\u1ea5t li\u1ec7u v\u1ea3i kh\u00f4ng d\u1ec7t c\u00f3 c\u00e1c n\u1ebfp g\u1ea5p gi\u00fap ch\u1ed1ng th\u1ea5m n\u01b0\u1edbc, ng\u0103n c\u00e1c ch\u1ea5t l\u1ecfng v\u00e0 b\u1ee5i b\u1ea9n x\u00e2m nh\u1eadp. L\u1edbp n\u00e0y c\u00f3 s\u1eafc m\u00e0u xanh \u0111\u1eadm \u0111\u1ec3 gi\u00fap ng\u01b0\u1eddi d\u00f9ng c\u00f3 th\u1ec3 d\u1ec5 d\u00e0ng ph\u00e2n bi\u1ec7t v\u1edbi m\u1eb7t b\u00ean trong (tr\u1ecdng l\u01b0\u1ee3ng ngo\u00e0i c\u00f9ng l\u00e0\u00a030 gsm v\u00e0 l\u1edbp k\u1ebf l\u00e0 25 gsm)<\/li>\n<li>L\u1edbp gi\u1eefa hay l\u1edbp vi l\u1ecdc kh\u00e1ng khu\u1ea9n \u0111\u01b0\u1ee3c l\u00e0m b\u1eb1ng s\u1ee3i Polymer c\u00f3 kh\u1ea3 n\u0103ng ng\u0103n ch\u1eb7n virus, b\u1ee5i b\u1ea9n c\u00f3 k\u00edch th\u01b0\u1edbc t\u1eeb 1 \u0111\u1ebfn 10 micromet, trong l\u01b0\u1ee3ng 25 gsm<\/li>\n<li>L\u1edbp trong c\u00f9ng l\u00e0 m\u1ed9t l\u1edbp v\u1ea3i kh\u00f4ng d\u1ec7t c\u00f3 kh\u1ea3 n\u0103ng h\u00fat \u1ea9m m\u1ea1nh gi\u00fap ng\u0103n d\u1ecbch m\u0169i, mi\u1ec7ng c\u1ee7a ng\u01b0\u1eddi \u0111eo khi h\u1ecd n\u00f3i chuy\u1ec7n, ho, h\u1eaft h\u01a1i ph\u00e1t t\u00e1n ra m\u00f4i tr\u01b0\u1eddng xung quanh, tr\u1ecdng l\u01b0\u1ee3ng 25 gsm.<\/li>\n<\/ul>\n<p>&nbsp;<\/p>\n<p>Ngo\u00e0i ra, kh\u1ea9u trang y t\u1ebf Hu\u1ef3nh Gia c\u00f2n c\u00f3 c\u00e1c b\u1ed9 ph\u1eadn sau:<\/p>\n<ul>\n<li>Thanh n\u1eb9p m\u0169i: c\u00f3 t\u00e1c d\u1ee5ng \u0111\u1ecbnh h\u00ecnh v\u00e0 gi\u00fap kh\u1ea9u trang y t\u1ebf \u00f4m kh\u00ed, che k\u00edn khu\u00f4n m\u1eb7t c\u1ee7a ng\u01b0\u1eddi s\u1eed d\u1ee5ng, h\u1ea1n ch\u1ebf s\u1ef1 ti\u1ebfp x\u00fac v\u1edbi m\u00f4i tr\u01b0\u1eddng b\u00ean ngo\u00e0i. Khi s\u1eed d\u1ee5ng, ng\u01b0\u1eddi d\u00f9ng ch\u1ec9 c\u1ea7n b\u00f3p nh\u1eb9 thanh n\u1eb9p \u0111\u1ec3 t\u1ea1o d\u00e1ng \u00f4m theo m\u0169i l\u00e0 \u0111\u01b0\u1ee3c.<\/li>\n<li>D\u00e2y \u0111eo c\u00f3 kh\u1ea3 n\u0103ng \u0111\u00e0n h\u1ed3i: c\u00f3 t\u00e1c d\u1ee5ng c\u1ed1 \u0111\u1ecbnh kh\u1ea9u trang v\u1edbi khu\u00f4n m\u1eb7t c\u1ee7a ng\u01b0\u1eddi s\u1eed d\u1ee5ng.<\/li>\n<\/ul>\n<h2>Quy c\u00e1ch \u0111\u00f3ng g\u00f3i:<\/h2>\n<p>Kh\u1ea9u trang y t\u1ebf do Hu\u1ef3nh Gia s\u1ea3n xu\u1ea5t hi\u1ec7n \u0111\u01b0\u1ee3c \u0111\u00f3ng g\u00f3i theo quy c\u00e1ch 50 chi\u1ebfc (c\u00e1i) m\u1ed7i h\u1ed9p.<\/p>\n<p>&nbsp;<\/p>\n<p><img loading=\"lazy\" decoding=\"async\" class=\"aligncenter wp-image-18478 size-full\" src=\"https:\/\/siamcitycement.com.vn\/wp-content\/uploads\/2020\/09\/Healthcarevietnam.com-khau-trang-Yte-Huynh-Gia-4.png\" alt=\"\" width=\"495\" height=\"383\" srcset=\"https:\/\/siamcitycement.com.vn\/wp-content\/uploads\/2020\/09\/Healthcarevietnam.com-khau-trang-Yte-Huynh-Gia-4.png 495w, https:\/\/siamcitycement.com.vn\/wp-content\/uploads\/2020\/09\/Healthcarevietnam.com-khau-trang-Yte-Huynh-Gia-4-300x232.png 300w, https:\/\/siamcitycement.com.vn\/wp-content\/uploads\/2020\/09\/Healthcarevietnam.com-khau-trang-Yte-Huynh-Gia-4-310x240.png 310w\" sizes=\"auto, (max-width: 495px) 100vw, 495px\" \/><br \/>\nKh\u1ea9u trang y t\u1ebf Hu\u1ef3nh Gia c\u00f3 quy c\u00e1ch \u0111\u00f3ng g\u00f3i 50 c\u00e1i m\u1ed7i h\u1ed9p<\/p>\n<h2>Ti\u00eau chu\u1ea9n ch\u1ea5t l\u01b0\u1ee3ng:<\/h2>\n<p>Kh\u1ea9u trang y t\u1ebf Hu\u1ef3nh Gia \u0111\u01b0\u1ee3c s\u1ea3n xu\u1ea5t theo b\u1ed9 ti\u00eau chu\u1ea9n TCVN 8389:2010. \u0110\u00e2y l\u00e0 b\u1ed9 ti\u00eau chu\u1ea9n g\u1ed3m 3 ph\u1ea7n do Vi\u1ec7n Trang thi\u1ebft b\u1ecb v\u00e0 C\u00f4ng tr\u00ecnh y t\u1ebf bi\u00ean so\u1ea1n, B\u1ed9 Y t\u1ebf \u0111\u1ec1 ngh\u1ecb. T\u1ed5ng c\u1ee5c Ti\u00eau chu\u1ea9n \u0110o l\u01b0\u1eddng Ch\u1ea5t l\u01b0\u1ee3ng th\u1ea9m \u0111\u1ecbnh, B\u1ed9 Khoa h\u1ecdc v\u00e0 C\u00f4ng ngh\u1ec7 l\u00e0 c\u00e1c \u0111\u01a1n v\u1ecb ch\u1ecbu tr\u00e1ch nhi\u1ec7m c\u00f4ng b\u1ed1.<\/p>\n<p>Kh\u1ea9u trang y t\u1ebf Hu\u1ef3nh Gia \u0111\u00e1p \u1ee9ng ph\u1ea7n 1 c\u1ee7a ti\u00eau chu\u1ea9n TCVN 8389:2010 (t\u1ee9c TCVN 8389-1:2010), l\u00e0 kh\u1ea9u trang y t\u1ebf (\u0111\u00e3 ti\u1ec7t khu\u1ea9n v\u00e0 kh\u00f4ng ti\u1ec7t khu\u1ea9n) s\u1eed d\u1ee5ng trong c\u00e1c c\u01a1 s\u1edf y t\u1ebf, g\u1ed3m c\u00e1c b\u1ed9 ph\u1eadn: c\u00e1c l\u1edbp v\u1ea3i: c\u00f3 th\u1ec3 c\u00f3 t\u1eeb 2 \u0111\u1ebfn 4 l\u1edbp v\u1ea3i kh\u00f4ng d\u1ec7t, d\u1ea1ng ph\u1eb3ng, c\u00f3 g\u1ea5p n\u1ebfp; l\u1edbp vi l\u1ecdc; thanh n\u1eb9p m\u0169i; d\u00e2y \u0111eo.<\/p>\n<p>C\u1ee5 th\u1ec3, kh\u1ea9u trang y t\u1ebf do c\u00f4ng ty Hu\u1ef3nh Gia s\u1ea3n xu\u1ea5t \u0111\u00e1p \u1ee9ng c\u00e1c y\u00eau c\u1ea7u k\u1ef9 thu\u1eadt theo quy \u0111\u1ecbnh nh\u01b0 sau:<\/p>\n<p>&nbsp;<\/p>\n<p><img loading=\"lazy\" decoding=\"async\" class=\"aligncenter wp-image-19127 size-full\" src=\"https:\/\/siamcitycement.com.vn\/wp-content\/uploads\/2020\/09\/healthcarevietnam.com-medial-masks-data.png\" alt=\"\" width=\"518\" height=\"314\" srcset=\"https:\/\/siamcitycement.com.vn\/wp-content\/uploads\/2020\/09\/healthcarevietnam.com-medial-masks-data.png 518w, https:\/\/siamcitycement.com.vn\/wp-content\/uploads\/2020\/09\/healthcarevietnam.com-medial-masks-data-310x188.png 310w\" sizes=\"auto, (max-width: 518px) 100vw, 518px\" \/>[\/vc_column_text][\/vc_column][\/vc_row]<\/p>\n","protected":false},"excerpt":{"rendered":"<div class=\"col-12\">S\u1ed1 l\u01b0\u1ee3ng:50 c\u00e1i\/ h\u1ed9p<\/div>\n<div class=\"col-12\">L\u1edbp C\u1ea5u T\u1ea1o:4 l\u1edbp<\/div>\n<div class=\"col-12\">Ch\u1ed1ng B\u1ee5i:1-10 \u00b5m<\/div>\n<div class=\"col-12\">V\u1eadt Li\u1ec7u:100% polyester<\/div>\n<div class=\"col-12\">\u0110\u1ea1t Chu\u1ea9n:\u00a0TCVN 8389-1:2010<\/div>\n","protected":false},"featured_media":18483,"comment_status":"closed","ping_status":"closed","template":"","meta":[],"product_cat":[107],"product_tag":[136],"class_list":{"0":"post-18211","1":"product","2":"type-product","3":"status-publish","4":"has-post-thumbnail","6":"product_cat-khau-trang","7":"product_tag-khau_trang_huynh_gia","8":"ts_product_brand-huynh-gia","10":"first","11":"instock","12":"shipping-taxable","13":"product-type-simple"},"yoast_head":"<!-- This site is optimized with the Yoast SEO Premium plugin v22.3 (Yoast SEO v22.3) - https:\/\/yoast.com\/wordpress\/plugins\/seo\/ -->\n<title>Healthcare Vietnam | Kh\u1ea9u trang y t\u1ebf 4 l\u1edbp Hu\u1ef3nh Gia<\/title>\n<meta name=\"description\" content=\"HealthcareVietnam.com thu\u1ed9c h\u1ec7 th\u1ed1ng cung c\u1ea5p thi\u1ebft b\u1ecb ph\u00f2ng d\u1ecbch c\u1ee7a c\u00f4ng ty T\u01af\u1edcNG KHOA, chuy\u00ean \u0111\u1ed3 ph\u00f2ng d\u1ecbch v\u00e0 BHL\u0110 h\u00e0ng \u0111\u1ea7u Vi\u1ec7t Nam.\" \/>\n<meta name=\"robots\" content=\"index, follow, max-snippet:-1, max-image-preview:large, max-video-preview:-1\" \/>\n<link rel=\"canonical\" href=\"https:\/\/siamcitycement.com.vn\/product\/medical-mask-huynh-gia\/\" \/>\n<meta property=\"og:locale\" content=\"en_US\" \/>\n<meta property=\"og:type\" content=\"article\" \/>\n<meta property=\"og:title\" content=\"Healthcare Vietnam | Kh\u1ea9u trang y t\u1ebf 4 l\u1edbp Hu\u1ef3nh Gia\" \/>\n<meta property=\"og:description\" content=\"HealthcareVietnam.com thu\u1ed9c h\u1ec7 th\u1ed1ng cung c\u1ea5p thi\u1ebft b\u1ecb ph\u00f2ng d\u1ecbch c\u1ee7a c\u00f4ng ty T\u01af\u1edcNG KHOA, chuy\u00ean \u0111\u1ed3 ph\u00f2ng d\u1ecbch v\u00e0 BHL\u0110 h\u00e0ng \u0111\u1ea7u Vi\u1ec7t Nam.\" \/>\n<meta property=\"og:url\" content=\"https:\/\/siamcitycement.com.vn\/product\/medical-mask-huynh-gia\/\" \/>\n<meta property=\"og:site_name\" content=\"Healthcare Vietnam\" \/>\n<meta property=\"article:publisher\" content=\"https:\/\/www.facebook.com\/healthcarevn\" \/>\n<meta property=\"article:modified_time\" content=\"2024-11-22T07:54:35+00:00\" \/>\n<meta property=\"og:image\" content=\"https:\/\/siamcitycement.com.vn\/wp-content\/uploads\/2020\/09\/Healthcarevietnam.com-khau-trang-Yte-Huynh-Gia.jpg\" \/>\n\t<meta property=\"og:image:width\" content=\"600\" \/>\n\t<meta property=\"og:image:height\" content=\"600\" \/>\n\t<meta property=\"og:image:type\" content=\"image\/jpeg\" \/>\n<meta name=\"twitter:card\" content=\"summary_large_image\" \/>\n<meta name=\"twitter:label1\" content=\"Est. reading time\" \/>\n\t<meta name=\"twitter:data1\" content=\"6 minutes\" \/>\n<script type=\"application\/ld+json\" class=\"yoast-schema-graph\">{\"@context\":\"https:\/\/schema.org\",\"@graph\":[{\"@type\":\"WebPage\",\"@id\":\"https:\/\/siamcitycement.com.vn\/product\/medical-mask-huynh-gia\/\",\"url\":\"https:\/\/siamcitycement.com.vn\/product\/medical-mask-huynh-gia\/\",\"name\":\"Healthcare Vietnam | Kh\u1ea9u trang y t\u1ebf 4 l\u1edbp Hu\u1ef3nh Gia\",\"isPartOf\":{\"@id\":\"https:\/\/siamcitycement.com.vn\/#website\"},\"primaryImageOfPage\":{\"@id\":\"https:\/\/siamcitycement.com.vn\/product\/medical-mask-huynh-gia\/#primaryimage\"},\"image\":{\"@id\":\"https:\/\/siamcitycement.com.vn\/product\/medical-mask-huynh-gia\/#primaryimage\"},\"thumbnailUrl\":\"https:\/\/siamcitycement.com.vn\/wp-content\/uploads\/2020\/09\/Healthcarevietnam.com-khau-trang-Yte-Huynh-Gia.jpg\",\"datePublished\":\"2020-09-03T10:22:03+00:00\",\"dateModified\":\"2024-11-22T07:54:35+00:00\",\"description\":\"HealthcareVietnam.com thu\u1ed9c h\u1ec7 th\u1ed1ng cung c\u1ea5p thi\u1ebft b\u1ecb ph\u00f2ng d\u1ecbch c\u1ee7a c\u00f4ng ty T\u01af\u1edcNG KHOA, chuy\u00ean \u0111\u1ed3 ph\u00f2ng d\u1ecbch v\u00e0 BHL\u0110 h\u00e0ng \u0111\u1ea7u Vi\u1ec7t Nam.\",\"breadcrumb\":{\"@id\":\"https:\/\/siamcitycement.com.vn\/product\/medical-mask-huynh-gia\/#breadcrumb\"},\"inLanguage\":\"en-US\",\"potentialAction\":[{\"@type\":\"ReadAction\",\"target\":[\"https:\/\/siamcitycement.com.vn\/product\/medical-mask-huynh-gia\/\"]}]},{\"@type\":\"ImageObject\",\"inLanguage\":\"en-US\",\"@id\":\"https:\/\/siamcitycement.com.vn\/product\/medical-mask-huynh-gia\/#primaryimage\",\"url\":\"https:\/\/siamcitycement.com.vn\/wp-content\/uploads\/2020\/09\/Healthcarevietnam.com-khau-trang-Yte-Huynh-Gia.jpg\",\"contentUrl\":\"https:\/\/siamcitycement.com.vn\/wp-content\/uploads\/2020\/09\/Healthcarevietnam.com-khau-trang-Yte-Huynh-Gia.jpg\",\"width\":600,\"height\":600},{\"@type\":\"BreadcrumbList\",\"@id\":\"https:\/\/siamcitycement.com.vn\/product\/medical-mask-huynh-gia\/#breadcrumb\",\"itemListElement\":[{\"@type\":\"ListItem\",\"position\":1,\"name\":\"Home\",\"item\":\"https:\/\/siamcitycement.com.vn\/\"},{\"@type\":\"ListItem\",\"position\":2,\"name\":\"Shop\",\"item\":\"https:\/\/siamcitycement.com.vn\/?page_id=51\"},{\"@type\":\"ListItem\",\"position\":3,\"name\":\"Kh\u1ea9u trang y t\u1ebf 4 l\u1edbp Hu\u1ef3nh Gia\"}]},{\"@type\":\"WebSite\",\"@id\":\"https:\/\/siamcitycement.com.vn\/#website\",\"url\":\"https:\/\/siamcitycement.com.vn\/\",\"name\":\"Healthcare Vietnam\",\"description\":\"Making a Safer &amp; Healthier Workplace\",\"publisher\":{\"@id\":\"https:\/\/siamcitycement.com.vn\/#organization\"},\"alternateName\":\"B\u1ea2O H\u1ed8 LAO \u0110\u1ed8NG VI\u1ec6T\",\"potentialAction\":[{\"@type\":\"SearchAction\",\"target\":{\"@type\":\"EntryPoint\",\"urlTemplate\":\"https:\/\/siamcitycement.com.vn\/?s={search_term_string}\"},\"query-input\":\"required name=search_term_string\"}],\"inLanguage\":\"en-US\"},{\"@type\":\"Organization\",\"@id\":\"https:\/\/siamcitycement.com.vn\/#organization\",\"name\":\"HealthCare Vietnam\",\"alternateName\":\"TUONG KHOA Limited\",\"url\":\"https:\/\/siamcitycement.com.vn\/\",\"logo\":{\"@type\":\"ImageObject\",\"inLanguage\":\"en-US\",\"@id\":\"https:\/\/siamcitycement.com.vn\/#\/schema\/logo\/image\/\",\"url\":\"https:\/\/siamcitycement.com.vn\/wp-content\/uploads\/2021\/11\/healthcarevietnam.com-SEO.png\",\"contentUrl\":\"https:\/\/siamcitycement.com.vn\/wp-content\/uploads\/2021\/11\/healthcarevietnam.com-SEO.png\",\"width\":200,\"height\":200,\"caption\":\"HealthCare Vietnam\"},\"image\":{\"@id\":\"https:\/\/siamcitycement.com.vn\/#\/schema\/logo\/image\/\"},\"sameAs\":[\"https:\/\/www.facebook.com\/healthcarevn\",\"https:\/\/www.youtube.com\/@healthcarevietnam\",\"https:\/\/www.linkedin.com\/company\/healthcarevietnam\"],\"description\":\"TUONG KHOA Limited l\u00e0 \u0111\u1ea1i l\u00fd cung c\u1ea5p BHLD nh\u1eadp kh\u1ea9u c\u1ee7a nhi\u1ec1u nh\u00e3n hi\u1ec7u Qu\u1ed1c t\u1ebf t\u1ea1i Vi\u1ec7t Nam\",\"email\":\"board@tksafety.com.vn\",\"telephone\":\"0966449449\",\"legalName\":\"T\u01af\u1edcNG KHOA Trading & Services Company Limited\",\"foundingDate\":\"2006-07-15\",\"iso6523Code\":\"ISO 9001\",\"numberOfEmployees\":{\"@type\":\"QuantitativeValue\",\"minValue\":\"11\",\"maxValue\":\"50\"},\"ownershipFundingInfo\":\"https:\/\/siamcitycement.com.vn\/?page_id=18123\",\"actionableFeedbackPolicy\":\"https:\/\/siamcitycement.com.vn\/?page_id=18123\",\"correctionsPolicy\":\"https:\/\/siamcitycement.com.vn\/?page_id=18123\",\"ethicsPolicy\":\"https:\/\/siamcitycement.com.vn\/?page_id=18123\",\"diversityPolicy\":\"https:\/\/siamcitycement.com.vn\/?page_id=18123\",\"diversityStaffingReport\":\"https:\/\/siamcitycement.com.vn\/?page_id=18123\"}]}<\/script>\n<!-- \/ Yoast SEO Premium plugin. -->","yoast_head_json":{"title":"Healthcare Vietnam | Kh\u1ea9u trang y t\u1ebf 4 l\u1edbp Hu\u1ef3nh Gia","description":"HealthcareVietnam.com thu\u1ed9c h\u1ec7 th\u1ed1ng cung c\u1ea5p thi\u1ebft b\u1ecb ph\u00f2ng d\u1ecbch c\u1ee7a c\u00f4ng ty T\u01af\u1edcNG KHOA, chuy\u00ean \u0111\u1ed3 ph\u00f2ng d\u1ecbch v\u00e0 BHL\u0110 h\u00e0ng \u0111\u1ea7u Vi\u1ec7t Nam.","robots":{"index":"index","follow":"follow","max-snippet":"max-snippet:-1","max-image-preview":"max-image-preview:large","max-video-preview":"max-video-preview:-1"},"canonical":"https:\/\/siamcitycement.com.vn\/product\/medical-mask-huynh-gia\/","og_locale":"en_US","og_type":"article","og_title":"Healthcare Vietnam | Kh\u1ea9u trang y t\u1ebf 4 l\u1edbp Hu\u1ef3nh Gia","og_description":"HealthcareVietnam.com thu\u1ed9c h\u1ec7 th\u1ed1ng cung c\u1ea5p thi\u1ebft b\u1ecb ph\u00f2ng d\u1ecbch c\u1ee7a c\u00f4ng ty T\u01af\u1edcNG KHOA, chuy\u00ean \u0111\u1ed3 ph\u00f2ng d\u1ecbch v\u00e0 BHL\u0110 h\u00e0ng \u0111\u1ea7u Vi\u1ec7t Nam.","og_url":"https:\/\/siamcitycement.com.vn\/product\/medical-mask-huynh-gia\/","og_site_name":"Healthcare Vietnam","article_publisher":"https:\/\/www.facebook.com\/healthcarevn","article_modified_time":"2024-11-22T07:54:35+00:00","og_image":[{"width":600,"height":600,"url":"https:\/\/siamcitycement.com.vn\/wp-content\/uploads\/2020\/09\/Healthcarevietnam.com-khau-trang-Yte-Huynh-Gia.jpg","type":"image\/jpeg"}],"twitter_card":"summary_large_image","twitter_misc":{"Est. reading time":"6 minutes"},"schema":{"@context":"https:\/\/schema.org","@graph":[{"@type":"WebPage","@id":"https:\/\/siamcitycement.com.vn\/product\/medical-mask-huynh-gia\/","url":"https:\/\/siamcitycement.com.vn\/product\/medical-mask-huynh-gia\/","name":"Healthcare Vietnam | Kh\u1ea9u trang y t\u1ebf 4 l\u1edbp Hu\u1ef3nh Gia","isPartOf":{"@id":"https:\/\/siamcitycement.com.vn\/#website"},"primaryImageOfPage":{"@id":"https:\/\/siamcitycement.com.vn\/product\/medical-mask-huynh-gia\/#primaryimage"},"image":{"@id":"https:\/\/siamcitycement.com.vn\/product\/medical-mask-huynh-gia\/#primaryimage"},"thumbnailUrl":"https:\/\/siamcitycement.com.vn\/wp-content\/uploads\/2020\/09\/Healthcarevietnam.com-khau-trang-Yte-Huynh-Gia.jpg","datePublished":"2020-09-03T10:22:03+00:00","dateModified":"2024-11-22T07:54:35+00:00","description":"HealthcareVietnam.com thu\u1ed9c h\u1ec7 th\u1ed1ng cung c\u1ea5p thi\u1ebft b\u1ecb ph\u00f2ng d\u1ecbch c\u1ee7a c\u00f4ng ty T\u01af\u1edcNG KHOA, chuy\u00ean \u0111\u1ed3 ph\u00f2ng d\u1ecbch v\u00e0 BHL\u0110 h\u00e0ng \u0111\u1ea7u Vi\u1ec7t Nam.","breadcrumb":{"@id":"https:\/\/siamcitycement.com.vn\/product\/medical-mask-huynh-gia\/#breadcrumb"},"inLanguage":"en-US","potentialAction":[{"@type":"ReadAction","target":["https:\/\/siamcitycement.com.vn\/product\/medical-mask-huynh-gia\/"]}]},{"@type":"ImageObject","inLanguage":"en-US","@id":"https:\/\/siamcitycement.com.vn\/product\/medical-mask-huynh-gia\/#primaryimage","url":"https:\/\/siamcitycement.com.vn\/wp-content\/uploads\/2020\/09\/Healthcarevietnam.com-khau-trang-Yte-Huynh-Gia.jpg","contentUrl":"https:\/\/siamcitycement.com.vn\/wp-content\/uploads\/2020\/09\/Healthcarevietnam.com-khau-trang-Yte-Huynh-Gia.jpg","width":600,"height":600},{"@type":"BreadcrumbList","@id":"https:\/\/siamcitycement.com.vn\/product\/medical-mask-huynh-gia\/#breadcrumb","itemListElement":[{"@type":"ListItem","position":1,"name":"Home","item":"https:\/\/siamcitycement.com.vn\/"},{"@type":"ListItem","position":2,"name":"Shop","item":"https:\/\/siamcitycement.com.vn\/?page_id=51"},{"@type":"ListItem","position":3,"name":"Kh\u1ea9u trang y t\u1ebf 4 l\u1edbp Hu\u1ef3nh Gia"}]},{"@type":"WebSite","@id":"https:\/\/siamcitycement.com.vn\/#website","url":"https:\/\/siamcitycement.com.vn\/","name":"Healthcare Vietnam","description":"Making a Safer &amp; Healthier Workplace","publisher":{"@id":"https:\/\/siamcitycement.com.vn\/#organization"},"alternateName":"B\u1ea2O H\u1ed8 LAO \u0110\u1ed8NG VI\u1ec6T","potentialAction":[{"@type":"SearchAction","target":{"@type":"EntryPoint","urlTemplate":"https:\/\/siamcitycement.com.vn\/?s={search_term_string}"},"query-input":"required name=search_term_string"}],"inLanguage":"en-US"},{"@type":"Organization","@id":"https:\/\/siamcitycement.com.vn\/#organization","name":"HealthCare Vietnam","alternateName":"TUONG KHOA Limited","url":"https:\/\/siamcitycement.com.vn\/","logo":{"@type":"ImageObject","inLanguage":"en-US","@id":"https:\/\/siamcitycement.com.vn\/#\/schema\/logo\/image\/","url":"https:\/\/siamcitycement.com.vn\/wp-content\/uploads\/2021\/11\/healthcarevietnam.com-SEO.png","contentUrl":"https:\/\/siamcitycement.com.vn\/wp-content\/uploads\/2021\/11\/healthcarevietnam.com-SEO.png","width":200,"height":200,"caption":"HealthCare Vietnam"},"image":{"@id":"https:\/\/siamcitycement.com.vn\/#\/schema\/logo\/image\/"},"sameAs":["https:\/\/www.facebook.com\/healthcarevn","https:\/\/www.youtube.com\/@healthcarevietnam","https:\/\/www.linkedin.com\/company\/healthcarevietnam"],"description":"TUONG KHOA Limited l\u00e0 \u0111\u1ea1i l\u00fd cung c\u1ea5p BHLD nh\u1eadp kh\u1ea9u c\u1ee7a nhi\u1ec1u nh\u00e3n hi\u1ec7u Qu\u1ed1c t\u1ebf t\u1ea1i Vi\u1ec7t Nam","email":"board@tksafety.com.vn","telephone":"0966449449","legalName":"T\u01af\u1edcNG KHOA Trading & Services Company Limited","foundingDate":"2006-07-15","iso6523Code":"ISO 9001","numberOfEmployees":{"@type":"QuantitativeValue","minValue":"11","maxValue":"50"},"ownershipFundingInfo":"https:\/\/siamcitycement.com.vn\/?page_id=18123","actionableFeedbackPolicy":"https:\/\/siamcitycement.com.vn\/?page_id=18123","correctionsPolicy":"https:\/\/siamcitycement.com.vn\/?page_id=18123","ethicsPolicy":"https:\/\/siamcitycement.com.vn\/?page_id=18123","diversityPolicy":"https:\/\/siamcitycement.com.vn\/?page_id=18123","diversityStaffingReport":"https:\/\/siamcitycement.com.vn\/?page_id=18123"}]}},"_links":{"self":[{"href":"https:\/\/siamcitycement.com.vn\/index.php?rest_route=\/wp\/v2\/product\/18211","targetHints":{"allow":["GET"]}}],"collection":[{"href":"https:\/\/siamcitycement.com.vn\/index.php?rest_route=\/wp\/v2\/product"}],"about":[{"href":"https:\/\/siamcitycement.com.vn\/index.php?rest_route=\/wp\/v2\/types\/product"}],"replies":[{"embeddable":true,"href":"https:\/\/siamcitycement.com.vn\/index.php?rest_route=%2Fwp%2Fv2%2Fcomments&post=18211"}],"wp:featuredmedia":[{"embeddable":true,"href":"https:\/\/siamcitycement.com.vn\/index.php?rest_route=\/wp\/v2\/media\/18483"}],"wp:attachment":[{"href":"https:\/\/siamcitycement.com.vn\/index.php?rest_route=%2Fwp%2Fv2%2Fmedia&parent=18211"}],"wp:term":[{"taxonomy":"product_cat","embeddable":true,"href":"https:\/\/siamcitycement.com.vn\/index.php?rest_route=%2Fwp%2Fv2%2Fproduct_cat&post=18211"},{"taxonomy":"product_tag","embeddable":true,"href":"https:\/\/siamcitycement.com.vn\/index.php?rest_route=%2Fwp%2Fv2%2Fproduct_tag&post=18211"}],"curies":[{"name":"wp","href":"https:\/\/api.w.org\/{rel}","templated":true}]}}