{"id":18511,"date":"2021-10-29T12:21:32","date_gmt":"2021-10-29T12:21:32","guid":{"rendered":"https:\/\/siamcitycement.com.vn\/?post_type=product&#038;p=18511"},"modified":"2024-11-22T07:53:35","modified_gmt":"2024-11-22T07:53:35","slug":"do-phong-dich-level-3-huynh-gia-white","status":"publish","type":"product","link":"https:\/\/siamcitycement.com.vn\/?product=do-phong-dich-level-3-huynh-gia-white","title":{"rendered":"\u0110\u1ed3 ph\u00f2ng d\u1ecbch Level 3 Hu\u1ef3nh Gia (White)"},"content":{"rendered":"<p>[vc_row][vc_column][vc_column_text]<\/p>\n<h2><strong>Nguy\u00ean v\u1eadt li\u1ec7u v\u00e0 c\u1ea5u t\u1ea1o:<\/strong><\/h2>\n<p><strong>\u0110\u1ed3 b\u1ea3o h\u1ed9 y t\u1ebf hi\u1ec7n c\u00f3 4 c\u1ea5p \u0111\u1ed9 \u0111\u01b0\u1ee3c ph\u00e2n lo\u1ea1i d\u1ef1a tr\u00ean hi\u1ec7u su\u1ea5t r\u00e0o c\u1ea3n, kh\u1ea3 n\u0103ng h\u1ea1n ch\u1ebf x\u00e2m nh\u1eadp c\u1ee7a vi khu\u1ea9n v\u00e0 gi\u1ecdt b\u1eafn, g\u1ed3m Level 1, Level 2, Level 3 v\u00e0 Level 4. M\u1ed7i level s\u1ebd c\u00f3 quy chu\u1ea9n v\u1ec1 th\u1eed nghi\u1ec7m, t\u01b0\u01a1ng \u1ee9ng v\u1edbi c\u00e1c nguy\u00ean v\u1eadt li\u1ec7u v\u00e0 thi\u1ebft k\u1ebf kh\u00e1c nhau.<\/strong><\/p>\n<p><i><img decoding=\"async\" class=\"aligncenter\" src=\"https:\/\/huynhgiaco.com\/files\/tie-u-chua-n-o-ba-o-ho--SURE8HTm1n.png\" alt=\"Tie\u0302u Chua\u0302\u0309n \u0110o\u0302\u0300 Ba\u0309o Ho\u0323\u0302.png\" width=\"500\" height=\"auto\" \/><\/i><\/p>\n<p>B\u1ea3ng\u00a0ti\u00eau\u00a0chu\u1ea9n \u0111\u1ed3 b\u1ea3o h\u1ed9 y t\u1ebf theo t\u1eebng c\u1ea5p \u0111\u1ed9<\/p>\n<p>S\u1ea3n ph\u1ea9m qu\u1ea7n \u00e1o b\u1ea3o h\u1ed9 y t\u1ebf Level 3 ph\u1ea3i \u0111\u1ea1t chu\u1ea9n ch\u1ed1ng th\u1ea5m n\u01b0\u1edbc theo AATCC 42 v\u00e0 AATCC 127 (\u0111\u1eb7t c\u00e1c m\u1ee9c th\u1eed cao h\u01a1n so v\u1edbi Level 2).<\/p>\n<p><img loading=\"lazy\" decoding=\"async\" class=\"aligncenter\" src=\"https:\/\/huynhgiaco.com\/files\/artboard-3-boocnxyh7k-GKA9DkS6kH.jpg\" alt=\"artboard-3-boOCnxYH7k.jpg\" width=\"600\" height=\"490\" \/><\/p>\n<p>K\u1ebft qu\u1ea3 th\u1eed nghi\u1ec7m \u0111\u1ed3 b\u1ea3o h\u1ed9 Level 3 c\u1ee7a c\u00f4ng ty Hu\u1ef3nh Gia \u0111\u1ec1u \u0111\u1ea1t c\u00e1c ti\u00eau ch\u00ed n\u00e0y<\/p>\n<p>B\u00ean c\u1ea1nh \u0111\u00f3, v\u1eadt li\u1ec7u \u0111\u01b0\u1ee3c s\u1eed d\u1ee5ng l\u00e0 v\u1ea3i PP c\u00f3 c\u00e1n PE \u0111\u1ec3 t\u0103ng kh\u1ea3 n\u0103ng ch\u1ed1ng n\u01b0\u1edbc c\u1ee7a v\u1ea3i. \u0110\u1ed3ng th\u1eddi, ti\u00eau chu\u1ea9n Level 3 y\u00eau c\u1ea7u \u0111\u1ea3m b\u1ea3o kh\u1ea3 n\u0103ng\u00a0<b>ch\u1ed1ng gi\u1ecdt b\u1eafn xuy\u00ean qua \u0111\u01b0\u1eddng may<\/b>\u00a0(th\u1eed nghi\u1ec7m AATCC 127). C\u00e1c \u0111\u01b0\u1eddng may \u0111\u01b0\u1ee3c y\u00eau c\u1ea7u ph\u1ea3i \u00e9p vi\u1ec1n, d\u00e1n k\u00edn \u0111\u1ec3 n\u01b0\u1edbc kh\u00f4ng th\u1ea5m v\u00e0 kh\u00f4ng kh\u00ed kh\u00f4ng v\u00e0o th\u00f4ng qua m\u00e9p \u0111\u01b0\u1eddng may, ch\u1ec9 \u0111\u01b0\u1ee3c th\u1ef1c hi\u1ec7n b\u1eb1ng c\u00e1c m\u00e1y \u00e9p chuy\u00ean d\u1ee5ng \u0111\u1ea1t ti\u00eau chu\u1ea9n.<\/p>\n<p>\u0110\u1ec3 \u0111\u1ea3m b\u1ea3o an to\u00e0n cho ng\u01b0\u1eddi d\u00f9ng, v\u1ea3i d\u00f9ng \u0111\u1ec3 may b\u1ed9 \u0111\u1ed3 ph\u00f2ng d\u1ecbch Covid 19 ph\u1ea3i c\u00f3 x\u00e9t nghi\u1ec7m kh\u00f4ng b\u1ecb t\u1ed3n d\u01b0 kim lo\u1ea1i n\u1eb7ng trong v\u1ea3i.<\/p>\n<p><img decoding=\"async\" src=\"https:\/\/huynhgiaco.com\/files\/ke-t-qua-thu-nghie-m-o-ba-o-ho--jzXiS3cyh9.png\" alt=\"Ke\u0302\u0301t qua\u0309 thu\u031b\u0309 nghie\u0323\u0302m \u0111o\u0302\u0300 ba\u0309o ho\u0323\u0302 hu\u1ef3nh gia.png\" width=\"600\" height=\"auto\" \/><\/p>\n<p>Phi\u1ebfu k\u1ebft qu\u1ea3 th\u1eed nghi\u1ec7m h\u00e0m l\u01b0\u1ee3ng kim lo\u1ea1i n\u1eb7ng trong v\u1ea3i d\u00f9ng s\u1ea3n xu\u1ea5t \u0111\u1ed3 b\u1ea3o h\u1ed9 y t\u1ebf Hu\u1ef3nh Gia Level 3<\/p>\n<h2><b>Quy c\u00e1ch \u0111\u00f3ng g\u00f3i v\u00e0 ch\u1ea5t li\u1ec7u bao g\u00f3i:<\/b><\/h2>\n<p><b>Quy c\u00e1ch:<\/b><\/p>\n<p>1 b\u1ed9 qu\u1ea7n \u00e1o b\u1ea3o h\u1ed9 y t\u1ebf \u0111\u01b0\u1ee3c \u0111\u00f3ng g\u00f3i trong 1 bao PE g\u1ed3m:<\/p>\n<ul>\n<li>\u00c1o, qu\u1ea7n v\u00e0 m\u0169 may li\u1ec1n<\/li>\n<li>B\u1ecdc ch\u00e2n<\/li>\n<\/ul>\n<p>S\u1ea3n ph\u1ea9m s\u1ebd \u0111\u01b0\u1ee3c \u0111\u00f3ng g\u00f3i trong t\u00fai PE v\u00e0 h\u00fat ch\u00e2n kh\u00f4ng, \u0111\u1ea3m b\u1ea3o v\u00f4 tr\u00f9ng khi \u0111\u1ebfn tay ng\u01b0\u1eddi s\u1eed d\u1ee5ng.<\/p>\n<p>\u0110\u1ed3 b\u1ea3o h\u1ed9 y t\u1ebf n\u00ean m\u1eb7c r\u1ed9ng h\u01a1n 1 t\u00ed so v\u1edbi d\u00e1ng ng\u01b0\u1eddi \u0111\u1ec3 trong qu\u00e1 tr\u00ecnh v\u1eadn \u0111\u1ed9ng c\u01a1 th\u1ec3 kh\u00f4ng b\u1ecb t\u00ecnh tr\u1ea1ng b\u00ed v\u00e0 n\u00f3ng. \u0110\u1ed1i v\u1edbi kh\u00ed h\u1eadu Vi\u1ec7t Nam, kh\u00f4ng n\u00ean m\u1eb7c \u0111\u1ed3 b\u1ea3o h\u1ed9 v\u1eeba v\u1eb7n ho\u1eb7c qu\u00e1 ch\u1eadt, s\u1ebd d\u1ec5 khi\u1ebfn ng\u01b0\u1eddi m\u1eb7c kh\u00f3 ch\u1ecbu v\u00e0 m\u1ea5t s\u1ee9c do kh\u00f4ng tho\u00e1t h\u01a1n \u0111\u01b0\u1ee3c.<\/p>\n<p><img decoding=\"async\" class=\"aligncenter\" src=\"https:\/\/huynhgiaco.com\/files\/size-o-ba-o-ho--nBrJHSFvLs.png\" alt=\"Size \u0110o\u0302\u0300 Ba\u0309o Ho\u0323\u0302 Hu\u1ef3nh Gia.png\" width=\"450\" height=\"auto\" \/><\/p>\n<p>B\u1ea3ng k\u00edch th\u01b0\u1edbc \u0111\u1ed3 b\u1ea3o h\u1ed9 y t\u1ebf Hu\u1ef3nh Gia (\u0110\u01a1n v\u1ecb: cm)[\/vc_column_text][\/vc_column][\/vc_row]<\/p>\n","protected":false},"excerpt":{"rendered":"<p>M\u1ed9t b\u1ed9 B\u1ed8 B\u1ea2O H\u1ed8 CH\u1ed0NG D\u1ecaCH \u0111\u01b0\u1ee3c \u0111\u00f3ng g\u00f3i trong 1 bao PE g\u1ed3m:<\/p>\n<ol>\n<li>M\u0169, v\u1ea3i kh\u00f4ng d\u1ec7t th\u1ea5u kh\u00ed: 01 c\u00e1i<\/li>\n<li>\u00c1o, v\u1ea3i kh\u00f4ng d\u1ec7t th\u1ea5u kh\u00ed: 01 c\u00e1i<\/li>\n<li>Qu\u1ea7n, v\u1ea3i kh\u00f4ng d\u1ec7t th\u1ea5u kh\u00ed: 01 c\u00e1i<\/li>\n<li>V\u1edbt, v\u1ea3i kh\u00f4ng d\u1ec7t th\u1ea5u kh\u00ed: 01 \u0111\u00f4i<\/li>\n<\/ol>\n","protected":false},"featured_media":18512,"comment_status":"closed","ping_status":"closed","template":"","meta":[],"product_cat":[71],"product_tag":[143],"class_list":{"0":"post-18511","1":"product","2":"type-product","3":"status-publish","4":"has-post-thumbnail","6":"product_cat-do-phong-dich","7":"product_tag-do-phong-dich-huynh-gia","9":"first","10":"instock","11":"shipping-taxable","12":"product-type-simple"},"yoast_head":"<!-- This site is optimized with the Yoast SEO Premium plugin v22.3 (Yoast SEO v22.3) - https:\/\/yoast.com\/wordpress\/plugins\/seo\/ -->\n<title>Healthcare Vietnam | \u0110\u1ed3 ph\u00f2ng d\u1ecbch Level 3 Hu\u1ef3nh Gia (White)<\/title>\n<meta name=\"description\" content=\"HealthcareVietnam.com thu\u1ed9c h\u1ec7 th\u1ed1ng cung c\u1ea5p thi\u1ebft b\u1ecb ph\u00f2ng d\u1ecbch c\u1ee7a c\u00f4ng ty T\u01af\u1edcNG KHOA, chuy\u00ean \u0111\u1ed3 ph\u00f2ng d\u1ecbch v\u00e0 BHL\u0110 h\u00e0ng \u0111\u1ea7u Vi\u1ec7t Nam.\" \/>\n<meta name=\"robots\" content=\"index, follow, max-snippet:-1, max-image-preview:large, max-video-preview:-1\" \/>\n<link rel=\"canonical\" href=\"https:\/\/siamcitycement.com.vn\/product\/do-phong-dich-level-3-huynh-gia-white\/\" \/>\n<meta property=\"og:locale\" content=\"en_US\" \/>\n<meta property=\"og:type\" content=\"article\" \/>\n<meta property=\"og:title\" content=\"Healthcare Vietnam | \u0110\u1ed3 ph\u00f2ng d\u1ecbch Level 3 Hu\u1ef3nh Gia (White)\" \/>\n<meta property=\"og:description\" content=\"HealthcareVietnam.com thu\u1ed9c h\u1ec7 th\u1ed1ng cung c\u1ea5p thi\u1ebft b\u1ecb ph\u00f2ng d\u1ecbch c\u1ee7a c\u00f4ng ty T\u01af\u1edcNG KHOA, chuy\u00ean \u0111\u1ed3 ph\u00f2ng d\u1ecbch v\u00e0 BHL\u0110 h\u00e0ng \u0111\u1ea7u Vi\u1ec7t Nam.\" \/>\n<meta property=\"og:url\" content=\"https:\/\/siamcitycement.com.vn\/product\/do-phong-dich-level-3-huynh-gia-white\/\" \/>\n<meta property=\"og:site_name\" content=\"Healthcare Vietnam\" \/>\n<meta property=\"article:publisher\" content=\"https:\/\/www.facebook.com\/healthcarevn\" \/>\n<meta property=\"article:modified_time\" content=\"2024-11-22T07:53:35+00:00\" \/>\n<meta property=\"og:image\" content=\"https:\/\/siamcitycement.com.vn\/wp-content\/uploads\/2021\/10\/Healthcarevietnam.com-Huynh-Gia-coverall-L3-white.jpg\" \/>\n\t<meta property=\"og:image:width\" content=\"1280\" \/>\n\t<meta property=\"og:image:height\" content=\"1280\" \/>\n\t<meta property=\"og:image:type\" content=\"image\/jpeg\" \/>\n<meta name=\"twitter:card\" content=\"summary_large_image\" \/>\n<meta name=\"twitter:label1\" content=\"Est. reading time\" \/>\n\t<meta name=\"twitter:data1\" content=\"3 minutes\" \/>\n<script type=\"application\/ld+json\" class=\"yoast-schema-graph\">{\"@context\":\"https:\/\/schema.org\",\"@graph\":[{\"@type\":\"WebPage\",\"@id\":\"https:\/\/siamcitycement.com.vn\/product\/do-phong-dich-level-3-huynh-gia-white\/\",\"url\":\"https:\/\/siamcitycement.com.vn\/product\/do-phong-dich-level-3-huynh-gia-white\/\",\"name\":\"Healthcare Vietnam | \u0110\u1ed3 ph\u00f2ng d\u1ecbch Level 3 Hu\u1ef3nh Gia (White)\",\"isPartOf\":{\"@id\":\"https:\/\/siamcitycement.com.vn\/#website\"},\"primaryImageOfPage\":{\"@id\":\"https:\/\/siamcitycement.com.vn\/product\/do-phong-dich-level-3-huynh-gia-white\/#primaryimage\"},\"image\":{\"@id\":\"https:\/\/siamcitycement.com.vn\/product\/do-phong-dich-level-3-huynh-gia-white\/#primaryimage\"},\"thumbnailUrl\":\"https:\/\/siamcitycement.com.vn\/wp-content\/uploads\/2021\/10\/Healthcarevietnam.com-Huynh-Gia-coverall-L3-white.jpg\",\"datePublished\":\"2021-10-29T12:21:32+00:00\",\"dateModified\":\"2024-11-22T07:53:35+00:00\",\"description\":\"HealthcareVietnam.com thu\u1ed9c h\u1ec7 th\u1ed1ng cung c\u1ea5p thi\u1ebft b\u1ecb ph\u00f2ng d\u1ecbch c\u1ee7a c\u00f4ng ty T\u01af\u1edcNG KHOA, chuy\u00ean \u0111\u1ed3 ph\u00f2ng d\u1ecbch v\u00e0 BHL\u0110 h\u00e0ng \u0111\u1ea7u Vi\u1ec7t Nam.\",\"breadcrumb\":{\"@id\":\"https:\/\/siamcitycement.com.vn\/product\/do-phong-dich-level-3-huynh-gia-white\/#breadcrumb\"},\"inLanguage\":\"en-US\",\"potentialAction\":[{\"@type\":\"ReadAction\",\"target\":[\"https:\/\/siamcitycement.com.vn\/product\/do-phong-dich-level-3-huynh-gia-white\/\"]}]},{\"@type\":\"ImageObject\",\"inLanguage\":\"en-US\",\"@id\":\"https:\/\/siamcitycement.com.vn\/product\/do-phong-dich-level-3-huynh-gia-white\/#primaryimage\",\"url\":\"https:\/\/siamcitycement.com.vn\/wp-content\/uploads\/2021\/10\/Healthcarevietnam.com-Huynh-Gia-coverall-L3-white.jpg\",\"contentUrl\":\"https:\/\/siamcitycement.com.vn\/wp-content\/uploads\/2021\/10\/Healthcarevietnam.com-Huynh-Gia-coverall-L3-white.jpg\",\"width\":1280,\"height\":1280},{\"@type\":\"BreadcrumbList\",\"@id\":\"https:\/\/siamcitycement.com.vn\/product\/do-phong-dich-level-3-huynh-gia-white\/#breadcrumb\",\"itemListElement\":[{\"@type\":\"ListItem\",\"position\":1,\"name\":\"Home\",\"item\":\"https:\/\/siamcitycement.com.vn\/\"},{\"@type\":\"ListItem\",\"position\":2,\"name\":\"Shop\",\"item\":\"https:\/\/siamcitycement.com.vn\/?page_id=51\"},{\"@type\":\"ListItem\",\"position\":3,\"name\":\"\u0110\u1ed3 ph\u00f2ng d\u1ecbch Level 3 Hu\u1ef3nh Gia (White)\"}]},{\"@type\":\"WebSite\",\"@id\":\"https:\/\/siamcitycement.com.vn\/#website\",\"url\":\"https:\/\/siamcitycement.com.vn\/\",\"name\":\"Healthcare Vietnam\",\"description\":\"Making a Safer &amp; Healthier Workplace\",\"publisher\":{\"@id\":\"https:\/\/siamcitycement.com.vn\/#organization\"},\"alternateName\":\"B\u1ea2O H\u1ed8 LAO \u0110\u1ed8NG VI\u1ec6T\",\"potentialAction\":[{\"@type\":\"SearchAction\",\"target\":{\"@type\":\"EntryPoint\",\"urlTemplate\":\"https:\/\/siamcitycement.com.vn\/?s={search_term_string}\"},\"query-input\":\"required name=search_term_string\"}],\"inLanguage\":\"en-US\"},{\"@type\":\"Organization\",\"@id\":\"https:\/\/siamcitycement.com.vn\/#organization\",\"name\":\"HealthCare Vietnam\",\"alternateName\":\"TUONG KHOA Limited\",\"url\":\"https:\/\/siamcitycement.com.vn\/\",\"logo\":{\"@type\":\"ImageObject\",\"inLanguage\":\"en-US\",\"@id\":\"https:\/\/siamcitycement.com.vn\/#\/schema\/logo\/image\/\",\"url\":\"https:\/\/siamcitycement.com.vn\/wp-content\/uploads\/2021\/11\/healthcarevietnam.com-SEO.png\",\"contentUrl\":\"https:\/\/siamcitycement.com.vn\/wp-content\/uploads\/2021\/11\/healthcarevietnam.com-SEO.png\",\"width\":200,\"height\":200,\"caption\":\"HealthCare Vietnam\"},\"image\":{\"@id\":\"https:\/\/siamcitycement.com.vn\/#\/schema\/logo\/image\/\"},\"sameAs\":[\"https:\/\/www.facebook.com\/healthcarevn\",\"https:\/\/www.youtube.com\/@healthcarevietnam\",\"https:\/\/www.linkedin.com\/company\/healthcarevietnam\"],\"description\":\"TUONG KHOA Limited l\u00e0 \u0111\u1ea1i l\u00fd cung c\u1ea5p BHLD nh\u1eadp kh\u1ea9u c\u1ee7a nhi\u1ec1u nh\u00e3n hi\u1ec7u Qu\u1ed1c t\u1ebf t\u1ea1i Vi\u1ec7t Nam\",\"email\":\"board@tksafety.com.vn\",\"telephone\":\"0966449449\",\"legalName\":\"T\u01af\u1edcNG KHOA Trading & Services Company Limited\",\"foundingDate\":\"2006-07-15\",\"iso6523Code\":\"ISO 9001\",\"numberOfEmployees\":{\"@type\":\"QuantitativeValue\",\"minValue\":\"11\",\"maxValue\":\"50\"},\"ownershipFundingInfo\":\"https:\/\/siamcitycement.com.vn\/?page_id=18123\",\"actionableFeedbackPolicy\":\"https:\/\/siamcitycement.com.vn\/?page_id=18123\",\"correctionsPolicy\":\"https:\/\/siamcitycement.com.vn\/?page_id=18123\",\"ethicsPolicy\":\"https:\/\/siamcitycement.com.vn\/?page_id=18123\",\"diversityPolicy\":\"https:\/\/siamcitycement.com.vn\/?page_id=18123\",\"diversityStaffingReport\":\"https:\/\/siamcitycement.com.vn\/?page_id=18123\"}]}<\/script>\n<!-- \/ Yoast SEO Premium plugin. -->","yoast_head_json":{"title":"Healthcare Vietnam | \u0110\u1ed3 ph\u00f2ng d\u1ecbch Level 3 Hu\u1ef3nh Gia (White)","description":"HealthcareVietnam.com thu\u1ed9c h\u1ec7 th\u1ed1ng cung c\u1ea5p thi\u1ebft b\u1ecb ph\u00f2ng d\u1ecbch c\u1ee7a c\u00f4ng ty T\u01af\u1edcNG KHOA, chuy\u00ean \u0111\u1ed3 ph\u00f2ng d\u1ecbch v\u00e0 BHL\u0110 h\u00e0ng \u0111\u1ea7u Vi\u1ec7t Nam.","robots":{"index":"index","follow":"follow","max-snippet":"max-snippet:-1","max-image-preview":"max-image-preview:large","max-video-preview":"max-video-preview:-1"},"canonical":"https:\/\/siamcitycement.com.vn\/product\/do-phong-dich-level-3-huynh-gia-white\/","og_locale":"en_US","og_type":"article","og_title":"Healthcare Vietnam | \u0110\u1ed3 ph\u00f2ng d\u1ecbch Level 3 Hu\u1ef3nh Gia (White)","og_description":"HealthcareVietnam.com thu\u1ed9c h\u1ec7 th\u1ed1ng cung c\u1ea5p thi\u1ebft b\u1ecb ph\u00f2ng d\u1ecbch c\u1ee7a c\u00f4ng ty T\u01af\u1edcNG KHOA, chuy\u00ean \u0111\u1ed3 ph\u00f2ng d\u1ecbch v\u00e0 BHL\u0110 h\u00e0ng \u0111\u1ea7u Vi\u1ec7t Nam.","og_url":"https:\/\/siamcitycement.com.vn\/product\/do-phong-dich-level-3-huynh-gia-white\/","og_site_name":"Healthcare Vietnam","article_publisher":"https:\/\/www.facebook.com\/healthcarevn","article_modified_time":"2024-11-22T07:53:35+00:00","og_image":[{"width":1280,"height":1280,"url":"https:\/\/siamcitycement.com.vn\/wp-content\/uploads\/2021\/10\/Healthcarevietnam.com-Huynh-Gia-coverall-L3-white.jpg","type":"image\/jpeg"}],"twitter_card":"summary_large_image","twitter_misc":{"Est. reading time":"3 minutes"},"schema":{"@context":"https:\/\/schema.org","@graph":[{"@type":"WebPage","@id":"https:\/\/siamcitycement.com.vn\/product\/do-phong-dich-level-3-huynh-gia-white\/","url":"https:\/\/siamcitycement.com.vn\/product\/do-phong-dich-level-3-huynh-gia-white\/","name":"Healthcare Vietnam | \u0110\u1ed3 ph\u00f2ng d\u1ecbch Level 3 Hu\u1ef3nh Gia (White)","isPartOf":{"@id":"https:\/\/siamcitycement.com.vn\/#website"},"primaryImageOfPage":{"@id":"https:\/\/siamcitycement.com.vn\/product\/do-phong-dich-level-3-huynh-gia-white\/#primaryimage"},"image":{"@id":"https:\/\/siamcitycement.com.vn\/product\/do-phong-dich-level-3-huynh-gia-white\/#primaryimage"},"thumbnailUrl":"https:\/\/siamcitycement.com.vn\/wp-content\/uploads\/2021\/10\/Healthcarevietnam.com-Huynh-Gia-coverall-L3-white.jpg","datePublished":"2021-10-29T12:21:32+00:00","dateModified":"2024-11-22T07:53:35+00:00","description":"HealthcareVietnam.com thu\u1ed9c h\u1ec7 th\u1ed1ng cung c\u1ea5p thi\u1ebft b\u1ecb ph\u00f2ng d\u1ecbch c\u1ee7a c\u00f4ng ty T\u01af\u1edcNG KHOA, chuy\u00ean \u0111\u1ed3 ph\u00f2ng d\u1ecbch v\u00e0 BHL\u0110 h\u00e0ng \u0111\u1ea7u Vi\u1ec7t Nam.","breadcrumb":{"@id":"https:\/\/siamcitycement.com.vn\/product\/do-phong-dich-level-3-huynh-gia-white\/#breadcrumb"},"inLanguage":"en-US","potentialAction":[{"@type":"ReadAction","target":["https:\/\/siamcitycement.com.vn\/product\/do-phong-dich-level-3-huynh-gia-white\/"]}]},{"@type":"ImageObject","inLanguage":"en-US","@id":"https:\/\/siamcitycement.com.vn\/product\/do-phong-dich-level-3-huynh-gia-white\/#primaryimage","url":"https:\/\/siamcitycement.com.vn\/wp-content\/uploads\/2021\/10\/Healthcarevietnam.com-Huynh-Gia-coverall-L3-white.jpg","contentUrl":"https:\/\/siamcitycement.com.vn\/wp-content\/uploads\/2021\/10\/Healthcarevietnam.com-Huynh-Gia-coverall-L3-white.jpg","width":1280,"height":1280},{"@type":"BreadcrumbList","@id":"https:\/\/siamcitycement.com.vn\/product\/do-phong-dich-level-3-huynh-gia-white\/#breadcrumb","itemListElement":[{"@type":"ListItem","position":1,"name":"Home","item":"https:\/\/siamcitycement.com.vn\/"},{"@type":"ListItem","position":2,"name":"Shop","item":"https:\/\/siamcitycement.com.vn\/?page_id=51"},{"@type":"ListItem","position":3,"name":"\u0110\u1ed3 ph\u00f2ng d\u1ecbch Level 3 Hu\u1ef3nh Gia (White)"}]},{"@type":"WebSite","@id":"https:\/\/siamcitycement.com.vn\/#website","url":"https:\/\/siamcitycement.com.vn\/","name":"Healthcare Vietnam","description":"Making a Safer &amp; Healthier Workplace","publisher":{"@id":"https:\/\/siamcitycement.com.vn\/#organization"},"alternateName":"B\u1ea2O H\u1ed8 LAO \u0110\u1ed8NG VI\u1ec6T","potentialAction":[{"@type":"SearchAction","target":{"@type":"EntryPoint","urlTemplate":"https:\/\/siamcitycement.com.vn\/?s={search_term_string}"},"query-input":"required name=search_term_string"}],"inLanguage":"en-US"},{"@type":"Organization","@id":"https:\/\/siamcitycement.com.vn\/#organization","name":"HealthCare Vietnam","alternateName":"TUONG KHOA Limited","url":"https:\/\/siamcitycement.com.vn\/","logo":{"@type":"ImageObject","inLanguage":"en-US","@id":"https:\/\/siamcitycement.com.vn\/#\/schema\/logo\/image\/","url":"https:\/\/siamcitycement.com.vn\/wp-content\/uploads\/2021\/11\/healthcarevietnam.com-SEO.png","contentUrl":"https:\/\/siamcitycement.com.vn\/wp-content\/uploads\/2021\/11\/healthcarevietnam.com-SEO.png","width":200,"height":200,"caption":"HealthCare Vietnam"},"image":{"@id":"https:\/\/siamcitycement.com.vn\/#\/schema\/logo\/image\/"},"sameAs":["https:\/\/www.facebook.com\/healthcarevn","https:\/\/www.youtube.com\/@healthcarevietnam","https:\/\/www.linkedin.com\/company\/healthcarevietnam"],"description":"TUONG KHOA Limited l\u00e0 \u0111\u1ea1i l\u00fd cung c\u1ea5p BHLD nh\u1eadp kh\u1ea9u c\u1ee7a nhi\u1ec1u nh\u00e3n hi\u1ec7u Qu\u1ed1c t\u1ebf t\u1ea1i Vi\u1ec7t Nam","email":"board@tksafety.com.vn","telephone":"0966449449","legalName":"T\u01af\u1edcNG KHOA Trading & Services Company Limited","foundingDate":"2006-07-15","iso6523Code":"ISO 9001","numberOfEmployees":{"@type":"QuantitativeValue","minValue":"11","maxValue":"50"},"ownershipFundingInfo":"https:\/\/siamcitycement.com.vn\/?page_id=18123","actionableFeedbackPolicy":"https:\/\/siamcitycement.com.vn\/?page_id=18123","correctionsPolicy":"https:\/\/siamcitycement.com.vn\/?page_id=18123","ethicsPolicy":"https:\/\/siamcitycement.com.vn\/?page_id=18123","diversityPolicy":"https:\/\/siamcitycement.com.vn\/?page_id=18123","diversityStaffingReport":"https:\/\/siamcitycement.com.vn\/?page_id=18123"}]}},"_links":{"self":[{"href":"https:\/\/siamcitycement.com.vn\/index.php?rest_route=\/wp\/v2\/product\/18511","targetHints":{"allow":["GET"]}}],"collection":[{"href":"https:\/\/siamcitycement.com.vn\/index.php?rest_route=\/wp\/v2\/product"}],"about":[{"href":"https:\/\/siamcitycement.com.vn\/index.php?rest_route=\/wp\/v2\/types\/product"}],"replies":[{"embeddable":true,"href":"https:\/\/siamcitycement.com.vn\/index.php?rest_route=%2Fwp%2Fv2%2Fcomments&post=18511"}],"wp:featuredmedia":[{"embeddable":true,"href":"https:\/\/siamcitycement.com.vn\/index.php?rest_route=\/wp\/v2\/media\/18512"}],"wp:attachment":[{"href":"https:\/\/siamcitycement.com.vn\/index.php?rest_route=%2Fwp%2Fv2%2Fmedia&parent=18511"}],"wp:term":[{"taxonomy":"product_cat","embeddable":true,"href":"https:\/\/siamcitycement.com.vn\/index.php?rest_route=%2Fwp%2Fv2%2Fproduct_cat&post=18511"},{"taxonomy":"product_tag","embeddable":true,"href":"https:\/\/siamcitycement.com.vn\/index.php?rest_route=%2Fwp%2Fv2%2Fproduct_tag&post=18511"}],"curies":[{"name":"wp","href":"https:\/\/api.w.org\/{rel}","templated":true}]}}