{"id":18604,"date":"2021-11-01T02:15:44","date_gmt":"2021-11-01T02:15:44","guid":{"rendered":"https:\/\/siamcitycement.com.vn\/?post_type=product&#038;p=18604"},"modified":"2024-11-22T07:53:22","modified_gmt":"2024-11-22T07:53:22","slug":"may-loc-khong-khi-homedics-ap-p20","status":"publish","type":"product","link":"https:\/\/siamcitycement.com.vn\/?product=may-loc-khong-khi-homedics-ap-p20","title":{"rendered":"M\u00e1y l\u1ecdc kh\u00f4ng kh\u00ed, di\u1ec7t khu\u1ea9n c\u00f4ng ngh\u1ec7 UV-C\/ION Homedics AP-P20"},"content":{"rendered":"<p>[vc_row][vc_column][vc_column_text]<\/p>\n<h3><strong>M\u00e1y l\u1ecdc kh\u00f4ng kh\u00ed di\u1ec7t khu\u1ea9n c\u00f4ng ngh\u1ec7 UV-C\/ION Ki\u00eam \u0111\u00e8n ng\u1ee7 t\u1ef1 \u0111\u1ed9ng HoMedics AP-P20<\/strong><\/h3>\n<p>S\u1ea3n ph\u1ea9m nh\u1ecf g\u1ecdn n\u00e0y l\u00e0 thi\u1ebft k\u1ebf m\u1edbi nh\u1ea5t trong d\u00f2ng m\u00e1y l\u1ecdc kh\u00f4ng kh\u00ed c\u1ee7a HoMedics. AP-P20 \u0111\u01b0\u1ee3c trang b\u1ecb c\u00f4ng ngh\u1ec7 di\u1ec7t khu\u1ea9n UV-C, c\u00f4ng ngh\u1ec7 l\u1ecdc kh\u00f4ng kh\u00ed kh\u1eed m\u00f9i ION v\u00e0 \u0111\u01b0\u1ee3c t\u00edch h\u1ee3p th\u00eam h\u1ec7 th\u1ed1ng \u0111\u00e8n ng\u1ee7 3 c\u1ea5p \u0111\u1ed9 s\u00e1ng v\u1edbi b\u1ed9 2 c\u1ea3m bi\u1ebfn : C\u1ea3m bi\u1ebfn chuy\u1ec3n \u0111\u1ed9ng v\u00e0 c\u1ea3m bi\u1ebfn \u00e1nh s\u00e1ng. \u0110\u00e2y l\u00e0\u00a0 s\u1ea3n ph\u1ea9m l\u1ecdc kh\u00f4ng kh\u00ed di\u1ec7t khu\u1ea9n kh\u00f4ng s\u1eed d\u1ee5ng m\u00e0ng l\u1ecdc, b\u1ea1n kh\u00f4ng c\u1ea7n thay th\u1ebf g\u00ec trong su\u1ed1t qu\u00e1 tr\u00ecnh s\u1eed d\u1ee5ng. H\u00e3y c\u00f9ng t\u00ecm hi\u1ec3u nh\u1eefng c\u00f4ng ngh\u1ec7 ti\u00ean ti\u1ebfn \u0111\u01b0\u1ee3c trang b\u1ecb tr\u00ean chi\u1ebfc m\u00e1y n\u00e0y.<\/p>\n<ul>\n<li>C\u00f4ng ngh\u1ec7 UV-C di\u1ec7t s\u1ea1ch 99,9% vi khu\u1ea9n v\u00e0 virut<\/li>\n<li>C\u00f4ng ngh\u1ec7 ION gi\u00fap l\u1ecdc s\u1ea1ch kh\u00f4ng kh\u00ed v\u00e0 kh\u1eed m\u00f9i hi\u1ec7u qu\u1ea3<\/li>\n<li>\u0110\u00e8n ng\u1ee7 v\u1edbi 3 c\u01b0\u1eddng \u0111\u1ed9 s\u00e1ng<\/li>\n<li>C\u1ea3m bi\u1ebfn chuy\u1ec3n \u0111\u1ed9ng t\u1ef1 b\u1eadt \u0111\u00e8n khi ph\u00e1t hi\u1ec7n c\u00f3 chuy\u1ec3n \u0111\u1ed9ng<\/li>\n<li>S\u1eed d\u1ee5ng hi\u1ec7u qu\u1ea3 cho ph\u00f2ng t\u1eafm, ph\u1ecfng ng\u1ee7<\/li>\n<li>Kh\u00f4ng c\u1ea7n thay th\u1ebf b\u1ed9 l\u1ecdc<\/li>\n<li>Thi\u1ebft k\u1ebf \u0111\u1ec3 c\u1eafm tr\u1ef1c ti\u1ebfp v\u00e0o \u1ed5 \u0111i\u1ec7n trong nh\u00e0<\/li>\n<\/ul>\n<p><img loading=\"lazy\" decoding=\"async\" class=\"aligncenter wp-image-18611 size-full\" src=\"https:\/\/siamcitycement.com.vn\/wp-content\/uploads\/2021\/11\/Covid-19Care.com-May-loc-khong-khi-diet-khuan-UV-CION-7Homedics-AP-P20.jpg\" alt=\"\" width=\"600\" height=\"600\" srcset=\"https:\/\/siamcitycement.com.vn\/wp-content\/uploads\/2021\/11\/Covid-19Care.com-May-loc-khong-khi-diet-khuan-UV-CION-7Homedics-AP-P20.jpg 600w, https:\/\/siamcitycement.com.vn\/wp-content\/uploads\/2021\/11\/Covid-19Care.com-May-loc-khong-khi-diet-khuan-UV-CION-7Homedics-AP-P20-300x300.jpg 300w, https:\/\/siamcitycement.com.vn\/wp-content\/uploads\/2021\/11\/Covid-19Care.com-May-loc-khong-khi-diet-khuan-UV-CION-7Homedics-AP-P20-150x150.jpg 150w, https:\/\/siamcitycement.com.vn\/wp-content\/uploads\/2021\/11\/Covid-19Care.com-May-loc-khong-khi-diet-khuan-UV-CION-7Homedics-AP-P20-480x480.jpg 480w, https:\/\/siamcitycement.com.vn\/wp-content\/uploads\/2021\/11\/Covid-19Care.com-May-loc-khong-khi-diet-khuan-UV-CION-7Homedics-AP-P20-100x100.jpg 100w, https:\/\/siamcitycement.com.vn\/wp-content\/uploads\/2021\/11\/Covid-19Care.com-May-loc-khong-khi-diet-khuan-UV-CION-7Homedics-AP-P20-350x350.jpg 350w, https:\/\/siamcitycement.com.vn\/wp-content\/uploads\/2021\/11\/Covid-19Care.com-May-loc-khong-khi-diet-khuan-UV-CION-7Homedics-AP-P20-46x46.jpg 46w, https:\/\/siamcitycement.com.vn\/wp-content\/uploads\/2021\/11\/Covid-19Care.com-May-loc-khong-khi-diet-khuan-UV-CION-7Homedics-AP-P20-310x310.jpg 310w\" sizes=\"auto, (max-width: 600px) 100vw, 600px\" \/><\/p>\n<p><img loading=\"lazy\" decoding=\"async\" class=\"aligncenter wp-image-18609 size-full\" src=\"https:\/\/siamcitycement.com.vn\/wp-content\/uploads\/2021\/11\/Covid-19Care.com-May-loc-khong-khi-diet-khuan-UV-CION-5Homedics-AP-P20.jpg\" alt=\"\" width=\"600\" height=\"600\" srcset=\"https:\/\/siamcitycement.com.vn\/wp-content\/uploads\/2021\/11\/Covid-19Care.com-May-loc-khong-khi-diet-khuan-UV-CION-5Homedics-AP-P20.jpg 600w, https:\/\/siamcitycement.com.vn\/wp-content\/uploads\/2021\/11\/Covid-19Care.com-May-loc-khong-khi-diet-khuan-UV-CION-5Homedics-AP-P20-300x300.jpg 300w, https:\/\/siamcitycement.com.vn\/wp-content\/uploads\/2021\/11\/Covid-19Care.com-May-loc-khong-khi-diet-khuan-UV-CION-5Homedics-AP-P20-150x150.jpg 150w, https:\/\/siamcitycement.com.vn\/wp-content\/uploads\/2021\/11\/Covid-19Care.com-May-loc-khong-khi-diet-khuan-UV-CION-5Homedics-AP-P20-480x480.jpg 480w, https:\/\/siamcitycement.com.vn\/wp-content\/uploads\/2021\/11\/Covid-19Care.com-May-loc-khong-khi-diet-khuan-UV-CION-5Homedics-AP-P20-100x100.jpg 100w, https:\/\/siamcitycement.com.vn\/wp-content\/uploads\/2021\/11\/Covid-19Care.com-May-loc-khong-khi-diet-khuan-UV-CION-5Homedics-AP-P20-350x350.jpg 350w, https:\/\/siamcitycement.com.vn\/wp-content\/uploads\/2021\/11\/Covid-19Care.com-May-loc-khong-khi-diet-khuan-UV-CION-5Homedics-AP-P20-46x46.jpg 46w, https:\/\/siamcitycement.com.vn\/wp-content\/uploads\/2021\/11\/Covid-19Care.com-May-loc-khong-khi-diet-khuan-UV-CION-5Homedics-AP-P20-310x310.jpg 310w\" sizes=\"auto, (max-width: 600px) 100vw, 600px\" \/><\/p>\n<p><img loading=\"lazy\" decoding=\"async\" class=\"aligncenter wp-image-18607 size-full\" src=\"https:\/\/siamcitycement.com.vn\/wp-content\/uploads\/2021\/11\/Covid-19Care.com-May-loc-khong-khi-diet-khuan-UV-CION-3Homedics-AP-P20.jpg\" alt=\"\" width=\"600\" height=\"600\" srcset=\"https:\/\/siamcitycement.com.vn\/wp-content\/uploads\/2021\/11\/Covid-19Care.com-May-loc-khong-khi-diet-khuan-UV-CION-3Homedics-AP-P20.jpg 600w, https:\/\/siamcitycement.com.vn\/wp-content\/uploads\/2021\/11\/Covid-19Care.com-May-loc-khong-khi-diet-khuan-UV-CION-3Homedics-AP-P20-300x300.jpg 300w, https:\/\/siamcitycement.com.vn\/wp-content\/uploads\/2021\/11\/Covid-19Care.com-May-loc-khong-khi-diet-khuan-UV-CION-3Homedics-AP-P20-150x150.jpg 150w, https:\/\/siamcitycement.com.vn\/wp-content\/uploads\/2021\/11\/Covid-19Care.com-May-loc-khong-khi-diet-khuan-UV-CION-3Homedics-AP-P20-480x480.jpg 480w, https:\/\/siamcitycement.com.vn\/wp-content\/uploads\/2021\/11\/Covid-19Care.com-May-loc-khong-khi-diet-khuan-UV-CION-3Homedics-AP-P20-100x100.jpg 100w, https:\/\/siamcitycement.com.vn\/wp-content\/uploads\/2021\/11\/Covid-19Care.com-May-loc-khong-khi-diet-khuan-UV-CION-3Homedics-AP-P20-350x350.jpg 350w, https:\/\/siamcitycement.com.vn\/wp-content\/uploads\/2021\/11\/Covid-19Care.com-May-loc-khong-khi-diet-khuan-UV-CION-3Homedics-AP-P20-46x46.jpg 46w, https:\/\/siamcitycement.com.vn\/wp-content\/uploads\/2021\/11\/Covid-19Care.com-May-loc-khong-khi-diet-khuan-UV-CION-3Homedics-AP-P20-310x310.jpg 310w\" sizes=\"auto, (max-width: 600px) 100vw, 600px\" \/><\/p>\n<p><img loading=\"lazy\" decoding=\"async\" class=\"aligncenter wp-image-18608 size-full\" src=\"https:\/\/siamcitycement.com.vn\/wp-content\/uploads\/2021\/11\/Covid-19Care.com-May-loc-khong-khi-diet-khuan-UV-CION-4Homedics-AP-P20.jpg\" alt=\"\" width=\"600\" height=\"600\" srcset=\"https:\/\/siamcitycement.com.vn\/wp-content\/uploads\/2021\/11\/Covid-19Care.com-May-loc-khong-khi-diet-khuan-UV-CION-4Homedics-AP-P20.jpg 600w, https:\/\/siamcitycement.com.vn\/wp-content\/uploads\/2021\/11\/Covid-19Care.com-May-loc-khong-khi-diet-khuan-UV-CION-4Homedics-AP-P20-300x300.jpg 300w, https:\/\/siamcitycement.com.vn\/wp-content\/uploads\/2021\/11\/Covid-19Care.com-May-loc-khong-khi-diet-khuan-UV-CION-4Homedics-AP-P20-150x150.jpg 150w, https:\/\/siamcitycement.com.vn\/wp-content\/uploads\/2021\/11\/Covid-19Care.com-May-loc-khong-khi-diet-khuan-UV-CION-4Homedics-AP-P20-480x480.jpg 480w, https:\/\/siamcitycement.com.vn\/wp-content\/uploads\/2021\/11\/Covid-19Care.com-May-loc-khong-khi-diet-khuan-UV-CION-4Homedics-AP-P20-100x100.jpg 100w, https:\/\/siamcitycement.com.vn\/wp-content\/uploads\/2021\/11\/Covid-19Care.com-May-loc-khong-khi-diet-khuan-UV-CION-4Homedics-AP-P20-350x350.jpg 350w, https:\/\/siamcitycement.com.vn\/wp-content\/uploads\/2021\/11\/Covid-19Care.com-May-loc-khong-khi-diet-khuan-UV-CION-4Homedics-AP-P20-46x46.jpg 46w, https:\/\/siamcitycement.com.vn\/wp-content\/uploads\/2021\/11\/Covid-19Care.com-May-loc-khong-khi-diet-khuan-UV-CION-4Homedics-AP-P20-310x310.jpg 310w\" sizes=\"auto, (max-width: 600px) 100vw, 600px\" \/>[\/vc_column_text][\/vc_column][\/vc_row]<\/p>\n","protected":false},"excerpt":{"rendered":"<ul>\n<li>C\u00f4ng ngh\u1ec7 UV-C di\u1ec7t s\u1ea1ch 99,9% vi khu\u1ea9n v\u00e0 virut<\/li>\n<li>C\u00f4ng ngh\u1ec7 ION gi\u00fap l\u1ecdc s\u1ea1ch kh\u00f4ng kh\u00ed v\u00e0 kh\u1eed m\u00f9i hi\u1ec7u qu\u1ea3<\/li>\n<li>\u0110\u00e8n ng\u1ee7 v\u1edbi 3 c\u01b0\u1eddng \u0111\u1ed9 s\u00e1ng<\/li>\n<li>C\u1ea3m bi\u1ebfn chuy\u1ec3n \u0111\u1ed9ng t\u1ef1 b\u1eadt \u0111\u00e8n khi ph\u00e1t hi\u1ec7n c\u00f3 chuy\u1ec3n \u0111\u1ed9ng<\/li>\n<li>S\u1eed d\u1ee5ng hi\u1ec7u qu\u1ea3 cho ph\u00f2ng t\u1eafm, ph\u1ecfng ng\u1ee7<\/li>\n<li>Kh\u00f4ng c\u1ea7n thay th\u1ebf b\u1ed9 l\u1ecdc<\/li>\n<li>Thi\u1ebft k\u1ebf \u0111\u1ec3 c\u1eafm tr\u1ef1c ti\u1ebfp v\u00e0o \u1ed5 \u0111i\u1ec7n trong nh\u00e0<\/li>\n<\/ul>\n","protected":false},"featured_media":18612,"comment_status":"closed","ping_status":"closed","template":"","meta":[],"product_cat":[100,83],"product_tag":[147],"class_list":{"0":"post-18604","1":"product","2":"type-product","3":"status-publish","4":"has-post-thumbnail","6":"product_cat-may-loc-khong-khi","7":"product_cat-may-y-te","8":"product_tag-may-loc-khong-khi-homedics","10":"first","11":"instock","12":"shipping-taxable","13":"product-type-simple"},"yoast_head":"<!-- This site is optimized with the Yoast SEO Premium plugin v22.3 (Yoast SEO v22.3) - https:\/\/yoast.com\/wordpress\/plugins\/seo\/ -->\n<title>M\u00e1y l\u1ecdc kh\u00f4ng kh\u00ed, di\u1ec7t khu\u1ea9n c\u00f4ng ngh\u1ec7 UV-C\/ION Homedics AP-P20<\/title>\n<meta name=\"description\" content=\"HealthcareVietnam.com thu\u1ed9c h\u1ec7 th\u1ed1ng cung c\u1ea5p thi\u1ebft b\u1ecb ph\u00f2ng d\u1ecbch c\u1ee7a c\u00f4ng ty T\u01af\u1edcNG KHOA, chuy\u00ean \u0111\u1ed3 ph\u00f2ng d\u1ecbch v\u00e0 BHL\u0110 h\u00e0ng \u0111\u1ea7u Vi\u1ec7t Nam.\" \/>\n<meta name=\"robots\" content=\"index, follow, max-snippet:-1, max-image-preview:large, max-video-preview:-1\" \/>\n<link rel=\"canonical\" href=\"https:\/\/siamcitycement.com.vn\/product\/may-loc-khong-khi-homedics-ap-p20\/\" \/>\n<meta property=\"og:locale\" content=\"en_US\" \/>\n<meta property=\"og:type\" content=\"article\" \/>\n<meta property=\"og:title\" content=\"Healthcare Vietnam | M\u00e1y l\u1ecdc kh\u00f4ng kh\u00ed, di\u1ec7t khu\u1ea9n c\u00f4ng ngh\u1ec7 UV-C\/ION Homedics AP-P20\" \/>\n<meta property=\"og:description\" content=\"HealthcareVietnam.com thu\u1ed9c h\u1ec7 th\u1ed1ng cung c\u1ea5p thi\u1ebft b\u1ecb ph\u00f2ng d\u1ecbch c\u1ee7a c\u00f4ng ty T\u01af\u1edcNG KHOA, chuy\u00ean \u0111\u1ed3 ph\u00f2ng d\u1ecbch v\u00e0 BHL\u0110 h\u00e0ng \u0111\u1ea7u Vi\u1ec7t Nam.\" \/>\n<meta property=\"og:url\" content=\"https:\/\/siamcitycement.com.vn\/product\/may-loc-khong-khi-homedics-ap-p20\/\" \/>\n<meta property=\"og:site_name\" content=\"Healthcare Vietnam\" \/>\n<meta property=\"article:publisher\" content=\"https:\/\/www.facebook.com\/healthcarevn\" \/>\n<meta property=\"article:modified_time\" content=\"2024-11-22T07:53:22+00:00\" \/>\n<meta property=\"og:image\" content=\"https:\/\/siamcitycement.com.vn\/wp-content\/uploads\/2021\/11\/Covid-19Care.com-May-loc-khong-khi-diet-khuan-UV-CION-Homedics-AP-P20.jpg\" \/>\n\t<meta property=\"og:image:width\" content=\"600\" \/>\n\t<meta property=\"og:image:height\" content=\"600\" \/>\n\t<meta property=\"og:image:type\" content=\"image\/jpeg\" \/>\n<meta name=\"twitter:card\" content=\"summary_large_image\" \/>\n<meta name=\"twitter:label1\" content=\"Est. reading time\" \/>\n\t<meta name=\"twitter:data1\" content=\"2 minutes\" \/>\n<script type=\"application\/ld+json\" class=\"yoast-schema-graph\">{\"@context\":\"https:\/\/schema.org\",\"@graph\":[{\"@type\":\"WebPage\",\"@id\":\"https:\/\/siamcitycement.com.vn\/product\/may-loc-khong-khi-homedics-ap-p20\/\",\"url\":\"https:\/\/siamcitycement.com.vn\/product\/may-loc-khong-khi-homedics-ap-p20\/\",\"name\":\"M\u00e1y l\u1ecdc kh\u00f4ng kh\u00ed, di\u1ec7t khu\u1ea9n c\u00f4ng ngh\u1ec7 UV-C\/ION Homedics AP-P20\",\"isPartOf\":{\"@id\":\"https:\/\/siamcitycement.com.vn\/#website\"},\"primaryImageOfPage\":{\"@id\":\"https:\/\/siamcitycement.com.vn\/product\/may-loc-khong-khi-homedics-ap-p20\/#primaryimage\"},\"image\":{\"@id\":\"https:\/\/siamcitycement.com.vn\/product\/may-loc-khong-khi-homedics-ap-p20\/#primaryimage\"},\"thumbnailUrl\":\"https:\/\/siamcitycement.com.vn\/wp-content\/uploads\/2021\/11\/Covid-19Care.com-May-loc-khong-khi-diet-khuan-UV-CION-Homedics-AP-P20.jpg\",\"datePublished\":\"2021-11-01T02:15:44+00:00\",\"dateModified\":\"2024-11-22T07:53:22+00:00\",\"description\":\"HealthcareVietnam.com thu\u1ed9c h\u1ec7 th\u1ed1ng cung c\u1ea5p thi\u1ebft b\u1ecb ph\u00f2ng d\u1ecbch c\u1ee7a c\u00f4ng ty T\u01af\u1edcNG KHOA, chuy\u00ean \u0111\u1ed3 ph\u00f2ng d\u1ecbch v\u00e0 BHL\u0110 h\u00e0ng \u0111\u1ea7u Vi\u1ec7t Nam.\",\"breadcrumb\":{\"@id\":\"https:\/\/siamcitycement.com.vn\/product\/may-loc-khong-khi-homedics-ap-p20\/#breadcrumb\"},\"inLanguage\":\"en-US\",\"potentialAction\":[{\"@type\":\"ReadAction\",\"target\":[\"https:\/\/siamcitycement.com.vn\/product\/may-loc-khong-khi-homedics-ap-p20\/\"]}]},{\"@type\":\"ImageObject\",\"inLanguage\":\"en-US\",\"@id\":\"https:\/\/siamcitycement.com.vn\/product\/may-loc-khong-khi-homedics-ap-p20\/#primaryimage\",\"url\":\"https:\/\/siamcitycement.com.vn\/wp-content\/uploads\/2021\/11\/Covid-19Care.com-May-loc-khong-khi-diet-khuan-UV-CION-Homedics-AP-P20.jpg\",\"contentUrl\":\"https:\/\/siamcitycement.com.vn\/wp-content\/uploads\/2021\/11\/Covid-19Care.com-May-loc-khong-khi-diet-khuan-UV-CION-Homedics-AP-P20.jpg\",\"width\":600,\"height\":600},{\"@type\":\"BreadcrumbList\",\"@id\":\"https:\/\/siamcitycement.com.vn\/product\/may-loc-khong-khi-homedics-ap-p20\/#breadcrumb\",\"itemListElement\":[{\"@type\":\"ListItem\",\"position\":1,\"name\":\"Home\",\"item\":\"https:\/\/siamcitycement.com.vn\/\"},{\"@type\":\"ListItem\",\"position\":2,\"name\":\"Shop\",\"item\":\"https:\/\/siamcitycement.com.vn\/?page_id=51\"},{\"@type\":\"ListItem\",\"position\":3,\"name\":\"M\u00e1y l\u1ecdc kh\u00f4ng kh\u00ed, di\u1ec7t khu\u1ea9n c\u00f4ng ngh\u1ec7 UV-C\/ION Homedics AP-P20\"}]},{\"@type\":\"WebSite\",\"@id\":\"https:\/\/siamcitycement.com.vn\/#website\",\"url\":\"https:\/\/siamcitycement.com.vn\/\",\"name\":\"Healthcare Vietnam\",\"description\":\"Making a Safer &amp; Healthier Workplace\",\"publisher\":{\"@id\":\"https:\/\/siamcitycement.com.vn\/#organization\"},\"alternateName\":\"B\u1ea2O H\u1ed8 LAO \u0110\u1ed8NG VI\u1ec6T\",\"potentialAction\":[{\"@type\":\"SearchAction\",\"target\":{\"@type\":\"EntryPoint\",\"urlTemplate\":\"https:\/\/siamcitycement.com.vn\/?s={search_term_string}\"},\"query-input\":\"required name=search_term_string\"}],\"inLanguage\":\"en-US\"},{\"@type\":\"Organization\",\"@id\":\"https:\/\/siamcitycement.com.vn\/#organization\",\"name\":\"HealthCare Vietnam\",\"alternateName\":\"TUONG KHOA Limited\",\"url\":\"https:\/\/siamcitycement.com.vn\/\",\"logo\":{\"@type\":\"ImageObject\",\"inLanguage\":\"en-US\",\"@id\":\"https:\/\/siamcitycement.com.vn\/#\/schema\/logo\/image\/\",\"url\":\"https:\/\/siamcitycement.com.vn\/wp-content\/uploads\/2021\/11\/healthcarevietnam.com-SEO.png\",\"contentUrl\":\"https:\/\/siamcitycement.com.vn\/wp-content\/uploads\/2021\/11\/healthcarevietnam.com-SEO.png\",\"width\":200,\"height\":200,\"caption\":\"HealthCare Vietnam\"},\"image\":{\"@id\":\"https:\/\/siamcitycement.com.vn\/#\/schema\/logo\/image\/\"},\"sameAs\":[\"https:\/\/www.facebook.com\/healthcarevn\",\"https:\/\/www.youtube.com\/@healthcarevietnam\",\"https:\/\/www.linkedin.com\/company\/healthcarevietnam\"],\"description\":\"TUONG KHOA Limited l\u00e0 \u0111\u1ea1i l\u00fd cung c\u1ea5p BHLD nh\u1eadp kh\u1ea9u c\u1ee7a nhi\u1ec1u nh\u00e3n hi\u1ec7u Qu\u1ed1c t\u1ebf t\u1ea1i Vi\u1ec7t Nam\",\"email\":\"board@tksafety.com.vn\",\"telephone\":\"0966449449\",\"legalName\":\"T\u01af\u1edcNG KHOA Trading & Services Company Limited\",\"foundingDate\":\"2006-07-15\",\"iso6523Code\":\"ISO 9001\",\"numberOfEmployees\":{\"@type\":\"QuantitativeValue\",\"minValue\":\"11\",\"maxValue\":\"50\"},\"ownershipFundingInfo\":\"https:\/\/siamcitycement.com.vn\/?page_id=18123\",\"actionableFeedbackPolicy\":\"https:\/\/siamcitycement.com.vn\/?page_id=18123\",\"correctionsPolicy\":\"https:\/\/siamcitycement.com.vn\/?page_id=18123\",\"ethicsPolicy\":\"https:\/\/siamcitycement.com.vn\/?page_id=18123\",\"diversityPolicy\":\"https:\/\/siamcitycement.com.vn\/?page_id=18123\",\"diversityStaffingReport\":\"https:\/\/siamcitycement.com.vn\/?page_id=18123\"}]}<\/script>\n<!-- \/ Yoast SEO Premium plugin. -->","yoast_head_json":{"title":"M\u00e1y l\u1ecdc kh\u00f4ng kh\u00ed, di\u1ec7t khu\u1ea9n c\u00f4ng ngh\u1ec7 UV-C\/ION Homedics AP-P20","description":"HealthcareVietnam.com thu\u1ed9c h\u1ec7 th\u1ed1ng cung c\u1ea5p thi\u1ebft b\u1ecb ph\u00f2ng d\u1ecbch c\u1ee7a c\u00f4ng ty T\u01af\u1edcNG KHOA, chuy\u00ean \u0111\u1ed3 ph\u00f2ng d\u1ecbch v\u00e0 BHL\u0110 h\u00e0ng \u0111\u1ea7u Vi\u1ec7t Nam.","robots":{"index":"index","follow":"follow","max-snippet":"max-snippet:-1","max-image-preview":"max-image-preview:large","max-video-preview":"max-video-preview:-1"},"canonical":"https:\/\/siamcitycement.com.vn\/product\/may-loc-khong-khi-homedics-ap-p20\/","og_locale":"en_US","og_type":"article","og_title":"Healthcare Vietnam | M\u00e1y l\u1ecdc kh\u00f4ng kh\u00ed, di\u1ec7t khu\u1ea9n c\u00f4ng ngh\u1ec7 UV-C\/ION Homedics AP-P20","og_description":"HealthcareVietnam.com thu\u1ed9c h\u1ec7 th\u1ed1ng cung c\u1ea5p thi\u1ebft b\u1ecb ph\u00f2ng d\u1ecbch c\u1ee7a c\u00f4ng ty T\u01af\u1edcNG KHOA, chuy\u00ean \u0111\u1ed3 ph\u00f2ng d\u1ecbch v\u00e0 BHL\u0110 h\u00e0ng \u0111\u1ea7u Vi\u1ec7t Nam.","og_url":"https:\/\/siamcitycement.com.vn\/product\/may-loc-khong-khi-homedics-ap-p20\/","og_site_name":"Healthcare Vietnam","article_publisher":"https:\/\/www.facebook.com\/healthcarevn","article_modified_time":"2024-11-22T07:53:22+00:00","og_image":[{"width":600,"height":600,"url":"https:\/\/siamcitycement.com.vn\/wp-content\/uploads\/2021\/11\/Covid-19Care.com-May-loc-khong-khi-diet-khuan-UV-CION-Homedics-AP-P20.jpg","type":"image\/jpeg"}],"twitter_card":"summary_large_image","twitter_misc":{"Est. reading time":"2 minutes"},"schema":{"@context":"https:\/\/schema.org","@graph":[{"@type":"WebPage","@id":"https:\/\/siamcitycement.com.vn\/product\/may-loc-khong-khi-homedics-ap-p20\/","url":"https:\/\/siamcitycement.com.vn\/product\/may-loc-khong-khi-homedics-ap-p20\/","name":"M\u00e1y l\u1ecdc kh\u00f4ng kh\u00ed, di\u1ec7t khu\u1ea9n c\u00f4ng ngh\u1ec7 UV-C\/ION Homedics AP-P20","isPartOf":{"@id":"https:\/\/siamcitycement.com.vn\/#website"},"primaryImageOfPage":{"@id":"https:\/\/siamcitycement.com.vn\/product\/may-loc-khong-khi-homedics-ap-p20\/#primaryimage"},"image":{"@id":"https:\/\/siamcitycement.com.vn\/product\/may-loc-khong-khi-homedics-ap-p20\/#primaryimage"},"thumbnailUrl":"https:\/\/siamcitycement.com.vn\/wp-content\/uploads\/2021\/11\/Covid-19Care.com-May-loc-khong-khi-diet-khuan-UV-CION-Homedics-AP-P20.jpg","datePublished":"2021-11-01T02:15:44+00:00","dateModified":"2024-11-22T07:53:22+00:00","description":"HealthcareVietnam.com thu\u1ed9c h\u1ec7 th\u1ed1ng cung c\u1ea5p thi\u1ebft b\u1ecb ph\u00f2ng d\u1ecbch c\u1ee7a c\u00f4ng ty T\u01af\u1edcNG KHOA, chuy\u00ean \u0111\u1ed3 ph\u00f2ng d\u1ecbch v\u00e0 BHL\u0110 h\u00e0ng \u0111\u1ea7u Vi\u1ec7t Nam.","breadcrumb":{"@id":"https:\/\/siamcitycement.com.vn\/product\/may-loc-khong-khi-homedics-ap-p20\/#breadcrumb"},"inLanguage":"en-US","potentialAction":[{"@type":"ReadAction","target":["https:\/\/siamcitycement.com.vn\/product\/may-loc-khong-khi-homedics-ap-p20\/"]}]},{"@type":"ImageObject","inLanguage":"en-US","@id":"https:\/\/siamcitycement.com.vn\/product\/may-loc-khong-khi-homedics-ap-p20\/#primaryimage","url":"https:\/\/siamcitycement.com.vn\/wp-content\/uploads\/2021\/11\/Covid-19Care.com-May-loc-khong-khi-diet-khuan-UV-CION-Homedics-AP-P20.jpg","contentUrl":"https:\/\/siamcitycement.com.vn\/wp-content\/uploads\/2021\/11\/Covid-19Care.com-May-loc-khong-khi-diet-khuan-UV-CION-Homedics-AP-P20.jpg","width":600,"height":600},{"@type":"BreadcrumbList","@id":"https:\/\/siamcitycement.com.vn\/product\/may-loc-khong-khi-homedics-ap-p20\/#breadcrumb","itemListElement":[{"@type":"ListItem","position":1,"name":"Home","item":"https:\/\/siamcitycement.com.vn\/"},{"@type":"ListItem","position":2,"name":"Shop","item":"https:\/\/siamcitycement.com.vn\/?page_id=51"},{"@type":"ListItem","position":3,"name":"M\u00e1y l\u1ecdc kh\u00f4ng kh\u00ed, di\u1ec7t khu\u1ea9n c\u00f4ng ngh\u1ec7 UV-C\/ION Homedics AP-P20"}]},{"@type":"WebSite","@id":"https:\/\/siamcitycement.com.vn\/#website","url":"https:\/\/siamcitycement.com.vn\/","name":"Healthcare Vietnam","description":"Making a Safer &amp; Healthier Workplace","publisher":{"@id":"https:\/\/siamcitycement.com.vn\/#organization"},"alternateName":"B\u1ea2O H\u1ed8 LAO \u0110\u1ed8NG VI\u1ec6T","potentialAction":[{"@type":"SearchAction","target":{"@type":"EntryPoint","urlTemplate":"https:\/\/siamcitycement.com.vn\/?s={search_term_string}"},"query-input":"required name=search_term_string"}],"inLanguage":"en-US"},{"@type":"Organization","@id":"https:\/\/siamcitycement.com.vn\/#organization","name":"HealthCare Vietnam","alternateName":"TUONG KHOA Limited","url":"https:\/\/siamcitycement.com.vn\/","logo":{"@type":"ImageObject","inLanguage":"en-US","@id":"https:\/\/siamcitycement.com.vn\/#\/schema\/logo\/image\/","url":"https:\/\/siamcitycement.com.vn\/wp-content\/uploads\/2021\/11\/healthcarevietnam.com-SEO.png","contentUrl":"https:\/\/siamcitycement.com.vn\/wp-content\/uploads\/2021\/11\/healthcarevietnam.com-SEO.png","width":200,"height":200,"caption":"HealthCare Vietnam"},"image":{"@id":"https:\/\/siamcitycement.com.vn\/#\/schema\/logo\/image\/"},"sameAs":["https:\/\/www.facebook.com\/healthcarevn","https:\/\/www.youtube.com\/@healthcarevietnam","https:\/\/www.linkedin.com\/company\/healthcarevietnam"],"description":"TUONG KHOA Limited l\u00e0 \u0111\u1ea1i l\u00fd cung c\u1ea5p BHLD nh\u1eadp kh\u1ea9u c\u1ee7a nhi\u1ec1u nh\u00e3n hi\u1ec7u Qu\u1ed1c t\u1ebf t\u1ea1i Vi\u1ec7t Nam","email":"board@tksafety.com.vn","telephone":"0966449449","legalName":"T\u01af\u1edcNG KHOA Trading & Services Company Limited","foundingDate":"2006-07-15","iso6523Code":"ISO 9001","numberOfEmployees":{"@type":"QuantitativeValue","minValue":"11","maxValue":"50"},"ownershipFundingInfo":"https:\/\/siamcitycement.com.vn\/?page_id=18123","actionableFeedbackPolicy":"https:\/\/siamcitycement.com.vn\/?page_id=18123","correctionsPolicy":"https:\/\/siamcitycement.com.vn\/?page_id=18123","ethicsPolicy":"https:\/\/siamcitycement.com.vn\/?page_id=18123","diversityPolicy":"https:\/\/siamcitycement.com.vn\/?page_id=18123","diversityStaffingReport":"https:\/\/siamcitycement.com.vn\/?page_id=18123"}]}},"_links":{"self":[{"href":"https:\/\/siamcitycement.com.vn\/index.php?rest_route=\/wp\/v2\/product\/18604","targetHints":{"allow":["GET"]}}],"collection":[{"href":"https:\/\/siamcitycement.com.vn\/index.php?rest_route=\/wp\/v2\/product"}],"about":[{"href":"https:\/\/siamcitycement.com.vn\/index.php?rest_route=\/wp\/v2\/types\/product"}],"replies":[{"embeddable":true,"href":"https:\/\/siamcitycement.com.vn\/index.php?rest_route=%2Fwp%2Fv2%2Fcomments&post=18604"}],"wp:featuredmedia":[{"embeddable":true,"href":"https:\/\/siamcitycement.com.vn\/index.php?rest_route=\/wp\/v2\/media\/18612"}],"wp:attachment":[{"href":"https:\/\/siamcitycement.com.vn\/index.php?rest_route=%2Fwp%2Fv2%2Fmedia&parent=18604"}],"wp:term":[{"taxonomy":"product_cat","embeddable":true,"href":"https:\/\/siamcitycement.com.vn\/index.php?rest_route=%2Fwp%2Fv2%2Fproduct_cat&post=18604"},{"taxonomy":"product_tag","embeddable":true,"href":"https:\/\/siamcitycement.com.vn\/index.php?rest_route=%2Fwp%2Fv2%2Fproduct_tag&post=18604"}],"curies":[{"name":"wp","href":"https:\/\/api.w.org\/{rel}","templated":true}]}}