{"id":19012,"date":"2021-11-08T10:00:31","date_gmt":"2021-11-08T10:00:31","guid":{"rendered":"https:\/\/siamcitycement.com.vn\/?post_type=product&#038;p=19012"},"modified":"2024-11-22T07:50:11","modified_gmt":"2024-11-22T07:50:11","slug":"gang-tay-chong-hoa-chat-ultraneo-341-38cm-hang-mapa","status":"publish","type":"product","link":"https:\/\/siamcitycement.com.vn\/?product=gang-tay-chong-hoa-chat-ultraneo-341-38cm-hang-mapa","title":{"rendered":"G\u0103ng tay ch\u1ed1ng h\u00f3a ch\u1ea5t UltraNeo 341 (38cm), h\u00e3ng MAPA"},"content":{"rendered":"<p>[vc_row][vc_column][vc_column_text]<\/p>\n<h2 id=\"specific-advantages\">Specific advantages<\/h2>\n<ul>\n<li>A long cuff for a better protection of the forearm<\/li>\n<li>Suitable for long-term wear; added comfort of\u00a0<a title=\"textile support\" href=\"https:\/\/www.mapa-pro.com\/information-center\/glossary\/definition\/textile-support\">textile support<\/a><\/li>\n<li>Longer service life for heavy-duty work: good mechanical resistance<\/li>\n<li>Silicone free to prevent traces, defects on metal sheet and glass prior to painting<\/li>\n<\/ul>\n<h2 id=\"applications\">Applications<\/h2>\n<p><strong>Automotive\/mechanical industry<\/strong><\/p>\n<ul>\n<li>Battery, pump, and compressor manufacturing<\/li>\n<\/ul>\n<p><strong>Chemical industry<\/strong><\/p>\n<ul>\n<li>Chemical treatment of metals<\/li>\n<li>Handling and transporting chemicals<\/li>\n<\/ul>\n<p><strong>Other industries<\/strong><\/p>\n<ul>\n<li>Industrial cleaning, maintenance<\/li>\n<li>Timber treatment<\/li>\n<\/ul>\n<h2 id=\"product-detail\">Product detail<\/h2>\n<table class=\"table table-bordered\">\n<tbody>\n<tr>\n<th>Material<\/th>\n<td>Polychloroprene and natural latex<\/td>\n<\/tr>\n<tr>\n<th>Colour<\/th>\n<td>Black<\/td>\n<\/tr>\n<tr>\n<th>Interior Finish<\/th>\n<td>Textile support<\/td>\n<\/tr>\n<tr>\n<th>Exterior Finish<\/th>\n<td>Smooth<\/td>\n<\/tr>\n<tr>\n<th>Length (cm)<\/th>\n<td>38<\/td>\n<\/tr>\n<tr>\n<th>Thickness (mm)<\/th>\n<td>1.45<\/td>\n<\/tr>\n<tr>\n<th>Size<\/th>\n<td>8 9 10 11<\/td>\n<\/tr>\n<tr>\n<th>\u5305\u88c5<\/th>\n<td>1 pair\/bag<br \/>\n5 pairs\/box<br \/>\n50 pairs\/carton<\/td>\n<\/tr>\n<\/tbody>\n<\/table>\n<h2 id=\"chemical-chart\">Chemical chart<\/h2>\n<div class=\"foldable-wrapper-gray\">\n<div class=\"foldable\">\n<h3 class=\"foldable-title\"><a href=\"https:\/\/www.mapa-pro.com\/our-gloves\/chemical-protection\/product-page\/ultraneo-341#chemical-legend\" data-toggle=\"collapse\" aria-expanded=\"true\">Overall Chemical Protection Rating<\/a><\/h3>\n<div id=\"chemical-legend\" class=\"collapse foldable-content in\">\n<div class=\"foldable-content-wrapper\">\n<p>Protection rating is determined by taking into account the effects of both permeation and degradation in an attempt to provide users with an overall protection guideline when using our glove products against specific chemicals.<\/p>\n<h4>Meaning of colors :<\/h4>\n<div class=\"row\">\n<div class=\"col-sm-6\">\n<div class=\"chemical-chart-green\">\n<div class=\"chemical-chart-color\"><\/div>\n<div class=\"chemical-chart-legend\">Used for\u00a0<strong>high chemical exposure<\/strong>\u00a0or chemical immersion, limited to breakthrough time based on a working day.<\/div>\n<\/div>\n<div class=\"chemical-chart-light-green\">\n<div class=\"chemical-chart-color\"><\/div>\n<div class=\"chemical-chart-legend\">Used for\u00a0<strong>repeated chemical contact<\/strong>, limited to total chemical exposure i.e. : accumulative breakthrough time based on a working day.<\/div>\n<\/div>\n<div class=\"chemical-chart-orange\">\n<div class=\"chemical-chart-color\"><\/div>\n<div class=\"chemical-chart-legend\"><strong>Splash protection only<\/strong>, on chemical exposure the gloves should be discarded and new gloves worn as soon as possible.<\/div>\n<\/div>\n<\/div>\n<div class=\"col-sm-6\">\n<div class=\"chemical-chart-red\">\n<div class=\"chemical-chart-color\"><\/div>\n<div class=\"chemical-chart-legend\"><strong>Not recommended<\/strong>, these gloves are deemed unsuitable for work with this chemical.<\/div>\n<\/div>\n<div class=\"chemical-chart-white\">\n<div class=\"chemical-chart-color\"><\/div>\n<div class=\"chemical-chart-legend\">NT : Not tested<\/div>\n<\/div>\n<div class=\"chemical-chart-gray\">\n<div class=\"chemical-chart-color\"><\/div>\n<div class=\"chemical-chart-legend\">NA : Not applicable because not fully tested (only degradation OR permeation results)<\/div>\n<\/div>\n<\/div>\n<\/div>\n<p class=\"help-block\">The chemical test data and overall chemical protection rating should not be used as the absolute basis for glove selection. Actual in-use conditions may vary glove performance from the controlled conditions of laboratory tests. Factors other than chemical contact time<\/p>\n<\/div>\n<\/div>\n<\/div>\n<\/div>\n<div class=\"table-responsive\">\n<table class=\"table-chemical-chart\">\n<thead>\n<tr>\n<th>Chemical Product<\/th>\n<th>CAS #<\/th>\n<th>Breakthrough time<br \/>\n(minutes)<\/th>\n<th>Permeation<br \/>\nlevel<\/th>\n<th>Standard<\/th>\n<th>Degradation<br \/>\nlevel<\/th>\n<th>Rating<\/th>\n<\/tr>\n<\/thead>\n<tbody>\n<tr>\n<td>Acetic acid 99%<\/td>\n<td>64-19-7<\/td>\n<td>480<\/td>\n<td>6<\/td>\n<td>EN 16523-1:2015<\/td>\n<td>3<\/td>\n<td>\n<div class=\"chemical-chart\">\n<div class=\"chemical-chart-rating-green\">++<\/div>\n<\/div>\n<\/td>\n<\/tr>\n<tr>\n<td>Acetonitrile 99%<\/td>\n<td>75-05-8<\/td>\n<td>82<\/td>\n<td>3<\/td>\n<td>EN 16523-1:2015<\/td>\n<td>3<\/td>\n<td>\n<div class=\"chemical-chart\">\n<div class=\"chemical-chart-rating-green\">++<\/div>\n<\/div>\n<\/td>\n<\/tr>\n<tr>\n<td>Cyclohexane 99%<\/td>\n<td>110-82-7<\/td>\n<td>66<\/td>\n<td>3<\/td>\n<td>EN 374-3:2003<\/td>\n<td>NT<\/td>\n<td>\n<div class=\"chemical-chart\">\n<div class=\"chemical-chart-rating-gray\"><\/div>\n<\/div>\n<\/td>\n<\/tr>\n<tr>\n<td>Formaldehyde 37%<\/td>\n<td>50-00-0<\/td>\n<td>480<\/td>\n<td>6<\/td>\n<td>EN 16523-1:2015<\/td>\n<td>NT<\/td>\n<td>\n<div class=\"chemical-chart\">\n<div class=\"chemical-chart-rating-gray\"><\/div>\n<\/div>\n<\/td>\n<\/tr>\n<tr>\n<td>Hydrochloric acid 10%<\/td>\n<td>7647-01-0<\/td>\n<td>480<\/td>\n<td>6<\/td>\n<td>EN 374-3:2003<\/td>\n<td>NT<\/td>\n<td>\n<div class=\"chemical-chart\">\n<div class=\"chemical-chart-rating-gray\"><\/div>\n<\/div>\n<\/td>\n<\/tr>\n<tr>\n<td>Hydrochloric acid 35%<\/td>\n<td>7647-01-0<\/td>\n<td>480<\/td>\n<td>6<\/td>\n<td>EN 374-3:2003<\/td>\n<td>NT<\/td>\n<td>\n<div class=\"chemical-chart\">\n<div class=\"chemical-chart-rating-gray\"><\/div>\n<\/div>\n<\/td>\n<\/tr>\n<tr>\n<td>Hydrofluoric Acid 10%<\/td>\n<td>7664-39-3<\/td>\n<td>480<\/td>\n<td>6<\/td>\n<td>ASTM F739<\/td>\n<td>NT<\/td>\n<td>\n<div class=\"chemical-chart\">\n<div class=\"chemical-chart-rating-gray\"><\/div>\n<\/div>\n<\/td>\n<\/tr>\n<tr>\n<td>Hydrofluoric Acid 40%<\/td>\n<td>7664-39-3<\/td>\n<td>480<\/td>\n<td>6<\/td>\n<td>EN 16523-1:2015<\/td>\n<td>NT<\/td>\n<td>\n<div class=\"chemical-chart\">\n<div class=\"chemical-chart-rating-gray\"><\/div>\n<\/div>\n<\/td>\n<\/tr>\n<tr>\n<td>Hydrofluoric Acid 49%<\/td>\n<td>7664-39-3<\/td>\n<td>480<\/td>\n<td>6<\/td>\n<td>ASTM F739<\/td>\n<td>NT<\/td>\n<td>\n<div class=\"chemical-chart\">\n<div class=\"chemical-chart-rating-gray\"><\/div>\n<\/div>\n<\/td>\n<\/tr>\n<tr>\n<td>Hydrogen fluoride Anhydrous 100% Liq.<\/td>\n<td>7664-39-3<\/td>\n<td>45<\/td>\n<td>2<\/td>\n<td>EN 374-3:1994<\/td>\n<td>NT<\/td>\n<td>\n<div class=\"chemical-chart\">\n<div class=\"chemical-chart-rating-gray\"><\/div>\n<\/div>\n<\/td>\n<\/tr>\n<tr>\n<td>Hydrogen fluoride Anhydrous 99% Gas<\/td>\n<td>7664-39-3<\/td>\n<td>25<\/td>\n<td>1<\/td>\n<td>ASTM F739<\/td>\n<td>NT<\/td>\n<td>\n<div class=\"chemical-chart\">\n<div class=\"chemical-chart-rating-gray\"><\/div>\n<\/div>\n<\/td>\n<\/tr>\n<tr>\n<td>Hydrogen peroxide 30%<\/td>\n<td>7722-84-1<\/td>\n<td>480<\/td>\n<td>6<\/td>\n<td>EN 16523-1:2015<\/td>\n<td>NT<\/td>\n<td>\n<div class=\"chemical-chart\">\n<div class=\"chemical-chart-rating-gray\"><\/div>\n<\/div>\n<\/td>\n<\/tr>\n<tr>\n<td>Methanol 99%<\/td>\n<td>67-56-1<\/td>\n<td>421<\/td>\n<td>5<\/td>\n<td>EN 16523-1:2015<\/td>\n<td>3<\/td>\n<td>\n<div class=\"chemical-chart\">\n<div class=\"chemical-chart-rating-green\">++<\/div>\n<\/div>\n<\/td>\n<\/tr>\n<tr>\n<td>n-Heptane 99%<\/td>\n<td>142-82-5<\/td>\n<td>54<\/td>\n<td>2<\/td>\n<td>EN 374-3:2003<\/td>\n<td>NT<\/td>\n<td>\n<div class=\"chemical-chart\">\n<div class=\"chemical-chart-rating-gray\"><\/div>\n<\/div>\n<\/td>\n<\/tr>\n<tr>\n<td>Nitric acid 65%<\/td>\n<td>7697-37-2<\/td>\n<td>480<\/td>\n<td>6<\/td>\n<td>EN 16523-1:2015<\/td>\n<td>2<\/td>\n<td>\n<div class=\"chemical-chart\">\n<div class=\"chemical-chart-rating-green-light\">+<\/div>\n<\/div>\n<\/td>\n<\/tr>\n<tr>\n<td>Sodium hydroxide 20%<\/td>\n<td>1310-73-2<\/td>\n<td>480<\/td>\n<td>6<\/td>\n<td>EN 374-3:2003<\/td>\n<td>NT<\/td>\n<td>\n<div class=\"chemical-chart\">\n<div class=\"chemical-chart-rating-gray\"><\/div>\n<\/div>\n<\/td>\n<\/tr>\n<tr>\n<td>Sodium hydroxide 40%<\/td>\n<td>1310-73-2<\/td>\n<td>480<\/td>\n<td>6<\/td>\n<td>EN 16523-1:2015<\/td>\n<td>NT<\/td>\n<td>\n<div class=\"chemical-chart\">\n<div class=\"chemical-chart-rating-gray\"><\/div>\n<\/div>\n<\/td>\n<\/tr>\n<tr>\n<td>Sodium hydroxide 50%<\/td>\n<td>1310-73-2<\/td>\n<td>480<\/td>\n<td>6<\/td>\n<td>EN 374-3:2003<\/td>\n<td>NT<\/td>\n<td>\n<div class=\"chemical-chart\">\n<div class=\"chemical-chart-rating-gray\"><\/div>\n<\/div>\n<\/td>\n<\/tr>\n<tr>\n<td>Sulfuric acid 96%<\/td>\n<td>7664-93-9<\/td>\n<td>162<\/td>\n<td>4<\/td>\n<td>EN 16523-1:2015<\/td>\n<td>3<\/td>\n<td>\n<div class=\"chemical-chart\">\n<div class=\"chemical-chart-rating-green\">++<\/div>\n<\/div>\n<\/td>\n<\/tr>\n<\/tbody>\n<\/table>\n<\/div>\n<p>[\/vc_column_text][\/vc_column][\/vc_row]<\/p>\n","protected":false},"excerpt":{"rendered":"<p>Comfort with standard chemical protection<\/p>\n<ul>\n<li><strong>Length: 38cm<\/strong><\/li>\n<li><strong>Thickness: 1.45mm<\/strong><\/li>\n<li><strong>Material: Polychloroprene and natural latex<\/strong><\/li>\n<\/ul>\n","protected":false},"featured_media":19015,"comment_status":"closed","ping_status":"closed","template":"","meta":[],"product_cat":[205,214],"product_tag":[196],"class_list":{"0":"post-19012","1":"product","2":"type-product","3":"status-publish","4":"has-post-thumbnail","6":"product_cat-gang-chong-hoa-chat","7":"product_cat-gang-tay","8":"product_tag-gang-tay-chong-hoa-chat","9":"ts_product_brand-mapa","11":"first","12":"instock","13":"shipping-taxable","14":"product-type-simple"},"yoast_head":"<!-- This site is optimized with the Yoast SEO Premium plugin v22.3 (Yoast SEO v22.3) - https:\/\/yoast.com\/wordpress\/plugins\/seo\/ -->\n<title>G\u0103ng tay ch\u1ed1ng h\u00f3a ch\u1ea5t UltraNeo 341 (38cm), h\u00e3ng MAPA<\/title>\n<meta name=\"description\" content=\"HealthcareVietnam.com thu\u1ed9c h\u1ec7 th\u1ed1ng cung c\u1ea5p thi\u1ebft b\u1ecb ph\u00f2ng d\u1ecbch c\u1ee7a c\u00f4ng ty T\u01af\u1edcNG KHOA, chuy\u00ean \u0111\u1ed3 ph\u00f2ng d\u1ecbch v\u00e0 BHL\u0110 h\u00e0ng \u0111\u1ea7u Vi\u1ec7t Nam.\" \/>\n<meta name=\"robots\" content=\"index, follow, max-snippet:-1, max-image-preview:large, max-video-preview:-1\" \/>\n<link rel=\"canonical\" href=\"https:\/\/siamcitycement.com.vn\/product\/gang-tay-chong-hoa-chat-ultraneo-341-38cm-hang-mapa\/\" \/>\n<meta property=\"og:locale\" content=\"en_US\" \/>\n<meta property=\"og:type\" content=\"article\" \/>\n<meta property=\"og:title\" content=\"Healthcare Vietnam | G\u0103ng tay ch\u1ed1ng h\u00f3a ch\u1ea5t UltraNeo 341 (38cm), h\u00e3ng MAPA\" \/>\n<meta property=\"og:description\" content=\"HealthcareVietnam.com thu\u1ed9c h\u1ec7 th\u1ed1ng cung c\u1ea5p thi\u1ebft b\u1ecb ph\u00f2ng d\u1ecbch c\u1ee7a c\u00f4ng ty T\u01af\u1edcNG KHOA, chuy\u00ean \u0111\u1ed3 ph\u00f2ng d\u1ecbch v\u00e0 BHL\u0110 h\u00e0ng \u0111\u1ea7u Vi\u1ec7t Nam.\" \/>\n<meta property=\"og:url\" content=\"https:\/\/siamcitycement.com.vn\/product\/gang-tay-chong-hoa-chat-ultraneo-341-38cm-hang-mapa\/\" \/>\n<meta property=\"og:site_name\" content=\"Healthcare Vietnam\" \/>\n<meta property=\"article:publisher\" content=\"https:\/\/www.facebook.com\/healthcarevn\" \/>\n<meta property=\"article:modified_time\" content=\"2024-11-22T07:50:11+00:00\" \/>\n<meta property=\"og:image\" content=\"https:\/\/siamcitycement.com.vn\/wp-content\/uploads\/2021\/11\/Healthcarevietnam.com-UltraNeo-341.jpg\" \/>\n\t<meta property=\"og:image:width\" content=\"600\" \/>\n\t<meta property=\"og:image:height\" content=\"600\" \/>\n\t<meta property=\"og:image:type\" content=\"image\/jpeg\" \/>\n<meta name=\"twitter:card\" content=\"summary_large_image\" \/>\n<meta name=\"twitter:label1\" content=\"Est. reading time\" \/>\n\t<meta name=\"twitter:data1\" content=\"2 minutes\" \/>\n<script type=\"application\/ld+json\" class=\"yoast-schema-graph\">{\"@context\":\"https:\/\/schema.org\",\"@graph\":[{\"@type\":\"WebPage\",\"@id\":\"https:\/\/siamcitycement.com.vn\/product\/gang-tay-chong-hoa-chat-ultraneo-341-38cm-hang-mapa\/\",\"url\":\"https:\/\/siamcitycement.com.vn\/product\/gang-tay-chong-hoa-chat-ultraneo-341-38cm-hang-mapa\/\",\"name\":\"G\u0103ng tay ch\u1ed1ng h\u00f3a ch\u1ea5t UltraNeo 341 (38cm), h\u00e3ng MAPA\",\"isPartOf\":{\"@id\":\"https:\/\/siamcitycement.com.vn\/#website\"},\"primaryImageOfPage\":{\"@id\":\"https:\/\/siamcitycement.com.vn\/product\/gang-tay-chong-hoa-chat-ultraneo-341-38cm-hang-mapa\/#primaryimage\"},\"image\":{\"@id\":\"https:\/\/siamcitycement.com.vn\/product\/gang-tay-chong-hoa-chat-ultraneo-341-38cm-hang-mapa\/#primaryimage\"},\"thumbnailUrl\":\"https:\/\/siamcitycement.com.vn\/wp-content\/uploads\/2021\/11\/Healthcarevietnam.com-UltraNeo-341.jpg\",\"datePublished\":\"2021-11-08T10:00:31+00:00\",\"dateModified\":\"2024-11-22T07:50:11+00:00\",\"description\":\"HealthcareVietnam.com thu\u1ed9c h\u1ec7 th\u1ed1ng cung c\u1ea5p thi\u1ebft b\u1ecb ph\u00f2ng d\u1ecbch c\u1ee7a c\u00f4ng ty T\u01af\u1edcNG KHOA, chuy\u00ean \u0111\u1ed3 ph\u00f2ng d\u1ecbch v\u00e0 BHL\u0110 h\u00e0ng \u0111\u1ea7u Vi\u1ec7t Nam.\",\"breadcrumb\":{\"@id\":\"https:\/\/siamcitycement.com.vn\/product\/gang-tay-chong-hoa-chat-ultraneo-341-38cm-hang-mapa\/#breadcrumb\"},\"inLanguage\":\"en-US\",\"potentialAction\":[{\"@type\":\"ReadAction\",\"target\":[\"https:\/\/siamcitycement.com.vn\/product\/gang-tay-chong-hoa-chat-ultraneo-341-38cm-hang-mapa\/\"]}]},{\"@type\":\"ImageObject\",\"inLanguage\":\"en-US\",\"@id\":\"https:\/\/siamcitycement.com.vn\/product\/gang-tay-chong-hoa-chat-ultraneo-341-38cm-hang-mapa\/#primaryimage\",\"url\":\"https:\/\/siamcitycement.com.vn\/wp-content\/uploads\/2021\/11\/Healthcarevietnam.com-UltraNeo-341.jpg\",\"contentUrl\":\"https:\/\/siamcitycement.com.vn\/wp-content\/uploads\/2021\/11\/Healthcarevietnam.com-UltraNeo-341.jpg\",\"width\":600,\"height\":600},{\"@type\":\"BreadcrumbList\",\"@id\":\"https:\/\/siamcitycement.com.vn\/product\/gang-tay-chong-hoa-chat-ultraneo-341-38cm-hang-mapa\/#breadcrumb\",\"itemListElement\":[{\"@type\":\"ListItem\",\"position\":1,\"name\":\"Home\",\"item\":\"https:\/\/siamcitycement.com.vn\/\"},{\"@type\":\"ListItem\",\"position\":2,\"name\":\"Shop\",\"item\":\"https:\/\/siamcitycement.com.vn\/?page_id=51\"},{\"@type\":\"ListItem\",\"position\":3,\"name\":\"G\u0103ng tay ch\u1ed1ng h\u00f3a ch\u1ea5t UltraNeo 341 (38cm), h\u00e3ng MAPA\"}]},{\"@type\":\"WebSite\",\"@id\":\"https:\/\/siamcitycement.com.vn\/#website\",\"url\":\"https:\/\/siamcitycement.com.vn\/\",\"name\":\"Healthcare Vietnam\",\"description\":\"Making a Safer &amp; Healthier Workplace\",\"publisher\":{\"@id\":\"https:\/\/siamcitycement.com.vn\/#organization\"},\"alternateName\":\"B\u1ea2O H\u1ed8 LAO \u0110\u1ed8NG VI\u1ec6T\",\"potentialAction\":[{\"@type\":\"SearchAction\",\"target\":{\"@type\":\"EntryPoint\",\"urlTemplate\":\"https:\/\/siamcitycement.com.vn\/?s={search_term_string}\"},\"query-input\":\"required name=search_term_string\"}],\"inLanguage\":\"en-US\"},{\"@type\":\"Organization\",\"@id\":\"https:\/\/siamcitycement.com.vn\/#organization\",\"name\":\"HealthCare Vietnam\",\"alternateName\":\"TUONG KHOA Limited\",\"url\":\"https:\/\/siamcitycement.com.vn\/\",\"logo\":{\"@type\":\"ImageObject\",\"inLanguage\":\"en-US\",\"@id\":\"https:\/\/siamcitycement.com.vn\/#\/schema\/logo\/image\/\",\"url\":\"https:\/\/siamcitycement.com.vn\/wp-content\/uploads\/2021\/11\/healthcarevietnam.com-SEO.png\",\"contentUrl\":\"https:\/\/siamcitycement.com.vn\/wp-content\/uploads\/2021\/11\/healthcarevietnam.com-SEO.png\",\"width\":200,\"height\":200,\"caption\":\"HealthCare Vietnam\"},\"image\":{\"@id\":\"https:\/\/siamcitycement.com.vn\/#\/schema\/logo\/image\/\"},\"sameAs\":[\"https:\/\/www.facebook.com\/healthcarevn\",\"https:\/\/www.youtube.com\/@healthcarevietnam\",\"https:\/\/www.linkedin.com\/company\/healthcarevietnam\"],\"description\":\"TUONG KHOA Limited l\u00e0 \u0111\u1ea1i l\u00fd cung c\u1ea5p BHLD nh\u1eadp kh\u1ea9u c\u1ee7a nhi\u1ec1u nh\u00e3n hi\u1ec7u Qu\u1ed1c t\u1ebf t\u1ea1i Vi\u1ec7t Nam\",\"email\":\"board@tksafety.com.vn\",\"telephone\":\"0966449449\",\"legalName\":\"T\u01af\u1edcNG KHOA Trading & Services Company Limited\",\"foundingDate\":\"2006-07-15\",\"iso6523Code\":\"ISO 9001\",\"numberOfEmployees\":{\"@type\":\"QuantitativeValue\",\"minValue\":\"11\",\"maxValue\":\"50\"},\"ownershipFundingInfo\":\"https:\/\/siamcitycement.com.vn\/?page_id=18123\",\"actionableFeedbackPolicy\":\"https:\/\/siamcitycement.com.vn\/?page_id=18123\",\"correctionsPolicy\":\"https:\/\/siamcitycement.com.vn\/?page_id=18123\",\"ethicsPolicy\":\"https:\/\/siamcitycement.com.vn\/?page_id=18123\",\"diversityPolicy\":\"https:\/\/siamcitycement.com.vn\/?page_id=18123\",\"diversityStaffingReport\":\"https:\/\/siamcitycement.com.vn\/?page_id=18123\"}]}<\/script>\n<!-- \/ Yoast SEO Premium plugin. -->","yoast_head_json":{"title":"G\u0103ng tay ch\u1ed1ng h\u00f3a ch\u1ea5t UltraNeo 341 (38cm), h\u00e3ng MAPA","description":"HealthcareVietnam.com thu\u1ed9c h\u1ec7 th\u1ed1ng cung c\u1ea5p thi\u1ebft b\u1ecb ph\u00f2ng d\u1ecbch c\u1ee7a c\u00f4ng ty T\u01af\u1edcNG KHOA, chuy\u00ean \u0111\u1ed3 ph\u00f2ng d\u1ecbch v\u00e0 BHL\u0110 h\u00e0ng \u0111\u1ea7u Vi\u1ec7t Nam.","robots":{"index":"index","follow":"follow","max-snippet":"max-snippet:-1","max-image-preview":"max-image-preview:large","max-video-preview":"max-video-preview:-1"},"canonical":"https:\/\/siamcitycement.com.vn\/product\/gang-tay-chong-hoa-chat-ultraneo-341-38cm-hang-mapa\/","og_locale":"en_US","og_type":"article","og_title":"Healthcare Vietnam | G\u0103ng tay ch\u1ed1ng h\u00f3a ch\u1ea5t UltraNeo 341 (38cm), h\u00e3ng MAPA","og_description":"HealthcareVietnam.com thu\u1ed9c h\u1ec7 th\u1ed1ng cung c\u1ea5p thi\u1ebft b\u1ecb ph\u00f2ng d\u1ecbch c\u1ee7a c\u00f4ng ty T\u01af\u1edcNG KHOA, chuy\u00ean \u0111\u1ed3 ph\u00f2ng d\u1ecbch v\u00e0 BHL\u0110 h\u00e0ng \u0111\u1ea7u Vi\u1ec7t Nam.","og_url":"https:\/\/siamcitycement.com.vn\/product\/gang-tay-chong-hoa-chat-ultraneo-341-38cm-hang-mapa\/","og_site_name":"Healthcare Vietnam","article_publisher":"https:\/\/www.facebook.com\/healthcarevn","article_modified_time":"2024-11-22T07:50:11+00:00","og_image":[{"width":600,"height":600,"url":"https:\/\/siamcitycement.com.vn\/wp-content\/uploads\/2021\/11\/Healthcarevietnam.com-UltraNeo-341.jpg","type":"image\/jpeg"}],"twitter_card":"summary_large_image","twitter_misc":{"Est. reading time":"2 minutes"},"schema":{"@context":"https:\/\/schema.org","@graph":[{"@type":"WebPage","@id":"https:\/\/siamcitycement.com.vn\/product\/gang-tay-chong-hoa-chat-ultraneo-341-38cm-hang-mapa\/","url":"https:\/\/siamcitycement.com.vn\/product\/gang-tay-chong-hoa-chat-ultraneo-341-38cm-hang-mapa\/","name":"G\u0103ng tay ch\u1ed1ng h\u00f3a ch\u1ea5t UltraNeo 341 (38cm), h\u00e3ng MAPA","isPartOf":{"@id":"https:\/\/siamcitycement.com.vn\/#website"},"primaryImageOfPage":{"@id":"https:\/\/siamcitycement.com.vn\/product\/gang-tay-chong-hoa-chat-ultraneo-341-38cm-hang-mapa\/#primaryimage"},"image":{"@id":"https:\/\/siamcitycement.com.vn\/product\/gang-tay-chong-hoa-chat-ultraneo-341-38cm-hang-mapa\/#primaryimage"},"thumbnailUrl":"https:\/\/siamcitycement.com.vn\/wp-content\/uploads\/2021\/11\/Healthcarevietnam.com-UltraNeo-341.jpg","datePublished":"2021-11-08T10:00:31+00:00","dateModified":"2024-11-22T07:50:11+00:00","description":"HealthcareVietnam.com thu\u1ed9c h\u1ec7 th\u1ed1ng cung c\u1ea5p thi\u1ebft b\u1ecb ph\u00f2ng d\u1ecbch c\u1ee7a c\u00f4ng ty T\u01af\u1edcNG KHOA, chuy\u00ean \u0111\u1ed3 ph\u00f2ng d\u1ecbch v\u00e0 BHL\u0110 h\u00e0ng \u0111\u1ea7u Vi\u1ec7t Nam.","breadcrumb":{"@id":"https:\/\/siamcitycement.com.vn\/product\/gang-tay-chong-hoa-chat-ultraneo-341-38cm-hang-mapa\/#breadcrumb"},"inLanguage":"en-US","potentialAction":[{"@type":"ReadAction","target":["https:\/\/siamcitycement.com.vn\/product\/gang-tay-chong-hoa-chat-ultraneo-341-38cm-hang-mapa\/"]}]},{"@type":"ImageObject","inLanguage":"en-US","@id":"https:\/\/siamcitycement.com.vn\/product\/gang-tay-chong-hoa-chat-ultraneo-341-38cm-hang-mapa\/#primaryimage","url":"https:\/\/siamcitycement.com.vn\/wp-content\/uploads\/2021\/11\/Healthcarevietnam.com-UltraNeo-341.jpg","contentUrl":"https:\/\/siamcitycement.com.vn\/wp-content\/uploads\/2021\/11\/Healthcarevietnam.com-UltraNeo-341.jpg","width":600,"height":600},{"@type":"BreadcrumbList","@id":"https:\/\/siamcitycement.com.vn\/product\/gang-tay-chong-hoa-chat-ultraneo-341-38cm-hang-mapa\/#breadcrumb","itemListElement":[{"@type":"ListItem","position":1,"name":"Home","item":"https:\/\/siamcitycement.com.vn\/"},{"@type":"ListItem","position":2,"name":"Shop","item":"https:\/\/siamcitycement.com.vn\/?page_id=51"},{"@type":"ListItem","position":3,"name":"G\u0103ng tay ch\u1ed1ng h\u00f3a ch\u1ea5t UltraNeo 341 (38cm), h\u00e3ng MAPA"}]},{"@type":"WebSite","@id":"https:\/\/siamcitycement.com.vn\/#website","url":"https:\/\/siamcitycement.com.vn\/","name":"Healthcare Vietnam","description":"Making a Safer &amp; Healthier Workplace","publisher":{"@id":"https:\/\/siamcitycement.com.vn\/#organization"},"alternateName":"B\u1ea2O H\u1ed8 LAO \u0110\u1ed8NG VI\u1ec6T","potentialAction":[{"@type":"SearchAction","target":{"@type":"EntryPoint","urlTemplate":"https:\/\/siamcitycement.com.vn\/?s={search_term_string}"},"query-input":"required name=search_term_string"}],"inLanguage":"en-US"},{"@type":"Organization","@id":"https:\/\/siamcitycement.com.vn\/#organization","name":"HealthCare Vietnam","alternateName":"TUONG KHOA Limited","url":"https:\/\/siamcitycement.com.vn\/","logo":{"@type":"ImageObject","inLanguage":"en-US","@id":"https:\/\/siamcitycement.com.vn\/#\/schema\/logo\/image\/","url":"https:\/\/siamcitycement.com.vn\/wp-content\/uploads\/2021\/11\/healthcarevietnam.com-SEO.png","contentUrl":"https:\/\/siamcitycement.com.vn\/wp-content\/uploads\/2021\/11\/healthcarevietnam.com-SEO.png","width":200,"height":200,"caption":"HealthCare Vietnam"},"image":{"@id":"https:\/\/siamcitycement.com.vn\/#\/schema\/logo\/image\/"},"sameAs":["https:\/\/www.facebook.com\/healthcarevn","https:\/\/www.youtube.com\/@healthcarevietnam","https:\/\/www.linkedin.com\/company\/healthcarevietnam"],"description":"TUONG KHOA Limited l\u00e0 \u0111\u1ea1i l\u00fd cung c\u1ea5p BHLD nh\u1eadp kh\u1ea9u c\u1ee7a nhi\u1ec1u nh\u00e3n hi\u1ec7u Qu\u1ed1c t\u1ebf t\u1ea1i Vi\u1ec7t Nam","email":"board@tksafety.com.vn","telephone":"0966449449","legalName":"T\u01af\u1edcNG KHOA Trading & Services Company Limited","foundingDate":"2006-07-15","iso6523Code":"ISO 9001","numberOfEmployees":{"@type":"QuantitativeValue","minValue":"11","maxValue":"50"},"ownershipFundingInfo":"https:\/\/siamcitycement.com.vn\/?page_id=18123","actionableFeedbackPolicy":"https:\/\/siamcitycement.com.vn\/?page_id=18123","correctionsPolicy":"https:\/\/siamcitycement.com.vn\/?page_id=18123","ethicsPolicy":"https:\/\/siamcitycement.com.vn\/?page_id=18123","diversityPolicy":"https:\/\/siamcitycement.com.vn\/?page_id=18123","diversityStaffingReport":"https:\/\/siamcitycement.com.vn\/?page_id=18123"}]}},"_links":{"self":[{"href":"https:\/\/siamcitycement.com.vn\/index.php?rest_route=\/wp\/v2\/product\/19012","targetHints":{"allow":["GET"]}}],"collection":[{"href":"https:\/\/siamcitycement.com.vn\/index.php?rest_route=\/wp\/v2\/product"}],"about":[{"href":"https:\/\/siamcitycement.com.vn\/index.php?rest_route=\/wp\/v2\/types\/product"}],"replies":[{"embeddable":true,"href":"https:\/\/siamcitycement.com.vn\/index.php?rest_route=%2Fwp%2Fv2%2Fcomments&post=19012"}],"wp:featuredmedia":[{"embeddable":true,"href":"https:\/\/siamcitycement.com.vn\/index.php?rest_route=\/wp\/v2\/media\/19015"}],"wp:attachment":[{"href":"https:\/\/siamcitycement.com.vn\/index.php?rest_route=%2Fwp%2Fv2%2Fmedia&parent=19012"}],"wp:term":[{"taxonomy":"product_cat","embeddable":true,"href":"https:\/\/siamcitycement.com.vn\/index.php?rest_route=%2Fwp%2Fv2%2Fproduct_cat&post=19012"},{"taxonomy":"product_tag","embeddable":true,"href":"https:\/\/siamcitycement.com.vn\/index.php?rest_route=%2Fwp%2Fv2%2Fproduct_tag&post=19012"}],"curies":[{"name":"wp","href":"https:\/\/api.w.org\/{rel}","templated":true}]}}