{"id":19017,"date":"2021-11-08T10:30:50","date_gmt":"2021-11-08T10:30:50","guid":{"rendered":"https:\/\/siamcitycement.com.vn\/?post_type=product&#038;p=19017"},"modified":"2024-11-22T07:49:57","modified_gmt":"2024-11-22T07:49:57","slug":"gang-tay-chong-cat-tempdex-720-23-28cm-hang-mapa","status":"publish","type":"product","link":"https:\/\/siamcitycement.com.vn\/?product=gang-tay-chong-cat-tempdex-720-23-28cm-hang-mapa","title":{"rendered":"G\u0103ng tay ch\u1ed1ng c\u1eaft TempDex 720 (23-28cm), h\u00e3ng MAPA"},"content":{"rendered":"<p>[vc_row][vc_column][vc_column_text]<\/p>\n<h2 id=\"specific-advantages\">Specific advantages<\/h2>\n<ul>\n<li>Knitted aramide fibres ensures protection from cuts<\/li>\n<li>Comfort and insulation of the interior terry-cloth<\/li>\n<li>Longer service life: good abrasion resistance<\/li>\n<li>Special\u00a0<a title=\"nitrile\" href=\"https:\/\/www.mapa-pro.com\/information-center\/glossary\/definition\/nitrile\">nitrile<\/a>\u00a0Grip coating facilitates work in moderately oily environments<\/li>\n<li>Free of harmful substances:\u00a0<a title=\"DMF\" href=\"https:\/\/www.mapa-pro.com\/information-center\/glossary\/definition\/dmf\">DMF<\/a>\u00a0Free<\/li>\n<li>Silicone free to prevent traces, defects on metal sheet and glass prior to painting<\/li>\n<li>Available in vending machine packaging<\/li>\n<\/ul>\n<p><strong>Specific features<\/strong><\/p>\n<p>Dot embossing for better insulation and better grip<\/p>\n<h2 id=\"applications\">Applications<\/h2>\n<p><strong>Rubber industry<\/strong><\/p>\n<ul>\n<li>Vulcanization, demoulding, forming, etc.<\/li>\n<\/ul>\n<p><strong>Other industries<\/strong><\/p>\n<ul>\n<li>Handling of moulds in the ceramic industry<\/li>\n<li>Handling of hot steel after welding<\/li>\n<li>Handling of hot piping<\/li>\n<\/ul>\n<p><strong>Mechanical industry<\/strong><\/p>\n<ul>\n<li>Working with hot, sharp and oily parts<\/li>\n<\/ul>\n<div id=\"c95\" class=\"frame frame-default frame-type-list frame-layout-0\">\n<div class=\"tx-mapa-product\">\n<div class=\"product-content\">\n<div class=\"product-content-wrapper\">\n<h2 id=\"product-detail\">Product detail<\/h2>\n<table class=\"table table-bordered\">\n<tbody>\n<tr>\n<th>Material<\/th>\n<td>Nitrile<\/td>\n<\/tr>\n<tr>\n<th>Colour<\/th>\n<td>Orange<\/td>\n<\/tr>\n<tr>\n<th>Interior Finish<\/th>\n<td>Knitted thermal protection<\/td>\n<\/tr>\n<tr>\n<th>Exterior Finish<\/th>\n<td>Dots<\/td>\n<\/tr>\n<tr>\n<th>Length (cm)<\/th>\n<td>23-28<\/td>\n<\/tr>\n<tr>\n<th>Size<\/th>\n<td>7 9 11<\/td>\n<\/tr>\n<tr>\n<th>\u5305\u88c5<\/th>\n<td>1 pair\/bag<br \/>\n72 pairs\/carton<\/td>\n<\/tr>\n<\/tbody>\n<\/table>\n<\/div>\n<\/div>\n<\/div>\n<\/div>\n<div id=\"c475\" class=\"frame frame-default frame-type-mapaproduct_productpromoting frame-layout-0\"><\/div>\n<p>[\/vc_column_text][\/vc_column][\/vc_row]<\/p>\n","protected":false},"excerpt":{"rendered":"<p>Dexterity and resistance to cuts for optimised thermal protection<\/p>\n<ul>\n<li><strong>Length: 23-28cm<\/strong><\/li>\n<li><strong>Material: Nitrile<\/strong><\/li>\n<\/ul>\n","protected":false},"featured_media":19021,"comment_status":"closed","ping_status":"closed","template":"","meta":[],"product_cat":[90,206],"product_tag":[207],"class_list":{"0":"post-19017","1":"product","2":"type-product","3":"status-publish","4":"has-post-thumbnail","6":"product_cat-cham-vet-thuong","7":"product_cat-gang-chong-cat","8":"product_tag-gang-tay-chong-cat","9":"ts_product_brand-mapa","11":"first","12":"instock","13":"shipping-taxable","14":"product-type-simple"},"yoast_head":"<!-- This site is optimized with the Yoast SEO Premium plugin v22.3 (Yoast SEO v22.3) - https:\/\/yoast.com\/wordpress\/plugins\/seo\/ -->\n<title>G\u0103ng tay ch\u1ed1ng c\u1eaft TempDex 720 (23-28cm), h\u00e3ng MAPA<\/title>\n<meta name=\"description\" content=\"HealthcareVietnam.com thu\u1ed9c h\u1ec7 th\u1ed1ng cung c\u1ea5p thi\u1ebft b\u1ecb ph\u00f2ng d\u1ecbch c\u1ee7a c\u00f4ng ty T\u01af\u1edcNG KHOA, chuy\u00ean \u0111\u1ed3 ph\u00f2ng d\u1ecbch v\u00e0 BHL\u0110 h\u00e0ng \u0111\u1ea7u Vi\u1ec7t Nam.\" \/>\n<meta name=\"robots\" content=\"index, follow, max-snippet:-1, max-image-preview:large, max-video-preview:-1\" \/>\n<link rel=\"canonical\" href=\"https:\/\/siamcitycement.com.vn\/product\/gang-tay-chong-cat-tempdex-720-23-28cm-hang-mapa\/\" \/>\n<meta property=\"og:locale\" content=\"en_US\" \/>\n<meta property=\"og:type\" content=\"article\" \/>\n<meta property=\"og:title\" content=\"Healthcare Vietnam | G\u0103ng tay ch\u1ed1ng c\u1eaft TempDex 720 (23-28cm), h\u00e3ng MAPA\" \/>\n<meta property=\"og:description\" content=\"HealthcareVietnam.com thu\u1ed9c h\u1ec7 th\u1ed1ng cung c\u1ea5p thi\u1ebft b\u1ecb ph\u00f2ng d\u1ecbch c\u1ee7a c\u00f4ng ty T\u01af\u1edcNG KHOA, chuy\u00ean \u0111\u1ed3 ph\u00f2ng d\u1ecbch v\u00e0 BHL\u0110 h\u00e0ng \u0111\u1ea7u Vi\u1ec7t Nam.\" \/>\n<meta property=\"og:url\" content=\"https:\/\/siamcitycement.com.vn\/product\/gang-tay-chong-cat-tempdex-720-23-28cm-hang-mapa\/\" \/>\n<meta property=\"og:site_name\" content=\"Healthcare Vietnam\" \/>\n<meta property=\"article:publisher\" content=\"https:\/\/www.facebook.com\/healthcarevn\" \/>\n<meta property=\"article:modified_time\" content=\"2024-11-22T07:49:57+00:00\" \/>\n<meta property=\"og:image\" content=\"https:\/\/siamcitycement.com.vn\/wp-content\/uploads\/2021\/11\/Healthcarevietnam.com-TempDex-720.jpg\" \/>\n\t<meta property=\"og:image:width\" content=\"600\" \/>\n\t<meta property=\"og:image:height\" content=\"600\" \/>\n\t<meta property=\"og:image:type\" content=\"image\/jpeg\" \/>\n<meta name=\"twitter:card\" content=\"summary_large_image\" \/>\n<meta name=\"twitter:label1\" content=\"Est. reading time\" \/>\n\t<meta name=\"twitter:data1\" content=\"1 minute\" \/>\n<script type=\"application\/ld+json\" class=\"yoast-schema-graph\">{\"@context\":\"https:\/\/schema.org\",\"@graph\":[{\"@type\":\"WebPage\",\"@id\":\"https:\/\/siamcitycement.com.vn\/product\/gang-tay-chong-cat-tempdex-720-23-28cm-hang-mapa\/\",\"url\":\"https:\/\/siamcitycement.com.vn\/product\/gang-tay-chong-cat-tempdex-720-23-28cm-hang-mapa\/\",\"name\":\"G\u0103ng tay ch\u1ed1ng c\u1eaft TempDex 720 (23-28cm), h\u00e3ng MAPA\",\"isPartOf\":{\"@id\":\"https:\/\/siamcitycement.com.vn\/#website\"},\"primaryImageOfPage\":{\"@id\":\"https:\/\/siamcitycement.com.vn\/product\/gang-tay-chong-cat-tempdex-720-23-28cm-hang-mapa\/#primaryimage\"},\"image\":{\"@id\":\"https:\/\/siamcitycement.com.vn\/product\/gang-tay-chong-cat-tempdex-720-23-28cm-hang-mapa\/#primaryimage\"},\"thumbnailUrl\":\"https:\/\/siamcitycement.com.vn\/wp-content\/uploads\/2021\/11\/Healthcarevietnam.com-TempDex-720.jpg\",\"datePublished\":\"2021-11-08T10:30:50+00:00\",\"dateModified\":\"2024-11-22T07:49:57+00:00\",\"description\":\"HealthcareVietnam.com thu\u1ed9c h\u1ec7 th\u1ed1ng cung c\u1ea5p thi\u1ebft b\u1ecb ph\u00f2ng d\u1ecbch c\u1ee7a c\u00f4ng ty T\u01af\u1edcNG KHOA, chuy\u00ean \u0111\u1ed3 ph\u00f2ng d\u1ecbch v\u00e0 BHL\u0110 h\u00e0ng \u0111\u1ea7u Vi\u1ec7t Nam.\",\"breadcrumb\":{\"@id\":\"https:\/\/siamcitycement.com.vn\/product\/gang-tay-chong-cat-tempdex-720-23-28cm-hang-mapa\/#breadcrumb\"},\"inLanguage\":\"en-US\",\"potentialAction\":[{\"@type\":\"ReadAction\",\"target\":[\"https:\/\/siamcitycement.com.vn\/product\/gang-tay-chong-cat-tempdex-720-23-28cm-hang-mapa\/\"]}]},{\"@type\":\"ImageObject\",\"inLanguage\":\"en-US\",\"@id\":\"https:\/\/siamcitycement.com.vn\/product\/gang-tay-chong-cat-tempdex-720-23-28cm-hang-mapa\/#primaryimage\",\"url\":\"https:\/\/siamcitycement.com.vn\/wp-content\/uploads\/2021\/11\/Healthcarevietnam.com-TempDex-720.jpg\",\"contentUrl\":\"https:\/\/siamcitycement.com.vn\/wp-content\/uploads\/2021\/11\/Healthcarevietnam.com-TempDex-720.jpg\",\"width\":600,\"height\":600},{\"@type\":\"BreadcrumbList\",\"@id\":\"https:\/\/siamcitycement.com.vn\/product\/gang-tay-chong-cat-tempdex-720-23-28cm-hang-mapa\/#breadcrumb\",\"itemListElement\":[{\"@type\":\"ListItem\",\"position\":1,\"name\":\"Home\",\"item\":\"https:\/\/siamcitycement.com.vn\/\"},{\"@type\":\"ListItem\",\"position\":2,\"name\":\"Shop\",\"item\":\"https:\/\/siamcitycement.com.vn\/?page_id=51\"},{\"@type\":\"ListItem\",\"position\":3,\"name\":\"G\u0103ng tay ch\u1ed1ng c\u1eaft TempDex 720 (23-28cm), h\u00e3ng MAPA\"}]},{\"@type\":\"WebSite\",\"@id\":\"https:\/\/siamcitycement.com.vn\/#website\",\"url\":\"https:\/\/siamcitycement.com.vn\/\",\"name\":\"Healthcare Vietnam\",\"description\":\"Making a Safer &amp; Healthier Workplace\",\"publisher\":{\"@id\":\"https:\/\/siamcitycement.com.vn\/#organization\"},\"alternateName\":\"B\u1ea2O H\u1ed8 LAO \u0110\u1ed8NG VI\u1ec6T\",\"potentialAction\":[{\"@type\":\"SearchAction\",\"target\":{\"@type\":\"EntryPoint\",\"urlTemplate\":\"https:\/\/siamcitycement.com.vn\/?s={search_term_string}\"},\"query-input\":\"required name=search_term_string\"}],\"inLanguage\":\"en-US\"},{\"@type\":\"Organization\",\"@id\":\"https:\/\/siamcitycement.com.vn\/#organization\",\"name\":\"HealthCare Vietnam\",\"alternateName\":\"TUONG KHOA Limited\",\"url\":\"https:\/\/siamcitycement.com.vn\/\",\"logo\":{\"@type\":\"ImageObject\",\"inLanguage\":\"en-US\",\"@id\":\"https:\/\/siamcitycement.com.vn\/#\/schema\/logo\/image\/\",\"url\":\"https:\/\/siamcitycement.com.vn\/wp-content\/uploads\/2021\/11\/healthcarevietnam.com-SEO.png\",\"contentUrl\":\"https:\/\/siamcitycement.com.vn\/wp-content\/uploads\/2021\/11\/healthcarevietnam.com-SEO.png\",\"width\":200,\"height\":200,\"caption\":\"HealthCare Vietnam\"},\"image\":{\"@id\":\"https:\/\/siamcitycement.com.vn\/#\/schema\/logo\/image\/\"},\"sameAs\":[\"https:\/\/www.facebook.com\/healthcarevn\",\"https:\/\/www.youtube.com\/@healthcarevietnam\",\"https:\/\/www.linkedin.com\/company\/healthcarevietnam\"],\"description\":\"TUONG KHOA Limited l\u00e0 \u0111\u1ea1i l\u00fd cung c\u1ea5p BHLD nh\u1eadp kh\u1ea9u c\u1ee7a nhi\u1ec1u nh\u00e3n hi\u1ec7u Qu\u1ed1c t\u1ebf t\u1ea1i Vi\u1ec7t Nam\",\"email\":\"board@tksafety.com.vn\",\"telephone\":\"0966449449\",\"legalName\":\"T\u01af\u1edcNG KHOA Trading & Services Company Limited\",\"foundingDate\":\"2006-07-15\",\"iso6523Code\":\"ISO 9001\",\"numberOfEmployees\":{\"@type\":\"QuantitativeValue\",\"minValue\":\"11\",\"maxValue\":\"50\"},\"ownershipFundingInfo\":\"https:\/\/siamcitycement.com.vn\/?page_id=18123\",\"actionableFeedbackPolicy\":\"https:\/\/siamcitycement.com.vn\/?page_id=18123\",\"correctionsPolicy\":\"https:\/\/siamcitycement.com.vn\/?page_id=18123\",\"ethicsPolicy\":\"https:\/\/siamcitycement.com.vn\/?page_id=18123\",\"diversityPolicy\":\"https:\/\/siamcitycement.com.vn\/?page_id=18123\",\"diversityStaffingReport\":\"https:\/\/siamcitycement.com.vn\/?page_id=18123\"}]}<\/script>\n<!-- \/ Yoast SEO Premium plugin. -->","yoast_head_json":{"title":"G\u0103ng tay ch\u1ed1ng c\u1eaft TempDex 720 (23-28cm), h\u00e3ng MAPA","description":"HealthcareVietnam.com thu\u1ed9c h\u1ec7 th\u1ed1ng cung c\u1ea5p thi\u1ebft b\u1ecb ph\u00f2ng d\u1ecbch c\u1ee7a c\u00f4ng ty T\u01af\u1edcNG KHOA, chuy\u00ean \u0111\u1ed3 ph\u00f2ng d\u1ecbch v\u00e0 BHL\u0110 h\u00e0ng \u0111\u1ea7u Vi\u1ec7t Nam.","robots":{"index":"index","follow":"follow","max-snippet":"max-snippet:-1","max-image-preview":"max-image-preview:large","max-video-preview":"max-video-preview:-1"},"canonical":"https:\/\/siamcitycement.com.vn\/product\/gang-tay-chong-cat-tempdex-720-23-28cm-hang-mapa\/","og_locale":"en_US","og_type":"article","og_title":"Healthcare Vietnam | G\u0103ng tay ch\u1ed1ng c\u1eaft TempDex 720 (23-28cm), h\u00e3ng MAPA","og_description":"HealthcareVietnam.com thu\u1ed9c h\u1ec7 th\u1ed1ng cung c\u1ea5p thi\u1ebft b\u1ecb ph\u00f2ng d\u1ecbch c\u1ee7a c\u00f4ng ty T\u01af\u1edcNG KHOA, chuy\u00ean \u0111\u1ed3 ph\u00f2ng d\u1ecbch v\u00e0 BHL\u0110 h\u00e0ng \u0111\u1ea7u Vi\u1ec7t Nam.","og_url":"https:\/\/siamcitycement.com.vn\/product\/gang-tay-chong-cat-tempdex-720-23-28cm-hang-mapa\/","og_site_name":"Healthcare Vietnam","article_publisher":"https:\/\/www.facebook.com\/healthcarevn","article_modified_time":"2024-11-22T07:49:57+00:00","og_image":[{"width":600,"height":600,"url":"https:\/\/siamcitycement.com.vn\/wp-content\/uploads\/2021\/11\/Healthcarevietnam.com-TempDex-720.jpg","type":"image\/jpeg"}],"twitter_card":"summary_large_image","twitter_misc":{"Est. reading time":"1 minute"},"schema":{"@context":"https:\/\/schema.org","@graph":[{"@type":"WebPage","@id":"https:\/\/siamcitycement.com.vn\/product\/gang-tay-chong-cat-tempdex-720-23-28cm-hang-mapa\/","url":"https:\/\/siamcitycement.com.vn\/product\/gang-tay-chong-cat-tempdex-720-23-28cm-hang-mapa\/","name":"G\u0103ng tay ch\u1ed1ng c\u1eaft TempDex 720 (23-28cm), h\u00e3ng MAPA","isPartOf":{"@id":"https:\/\/siamcitycement.com.vn\/#website"},"primaryImageOfPage":{"@id":"https:\/\/siamcitycement.com.vn\/product\/gang-tay-chong-cat-tempdex-720-23-28cm-hang-mapa\/#primaryimage"},"image":{"@id":"https:\/\/siamcitycement.com.vn\/product\/gang-tay-chong-cat-tempdex-720-23-28cm-hang-mapa\/#primaryimage"},"thumbnailUrl":"https:\/\/siamcitycement.com.vn\/wp-content\/uploads\/2021\/11\/Healthcarevietnam.com-TempDex-720.jpg","datePublished":"2021-11-08T10:30:50+00:00","dateModified":"2024-11-22T07:49:57+00:00","description":"HealthcareVietnam.com thu\u1ed9c h\u1ec7 th\u1ed1ng cung c\u1ea5p thi\u1ebft b\u1ecb ph\u00f2ng d\u1ecbch c\u1ee7a c\u00f4ng ty T\u01af\u1edcNG KHOA, chuy\u00ean \u0111\u1ed3 ph\u00f2ng d\u1ecbch v\u00e0 BHL\u0110 h\u00e0ng \u0111\u1ea7u Vi\u1ec7t Nam.","breadcrumb":{"@id":"https:\/\/siamcitycement.com.vn\/product\/gang-tay-chong-cat-tempdex-720-23-28cm-hang-mapa\/#breadcrumb"},"inLanguage":"en-US","potentialAction":[{"@type":"ReadAction","target":["https:\/\/siamcitycement.com.vn\/product\/gang-tay-chong-cat-tempdex-720-23-28cm-hang-mapa\/"]}]},{"@type":"ImageObject","inLanguage":"en-US","@id":"https:\/\/siamcitycement.com.vn\/product\/gang-tay-chong-cat-tempdex-720-23-28cm-hang-mapa\/#primaryimage","url":"https:\/\/siamcitycement.com.vn\/wp-content\/uploads\/2021\/11\/Healthcarevietnam.com-TempDex-720.jpg","contentUrl":"https:\/\/siamcitycement.com.vn\/wp-content\/uploads\/2021\/11\/Healthcarevietnam.com-TempDex-720.jpg","width":600,"height":600},{"@type":"BreadcrumbList","@id":"https:\/\/siamcitycement.com.vn\/product\/gang-tay-chong-cat-tempdex-720-23-28cm-hang-mapa\/#breadcrumb","itemListElement":[{"@type":"ListItem","position":1,"name":"Home","item":"https:\/\/siamcitycement.com.vn\/"},{"@type":"ListItem","position":2,"name":"Shop","item":"https:\/\/siamcitycement.com.vn\/?page_id=51"},{"@type":"ListItem","position":3,"name":"G\u0103ng tay ch\u1ed1ng c\u1eaft TempDex 720 (23-28cm), h\u00e3ng MAPA"}]},{"@type":"WebSite","@id":"https:\/\/siamcitycement.com.vn\/#website","url":"https:\/\/siamcitycement.com.vn\/","name":"Healthcare Vietnam","description":"Making a Safer &amp; Healthier Workplace","publisher":{"@id":"https:\/\/siamcitycement.com.vn\/#organization"},"alternateName":"B\u1ea2O H\u1ed8 LAO \u0110\u1ed8NG VI\u1ec6T","potentialAction":[{"@type":"SearchAction","target":{"@type":"EntryPoint","urlTemplate":"https:\/\/siamcitycement.com.vn\/?s={search_term_string}"},"query-input":"required name=search_term_string"}],"inLanguage":"en-US"},{"@type":"Organization","@id":"https:\/\/siamcitycement.com.vn\/#organization","name":"HealthCare Vietnam","alternateName":"TUONG KHOA Limited","url":"https:\/\/siamcitycement.com.vn\/","logo":{"@type":"ImageObject","inLanguage":"en-US","@id":"https:\/\/siamcitycement.com.vn\/#\/schema\/logo\/image\/","url":"https:\/\/siamcitycement.com.vn\/wp-content\/uploads\/2021\/11\/healthcarevietnam.com-SEO.png","contentUrl":"https:\/\/siamcitycement.com.vn\/wp-content\/uploads\/2021\/11\/healthcarevietnam.com-SEO.png","width":200,"height":200,"caption":"HealthCare Vietnam"},"image":{"@id":"https:\/\/siamcitycement.com.vn\/#\/schema\/logo\/image\/"},"sameAs":["https:\/\/www.facebook.com\/healthcarevn","https:\/\/www.youtube.com\/@healthcarevietnam","https:\/\/www.linkedin.com\/company\/healthcarevietnam"],"description":"TUONG KHOA Limited l\u00e0 \u0111\u1ea1i l\u00fd cung c\u1ea5p BHLD nh\u1eadp kh\u1ea9u c\u1ee7a nhi\u1ec1u nh\u00e3n hi\u1ec7u Qu\u1ed1c t\u1ebf t\u1ea1i Vi\u1ec7t Nam","email":"board@tksafety.com.vn","telephone":"0966449449","legalName":"T\u01af\u1edcNG KHOA Trading & Services Company Limited","foundingDate":"2006-07-15","iso6523Code":"ISO 9001","numberOfEmployees":{"@type":"QuantitativeValue","minValue":"11","maxValue":"50"},"ownershipFundingInfo":"https:\/\/siamcitycement.com.vn\/?page_id=18123","actionableFeedbackPolicy":"https:\/\/siamcitycement.com.vn\/?page_id=18123","correctionsPolicy":"https:\/\/siamcitycement.com.vn\/?page_id=18123","ethicsPolicy":"https:\/\/siamcitycement.com.vn\/?page_id=18123","diversityPolicy":"https:\/\/siamcitycement.com.vn\/?page_id=18123","diversityStaffingReport":"https:\/\/siamcitycement.com.vn\/?page_id=18123"}]}},"_links":{"self":[{"href":"https:\/\/siamcitycement.com.vn\/index.php?rest_route=\/wp\/v2\/product\/19017","targetHints":{"allow":["GET"]}}],"collection":[{"href":"https:\/\/siamcitycement.com.vn\/index.php?rest_route=\/wp\/v2\/product"}],"about":[{"href":"https:\/\/siamcitycement.com.vn\/index.php?rest_route=\/wp\/v2\/types\/product"}],"replies":[{"embeddable":true,"href":"https:\/\/siamcitycement.com.vn\/index.php?rest_route=%2Fwp%2Fv2%2Fcomments&post=19017"}],"wp:featuredmedia":[{"embeddable":true,"href":"https:\/\/siamcitycement.com.vn\/index.php?rest_route=\/wp\/v2\/media\/19021"}],"wp:attachment":[{"href":"https:\/\/siamcitycement.com.vn\/index.php?rest_route=%2Fwp%2Fv2%2Fmedia&parent=19017"}],"wp:term":[{"taxonomy":"product_cat","embeddable":true,"href":"https:\/\/siamcitycement.com.vn\/index.php?rest_route=%2Fwp%2Fv2%2Fproduct_cat&post=19017"},{"taxonomy":"product_tag","embeddable":true,"href":"https:\/\/siamcitycement.com.vn\/index.php?rest_route=%2Fwp%2Fv2%2Fproduct_tag&post=19017"}],"curies":[{"name":"wp","href":"https:\/\/api.w.org\/{rel}","templated":true}]}}