{"id":19204,"date":"2022-03-25T07:03:25","date_gmt":"2022-03-25T07:03:25","guid":{"rendered":"https:\/\/siamcitycement.com.vn\/?post_type=product&#038;p=19204"},"modified":"2024-11-22T07:49:37","modified_gmt":"2024-11-22T07:49:37","slug":"khau-trang-3m-9001a","status":"publish","type":"product","link":"https:\/\/siamcitycement.com.vn\/?product=khau-trang-3m-9001a","title":{"rendered":"Kh\u1ea9u trang 3M 9001A"},"content":{"rendered":"<p>[vc_row][vc_column][vc_column_text]<\/p>\n<h3 id=\"uu_diem_noi_bat_khau_trang_3M_9001A\"><strong>\u0110i\u1ec3m n\u1ed5i b\u1eadt c\u1ee7a kh\u1ea9u trang 3M 9001A:<\/strong><\/h3>\n<p><strong>\u0110\u1ea1t ti\u00eau chu\u1ea9n kh\u1eaft khe c\u1ee7a c\u00e1c n\u01b0\u1edbc:<\/strong><\/p>\n<ul>\n<li>Ti\u00eau chu\u1ea9n \u00dac\/ New Zealand AS\/NZS 1716-2003<\/li>\n<li>\u0110\u00e1p \u1ee9ng theo ti\u00eau chu\u1ea9n P1 Ch\u00e2u \u00c2u: Hi\u1ec7u qu\u1ea3 l\u1ecdc t\u1ed1i thi\u1ec3u 80% \u0111\u1ed1i v\u1edbi h\u1ea1t\/ b\u1ee5i v\u00e0 sol kh\u00ed [Theo b\u00e1o c\u00e1o k\u1ebft qu\u1ea3 ki\u1ec3m nghi\u1ec7m s\u1ed1 22325 b\u1edfi C\u01a1 quan ki\u1ec3m tra an to\u00e0n \u00dac].<\/li>\n<li>Ti\u00eau chu\u1ea9n Trung Qu\u1ed1c GB2626-2006 KN90<\/li>\n<\/ul>\n<p><em>Kh\u1ea9u trang l\u1ecdc b\u1ee5i\u00a03M 9001A<\/em> \u0111\u1ea1t ti\u00eau chu\u1ea9n \u00dac\/ New Zealand AS\/NZS 1716-2003 n\u00ean c\u00f3 kh\u1ea3 n\u0103ng l\u1ecdc \u0111\u01b0\u1ee3c \u00edt nh\u1ea5t 80% c\u00e1c h\u1ea1t b\u1ee5i m\u1ecbn, vi khu\u1ea9n virus c\u00f3 k\u00edch th\u01b0\u1edbc 0.3 micromet hay PM0.3.<\/p>\n<p>L\u1ecdch\u1ea1t b\u1ee5i si\u00eau m\u1ecbn P2.5 c\u00f3 k\u00edch th\u01b0\u1edbc nh\u1ecf b\u1eb1ng 1\/20 s\u1ee3i t\u00f3c ng\u01b0\u1eddi do \u00f4 nhi\u1ec5m m\u00f4i tr\u01b0\u1eddng g\u00e2y ra.[\/vc_column_text][\/vc_column][\/vc_row][vc_row][vc_column][vc_empty_space][\/vc_column][\/vc_row][vc_row][vc_column][vc_column_text]<\/p>\n<h3><strong>3M 9001A s\u1eed d\u1ee5ng cho c\u00f4ng vi\u1ec7c:<\/strong><\/h3>\n<p>\u2022 M\u00e0i<br \/>\n\u2022 Ch\u00e0 nh\u00e1m<br \/>\n\u2022 \u0110\u00e1nh b\u00f3ng<br \/>\n\u2022 \u0110\u00f3ng bao<br \/>\n\u2022 B\u1ea3o d\u01b0\u1ee1ng m\u00e1y m\u00f3c<br \/>\n\u2022 Th\u00e1o d\u1ee1 c\u00f4ng tr\u00ecnh<br \/>\n\u2022 C\u00e1c ng\u00e0nh ngh\u1ec1, c\u00f4ng vi\u1ec7c ph\u00e1t sinh b\u1ee5i kh\u00e1c[\/vc_column_text][\/vc_column][\/vc_row][vc_row][vc_column][vc_empty_space][\/vc_column][\/vc_row][vc_row][vc_column][vc_single_image image=&#8221;19208&#8243; img_size=&#8221;full&#8221; alignment=&#8221;center&#8221; title=&#8221;Tem ch\u1ed1ng h\u00e3ng gi\u1ea3 kh\u1ea9u trang 3M 9001A:&#8221;][\/vc_column][\/vc_row][vc_row][vc_column][vc_empty_space height=&#8221;100&#8243;][\/vc_column][\/vc_row][vc_row][vc_column][vc_video link=&#8221;https:\/\/youtu.be\/Hlvo5HSL8aE&#8221; align=&#8221;center&#8221;][\/vc_column][\/vc_row]<\/p>\n","protected":false},"excerpt":{"rendered":"<ul class=\"MMM--pdpList SNAPS--bullets js--bnftsPdPList\">\n<li>\u0110\u1ea1t ti\u00eau chu\u1ea9n P1: l\u1ecdc \u0111\u01b0\u1ee3c t\u1ed1i thi\u1ec3u 80% b\u1ee5i v\u00e0 sol kh\u00ed kh\u00f4ng c\u00f3 g\u1ed1c d\u1ea7u<\/li>\n<li>Thanh \u0111i\u1ec1u ch\u1ec9nh \u0111\u1ed9 k\u00edn tr\u00ean m\u0169i c\u00f3 th\u1ec3 \u0111i\u1ec1u ch\u1ec9nh t\u1ea1o \u0111\u1ed9 k\u00edn kh\u00edt c\u1ee7a kh\u1ea9u trang v\u1edbi g\u01b0\u01a1ng m\u1eb7t, t\u0103ng kh\u1ea3 n\u0103ng b\u1ea3o v\u1ec7<\/li>\n<li>D\u00e2y mang qua tai, v\u00e0 k\u00edch th\u01b0\u1edbc l\u1edbn ph\u00f9 h\u1ee3p v\u1edbi nh\u1eefng ng\u01b0\u1eddi c\u00f3 khu\u00f4n m\u1eb7t v\u1eeba<\/li>\n<li>Thi\u1ebft k\u1ebf d\u1ea1ng g\u1ea5p, d\u1ec5 mang theo<\/li>\n<\/ul>\n<h3>G\u1ecdi ngay: <span style=\"color: #0000ff;\"><a style=\"color: #0000ff;\" href=\"tel:0903739488\">0903739488<\/a><\/span><\/h3>\n","protected":false},"featured_media":19206,"comment_status":"closed","ping_status":"closed","template":"","meta":[],"product_cat":[107],"product_tag":[218],"class_list":{"0":"post-19204","1":"product","2":"type-product","3":"status-publish","4":"has-post-thumbnail","6":"product_cat-khau-trang","7":"product_tag-khau-trang-3m-9001a","8":"ts_product_brand-3m","10":"first","11":"instock","12":"shipping-taxable","13":"product-type-simple"},"yoast_head":"<!-- This site is optimized with the Yoast SEO Premium plugin v22.3 (Yoast SEO v22.3) - https:\/\/yoast.com\/wordpress\/plugins\/seo\/ -->\n<title>Healthcare Vietnam | Kh\u1ea9u trang 3M 9001A<\/title>\n<meta name=\"description\" content=\"HealthcareVietnam.com thu\u1ed9c h\u1ec7 th\u1ed1ng cung c\u1ea5p thi\u1ebft b\u1ecb ph\u00f2ng d\u1ecbch c\u1ee7a c\u00f4ng ty T\u01af\u1edcNG KHOA, chuy\u00ean \u0111\u1ed3 ph\u00f2ng d\u1ecbch v\u00e0 BHL\u0110 h\u00e0ng \u0111\u1ea7u Vi\u1ec7t Nam.\" \/>\n<meta name=\"robots\" content=\"index, follow, max-snippet:-1, max-image-preview:large, max-video-preview:-1\" \/>\n<link rel=\"canonical\" href=\"https:\/\/siamcitycement.com.vn\/product\/khau-trang-3m-9001a\/\" \/>\n<meta property=\"og:locale\" content=\"en_US\" \/>\n<meta property=\"og:type\" content=\"article\" \/>\n<meta property=\"og:title\" content=\"Healthcare Vietnam | Kh\u1ea9u trang 3M 9001A\" \/>\n<meta property=\"og:description\" content=\"HealthcareVietnam.com thu\u1ed9c h\u1ec7 th\u1ed1ng cung c\u1ea5p thi\u1ebft b\u1ecb ph\u00f2ng d\u1ecbch c\u1ee7a c\u00f4ng ty T\u01af\u1edcNG KHOA, chuy\u00ean \u0111\u1ed3 ph\u00f2ng d\u1ecbch v\u00e0 BHL\u0110 h\u00e0ng \u0111\u1ea7u Vi\u1ec7t Nam.\" \/>\n<meta property=\"og:url\" content=\"https:\/\/siamcitycement.com.vn\/product\/khau-trang-3m-9001a\/\" \/>\n<meta property=\"og:site_name\" content=\"Healthcare Vietnam\" \/>\n<meta property=\"article:publisher\" content=\"https:\/\/www.facebook.com\/healthcarevn\" \/>\n<meta property=\"article:modified_time\" content=\"2024-11-22T07:49:37+00:00\" \/>\n<meta property=\"og:image\" content=\"https:\/\/siamcitycement.com.vn\/wp-content\/uploads\/2022\/03\/safetyshop.vn-3M-9001A-mask.gif\" \/>\n\t<meta property=\"og:image:width\" content=\"600\" \/>\n\t<meta property=\"og:image:height\" content=\"600\" \/>\n\t<meta property=\"og:image:type\" content=\"image\/gif\" \/>\n<meta name=\"twitter:card\" content=\"summary_large_image\" \/>\n<meta name=\"twitter:label1\" content=\"Est. reading time\" \/>\n\t<meta name=\"twitter:data1\" content=\"1 minute\" \/>\n<script type=\"application\/ld+json\" class=\"yoast-schema-graph\">{\"@context\":\"https:\/\/schema.org\",\"@graph\":[{\"@type\":\"WebPage\",\"@id\":\"https:\/\/siamcitycement.com.vn\/product\/khau-trang-3m-9001a\/\",\"url\":\"https:\/\/siamcitycement.com.vn\/product\/khau-trang-3m-9001a\/\",\"name\":\"Healthcare Vietnam | Kh\u1ea9u trang 3M 9001A\",\"isPartOf\":{\"@id\":\"https:\/\/siamcitycement.com.vn\/#website\"},\"primaryImageOfPage\":{\"@id\":\"https:\/\/siamcitycement.com.vn\/product\/khau-trang-3m-9001a\/#primaryimage\"},\"image\":{\"@id\":\"https:\/\/siamcitycement.com.vn\/product\/khau-trang-3m-9001a\/#primaryimage\"},\"thumbnailUrl\":\"https:\/\/siamcitycement.com.vn\/wp-content\/uploads\/2022\/03\/safetyshop.vn-3M-9001A-mask.gif\",\"datePublished\":\"2022-03-25T07:03:25+00:00\",\"dateModified\":\"2024-11-22T07:49:37+00:00\",\"description\":\"HealthcareVietnam.com thu\u1ed9c h\u1ec7 th\u1ed1ng cung c\u1ea5p thi\u1ebft b\u1ecb ph\u00f2ng d\u1ecbch c\u1ee7a c\u00f4ng ty T\u01af\u1edcNG KHOA, chuy\u00ean \u0111\u1ed3 ph\u00f2ng d\u1ecbch v\u00e0 BHL\u0110 h\u00e0ng \u0111\u1ea7u Vi\u1ec7t Nam.\",\"breadcrumb\":{\"@id\":\"https:\/\/siamcitycement.com.vn\/product\/khau-trang-3m-9001a\/#breadcrumb\"},\"inLanguage\":\"en-US\",\"potentialAction\":[{\"@type\":\"ReadAction\",\"target\":[\"https:\/\/siamcitycement.com.vn\/product\/khau-trang-3m-9001a\/\"]}]},{\"@type\":\"ImageObject\",\"inLanguage\":\"en-US\",\"@id\":\"https:\/\/siamcitycement.com.vn\/product\/khau-trang-3m-9001a\/#primaryimage\",\"url\":\"https:\/\/siamcitycement.com.vn\/wp-content\/uploads\/2022\/03\/safetyshop.vn-3M-9001A-mask.gif\",\"contentUrl\":\"https:\/\/siamcitycement.com.vn\/wp-content\/uploads\/2022\/03\/safetyshop.vn-3M-9001A-mask.gif\",\"width\":600,\"height\":600},{\"@type\":\"BreadcrumbList\",\"@id\":\"https:\/\/siamcitycement.com.vn\/product\/khau-trang-3m-9001a\/#breadcrumb\",\"itemListElement\":[{\"@type\":\"ListItem\",\"position\":1,\"name\":\"Home\",\"item\":\"https:\/\/siamcitycement.com.vn\/\"},{\"@type\":\"ListItem\",\"position\":2,\"name\":\"Shop\",\"item\":\"https:\/\/siamcitycement.com.vn\/?page_id=51\"},{\"@type\":\"ListItem\",\"position\":3,\"name\":\"Kh\u1ea9u trang 3M 9001A\"}]},{\"@type\":\"WebSite\",\"@id\":\"https:\/\/siamcitycement.com.vn\/#website\",\"url\":\"https:\/\/siamcitycement.com.vn\/\",\"name\":\"Healthcare Vietnam\",\"description\":\"Making a Safer &amp; Healthier Workplace\",\"publisher\":{\"@id\":\"https:\/\/siamcitycement.com.vn\/#organization\"},\"alternateName\":\"B\u1ea2O H\u1ed8 LAO \u0110\u1ed8NG VI\u1ec6T\",\"potentialAction\":[{\"@type\":\"SearchAction\",\"target\":{\"@type\":\"EntryPoint\",\"urlTemplate\":\"https:\/\/siamcitycement.com.vn\/?s={search_term_string}\"},\"query-input\":\"required name=search_term_string\"}],\"inLanguage\":\"en-US\"},{\"@type\":\"Organization\",\"@id\":\"https:\/\/siamcitycement.com.vn\/#organization\",\"name\":\"HealthCare Vietnam\",\"alternateName\":\"TUONG KHOA Limited\",\"url\":\"https:\/\/siamcitycement.com.vn\/\",\"logo\":{\"@type\":\"ImageObject\",\"inLanguage\":\"en-US\",\"@id\":\"https:\/\/siamcitycement.com.vn\/#\/schema\/logo\/image\/\",\"url\":\"https:\/\/siamcitycement.com.vn\/wp-content\/uploads\/2021\/11\/healthcarevietnam.com-SEO.png\",\"contentUrl\":\"https:\/\/siamcitycement.com.vn\/wp-content\/uploads\/2021\/11\/healthcarevietnam.com-SEO.png\",\"width\":200,\"height\":200,\"caption\":\"HealthCare Vietnam\"},\"image\":{\"@id\":\"https:\/\/siamcitycement.com.vn\/#\/schema\/logo\/image\/\"},\"sameAs\":[\"https:\/\/www.facebook.com\/healthcarevn\",\"https:\/\/www.youtube.com\/@healthcarevietnam\",\"https:\/\/www.linkedin.com\/company\/healthcarevietnam\"],\"description\":\"TUONG KHOA Limited l\u00e0 \u0111\u1ea1i l\u00fd cung c\u1ea5p BHLD nh\u1eadp kh\u1ea9u c\u1ee7a nhi\u1ec1u nh\u00e3n hi\u1ec7u Qu\u1ed1c t\u1ebf t\u1ea1i Vi\u1ec7t Nam\",\"email\":\"board@tksafety.com.vn\",\"telephone\":\"0966449449\",\"legalName\":\"T\u01af\u1edcNG KHOA Trading & Services Company Limited\",\"foundingDate\":\"2006-07-15\",\"iso6523Code\":\"ISO 9001\",\"numberOfEmployees\":{\"@type\":\"QuantitativeValue\",\"minValue\":\"11\",\"maxValue\":\"50\"},\"ownershipFundingInfo\":\"https:\/\/siamcitycement.com.vn\/?page_id=18123\",\"actionableFeedbackPolicy\":\"https:\/\/siamcitycement.com.vn\/?page_id=18123\",\"correctionsPolicy\":\"https:\/\/siamcitycement.com.vn\/?page_id=18123\",\"ethicsPolicy\":\"https:\/\/siamcitycement.com.vn\/?page_id=18123\",\"diversityPolicy\":\"https:\/\/siamcitycement.com.vn\/?page_id=18123\",\"diversityStaffingReport\":\"https:\/\/siamcitycement.com.vn\/?page_id=18123\"}]}<\/script>\n<!-- \/ Yoast SEO Premium plugin. -->","yoast_head_json":{"title":"Healthcare Vietnam | Kh\u1ea9u trang 3M 9001A","description":"HealthcareVietnam.com thu\u1ed9c h\u1ec7 th\u1ed1ng cung c\u1ea5p thi\u1ebft b\u1ecb ph\u00f2ng d\u1ecbch c\u1ee7a c\u00f4ng ty T\u01af\u1edcNG KHOA, chuy\u00ean \u0111\u1ed3 ph\u00f2ng d\u1ecbch v\u00e0 BHL\u0110 h\u00e0ng \u0111\u1ea7u Vi\u1ec7t Nam.","robots":{"index":"index","follow":"follow","max-snippet":"max-snippet:-1","max-image-preview":"max-image-preview:large","max-video-preview":"max-video-preview:-1"},"canonical":"https:\/\/siamcitycement.com.vn\/product\/khau-trang-3m-9001a\/","og_locale":"en_US","og_type":"article","og_title":"Healthcare Vietnam | Kh\u1ea9u trang 3M 9001A","og_description":"HealthcareVietnam.com thu\u1ed9c h\u1ec7 th\u1ed1ng cung c\u1ea5p thi\u1ebft b\u1ecb ph\u00f2ng d\u1ecbch c\u1ee7a c\u00f4ng ty T\u01af\u1edcNG KHOA, chuy\u00ean \u0111\u1ed3 ph\u00f2ng d\u1ecbch v\u00e0 BHL\u0110 h\u00e0ng \u0111\u1ea7u Vi\u1ec7t Nam.","og_url":"https:\/\/siamcitycement.com.vn\/product\/khau-trang-3m-9001a\/","og_site_name":"Healthcare Vietnam","article_publisher":"https:\/\/www.facebook.com\/healthcarevn","article_modified_time":"2024-11-22T07:49:37+00:00","og_image":[{"width":600,"height":600,"url":"https:\/\/siamcitycement.com.vn\/wp-content\/uploads\/2022\/03\/safetyshop.vn-3M-9001A-mask.gif","type":"image\/gif"}],"twitter_card":"summary_large_image","twitter_misc":{"Est. reading time":"1 minute"},"schema":{"@context":"https:\/\/schema.org","@graph":[{"@type":"WebPage","@id":"https:\/\/siamcitycement.com.vn\/product\/khau-trang-3m-9001a\/","url":"https:\/\/siamcitycement.com.vn\/product\/khau-trang-3m-9001a\/","name":"Healthcare Vietnam | Kh\u1ea9u trang 3M 9001A","isPartOf":{"@id":"https:\/\/siamcitycement.com.vn\/#website"},"primaryImageOfPage":{"@id":"https:\/\/siamcitycement.com.vn\/product\/khau-trang-3m-9001a\/#primaryimage"},"image":{"@id":"https:\/\/siamcitycement.com.vn\/product\/khau-trang-3m-9001a\/#primaryimage"},"thumbnailUrl":"https:\/\/siamcitycement.com.vn\/wp-content\/uploads\/2022\/03\/safetyshop.vn-3M-9001A-mask.gif","datePublished":"2022-03-25T07:03:25+00:00","dateModified":"2024-11-22T07:49:37+00:00","description":"HealthcareVietnam.com thu\u1ed9c h\u1ec7 th\u1ed1ng cung c\u1ea5p thi\u1ebft b\u1ecb ph\u00f2ng d\u1ecbch c\u1ee7a c\u00f4ng ty T\u01af\u1edcNG KHOA, chuy\u00ean \u0111\u1ed3 ph\u00f2ng d\u1ecbch v\u00e0 BHL\u0110 h\u00e0ng \u0111\u1ea7u Vi\u1ec7t Nam.","breadcrumb":{"@id":"https:\/\/siamcitycement.com.vn\/product\/khau-trang-3m-9001a\/#breadcrumb"},"inLanguage":"en-US","potentialAction":[{"@type":"ReadAction","target":["https:\/\/siamcitycement.com.vn\/product\/khau-trang-3m-9001a\/"]}]},{"@type":"ImageObject","inLanguage":"en-US","@id":"https:\/\/siamcitycement.com.vn\/product\/khau-trang-3m-9001a\/#primaryimage","url":"https:\/\/siamcitycement.com.vn\/wp-content\/uploads\/2022\/03\/safetyshop.vn-3M-9001A-mask.gif","contentUrl":"https:\/\/siamcitycement.com.vn\/wp-content\/uploads\/2022\/03\/safetyshop.vn-3M-9001A-mask.gif","width":600,"height":600},{"@type":"BreadcrumbList","@id":"https:\/\/siamcitycement.com.vn\/product\/khau-trang-3m-9001a\/#breadcrumb","itemListElement":[{"@type":"ListItem","position":1,"name":"Home","item":"https:\/\/siamcitycement.com.vn\/"},{"@type":"ListItem","position":2,"name":"Shop","item":"https:\/\/siamcitycement.com.vn\/?page_id=51"},{"@type":"ListItem","position":3,"name":"Kh\u1ea9u trang 3M 9001A"}]},{"@type":"WebSite","@id":"https:\/\/siamcitycement.com.vn\/#website","url":"https:\/\/siamcitycement.com.vn\/","name":"Healthcare Vietnam","description":"Making a Safer &amp; Healthier Workplace","publisher":{"@id":"https:\/\/siamcitycement.com.vn\/#organization"},"alternateName":"B\u1ea2O H\u1ed8 LAO \u0110\u1ed8NG VI\u1ec6T","potentialAction":[{"@type":"SearchAction","target":{"@type":"EntryPoint","urlTemplate":"https:\/\/siamcitycement.com.vn\/?s={search_term_string}"},"query-input":"required name=search_term_string"}],"inLanguage":"en-US"},{"@type":"Organization","@id":"https:\/\/siamcitycement.com.vn\/#organization","name":"HealthCare Vietnam","alternateName":"TUONG KHOA Limited","url":"https:\/\/siamcitycement.com.vn\/","logo":{"@type":"ImageObject","inLanguage":"en-US","@id":"https:\/\/siamcitycement.com.vn\/#\/schema\/logo\/image\/","url":"https:\/\/siamcitycement.com.vn\/wp-content\/uploads\/2021\/11\/healthcarevietnam.com-SEO.png","contentUrl":"https:\/\/siamcitycement.com.vn\/wp-content\/uploads\/2021\/11\/healthcarevietnam.com-SEO.png","width":200,"height":200,"caption":"HealthCare Vietnam"},"image":{"@id":"https:\/\/siamcitycement.com.vn\/#\/schema\/logo\/image\/"},"sameAs":["https:\/\/www.facebook.com\/healthcarevn","https:\/\/www.youtube.com\/@healthcarevietnam","https:\/\/www.linkedin.com\/company\/healthcarevietnam"],"description":"TUONG KHOA Limited l\u00e0 \u0111\u1ea1i l\u00fd cung c\u1ea5p BHLD nh\u1eadp kh\u1ea9u c\u1ee7a nhi\u1ec1u nh\u00e3n hi\u1ec7u Qu\u1ed1c t\u1ebf t\u1ea1i Vi\u1ec7t Nam","email":"board@tksafety.com.vn","telephone":"0966449449","legalName":"T\u01af\u1edcNG KHOA Trading & Services Company Limited","foundingDate":"2006-07-15","iso6523Code":"ISO 9001","numberOfEmployees":{"@type":"QuantitativeValue","minValue":"11","maxValue":"50"},"ownershipFundingInfo":"https:\/\/siamcitycement.com.vn\/?page_id=18123","actionableFeedbackPolicy":"https:\/\/siamcitycement.com.vn\/?page_id=18123","correctionsPolicy":"https:\/\/siamcitycement.com.vn\/?page_id=18123","ethicsPolicy":"https:\/\/siamcitycement.com.vn\/?page_id=18123","diversityPolicy":"https:\/\/siamcitycement.com.vn\/?page_id=18123","diversityStaffingReport":"https:\/\/siamcitycement.com.vn\/?page_id=18123"}]}},"_links":{"self":[{"href":"https:\/\/siamcitycement.com.vn\/index.php?rest_route=\/wp\/v2\/product\/19204","targetHints":{"allow":["GET"]}}],"collection":[{"href":"https:\/\/siamcitycement.com.vn\/index.php?rest_route=\/wp\/v2\/product"}],"about":[{"href":"https:\/\/siamcitycement.com.vn\/index.php?rest_route=\/wp\/v2\/types\/product"}],"replies":[{"embeddable":true,"href":"https:\/\/siamcitycement.com.vn\/index.php?rest_route=%2Fwp%2Fv2%2Fcomments&post=19204"}],"wp:featuredmedia":[{"embeddable":true,"href":"https:\/\/siamcitycement.com.vn\/index.php?rest_route=\/wp\/v2\/media\/19206"}],"wp:attachment":[{"href":"https:\/\/siamcitycement.com.vn\/index.php?rest_route=%2Fwp%2Fv2%2Fmedia&parent=19204"}],"wp:term":[{"taxonomy":"product_cat","embeddable":true,"href":"https:\/\/siamcitycement.com.vn\/index.php?rest_route=%2Fwp%2Fv2%2Fproduct_cat&post=19204"},{"taxonomy":"product_tag","embeddable":true,"href":"https:\/\/siamcitycement.com.vn\/index.php?rest_route=%2Fwp%2Fv2%2Fproduct_tag&post=19204"}],"curies":[{"name":"wp","href":"https:\/\/api.w.org\/{rel}","templated":true}]}}