{"id":19209,"date":"2022-03-25T08:23:06","date_gmt":"2022-03-25T08:23:06","guid":{"rendered":"https:\/\/siamcitycement.com.vn\/?post_type=product&#038;p=19209"},"modified":"2024-11-22T07:49:28","modified_gmt":"2024-11-22T07:49:28","slug":"khau-trang-3m-9001v","status":"publish","type":"product","link":"https:\/\/siamcitycement.com.vn\/?product=khau-trang-3m-9001v","title":{"rendered":"Kh\u1ea9u trang 3M 9001V"},"content":{"rendered":"<p>[vc_row][vc_column][vc_column_text]<\/p>\n<ul class=\"MMM--pdpList SNAPS--bullets\">\n<li>\u0110\u1ea1t ti\u00eau chu\u1ea9n P1: l\u1ecdc \u0111\u01b0\u1ee3c t\u1ed1i thi\u1ec3u 80% b\u1ee5i v\u00e0 sol kh\u00ed kh\u00f4ng c\u00f3 g\u1ed1c d\u1ea7u<\/li>\n<li>Thanh \u0111i\u1ec1u ch\u1ec9nh \u0111\u1ed9 k\u00edn tr\u00ean m\u0169i c\u00f3 th\u1ec3 \u0111i\u1ec1u ch\u1ec9nh t\u1ea1o \u0111\u1ed9 k\u00edn kh\u00edt c\u1ee7a kh\u1ea9u trang v\u1edbi g\u01b0\u01a1ng m\u1eb7t, t\u0103ng kh\u1ea3 n\u0103ng b\u1ea3o v\u1ec7<\/li>\n<li>Van th\u1edf 1 chi\u1ec1u 3M\u2122 Cool Flow\u2122 gi\u1ea3m s\u1ee9c c\u1ea3n khi th\u1edf ra, gi\u00fap th\u1edf d\u1ec5 d\u00e0ng v\u00e0 tho\u1ea3i m\u00e1i h\u01a1n<\/li>\n<li>D\u00e2y mang qua tai, v\u00e0 k\u00edch th\u01b0\u1edbc l\u1edbn ph\u00f9 h\u1ee3p v\u1edbi nh\u1eefng ng\u01b0\u1eddi c\u00f3 khu\u00f4n m\u1eb7t v\u1eeba<\/li>\n<li>Van th\u1edf m\u1ed9t chi\u1ec1u gi\u00fap gi\u1ea3m nhi\u1ec7t ph\u00eda trong m\u1eb7t n\u1ea1 v\u00e0 tho\u1ea3i m\u00e1i h\u01a1n<\/li>\n<\/ul>\n<p>[\/vc_column_text][\/vc_column][\/vc_row][vc_row][vc_column][vc_empty_space][\/vc_column][\/vc_row][vc_row][vc_column][vc_column_text]Kh\u1ea9u trang 3M 9001V \u1ee9ng d\u1ee5ng trong m\u00f4i tr\u01b0\u1eddng m\u00e0i, ch\u00e0 nh\u00e1m, m\u00e0i, \u0111\u00f3ng g\u00f3i, c\u1eaft ho\u1eb7c trong m\u00f4i tr\u01b0\u1eddng b\u1ee5i.[\/vc_column_text][\/vc_column][\/vc_row][vc_row][vc_column][vc_empty_space][\/vc_column][\/vc_row][vc_row][vc_column][vc_single_image image=&#8221;19214&#8243; img_size=&#8221;full&#8221; alignment=&#8221;center&#8221; title=&#8221;Cam k\u1ebft h\u00e0ng chi1nhh h\u00e3ng:&#8221;][\/vc_column][\/vc_row][vc_row][vc_column][vc_empty_space height=&#8221;100&#8243;][\/vc_column][\/vc_row][vc_row][vc_column][vc_video link=&#8221;https:\/\/youtu.be\/fWNIU6IrCwU&#8221; align=&#8221;center&#8221;][\/vc_column][\/vc_row]<\/p>\n","protected":false},"excerpt":{"rendered":"<ul class=\"MMM--pdpList SNAPS--bullets js--bnftsPdPList\">\n<li><strong>Ch\u1ea5t li\u1ec7u:\u00a0<\/strong>Gi\u1ea5y s\u1ee3i ho\u1ea1t t\u00ednh, d\u00e2y \u0111eo\u00a0v\u00e0 t\u1ea5t c\u1ea3 c\u00e1c lo\u1ea1i cao su.<strong>Ti\u00eau chu\u1ea9n:<\/strong>\u00a0AS\/NZS P1, GB2626-2006 KN90<\/li>\n<li>Van th\u1edf 1 chi\u1ec1u 3M\u2122 Cool Flow\u2122 gi\u1ea3m s\u1ee9c c\u1ea3n khi th\u1edf ra, gi\u00fap th\u1edf d\u1ec5 d\u00e0ng v\u00e0 tho\u1ea3i m\u00e1i h\u01a1n<span class=\"SNAPS--viewMoreDetails js-viewMore MMM--txt_bold\" data-url=\"N10095\">\u00a0<\/span><\/li>\n<\/ul>\n<h3>G\u1ecdi ngay: <span style=\"color: #0000ff;\"><a style=\"color: #0000ff;\" href=\"tel:0903739488\">0903739488<\/a><\/span><\/h3>\n","protected":false},"featured_media":19211,"comment_status":"closed","ping_status":"closed","template":"","meta":[],"product_cat":[107],"product_tag":[219],"class_list":{"0":"post-19209","1":"product","2":"type-product","3":"status-publish","4":"has-post-thumbnail","6":"product_cat-khau-trang","7":"product_tag-khau-trang-3m-9001v","8":"ts_product_brand-3m","10":"first","11":"instock","12":"shipping-taxable","13":"product-type-simple"},"yoast_head":"<!-- This site is optimized with the Yoast SEO Premium plugin v22.3 (Yoast SEO v22.3) - https:\/\/yoast.com\/wordpress\/plugins\/seo\/ -->\n<title>Healthcare Vietnam | Kh\u1ea9u trang 3M 9001V<\/title>\n<meta name=\"description\" content=\"HealthcareVietnam.com thu\u1ed9c h\u1ec7 th\u1ed1ng cung c\u1ea5p thi\u1ebft b\u1ecb ph\u00f2ng d\u1ecbch c\u1ee7a c\u00f4ng ty T\u01af\u1edcNG KHOA, chuy\u00ean \u0111\u1ed3 ph\u00f2ng d\u1ecbch v\u00e0 BHL\u0110 h\u00e0ng \u0111\u1ea7u Vi\u1ec7t Nam.\" \/>\n<meta name=\"robots\" content=\"index, follow, max-snippet:-1, max-image-preview:large, max-video-preview:-1\" \/>\n<link rel=\"canonical\" href=\"https:\/\/siamcitycement.com.vn\/product\/khau-trang-3m-9001v\/\" \/>\n<meta property=\"og:locale\" content=\"en_US\" \/>\n<meta property=\"og:type\" content=\"article\" \/>\n<meta property=\"og:title\" content=\"Healthcare Vietnam | Kh\u1ea9u trang 3M 9001V\" \/>\n<meta property=\"og:description\" content=\"HealthcareVietnam.com thu\u1ed9c h\u1ec7 th\u1ed1ng cung c\u1ea5p thi\u1ebft b\u1ecb ph\u00f2ng d\u1ecbch c\u1ee7a c\u00f4ng ty T\u01af\u1edcNG KHOA, chuy\u00ean \u0111\u1ed3 ph\u00f2ng d\u1ecbch v\u00e0 BHL\u0110 h\u00e0ng \u0111\u1ea7u Vi\u1ec7t Nam.\" \/>\n<meta property=\"og:url\" content=\"https:\/\/siamcitycement.com.vn\/product\/khau-trang-3m-9001v\/\" \/>\n<meta property=\"og:site_name\" content=\"Healthcare Vietnam\" \/>\n<meta property=\"article:publisher\" content=\"https:\/\/www.facebook.com\/healthcarevn\" \/>\n<meta property=\"article:modified_time\" content=\"2024-11-22T07:49:28+00:00\" \/>\n<meta property=\"og:image\" content=\"https:\/\/siamcitycement.com.vn\/wp-content\/uploads\/2022\/03\/safetyshop.vn-3M-9001V-mask.gif\" \/>\n\t<meta property=\"og:image:width\" content=\"600\" \/>\n\t<meta property=\"og:image:height\" content=\"600\" \/>\n\t<meta property=\"og:image:type\" content=\"image\/gif\" \/>\n<meta name=\"twitter:card\" content=\"summary_large_image\" \/>\n<meta name=\"twitter:label1\" content=\"Est. reading time\" \/>\n\t<meta name=\"twitter:data1\" content=\"1 minute\" \/>\n<script type=\"application\/ld+json\" class=\"yoast-schema-graph\">{\"@context\":\"https:\/\/schema.org\",\"@graph\":[{\"@type\":\"WebPage\",\"@id\":\"https:\/\/siamcitycement.com.vn\/product\/khau-trang-3m-9001v\/\",\"url\":\"https:\/\/siamcitycement.com.vn\/product\/khau-trang-3m-9001v\/\",\"name\":\"Healthcare Vietnam | Kh\u1ea9u trang 3M 9001V\",\"isPartOf\":{\"@id\":\"https:\/\/siamcitycement.com.vn\/#website\"},\"primaryImageOfPage\":{\"@id\":\"https:\/\/siamcitycement.com.vn\/product\/khau-trang-3m-9001v\/#primaryimage\"},\"image\":{\"@id\":\"https:\/\/siamcitycement.com.vn\/product\/khau-trang-3m-9001v\/#primaryimage\"},\"thumbnailUrl\":\"https:\/\/siamcitycement.com.vn\/wp-content\/uploads\/2022\/03\/safetyshop.vn-3M-9001V-mask.gif\",\"datePublished\":\"2022-03-25T08:23:06+00:00\",\"dateModified\":\"2024-11-22T07:49:28+00:00\",\"description\":\"HealthcareVietnam.com thu\u1ed9c h\u1ec7 th\u1ed1ng cung c\u1ea5p thi\u1ebft b\u1ecb ph\u00f2ng d\u1ecbch c\u1ee7a c\u00f4ng ty T\u01af\u1edcNG KHOA, chuy\u00ean \u0111\u1ed3 ph\u00f2ng d\u1ecbch v\u00e0 BHL\u0110 h\u00e0ng \u0111\u1ea7u Vi\u1ec7t Nam.\",\"breadcrumb\":{\"@id\":\"https:\/\/siamcitycement.com.vn\/product\/khau-trang-3m-9001v\/#breadcrumb\"},\"inLanguage\":\"en-US\",\"potentialAction\":[{\"@type\":\"ReadAction\",\"target\":[\"https:\/\/siamcitycement.com.vn\/product\/khau-trang-3m-9001v\/\"]}]},{\"@type\":\"ImageObject\",\"inLanguage\":\"en-US\",\"@id\":\"https:\/\/siamcitycement.com.vn\/product\/khau-trang-3m-9001v\/#primaryimage\",\"url\":\"https:\/\/siamcitycement.com.vn\/wp-content\/uploads\/2022\/03\/safetyshop.vn-3M-9001V-mask.gif\",\"contentUrl\":\"https:\/\/siamcitycement.com.vn\/wp-content\/uploads\/2022\/03\/safetyshop.vn-3M-9001V-mask.gif\",\"width\":600,\"height\":600},{\"@type\":\"BreadcrumbList\",\"@id\":\"https:\/\/siamcitycement.com.vn\/product\/khau-trang-3m-9001v\/#breadcrumb\",\"itemListElement\":[{\"@type\":\"ListItem\",\"position\":1,\"name\":\"Home\",\"item\":\"https:\/\/siamcitycement.com.vn\/\"},{\"@type\":\"ListItem\",\"position\":2,\"name\":\"Shop\",\"item\":\"https:\/\/siamcitycement.com.vn\/?page_id=51\"},{\"@type\":\"ListItem\",\"position\":3,\"name\":\"Kh\u1ea9u trang 3M 9001V\"}]},{\"@type\":\"WebSite\",\"@id\":\"https:\/\/siamcitycement.com.vn\/#website\",\"url\":\"https:\/\/siamcitycement.com.vn\/\",\"name\":\"Healthcare Vietnam\",\"description\":\"Making a Safer &amp; Healthier Workplace\",\"publisher\":{\"@id\":\"https:\/\/siamcitycement.com.vn\/#organization\"},\"alternateName\":\"B\u1ea2O H\u1ed8 LAO \u0110\u1ed8NG VI\u1ec6T\",\"potentialAction\":[{\"@type\":\"SearchAction\",\"target\":{\"@type\":\"EntryPoint\",\"urlTemplate\":\"https:\/\/siamcitycement.com.vn\/?s={search_term_string}\"},\"query-input\":\"required name=search_term_string\"}],\"inLanguage\":\"en-US\"},{\"@type\":\"Organization\",\"@id\":\"https:\/\/siamcitycement.com.vn\/#organization\",\"name\":\"HealthCare Vietnam\",\"alternateName\":\"TUONG KHOA Limited\",\"url\":\"https:\/\/siamcitycement.com.vn\/\",\"logo\":{\"@type\":\"ImageObject\",\"inLanguage\":\"en-US\",\"@id\":\"https:\/\/siamcitycement.com.vn\/#\/schema\/logo\/image\/\",\"url\":\"https:\/\/siamcitycement.com.vn\/wp-content\/uploads\/2021\/11\/healthcarevietnam.com-SEO.png\",\"contentUrl\":\"https:\/\/siamcitycement.com.vn\/wp-content\/uploads\/2021\/11\/healthcarevietnam.com-SEO.png\",\"width\":200,\"height\":200,\"caption\":\"HealthCare Vietnam\"},\"image\":{\"@id\":\"https:\/\/siamcitycement.com.vn\/#\/schema\/logo\/image\/\"},\"sameAs\":[\"https:\/\/www.facebook.com\/healthcarevn\",\"https:\/\/www.youtube.com\/@healthcarevietnam\",\"https:\/\/www.linkedin.com\/company\/healthcarevietnam\"],\"description\":\"TUONG KHOA Limited l\u00e0 \u0111\u1ea1i l\u00fd cung c\u1ea5p BHLD nh\u1eadp kh\u1ea9u c\u1ee7a nhi\u1ec1u nh\u00e3n hi\u1ec7u Qu\u1ed1c t\u1ebf t\u1ea1i Vi\u1ec7t Nam\",\"email\":\"board@tksafety.com.vn\",\"telephone\":\"0966449449\",\"legalName\":\"T\u01af\u1edcNG KHOA Trading & Services Company Limited\",\"foundingDate\":\"2006-07-15\",\"iso6523Code\":\"ISO 9001\",\"numberOfEmployees\":{\"@type\":\"QuantitativeValue\",\"minValue\":\"11\",\"maxValue\":\"50\"},\"ownershipFundingInfo\":\"https:\/\/siamcitycement.com.vn\/?page_id=18123\",\"actionableFeedbackPolicy\":\"https:\/\/siamcitycement.com.vn\/?page_id=18123\",\"correctionsPolicy\":\"https:\/\/siamcitycement.com.vn\/?page_id=18123\",\"ethicsPolicy\":\"https:\/\/siamcitycement.com.vn\/?page_id=18123\",\"diversityPolicy\":\"https:\/\/siamcitycement.com.vn\/?page_id=18123\",\"diversityStaffingReport\":\"https:\/\/siamcitycement.com.vn\/?page_id=18123\"}]}<\/script>\n<!-- \/ Yoast SEO Premium plugin. -->","yoast_head_json":{"title":"Healthcare Vietnam | Kh\u1ea9u trang 3M 9001V","description":"HealthcareVietnam.com thu\u1ed9c h\u1ec7 th\u1ed1ng cung c\u1ea5p thi\u1ebft b\u1ecb ph\u00f2ng d\u1ecbch c\u1ee7a c\u00f4ng ty T\u01af\u1edcNG KHOA, chuy\u00ean \u0111\u1ed3 ph\u00f2ng d\u1ecbch v\u00e0 BHL\u0110 h\u00e0ng \u0111\u1ea7u Vi\u1ec7t Nam.","robots":{"index":"index","follow":"follow","max-snippet":"max-snippet:-1","max-image-preview":"max-image-preview:large","max-video-preview":"max-video-preview:-1"},"canonical":"https:\/\/siamcitycement.com.vn\/product\/khau-trang-3m-9001v\/","og_locale":"en_US","og_type":"article","og_title":"Healthcare Vietnam | Kh\u1ea9u trang 3M 9001V","og_description":"HealthcareVietnam.com thu\u1ed9c h\u1ec7 th\u1ed1ng cung c\u1ea5p thi\u1ebft b\u1ecb ph\u00f2ng d\u1ecbch c\u1ee7a c\u00f4ng ty T\u01af\u1edcNG KHOA, chuy\u00ean \u0111\u1ed3 ph\u00f2ng d\u1ecbch v\u00e0 BHL\u0110 h\u00e0ng \u0111\u1ea7u Vi\u1ec7t Nam.","og_url":"https:\/\/siamcitycement.com.vn\/product\/khau-trang-3m-9001v\/","og_site_name":"Healthcare Vietnam","article_publisher":"https:\/\/www.facebook.com\/healthcarevn","article_modified_time":"2024-11-22T07:49:28+00:00","og_image":[{"width":600,"height":600,"url":"https:\/\/siamcitycement.com.vn\/wp-content\/uploads\/2022\/03\/safetyshop.vn-3M-9001V-mask.gif","type":"image\/gif"}],"twitter_card":"summary_large_image","twitter_misc":{"Est. reading time":"1 minute"},"schema":{"@context":"https:\/\/schema.org","@graph":[{"@type":"WebPage","@id":"https:\/\/siamcitycement.com.vn\/product\/khau-trang-3m-9001v\/","url":"https:\/\/siamcitycement.com.vn\/product\/khau-trang-3m-9001v\/","name":"Healthcare Vietnam | Kh\u1ea9u trang 3M 9001V","isPartOf":{"@id":"https:\/\/siamcitycement.com.vn\/#website"},"primaryImageOfPage":{"@id":"https:\/\/siamcitycement.com.vn\/product\/khau-trang-3m-9001v\/#primaryimage"},"image":{"@id":"https:\/\/siamcitycement.com.vn\/product\/khau-trang-3m-9001v\/#primaryimage"},"thumbnailUrl":"https:\/\/siamcitycement.com.vn\/wp-content\/uploads\/2022\/03\/safetyshop.vn-3M-9001V-mask.gif","datePublished":"2022-03-25T08:23:06+00:00","dateModified":"2024-11-22T07:49:28+00:00","description":"HealthcareVietnam.com thu\u1ed9c h\u1ec7 th\u1ed1ng cung c\u1ea5p thi\u1ebft b\u1ecb ph\u00f2ng d\u1ecbch c\u1ee7a c\u00f4ng ty T\u01af\u1edcNG KHOA, chuy\u00ean \u0111\u1ed3 ph\u00f2ng d\u1ecbch v\u00e0 BHL\u0110 h\u00e0ng \u0111\u1ea7u Vi\u1ec7t Nam.","breadcrumb":{"@id":"https:\/\/siamcitycement.com.vn\/product\/khau-trang-3m-9001v\/#breadcrumb"},"inLanguage":"en-US","potentialAction":[{"@type":"ReadAction","target":["https:\/\/siamcitycement.com.vn\/product\/khau-trang-3m-9001v\/"]}]},{"@type":"ImageObject","inLanguage":"en-US","@id":"https:\/\/siamcitycement.com.vn\/product\/khau-trang-3m-9001v\/#primaryimage","url":"https:\/\/siamcitycement.com.vn\/wp-content\/uploads\/2022\/03\/safetyshop.vn-3M-9001V-mask.gif","contentUrl":"https:\/\/siamcitycement.com.vn\/wp-content\/uploads\/2022\/03\/safetyshop.vn-3M-9001V-mask.gif","width":600,"height":600},{"@type":"BreadcrumbList","@id":"https:\/\/siamcitycement.com.vn\/product\/khau-trang-3m-9001v\/#breadcrumb","itemListElement":[{"@type":"ListItem","position":1,"name":"Home","item":"https:\/\/siamcitycement.com.vn\/"},{"@type":"ListItem","position":2,"name":"Shop","item":"https:\/\/siamcitycement.com.vn\/?page_id=51"},{"@type":"ListItem","position":3,"name":"Kh\u1ea9u trang 3M 9001V"}]},{"@type":"WebSite","@id":"https:\/\/siamcitycement.com.vn\/#website","url":"https:\/\/siamcitycement.com.vn\/","name":"Healthcare Vietnam","description":"Making a Safer &amp; Healthier Workplace","publisher":{"@id":"https:\/\/siamcitycement.com.vn\/#organization"},"alternateName":"B\u1ea2O H\u1ed8 LAO \u0110\u1ed8NG VI\u1ec6T","potentialAction":[{"@type":"SearchAction","target":{"@type":"EntryPoint","urlTemplate":"https:\/\/siamcitycement.com.vn\/?s={search_term_string}"},"query-input":"required name=search_term_string"}],"inLanguage":"en-US"},{"@type":"Organization","@id":"https:\/\/siamcitycement.com.vn\/#organization","name":"HealthCare Vietnam","alternateName":"TUONG KHOA Limited","url":"https:\/\/siamcitycement.com.vn\/","logo":{"@type":"ImageObject","inLanguage":"en-US","@id":"https:\/\/siamcitycement.com.vn\/#\/schema\/logo\/image\/","url":"https:\/\/siamcitycement.com.vn\/wp-content\/uploads\/2021\/11\/healthcarevietnam.com-SEO.png","contentUrl":"https:\/\/siamcitycement.com.vn\/wp-content\/uploads\/2021\/11\/healthcarevietnam.com-SEO.png","width":200,"height":200,"caption":"HealthCare Vietnam"},"image":{"@id":"https:\/\/siamcitycement.com.vn\/#\/schema\/logo\/image\/"},"sameAs":["https:\/\/www.facebook.com\/healthcarevn","https:\/\/www.youtube.com\/@healthcarevietnam","https:\/\/www.linkedin.com\/company\/healthcarevietnam"],"description":"TUONG KHOA Limited l\u00e0 \u0111\u1ea1i l\u00fd cung c\u1ea5p BHLD nh\u1eadp kh\u1ea9u c\u1ee7a nhi\u1ec1u nh\u00e3n hi\u1ec7u Qu\u1ed1c t\u1ebf t\u1ea1i Vi\u1ec7t Nam","email":"board@tksafety.com.vn","telephone":"0966449449","legalName":"T\u01af\u1edcNG KHOA Trading & Services Company Limited","foundingDate":"2006-07-15","iso6523Code":"ISO 9001","numberOfEmployees":{"@type":"QuantitativeValue","minValue":"11","maxValue":"50"},"ownershipFundingInfo":"https:\/\/siamcitycement.com.vn\/?page_id=18123","actionableFeedbackPolicy":"https:\/\/siamcitycement.com.vn\/?page_id=18123","correctionsPolicy":"https:\/\/siamcitycement.com.vn\/?page_id=18123","ethicsPolicy":"https:\/\/siamcitycement.com.vn\/?page_id=18123","diversityPolicy":"https:\/\/siamcitycement.com.vn\/?page_id=18123","diversityStaffingReport":"https:\/\/siamcitycement.com.vn\/?page_id=18123"}]}},"_links":{"self":[{"href":"https:\/\/siamcitycement.com.vn\/index.php?rest_route=\/wp\/v2\/product\/19209","targetHints":{"allow":["GET"]}}],"collection":[{"href":"https:\/\/siamcitycement.com.vn\/index.php?rest_route=\/wp\/v2\/product"}],"about":[{"href":"https:\/\/siamcitycement.com.vn\/index.php?rest_route=\/wp\/v2\/types\/product"}],"replies":[{"embeddable":true,"href":"https:\/\/siamcitycement.com.vn\/index.php?rest_route=%2Fwp%2Fv2%2Fcomments&post=19209"}],"wp:featuredmedia":[{"embeddable":true,"href":"https:\/\/siamcitycement.com.vn\/index.php?rest_route=\/wp\/v2\/media\/19211"}],"wp:attachment":[{"href":"https:\/\/siamcitycement.com.vn\/index.php?rest_route=%2Fwp%2Fv2%2Fmedia&parent=19209"}],"wp:term":[{"taxonomy":"product_cat","embeddable":true,"href":"https:\/\/siamcitycement.com.vn\/index.php?rest_route=%2Fwp%2Fv2%2Fproduct_cat&post=19209"},{"taxonomy":"product_tag","embeddable":true,"href":"https:\/\/siamcitycement.com.vn\/index.php?rest_route=%2Fwp%2Fv2%2Fproduct_tag&post=19209"}],"curies":[{"name":"wp","href":"https:\/\/api.w.org\/{rel}","templated":true}]}}