{"id":6327,"date":"2019-01-05T12:57:10","date_gmt":"2019-01-05T05:57:10","guid":{"rendered":"https:\/\/siamcitycement.com.vn\/shop\/cras-isum-default\/"},"modified":"2024-11-22T08:03:40","modified_gmt":"2024-11-22T08:03:40","slug":"hop-cuu-thuong-medic-5000-series-50-nguoi","status":"publish","type":"product","link":"https:\/\/siamcitycement.com.vn\/?product=hop-cuu-thuong-medic-5000-series-50-nguoi","title":{"rendered":"H\u1ed9p c\u1ee9u th\u01b0\u01a1ng \u2013 Medic 5000 Series (50 ng\u01b0\u1eddi)"},"content":{"rendered":"<p>[vc_row][vc_column][vc_column_text]<\/p>\n<h4>Key Features:<\/h4>\n<ul>\n<li>Kit for: 50 Persons<\/li>\n<li>Supplied with the Patented MEDIC FAST AID Disc Guide .<\/li>\n<li>Outer Case: ANSI type III kit. Portable, Mountable &amp; Water Resistant.<\/li>\n<li>Kit Colour: High visibility orange.<\/li>\n<li>Mounting Provision: Supplied with a Wall Mount Bracket, Hardware for mounting is included.<\/li>\n<\/ul>\n<h3><strong><img loading=\"lazy\" decoding=\"async\" class=\"aligncenter wp-image-18678 size-full\" src=\"https:\/\/siamcitycement.com.vn\/wp-content\/uploads\/2019\/01\/healthcarevietnam.com-First-Aid-Kit-\u2013-MEDIC-5000-SERIES-1.jpg\" alt=\"\" width=\"600\" height=\"600\" srcset=\"https:\/\/siamcitycement.com.vn\/wp-content\/uploads\/2019\/01\/healthcarevietnam.com-First-Aid-Kit-\u2013-MEDIC-5000-SERIES-1.jpg 600w, https:\/\/siamcitycement.com.vn\/wp-content\/uploads\/2019\/01\/healthcarevietnam.com-First-Aid-Kit-\u2013-MEDIC-5000-SERIES-1-300x300.jpg 300w, https:\/\/siamcitycement.com.vn\/wp-content\/uploads\/2019\/01\/healthcarevietnam.com-First-Aid-Kit-\u2013-MEDIC-5000-SERIES-1-150x150.jpg 150w, https:\/\/siamcitycement.com.vn\/wp-content\/uploads\/2019\/01\/healthcarevietnam.com-First-Aid-Kit-\u2013-MEDIC-5000-SERIES-1-480x480.jpg 480w, https:\/\/siamcitycement.com.vn\/wp-content\/uploads\/2019\/01\/healthcarevietnam.com-First-Aid-Kit-\u2013-MEDIC-5000-SERIES-1-100x100.jpg 100w, https:\/\/siamcitycement.com.vn\/wp-content\/uploads\/2019\/01\/healthcarevietnam.com-First-Aid-Kit-\u2013-MEDIC-5000-SERIES-1-350x350.jpg 350w, https:\/\/siamcitycement.com.vn\/wp-content\/uploads\/2019\/01\/healthcarevietnam.com-First-Aid-Kit-\u2013-MEDIC-5000-SERIES-1-46x46.jpg 46w, https:\/\/siamcitycement.com.vn\/wp-content\/uploads\/2019\/01\/healthcarevietnam.com-First-Aid-Kit-\u2013-MEDIC-5000-SERIES-1-310x310.jpg 310w\" sizes=\"auto, (max-width: 600px) 100vw, 600px\" \/>DANH M\u1ee4C B\u00caN TRONG H\u1ed8P=List Of Included Items:<\/strong><\/h3>\n<p>1 First Aid Kit Box , 1 First Aid Guide Book, 1 Scissors, 1 Snake Bit Lancet, 20 Wound Cleaning Antiseptic Wipes, 15 Tincture \u2013 Povidone Wipes, 2 Cotton Wool(15gm), 1 Adhesive Plaster(Small), 4 Small Sterilized Dressing, 4 Medium Sterilized Dressing, 4 Large Sterilized Dressing, 4 Large Sterilized Burn Dressing, 4 Sterilized Eye Pad In Sealed Pocket, 1 Eye Wash Pods, 1 Tourniquet, 12 Safety Pins, 3 Roller Bandage \u2013 Medium 5cmx2mtr, 3 Roller Bandage \u2013 Large 10cmx2mtr , 2 Triangular Bandage, 1 Burn Ointment, 1 Cpr Mask, 1 Instant Cold Pack, 12 Adhesive Bandages, 1 Burn Rescue Blanket, 2 Disposable Gloves(1 Pair), 1 Muscle Relaxant Ointment, 2 Gauze Pad 5 Cm, 2 Gauze Pad 7.5 Cm[\/vc_column_text][\/vc_column][\/vc_row]<\/p>\n","protected":false},"excerpt":{"rendered":"<ul>\n<li>T\u00fai c\u1ee9u th\u01b0\u01a1ng: D\u00e0nh cho 50 ng\u01b0\u1eddi<\/li>\n<\/ul>\n<p><strong>Ph\u00f9 h\u1ee3p cho nhi\u1ec1u n\u01a1i:<\/strong><\/p>\n<ul>\n<li>gia \u0111\u00ecnh=Households,<\/li>\n<li>V\u0103n ph\u00f2ng=Offices,<\/li>\n<li>Tr\u01b0\u1eddng h\u1ecdc v\u00e0 tr\u01b0\u1eddng \u0111\u1ea1i h\u1ecdc=School and Colleges,<\/li>\n<li>Ph\u00f2ng kh\u00e1m hay b\u1ec7nh vi\u1ec7n=Clinics or Hospitals,<\/li>\n<li>C\u00e1c c\u01a1 quan h\u00e0nh ch\u00e1nh nh\u00e0 n\u01b0\u1edbc=Government Institutions Etc.<\/li>\n<li>\u00c1p d\u1ee5ng cho c\u00e1c c\u00f4ng ty c\u1ea7n \u0111\u1ea1t ti\u00eau chu\u1ea9n v\u1ec1 y t\u1ebf v\u00e0 an to\u00e0n= Shall Be Used In The Workplace To Enable Employers To Meet The Recommended Health And Safety Standards.<\/li>\n<\/ul>\n","protected":false},"featured_media":18677,"comment_status":"closed","ping_status":"closed","template":"","meta":[],"product_cat":[90,109],"product_tag":[163],"class_list":{"0":"post-6327","1":"product","2":"type-product","3":"status-publish","4":"has-post-thumbnail","6":"product_cat-cham-vet-thuong","7":"product_cat-tui-cuu-thuong","8":"product_tag-hop-so-cuu-thadhani","9":"ts_product_brand-thadhani","11":"first","12":"instock","13":"shipping-taxable","14":"product-type-simple"},"yoast_head":"<!-- This site is optimized with the Yoast SEO Premium plugin v22.3 (Yoast SEO v22.3) - https:\/\/yoast.com\/wordpress\/plugins\/seo\/ -->\n<title>H\u1ed9p c\u1ee9u th\u01b0\u01a1ng \u2013 Medic 5000 Series (50 ng\u01b0\u1eddi)<\/title>\n<meta name=\"description\" content=\"HealthcareVietnam.com thu\u1ed9c h\u1ec7 th\u1ed1ng cung c\u1ea5p thi\u1ebft b\u1ecb ph\u00f2ng d\u1ecbch c\u1ee7a c\u00f4ng ty T\u01af\u1edcNG KHOA, chuy\u00ean \u0111\u1ed3 ph\u00f2ng d\u1ecbch v\u00e0 BHL\u0110 h\u00e0ng \u0111\u1ea7u Vi\u1ec7t Nam.\" \/>\n<meta name=\"robots\" content=\"index, follow, max-snippet:-1, max-image-preview:large, max-video-preview:-1\" \/>\n<link rel=\"canonical\" href=\"https:\/\/siamcitycement.com.vn\/product\/hop-cuu-thuong-medic-5000-series-50-nguoi\/\" \/>\n<meta property=\"og:locale\" content=\"en_US\" \/>\n<meta property=\"og:type\" content=\"article\" \/>\n<meta property=\"og:title\" content=\"Healthcare Vietnam | H\u1ed9p c\u1ee9u th\u01b0\u01a1ng \u2013 Medic 5000 Series (50 ng\u01b0\u1eddi)\" \/>\n<meta property=\"og:description\" content=\"HealthcareVietnam.com thu\u1ed9c h\u1ec7 th\u1ed1ng cung c\u1ea5p thi\u1ebft b\u1ecb ph\u00f2ng d\u1ecbch c\u1ee7a c\u00f4ng ty T\u01af\u1edcNG KHOA, chuy\u00ean \u0111\u1ed3 ph\u00f2ng d\u1ecbch v\u00e0 BHL\u0110 h\u00e0ng \u0111\u1ea7u Vi\u1ec7t Nam.\" \/>\n<meta property=\"og:url\" content=\"https:\/\/siamcitycement.com.vn\/product\/hop-cuu-thuong-medic-5000-series-50-nguoi\/\" \/>\n<meta property=\"og:site_name\" content=\"Healthcare Vietnam\" \/>\n<meta property=\"article:publisher\" content=\"https:\/\/www.facebook.com\/healthcarevn\" \/>\n<meta property=\"article:modified_time\" content=\"2024-11-22T08:03:40+00:00\" \/>\n<meta property=\"og:image\" content=\"https:\/\/siamcitycement.com.vn\/wp-content\/uploads\/2019\/01\/healthcarevietnam.com-First-Aid-Kit-\u2013-MEDIC-5000-SERIES..jpg\" \/>\n\t<meta property=\"og:image:width\" content=\"600\" \/>\n\t<meta property=\"og:image:height\" content=\"600\" \/>\n\t<meta property=\"og:image:type\" content=\"image\/jpeg\" \/>\n<meta name=\"twitter:card\" content=\"summary_large_image\" \/>\n<meta name=\"twitter:label1\" content=\"Est. reading time\" \/>\n\t<meta name=\"twitter:data1\" content=\"1 minute\" \/>\n<script type=\"application\/ld+json\" class=\"yoast-schema-graph\">{\"@context\":\"https:\/\/schema.org\",\"@graph\":[{\"@type\":\"WebPage\",\"@id\":\"https:\/\/siamcitycement.com.vn\/product\/hop-cuu-thuong-medic-5000-series-50-nguoi\/\",\"url\":\"https:\/\/siamcitycement.com.vn\/product\/hop-cuu-thuong-medic-5000-series-50-nguoi\/\",\"name\":\"H\u1ed9p c\u1ee9u th\u01b0\u01a1ng \u2013 Medic 5000 Series (50 ng\u01b0\u1eddi)\",\"isPartOf\":{\"@id\":\"https:\/\/siamcitycement.com.vn\/#website\"},\"primaryImageOfPage\":{\"@id\":\"https:\/\/siamcitycement.com.vn\/product\/hop-cuu-thuong-medic-5000-series-50-nguoi\/#primaryimage\"},\"image\":{\"@id\":\"https:\/\/siamcitycement.com.vn\/product\/hop-cuu-thuong-medic-5000-series-50-nguoi\/#primaryimage\"},\"thumbnailUrl\":\"https:\/\/siamcitycement.com.vn\/wp-content\/uploads\/2019\/01\/healthcarevietnam.com-First-Aid-Kit-\u2013-MEDIC-5000-SERIES..jpg\",\"datePublished\":\"2019-01-05T05:57:10+00:00\",\"dateModified\":\"2024-11-22T08:03:40+00:00\",\"description\":\"HealthcareVietnam.com thu\u1ed9c h\u1ec7 th\u1ed1ng cung c\u1ea5p thi\u1ebft b\u1ecb ph\u00f2ng d\u1ecbch c\u1ee7a c\u00f4ng ty T\u01af\u1edcNG KHOA, chuy\u00ean \u0111\u1ed3 ph\u00f2ng d\u1ecbch v\u00e0 BHL\u0110 h\u00e0ng \u0111\u1ea7u Vi\u1ec7t Nam.\",\"breadcrumb\":{\"@id\":\"https:\/\/siamcitycement.com.vn\/product\/hop-cuu-thuong-medic-5000-series-50-nguoi\/#breadcrumb\"},\"inLanguage\":\"en-US\",\"potentialAction\":[{\"@type\":\"ReadAction\",\"target\":[\"https:\/\/siamcitycement.com.vn\/product\/hop-cuu-thuong-medic-5000-series-50-nguoi\/\"]}]},{\"@type\":\"ImageObject\",\"inLanguage\":\"en-US\",\"@id\":\"https:\/\/siamcitycement.com.vn\/product\/hop-cuu-thuong-medic-5000-series-50-nguoi\/#primaryimage\",\"url\":\"https:\/\/siamcitycement.com.vn\/wp-content\/uploads\/2019\/01\/healthcarevietnam.com-First-Aid-Kit-\u2013-MEDIC-5000-SERIES..jpg\",\"contentUrl\":\"https:\/\/siamcitycement.com.vn\/wp-content\/uploads\/2019\/01\/healthcarevietnam.com-First-Aid-Kit-\u2013-MEDIC-5000-SERIES..jpg\",\"width\":600,\"height\":600},{\"@type\":\"BreadcrumbList\",\"@id\":\"https:\/\/siamcitycement.com.vn\/product\/hop-cuu-thuong-medic-5000-series-50-nguoi\/#breadcrumb\",\"itemListElement\":[{\"@type\":\"ListItem\",\"position\":1,\"name\":\"Home\",\"item\":\"https:\/\/siamcitycement.com.vn\/\"},{\"@type\":\"ListItem\",\"position\":2,\"name\":\"Shop\",\"item\":\"https:\/\/siamcitycement.com.vn\/?page_id=51\"},{\"@type\":\"ListItem\",\"position\":3,\"name\":\"H\u1ed9p c\u1ee9u th\u01b0\u01a1ng \u2013 Medic 5000 Series (50 ng\u01b0\u1eddi)\"}]},{\"@type\":\"WebSite\",\"@id\":\"https:\/\/siamcitycement.com.vn\/#website\",\"url\":\"https:\/\/siamcitycement.com.vn\/\",\"name\":\"Healthcare Vietnam\",\"description\":\"Making a Safer &amp; Healthier Workplace\",\"publisher\":{\"@id\":\"https:\/\/siamcitycement.com.vn\/#organization\"},\"alternateName\":\"B\u1ea2O H\u1ed8 LAO \u0110\u1ed8NG VI\u1ec6T\",\"potentialAction\":[{\"@type\":\"SearchAction\",\"target\":{\"@type\":\"EntryPoint\",\"urlTemplate\":\"https:\/\/siamcitycement.com.vn\/?s={search_term_string}\"},\"query-input\":\"required name=search_term_string\"}],\"inLanguage\":\"en-US\"},{\"@type\":\"Organization\",\"@id\":\"https:\/\/siamcitycement.com.vn\/#organization\",\"name\":\"HealthCare Vietnam\",\"alternateName\":\"TUONG KHOA Limited\",\"url\":\"https:\/\/siamcitycement.com.vn\/\",\"logo\":{\"@type\":\"ImageObject\",\"inLanguage\":\"en-US\",\"@id\":\"https:\/\/siamcitycement.com.vn\/#\/schema\/logo\/image\/\",\"url\":\"https:\/\/siamcitycement.com.vn\/wp-content\/uploads\/2021\/11\/healthcarevietnam.com-SEO.png\",\"contentUrl\":\"https:\/\/siamcitycement.com.vn\/wp-content\/uploads\/2021\/11\/healthcarevietnam.com-SEO.png\",\"width\":200,\"height\":200,\"caption\":\"HealthCare Vietnam\"},\"image\":{\"@id\":\"https:\/\/siamcitycement.com.vn\/#\/schema\/logo\/image\/\"},\"sameAs\":[\"https:\/\/www.facebook.com\/healthcarevn\",\"https:\/\/www.youtube.com\/@healthcarevietnam\",\"https:\/\/www.linkedin.com\/company\/healthcarevietnam\"],\"description\":\"TUONG KHOA Limited l\u00e0 \u0111\u1ea1i l\u00fd cung c\u1ea5p BHLD nh\u1eadp kh\u1ea9u c\u1ee7a nhi\u1ec1u nh\u00e3n hi\u1ec7u Qu\u1ed1c t\u1ebf t\u1ea1i Vi\u1ec7t Nam\",\"email\":\"board@tksafety.com.vn\",\"telephone\":\"0966449449\",\"legalName\":\"T\u01af\u1edcNG KHOA Trading & Services Company Limited\",\"foundingDate\":\"2006-07-15\",\"iso6523Code\":\"ISO 9001\",\"numberOfEmployees\":{\"@type\":\"QuantitativeValue\",\"minValue\":\"11\",\"maxValue\":\"50\"},\"ownershipFundingInfo\":\"https:\/\/siamcitycement.com.vn\/?page_id=18123\",\"actionableFeedbackPolicy\":\"https:\/\/siamcitycement.com.vn\/?page_id=18123\",\"correctionsPolicy\":\"https:\/\/siamcitycement.com.vn\/?page_id=18123\",\"ethicsPolicy\":\"https:\/\/siamcitycement.com.vn\/?page_id=18123\",\"diversityPolicy\":\"https:\/\/siamcitycement.com.vn\/?page_id=18123\",\"diversityStaffingReport\":\"https:\/\/siamcitycement.com.vn\/?page_id=18123\"}]}<\/script>\n<!-- \/ Yoast SEO Premium plugin. -->","yoast_head_json":{"title":"H\u1ed9p c\u1ee9u th\u01b0\u01a1ng \u2013 Medic 5000 Series (50 ng\u01b0\u1eddi)","description":"HealthcareVietnam.com thu\u1ed9c h\u1ec7 th\u1ed1ng cung c\u1ea5p thi\u1ebft b\u1ecb ph\u00f2ng d\u1ecbch c\u1ee7a c\u00f4ng ty T\u01af\u1edcNG KHOA, chuy\u00ean \u0111\u1ed3 ph\u00f2ng d\u1ecbch v\u00e0 BHL\u0110 h\u00e0ng \u0111\u1ea7u Vi\u1ec7t Nam.","robots":{"index":"index","follow":"follow","max-snippet":"max-snippet:-1","max-image-preview":"max-image-preview:large","max-video-preview":"max-video-preview:-1"},"canonical":"https:\/\/siamcitycement.com.vn\/product\/hop-cuu-thuong-medic-5000-series-50-nguoi\/","og_locale":"en_US","og_type":"article","og_title":"Healthcare Vietnam | H\u1ed9p c\u1ee9u th\u01b0\u01a1ng \u2013 Medic 5000 Series (50 ng\u01b0\u1eddi)","og_description":"HealthcareVietnam.com thu\u1ed9c h\u1ec7 th\u1ed1ng cung c\u1ea5p thi\u1ebft b\u1ecb ph\u00f2ng d\u1ecbch c\u1ee7a c\u00f4ng ty T\u01af\u1edcNG KHOA, chuy\u00ean \u0111\u1ed3 ph\u00f2ng d\u1ecbch v\u00e0 BHL\u0110 h\u00e0ng \u0111\u1ea7u Vi\u1ec7t Nam.","og_url":"https:\/\/siamcitycement.com.vn\/product\/hop-cuu-thuong-medic-5000-series-50-nguoi\/","og_site_name":"Healthcare Vietnam","article_publisher":"https:\/\/www.facebook.com\/healthcarevn","article_modified_time":"2024-11-22T08:03:40+00:00","og_image":[{"width":600,"height":600,"url":"https:\/\/siamcitycement.com.vn\/wp-content\/uploads\/2019\/01\/healthcarevietnam.com-First-Aid-Kit-\u2013-MEDIC-5000-SERIES..jpg","type":"image\/jpeg"}],"twitter_card":"summary_large_image","twitter_misc":{"Est. reading time":"1 minute"},"schema":{"@context":"https:\/\/schema.org","@graph":[{"@type":"WebPage","@id":"https:\/\/siamcitycement.com.vn\/product\/hop-cuu-thuong-medic-5000-series-50-nguoi\/","url":"https:\/\/siamcitycement.com.vn\/product\/hop-cuu-thuong-medic-5000-series-50-nguoi\/","name":"H\u1ed9p c\u1ee9u th\u01b0\u01a1ng \u2013 Medic 5000 Series (50 ng\u01b0\u1eddi)","isPartOf":{"@id":"https:\/\/siamcitycement.com.vn\/#website"},"primaryImageOfPage":{"@id":"https:\/\/siamcitycement.com.vn\/product\/hop-cuu-thuong-medic-5000-series-50-nguoi\/#primaryimage"},"image":{"@id":"https:\/\/siamcitycement.com.vn\/product\/hop-cuu-thuong-medic-5000-series-50-nguoi\/#primaryimage"},"thumbnailUrl":"https:\/\/siamcitycement.com.vn\/wp-content\/uploads\/2019\/01\/healthcarevietnam.com-First-Aid-Kit-\u2013-MEDIC-5000-SERIES..jpg","datePublished":"2019-01-05T05:57:10+00:00","dateModified":"2024-11-22T08:03:40+00:00","description":"HealthcareVietnam.com thu\u1ed9c h\u1ec7 th\u1ed1ng cung c\u1ea5p thi\u1ebft b\u1ecb ph\u00f2ng d\u1ecbch c\u1ee7a c\u00f4ng ty T\u01af\u1edcNG KHOA, chuy\u00ean \u0111\u1ed3 ph\u00f2ng d\u1ecbch v\u00e0 BHL\u0110 h\u00e0ng \u0111\u1ea7u Vi\u1ec7t Nam.","breadcrumb":{"@id":"https:\/\/siamcitycement.com.vn\/product\/hop-cuu-thuong-medic-5000-series-50-nguoi\/#breadcrumb"},"inLanguage":"en-US","potentialAction":[{"@type":"ReadAction","target":["https:\/\/siamcitycement.com.vn\/product\/hop-cuu-thuong-medic-5000-series-50-nguoi\/"]}]},{"@type":"ImageObject","inLanguage":"en-US","@id":"https:\/\/siamcitycement.com.vn\/product\/hop-cuu-thuong-medic-5000-series-50-nguoi\/#primaryimage","url":"https:\/\/siamcitycement.com.vn\/wp-content\/uploads\/2019\/01\/healthcarevietnam.com-First-Aid-Kit-\u2013-MEDIC-5000-SERIES..jpg","contentUrl":"https:\/\/siamcitycement.com.vn\/wp-content\/uploads\/2019\/01\/healthcarevietnam.com-First-Aid-Kit-\u2013-MEDIC-5000-SERIES..jpg","width":600,"height":600},{"@type":"BreadcrumbList","@id":"https:\/\/siamcitycement.com.vn\/product\/hop-cuu-thuong-medic-5000-series-50-nguoi\/#breadcrumb","itemListElement":[{"@type":"ListItem","position":1,"name":"Home","item":"https:\/\/siamcitycement.com.vn\/"},{"@type":"ListItem","position":2,"name":"Shop","item":"https:\/\/siamcitycement.com.vn\/?page_id=51"},{"@type":"ListItem","position":3,"name":"H\u1ed9p c\u1ee9u th\u01b0\u01a1ng \u2013 Medic 5000 Series (50 ng\u01b0\u1eddi)"}]},{"@type":"WebSite","@id":"https:\/\/siamcitycement.com.vn\/#website","url":"https:\/\/siamcitycement.com.vn\/","name":"Healthcare Vietnam","description":"Making a Safer &amp; Healthier Workplace","publisher":{"@id":"https:\/\/siamcitycement.com.vn\/#organization"},"alternateName":"B\u1ea2O H\u1ed8 LAO \u0110\u1ed8NG VI\u1ec6T","potentialAction":[{"@type":"SearchAction","target":{"@type":"EntryPoint","urlTemplate":"https:\/\/siamcitycement.com.vn\/?s={search_term_string}"},"query-input":"required name=search_term_string"}],"inLanguage":"en-US"},{"@type":"Organization","@id":"https:\/\/siamcitycement.com.vn\/#organization","name":"HealthCare Vietnam","alternateName":"TUONG KHOA Limited","url":"https:\/\/siamcitycement.com.vn\/","logo":{"@type":"ImageObject","inLanguage":"en-US","@id":"https:\/\/siamcitycement.com.vn\/#\/schema\/logo\/image\/","url":"https:\/\/siamcitycement.com.vn\/wp-content\/uploads\/2021\/11\/healthcarevietnam.com-SEO.png","contentUrl":"https:\/\/siamcitycement.com.vn\/wp-content\/uploads\/2021\/11\/healthcarevietnam.com-SEO.png","width":200,"height":200,"caption":"HealthCare Vietnam"},"image":{"@id":"https:\/\/siamcitycement.com.vn\/#\/schema\/logo\/image\/"},"sameAs":["https:\/\/www.facebook.com\/healthcarevn","https:\/\/www.youtube.com\/@healthcarevietnam","https:\/\/www.linkedin.com\/company\/healthcarevietnam"],"description":"TUONG KHOA Limited l\u00e0 \u0111\u1ea1i l\u00fd cung c\u1ea5p BHLD nh\u1eadp kh\u1ea9u c\u1ee7a nhi\u1ec1u nh\u00e3n hi\u1ec7u Qu\u1ed1c t\u1ebf t\u1ea1i Vi\u1ec7t Nam","email":"board@tksafety.com.vn","telephone":"0966449449","legalName":"T\u01af\u1edcNG KHOA Trading & Services Company Limited","foundingDate":"2006-07-15","iso6523Code":"ISO 9001","numberOfEmployees":{"@type":"QuantitativeValue","minValue":"11","maxValue":"50"},"ownershipFundingInfo":"https:\/\/siamcitycement.com.vn\/?page_id=18123","actionableFeedbackPolicy":"https:\/\/siamcitycement.com.vn\/?page_id=18123","correctionsPolicy":"https:\/\/siamcitycement.com.vn\/?page_id=18123","ethicsPolicy":"https:\/\/siamcitycement.com.vn\/?page_id=18123","diversityPolicy":"https:\/\/siamcitycement.com.vn\/?page_id=18123","diversityStaffingReport":"https:\/\/siamcitycement.com.vn\/?page_id=18123"}]}},"_links":{"self":[{"href":"https:\/\/siamcitycement.com.vn\/index.php?rest_route=\/wp\/v2\/product\/6327","targetHints":{"allow":["GET"]}}],"collection":[{"href":"https:\/\/siamcitycement.com.vn\/index.php?rest_route=\/wp\/v2\/product"}],"about":[{"href":"https:\/\/siamcitycement.com.vn\/index.php?rest_route=\/wp\/v2\/types\/product"}],"replies":[{"embeddable":true,"href":"https:\/\/siamcitycement.com.vn\/index.php?rest_route=%2Fwp%2Fv2%2Fcomments&post=6327"}],"wp:featuredmedia":[{"embeddable":true,"href":"https:\/\/siamcitycement.com.vn\/index.php?rest_route=\/wp\/v2\/media\/18677"}],"wp:attachment":[{"href":"https:\/\/siamcitycement.com.vn\/index.php?rest_route=%2Fwp%2Fv2%2Fmedia&parent=6327"}],"wp:term":[{"taxonomy":"product_cat","embeddable":true,"href":"https:\/\/siamcitycement.com.vn\/index.php?rest_route=%2Fwp%2Fv2%2Fproduct_cat&post=6327"},{"taxonomy":"product_tag","embeddable":true,"href":"https:\/\/siamcitycement.com.vn\/index.php?rest_route=%2Fwp%2Fv2%2Fproduct_tag&post=6327"}],"curies":[{"name":"wp","href":"https:\/\/api.w.org\/{rel}","templated":true}]}}